{"id":12387,"date":"2025-04-17T17:53:21","date_gmt":"2025-04-17T15:53:21","guid":{"rendered":"https:\/\/www.aesthetica-health.com\/?page_id=12387"},"modified":"2025-08-18T09:58:59","modified_gmt":"2025-08-18T07:58:59","slug":"aesthetica-laser-centre","status":"publish","type":"page","link":"https:\/\/www.aesthetica-health.com\/ar\/aesthetica-laser-centre\/","title":{"rendered":"Aesthetica laser centre"},"content":{"rendered":"\t\t<div data-elementor-type=\"wp-page\" data-elementor-id=\"12387\" class=\"elementor elementor-12387\" data-elementor-settings=\"[]\">\n\t\t\t\t\t\t<div class=\"elementor-inner\">\n\t\t\t\t\t\t\t<div class=\"elementor-section-wrap\">\n\t\t\t\t\t\t\t<section class=\"elementor-section elementor-top-section elementor-element elementor-element-39e6b840 elementor-section-boxed elementor-section-height-default elementor-section-height-default\" data-id=\"39e6b840\" data-element_type=\"section\">\n\t\t\t\t\t\t<div class=\"elementor-container elementor-column-gap-default\">\n\t\t\t\t\t\t\t<div class=\"elementor-row\">\n\t\t\t\t\t<div class=\"elementor-column elementor-col-100 elementor-top-column elementor-element elementor-element-599a48b2\" data-id=\"599a48b2\" data-element_type=\"column\">\n\t\t\t<div class=\"elementor-column-wrap elementor-element-populated\">\n\t\t\t\t\t\t\t<div class=\"elementor-widget-wrap\">\n\t\t\t\t\t\t<div class=\"elementor-element elementor-element-8c158cb elementor-widget elementor-widget-html\" data-id=\"8c158cb\" data-element_type=\"widget\" data-widget_type=\"html.default\">\n\t\t\t\t<div class=\"elementor-widget-container\">\n\t\t\t<script>\n    document.querySelectorAll('.header_image img').forEach(function(img) {\n    if (img.src.startsWith(\"data:image\/svg+xml\")) {\n        img.style.display = 'none';\n    }\n});\n\n<\/script>\n<style>\n.page .entry-title,\n.page .page-title {\n    display: none;\n}\n<\/style>\t\t<\/div>\n\t\t\t\t<\/div>\n\t\t\t\t<div class=\"elementor-element elementor-element-31004cf elementor-widget elementor-widget-text-editor\" data-id=\"31004cf\" data-element_type=\"widget\" data-widget_type=\"text-editor.default\">\n\t\t\t\t<div class=\"elementor-widget-container\">\n\t\t\t\t\t<div class=\"elementor-text-editor elementor-clearfix\"><p>[vc_row][vc_column]\n<div id=\"rev_slider_13_1_wrapper\" class=\"rev_slider_wrapper fullwidthbanner-container\" data-source=\"gallery\" style=\"margin:0px auto;background:transparent;padding:0px;margin-top:0px;margin-bottom:0px;\">\n<!-- START REVOLUTION SLIDER 5.4.8.1 fullwidth mode -->\n\t<div id=\"rev_slider_13_1\" class=\"rev_slider fullwidthabanner\" style=\"display:none;\" data-version=\"5.4.8.1\">\n<ul>\t<!-- SLIDE  -->\n\t<li data-index=\"rs-59\" data-transition=\"fade\" data-slotamount=\"7\" data-hideafterloop=\"0\" data-hideslideonmobile=\"off\"  data-easein=\"default\" data-easeout=\"default\" data-masterspeed=\"300\"  data-thumb=\"https:\/\/www.aesthetica-health.com\/wp-content\/uploads\/2025\/05\/banniere-laser-100x50.jpeg\"  data-rotate=\"0\"  data-saveperformance=\"off\"  data-title=\"Slide\" data-param1=\"\" data-param2=\"\" data-param3=\"\" data-param4=\"\" data-param5=\"\" data-param6=\"\" data-param7=\"\" data-param8=\"\" data-param9=\"\" data-param10=\"\" data-description=\"\">\n\t\t<!-- MAIN IMAGE -->\n\t\t<img decoding=\"async\" loading=\"lazy\" src=\"https:\/\/www.aesthetica-health.com\/wp-content\/uploads\/2025\/05\/banniere-laser.jpeg\"  alt=\"\" title=\"banni\u00e9re laser\"  width=\"1600\" height=\"503\" data-bgposition=\"center center\" data-bgfit=\"cover\" data-bgrepeat=\"no-repeat\" data-bgparallax=\"off\" class=\"rev-slidebg\" data-no-retina>\n\t\t<!-- LAYERS -->\n\t<\/li>\n<\/ul>\n<script>var htmlDiv = document.getElementById(\"rs-plugin-settings-inline-css\"); var htmlDivCss=\"\";\n\t\t\t\t\t\tif(htmlDiv) {\n\t\t\t\t\t\t\thtmlDiv.innerHTML = htmlDiv.innerHTML + htmlDivCss;\n\t\t\t\t\t\t}else{\n\t\t\t\t\t\t\tvar htmlDiv = document.createElement(\"div\");\n\t\t\t\t\t\t\thtmlDiv.innerHTML = \"<style>\" + htmlDivCss + \"<\/style>\";\n\t\t\t\t\t\t\tdocument.getElementsByTagName(\"head\")[0].appendChild(htmlDiv.childNodes[0]);\n\t\t\t\t\t\t}\n\t\t\t\t\t<\/script>\n<div class=\"tp-bannertimer tp-bottom\" style=\"visibility: hidden !important;\"><\/div>\t<\/div>\n<script>var htmlDiv = document.getElementById(\"rs-plugin-settings-inline-css\"); var htmlDivCss=\"\";\n\t\t\t\tif(htmlDiv) {\n\t\t\t\t\thtmlDiv.innerHTML = htmlDiv.innerHTML + htmlDivCss;\n\t\t\t\t}else{\n\t\t\t\t\tvar htmlDiv = document.createElement(\"div\");\n\t\t\t\t\thtmlDiv.innerHTML = \"<style>\" + htmlDivCss + \"<\/style>\";\n\t\t\t\t\tdocument.getElementsByTagName(\"head\")[0].appendChild(htmlDiv.childNodes[0]);\n\t\t\t\t}\n\t\t\t<\/script>\n\t\t<script type=\"text\/javascript\">\nif (setREVStartSize!==undefined) setREVStartSize(\n\t{c: '#rev_slider_13_1', gridwidth: [1300], gridheight: [600], sliderLayout: 'fullwidth'});\n\t\t\t\nvar revapi13,\n\ttpj;\t\n(function() {\t\t\t\n\tif (!\/loaded|interactive|complete\/.test(document.readyState)) document.addEventListener(\"DOMContentLoaded\",onLoad); else onLoad();\t\n\tfunction onLoad() {\t\t\t\t\n\t\tif (tpj===undefined) { tpj = jQuery; if(\"off\" == \"on\") tpj.noConflict();}\n\tif(tpj(\"#rev_slider_13_1\").revolution == undefined){\n\t\trevslider_showDoubleJqueryError(\"#rev_slider_13_1\");\n\t}else{\n\t\trevapi13 = tpj(\"#rev_slider_13_1\").show().revolution({\n\t\t\tsliderType:\"standard\",\n\t\t\tjsFileLocation:\"\/\/www.aesthetica-health.com\/wp-content\/plugins\/revslider\/public\/assets\/js\/\",\n\t\t\tsliderLayout:\"fullwidth\",\n\t\t\tdottedOverlay:\"none\",\n\t\t\tdelay:9000,\n\t\t\tnavigation: {\n\t\t\t\tkeyboardNavigation:\"off\",\n\t\t\t\tkeyboard_direction: \"horizontal\",\n\t\t\t\tmouseScrollNavigation:\"off\",\n \t\t\t\t\t\t\tmouseScrollReverse:\"default\",\n\t\t\t\tonHoverStop:\"off\",\n\t\t\t\ttouch:{\n\t\t\t\t\ttouchenabled:\"on\",\n\t\t\t\t\ttouchOnDesktop:\"off\",\n\t\t\t\t\tswipe_threshold: 75,\n\t\t\t\t\tswipe_min_touches: 50,\n\t\t\t\t\tswipe_direction: \"horizontal\",\n\t\t\t\t\tdrag_block_vertical: false\n\t\t\t\t}\n\t\t\t\t,\n\t\t\t\tarrows: {\n\t\t\t\t\tstyle:\"\",\n\t\t\t\t\tenable:true,\n\t\t\t\t\thide_onmobile:true,\n\t\t\t\t\thide_under:600,\n\t\t\t\t\thide_onleave:true,\n\t\t\t\t\thide_delay:200,\n\t\t\t\t\thide_delay_mobile:1200,\n\t\t\t\t\ttmp:'',\n\t\t\t\t\tleft: {\n\t\t\t\t\t\th_align:\"left\",\n\t\t\t\t\t\tv_align:\"center\",\n\t\t\t\t\t\th_offset:30,\n\t\t\t\t\t\tv_offset:0\n\t\t\t\t\t},\n\t\t\t\t\tright: {\n\t\t\t\t\t\th_align:\"right\",\n\t\t\t\t\t\tv_align:\"center\",\n\t\t\t\t\t\th_offset:30,\n\t\t\t\t\t\tv_offset:0\n\t\t\t\t\t}\n\t\t\t\t}\n\t\t\t},\n\t\t\tvisibilityLevels:[1240,1024,778,480],\n\t\t\tgridwidth:1300,\n\t\t\tgridheight:600,\n\t\t\tlazyType:\"none\",\n\t\t\tparallax: {\n\t\t\t\ttype:\"mouse\",\n\t\t\t\torigo:\"slidercenter\",\n\t\t\t\tspeed:2000,\n\t\t\t\tspeedbg:0,\n\t\t\t\tspeedls:0,\n\t\t\t\tlevels:[-2,3,4,5,6,7,12,16,10,50,47,48,49,50,51,55],\n\t\t\t},\n\t\t\tshadow:0,\n\t\t\tspinner:\"off\",\n\t\t\tstopLoop:\"off\",\n\t\t\tstopAfterLoops:-1,\n\t\t\tstopAtSlide:-1,\n\t\t\tshuffle:\"off\",\n\t\t\tautoHeight:\"off\",\n\t\t\tdisableProgressBar:\"on\",\n\t\t\thideThumbsOnMobile:\"off\",\n\t\t\thideSliderAtLimit:0,\n\t\t\thideCaptionAtLimit:0,\n\t\t\thideAllCaptionAtLilmit:0,\n\t\t\tdebugMode:false,\n\t\t\tfallbacks: {\n\t\t\t\tsimplifyAll:\"off\",\n\t\t\t\tnextSlideOnWindowFocus:\"off\",\n\t\t\t\tdisableFocusListener:false,\n\t\t\tpanZoomDisableOnMobile:\"on\",\n\t\t\t}\n\t\t});\n\t}; \/* END OF revapi call *\/\n\t\n }; \/* END OF ON LOAD FUNCTION *\/\n}()); \/* END OF WRAPPING FUNCTION *\/\n<\/script>\n\t\t<\/div><!-- END REVOLUTION SLIDER -->[\/vc_column][\/vc_row][vc_section][vc_row][vc_column][vc_custom_heading text=&#8221;Aesthetica Laser Nabeul : Votre meilleure destination beaut\u00e9&#8221; font_container=&#8221;tag:h1|font_size:30px|text_align:center|color:%232375e0&#8243; use_theme_fonts=&#8221;yes&#8221;][\/vc_column][vc_column][\/vc_column][vc_column][vc_row_inner][vc_column_inner width=&#8221;1\/2&#8243; css=&#8221;.vc_custom_1464678263325{padding-left: 0px !important;}&#8221;][rev_slider_vc alias=&#8221;beaute&#8221;][\/vc_column_inner][vc_column_inner width=&#8221;1\/2&#8243;][vc_column_text css=&#8221;.vc_custom_1745392445666{padding-left: 20px !important;}&#8221;]<\/p><p>D\u00e9couvrez <strong>Aesthetica Laser Nabeul<\/strong>, votre centre laser sp\u00e9cialiser en dermo-esth\u00e9tique et chirurgie esth\u00e9tique en Tunisie.<\/p><p>Nous vous accueillons dans un espace d\u00e9di\u00e9 \u00e0 la beaut\u00e9 et au bien-\u00eatre, o\u00f9 la technologie de pointe rencontre l\u2019expertise m\u00e9dicale.<\/p><p>Notre \u00e9quipe de m\u00e9decins hautement qualifi\u00e9s vous propose des traitements personnalis\u00e9s, adapt\u00e9s \u00e0 vos besoins, pour r\u00e9v\u00e9ler votre beaut\u00e9 naturelle et am\u00e9liorer durablement la qualit\u00e9 de votre peau.<\/p><p>Du soin laser \u00e0 la chirurgie esth\u00e9tique, chaque protocole est con\u00e7u pour vous garantir s\u00e9curit\u00e9, efficacit\u00e9 et r\u00e9sultats visibles.<br \/>Chez Aesthetica Laser Nabeul, b\u00e9n\u00e9ficiez d\u2019une prise en charge sur-mesure, dans un cadre professionnel o\u00f9 performance rime avec la s\u00e9r\u00e9nit\u00e9.<\/p><p>[\/vc_column_text][\/vc_column_inner][\/vc_row_inner][\/vc_column][\/vc_row][\/vc_section][vc_section full_width=&#8221;stretch_row_content&#8221;][vc_row full_width=&#8221;stretch_row_content&#8221; el_class=&#8221;procedures-carousel dt-sc-background-two&#8221;][vc_column][vc_custom_heading text=&#8221;Interventions de Chirurgie Esth\u00e9tique \u00e0 Nabeul au meilleur prix&#8221; font_container=&#8221;tag:h2|text_align:center&#8221; use_theme_fonts=&#8221;yes&#8221;][vc_row_inner css=&#8221;.vc_custom_1546609236747{margin-top: 10px !important;margin-bottom: 10px !important;}&#8221;][vc_column_inner width=&#8221;1\/5&#8243;][\/vc_column_inner][vc_column_inner width=&#8221;1\/5&#8243;][vc_hoverbox image=&#8221;12396&#8243; primary_title=&#8221;Laser \u00e9pilatoire&#8221; primary_title_font_container=&#8221;font_size:24px&#8221; primary_title_use_theme_fonts=&#8221;yes&#8221; hover_title=&#8221;Laser \u00e9pilatoire&#8221; hover_title_font_container=&#8221;font_size:24&#8243; hover_title_use_theme_fonts=&#8221;yes&#8221; shape=&#8221;square&#8221; hover_background_color=&#8221;custom&#8221; use_custom_fonts_primary_title=&#8221;true&#8221; use_custom_fonts_hover_title=&#8221;true&#8221; hover_custom_background=&#8221;rgba(0,183,183,0.51)&#8221; css=&#8221;.vc_custom_1745392705243{margin-right: 5px !important;margin-left: 5px !important;background-image: url( https:\/\/www.aesthetica-health.com\/wp-content\/uploads\/2025\/04\/3107f42ef503c513f0a97dececfaf9a0.jpg?id=10131) !important;background-position: center !important;background-repeat: no-repeat !important;background-size: cover !important;}&#8221; primary_title_el_class=&#8221;titre&#8221; hover_title_link=&#8221;url:https%3A%2F%2Fwww.aesthetica-health.com%2Flaser-epilatoire-femme-homme%2F|||&#8221;]Une solution d\u00e9finitive et efficace pour une peau douce et sans poils.[\/vc_hoverbox][\/vc_column_inner][vc_column_inner width=&#8221;1\/5&#8243;][vc_hoverbox image=&#8221;12398&#8243; primary_title=&#8221;Laser co2&#8243; primary_title_font_container=&#8221;font_size:24px&#8221; primary_title_use_theme_fonts=&#8221;yes&#8221; hover_title=&#8221;Laser co2&#8243; hover_title_font_container=&#8221;font_size:24px&#8221; hover_title_use_theme_fonts=&#8221;yes&#8221; shape=&#8221;square&#8221; hover_background_color=&#8221;custom&#8221; use_custom_fonts_primary_title=&#8221;true&#8221; use_custom_fonts_hover_title=&#8221;true&#8221; hover_custom_background=&#8221;rgba(0,183,183,0.51)&#8221; css=&#8221;.vc_custom_1745393711958{margin-right: 5px !important;margin-left: 5px !important;background-image: url(https:\/\/www.aesthetica-health.com\/wp-content\/uploads\/2025\/04\/82f42cf2c72d7c1ea14e53a9b231210a.jpg?id=12398) !important;background-position: center !important;background-repeat: no-repeat !important;background-size: cover !important;}&#8221; primary_title_el_class=&#8221;titre&#8221; hover_title_link=&#8221;url:https%3A%2F%2Fwww.aesthetica-health.com%2Flaser-co2%2F|||&#8221;]Redonnez de l\u2019\u00e9clat \u00e0 votre teint en \u00e9liminant les taches pigmentaires pour une peau unifi\u00e9e.[\/vc_hoverbox][\/vc_column_inner][vc_column_inner width=&#8221;1\/5&#8243;][vc_hoverbox image=&#8221;12399&#8243; primary_title=&#8221;Laser gyn\u00e9co&#8221; primary_title_font_container=&#8221;font_size:24px&#8221; primary_title_use_theme_fonts=&#8221;yes&#8221; hover_title=&#8221;Laser gyn\u00e9co&#8221; hover_title_font_container=&#8221;font_size:24px&#8221; hover_title_use_theme_fonts=&#8221;yes&#8221; shape=&#8221;square&#8221; hover_background_color=&#8221;custom&#8221; use_custom_fonts_primary_title=&#8221;true&#8221; use_custom_fonts_hover_title=&#8221;true&#8221; hover_custom_background=&#8221;rgba(0,183,183,0.51)&#8221; css=&#8221;.vc_custom_1745393637146{margin-right: 5px !important;margin-left: 5px !important;background-image: url(https:\/\/www.aesthetica-health.com\/wp-content\/uploads\/2025\/06\/genyco-aesthetcia-Nabeul.jpeg?id=12399) !important;background-position: center !important;background-repeat: no-repeat !important;background-size: cover !important;}&#8221; primary_title_el_class=&#8221;titre&#8221; hover_title_link=&#8221;url:https%3A%2F%2Fwww.aesthetica-health.com%2Flaser-gyneco%2F|||&#8221;]Solution innovante et non invasive pour am\u00e9liorer le confort intime f\u00e9minin et traiter efficacement divers troubles gyn\u00e9cologiques.[\/vc_hoverbox][\/vc_column_inner][vc_column_inner width=&#8221;1\/5&#8243;][\/vc_column_inner][\/vc_row_inner][vc_row_inner css=&#8221;.vc_custom_1546614991302{margin-top: 5px !important;margin-bottom: 5px !important;}&#8221;][vc_column_inner width=&#8221;1\/5&#8243;][\/vc_column_inner][vc_column_inner width=&#8221;1\/5&#8243;][vc_hoverbox image=&#8221;12401&#8243; primary_title=&#8221;Amincissement&#8221; primary_title_font_container=&#8221;font_size:24&#8243; primary_title_use_theme_fonts=&#8221;yes&#8221; hover_title=&#8221;Amincissement&#8221; hover_title_font_container=&#8221;font_size:24px&#8221; hover_title_use_theme_fonts=&#8221;yes&#8221; shape=&#8221;square&#8221; hover_background_color=&#8221;custom&#8221; use_custom_fonts_primary_title=&#8221;true&#8221; use_custom_fonts_hover_title=&#8221;true&#8221; css=&#8221;.vc_custom_1745393912079{margin-right: 5px !important;margin-left: 5px !important;background-image: url(https:\/\/www.aesthetica-health.com\/wp-content\/uploads\/2025\/04\/smiling-woman-with-beautiful-body-measuring-thigh-with-measurement-type-after-diet_1150-13267.jpg?id=12401) !important;background-position: center !important;background-repeat: no-repeat !important;background-size: cover !important;}&#8221; hover_custom_background=&#8221;rgba(0,183,183,0.51)&#8221; primary_title_el_class=&#8221;titre&#8221; hover_title_link=&#8221;url:https%3A%2F%2Fwww.aesthetica-health.com%2Famincissement%2F|||&#8221;]Des techniques modernes pour remodeler votre silhouette et affiner votre corps.[\/vc_hoverbox][\/vc_column_inner][vc_column_inner width=&#8221;1\/5&#8243;][vc_hoverbox image=&#8221;12402&#8243; primary_title=&#8221;Soin m\u00e9dical&#8221; primary_title_font_container=&#8221;font_size:24px&#8221; primary_title_use_theme_fonts=&#8221;yes&#8221; hover_title=&#8221;Soin m\u00e9dical&#8221; hover_title_font_container=&#8221;font_size:24px&#8221; hover_title_use_theme_fonts=&#8221;yes&#8221; shape=&#8221;square&#8221; hover_background_color=&#8221;custom&#8221; use_custom_fonts_primary_title=&#8221;true&#8221; use_custom_fonts_hover_title=&#8221;true&#8221; hover_custom_background=&#8221;rgba(0,183,183,0.51)&#8221; css=&#8221;.vc_custom_1745394158301{margin-right: 5px !important;margin-left: 5px !important;background-image: url(https:\/\/www.aesthetica-health.com\/wp-content\/uploads\/2025\/04\/d45908692cd4a9f8af1ffd44084c0566.jpg?id=12402) !important;background-position: center !important;background-repeat: no-repeat !important;background-size: cover !important;}&#8221; primary_title_el_class=&#8221;titre&#8221; hover_title_link=&#8221;url:https%3A%2F%2Fwww.aesthetica-health.com%2Fsoin-medical%2F|||&#8221;]Hydratation, \u00e9clat et r\u00e9g\u00e9n\u00e9ration pour une peau visiblement plus belle et \u00e9clatante.[\/vc_hoverbox][\/vc_column_inner][vc_column_inner width=&#8221;1\/5&#8243;][vc_hoverbox image=&#8221;12403&#8243; primary_title=&#8221;Rajeunissement anti-age&#8221; primary_title_font_container=&#8221;font_size:24px&#8221; primary_title_use_theme_fonts=&#8221;yes&#8221; hover_title=&#8221;Rajeunissement anti-age&#8221; hover_title_font_container=&#8221;font_size:24px&#8221; hover_title_use_theme_fonts=&#8221;yes&#8221; shape=&#8221;square&#8221; hover_background_color=&#8221;custom&#8221; use_custom_fonts_primary_title=&#8221;true&#8221; use_custom_fonts_hover_title=&#8221;true&#8221; hover_custom_background=&#8221;rgba(0,183,183,0.51)&#8221; css=&#8221;.vc_custom_1745394377151{margin-right: 5px !important;margin-left: 5px !important;background-image: url( https:\/\/www.aesthetica-health.com\/wp-content\/uploads\/2025\/06\/Rajeunissement-visage-aesthetcia-Nabeul.jpeg?id=12403) !important;background-position: center !important;background-repeat: no-repeat !important;background-size: cover !important;}&#8221; primary_title_el_class=&#8221;titre&#8221; hover_title_link=&#8221;url:https%3A%2F%2Fwww.aesthetica-health.com%2Frajeunissement-anti-age%2F|||&#8221;]Stimule le collag\u00e8ne et lutte contre le vieillissement[\/vc_hoverbox][\/vc_column_inner][vc_column_inner width=&#8221;1\/5&#8243;][\/vc_column_inner][\/vc_row_inner][\/vc_column][\/vc_row][\/vc_section][vc_section full_width=&#8221;stretch_row_content&#8221;][vc_row full_width=&#8221;stretch_row_content&#8221; parallax=&#8221;content-moving&#8221; parallax_image=&#8221;10747&#8243; css=&#8221;.vc_custom_1550676184855{margin-top: 100px !important;border-bottom-width: 100px !important;}&#8221;][vc_column][vc_row_inner css=&#8221;.vc_custom_1550676741027{margin-top: 30px !important;margin-right: 30px !important;margin-bottom: 0px !important;margin-left: 30px !important;padding-top: 30px !important;padding-right: 10px !important;padding-left: 10px !important;background-color: rgba(255,255,255,0.83) !important;*background-color: rgb(255,255,255) !important;}&#8221;][vc_column_inner][vc_custom_heading text=&#8221;Pourquoi Choisir Aesthetica Laser Nabeul ?&#8221; font_container=&#8221;tag:h2|text_align:center&#8221; use_theme_fonts=&#8221;yes&#8221;][vc_column_text]<\/p><p><strong>Aesthetica Laser Nabeul<\/strong> est un <strong>centre laser \u00e0 Nabeul<\/strong> sp\u00e9cialis\u00e9 en <strong>chirurgie esth\u00e9tique<\/strong>. \u00c9quip\u00e9 de technologies laser de derni\u00e8re g\u00e9n\u00e9ration, il propose une large gamme de soins en dermatologie, esth\u00e9tique et gyn\u00e9cologie esth\u00e9tique, adapt\u00e9s aux besoins sp\u00e9cifiques de chaque patient. Gr\u00e2ce \u00e0 l\u2019expertise de son \u00e9quipe m\u00e9dicale, <strong>Aesthetica Laser Nabeul<\/strong> garantit des r\u00e9sultats visibles, s\u00fbrs et durables dans un cadre professionnel et s\u00e9curis\u00e9.<\/p><p>[\/vc_column_text][\/vc_column_inner][\/vc_row_inner][vc_row_inner css=&#8221;.vc_custom_1550676761787{margin-right: 30px !important;margin-bottom: 30px !important;margin-left: 30px !important;padding-bottom: 30px !important;background-color: rgba(255,255,255,0.8) !important;*background-color: rgb(255,255,255) !important;}&#8221;][vc_column_inner width=&#8221;1\/4&#8243;]<div class='dt-sc-icon-box type7 vc_col-sm-3'><div class=\"icon-wrapper\"><span class='fa fa-check'> <\/span><\/div><div class=\"icon-content\"><h3>Technologies de Pointe<\/h3><p>Nous utilisons des appareils de derni\u00e8re g\u00e9n\u00e9ration pour garantir s\u00e9curit\u00e9 et efficacit\u00e9<\/p><\/div><\/div>[\/vc_column_inner][vc_column_inner width=&#8221;1\/4&#8243;]<div class='dt-sc-icon-box type7 vc_col-sm-3'><div class=\"icon-wrapper\"><span class='fa fa-handshake-o'> <\/span><\/div><div class=\"icon-content\"><h3>\u00c9quipe d\u2019Experts<\/h3><p>Nos sp\u00e9cialistes sont form\u00e9s aux derni\u00e8res avanc\u00e9es en esth\u00e9tique m\u00e9dicale<\/p><\/div><\/div>[\/vc_column_inner][vc_column_inner width=&#8221;1\/4&#8243;]<div class='dt-sc-icon-box type7 vc_col-sm-3'><div class=\"icon-wrapper\"><span class='fa fa-user-circle'> <\/span><\/div><div class=\"icon-content\"><h3>Approche Personnalis\u00e9e<\/h3><p>Chaque patient b\u00e9n\u00e9ficie d\u2019un diagnostic et d\u2019un suivi adapt\u00e9s \u00e0 ses besoins<\/p><\/div><\/div>[\/vc_column_inner][vc_column_inner width=&#8221;1\/4&#8243;]<div class='dt-sc-icon-box type7 vc_col-sm-3'><div class=\"icon-wrapper\"><span class='fa fa-heart'> <\/span><\/div><div class=\"icon-content\"><h3>Hygi\u00e8ne et S\u00e9curit\u00e9<\/h3><p>Nous respectons des protocoles stricts pour assurer votre bien-\u00eatre<\/p><\/div><\/div>[\/vc_column_inner][\/vc_row_inner][\/vc_column][\/vc_row][\/vc_section][vc_row css=&#8221;.vc_custom_1552481699078{margin-bottom: 50px !important;}&#8221;][vc_column][vc_empty_space height=&#8221;100px&#8221;][\/vc_column][\/vc_row][vc_row][vc_column el_align=&#8221;center&#8221;][\/vc_column][\/vc_row]<\/p><\/div>\n\t\t\t\t<\/div>\n\t\t\t\t<\/div>\n\t\t\t\t\t\t<\/div>\n\t\t\t\t\t<\/div>\n\t\t<\/div>\n\t\t\t\t\t\t\t\t<\/div>\n\t\t\t\t\t<\/div>\n\t\t<\/section>\n\t\t\t\t<section class=\"elementor-section elementor-top-section elementor-element elementor-element-829291e elementor-section-boxed elementor-section-height-default elementor-section-height-default\" data-id=\"829291e\" data-element_type=\"section\">\n\t\t\t\t\t\t<div class=\"elementor-container elementor-column-gap-default\">\n\t\t\t\t\t\t\t<div class=\"elementor-row\">\n\t\t\t\t\t<div class=\"elementor-column elementor-col-100 elementor-top-column elementor-element elementor-element-9b41661\" data-id=\"9b41661\" data-element_type=\"column\">\n\t\t\t<div class=\"elementor-column-wrap elementor-element-populated\">\n\t\t\t\t\t\t\t<div class=\"elementor-widget-wrap\">\n\t\t\t\t\t\t<div class=\"elementor-element elementor-element-3a725a4 elementor-widget elementor-widget-google_maps\" data-id=\"3a725a4\" data-element_type=\"widget\" data-widget_type=\"google_maps.default\">\n\t\t\t\t<div class=\"elementor-widget-container\">\n\t\t\t<div class=\"elementor-custom-embed\"><iframe frameborder=\"0\" scrolling=\"no\" marginheight=\"0\" marginwidth=\"0\" src=\"https:\/\/maps.google.com\/maps?q=%20aesthetica%20laser%20nabeul&amp;t=m&amp;z=10&amp;output=embed&amp;iwloc=near\" title=\" aesthetica laser nabeul\" aria-label=\" aesthetica laser nabeul\"><\/iframe><\/div>\t\t<\/div>\n\t\t\t\t<\/div>\n\t\t\t\t\t\t<\/div>\n\t\t\t\t\t<\/div>\n\t\t<\/div>\n\t\t\t\t\t\t\t\t<\/div>\n\t\t\t\t\t<\/div>\n\t\t<\/section>\n\t\t\t\t\t\t<\/div>\n\t\t\t\t\t\t<\/div>\n\t\t\t\t\t<\/div>\n\t\t","protected":false},"excerpt":{"rendered":"<p>[vc_row][vc_column][\/vc_column][\/vc_row][vc_section][vc_row][vc_column][vc_custom_heading text=&#8221;Aesthetica Laser Nabeul : Votre meilleure destination beaut\u00e9&#8221; font_container=&#8221;tag:h1|font_size:30px|text_align:center|color:%232375e0&#8243; use_theme_fonts=&#8221;yes&#8221;][\/vc_column][vc_column][\/vc_column][vc_column][vc_row_inner][vc_column_inner width=&#8221;1\/2&#8243; css=&#8221;.vc_custom_1464678263325{padding-left: 0px !important;}&#8221;][rev_slider_vc alias=&#8221;beaute&#8221;][\/vc_column_inner][vc_column_inner width=&#8221;1\/2&#8243;][vc_column_text css=&#8221;.vc_custom_1745392445666{padding-left: 20px !important;}&#8221;] D\u00e9couvrez Aesthetica Laser Nabeul, votre centre laser sp\u00e9cialiser en dermo-esth\u00e9tique et chirurgie esth\u00e9tique en Tunisie. Nous vous accueillons dans un espace d\u00e9di\u00e9 \u00e0 la beaut\u00e9 et au bien-\u00eatre, o\u00f9 la technologie de pointe rencontre l\u2019expertise [&hellip;]<\/p>\n","protected":false},"author":1,"featured_media":11742,"parent":0,"menu_order":0,"comment_status":"closed","ping_status":"closed","template":"","meta":[],"_links":{"self":[{"href":"https:\/\/www.aesthetica-health.com\/ar\/wp-json\/wp\/v2\/pages\/12387"}],"collection":[{"href":"https:\/\/www.aesthetica-health.com\/ar\/wp-json\/wp\/v2\/pages"}],"about":[{"href":"https:\/\/www.aesthetica-health.com\/ar\/wp-json\/wp\/v2\/types\/page"}],"author":[{"embeddable":true,"href":"https:\/\/www.aesthetica-health.com\/ar\/wp-json\/wp\/v2\/users\/1"}],"replies":[{"embeddable":true,"href":"https:\/\/www.aesthetica-health.com\/ar\/wp-json\/wp\/v2\/comments?post=12387"}],"version-history":[{"count":112,"href":"https:\/\/www.aesthetica-health.com\/ar\/wp-json\/wp\/v2\/pages\/12387\/revisions"}],"predecessor-version":[{"id":12917,"href":"https:\/\/www.aesthetica-health.com\/ar\/wp-json\/wp\/v2\/pages\/12387\/revisions\/12917"}],"wp:featuredmedia":[{"embeddable":true,"href":"https:\/\/www.aesthetica-health.com\/ar\/wp-json\/wp\/v2\/media\/11742"}],"wp:attachment":[{"href":"https:\/\/www.aesthetica-health.com\/ar\/wp-json\/wp\/v2\/media?parent=12387"}],"curies":[{"name":"wp","href":"https:\/\/api.w.org\/{rel}","templated":true}]}}