{"id":12607,"date":"2025-06-02T14:25:27","date_gmt":"2025-06-02T12:25:27","guid":{"rendered":"https:\/\/www.aesthetica-health.com\/?page_id=12607"},"modified":"2025-08-18T10:08:14","modified_gmt":"2025-08-18T08:08:14","slug":"laser-gyneco","status":"publish","type":"page","link":"https:\/\/www.aesthetica-health.com\/ar\/laser-gyneco\/","title":{"rendered":"Laser gyn\u00e9co"},"content":{"rendered":"\t\t<div data-elementor-type=\"wp-page\" data-elementor-id=\"12607\" class=\"elementor elementor-12607\" data-elementor-settings=\"[]\">\n\t\t\t\t\t\t<div class=\"elementor-inner\">\n\t\t\t\t\t\t\t<div class=\"elementor-section-wrap\">\n\t\t\t\t\t\t\t<section class=\"elementor-section elementor-top-section elementor-element elementor-element-150b267 elementor-section-boxed elementor-section-height-default elementor-section-height-default\" data-id=\"150b267\" data-element_type=\"section\">\n\t\t\t\t\t\t<div class=\"elementor-container elementor-column-gap-default\">\n\t\t\t\t\t\t\t<div class=\"elementor-row\">\n\t\t\t\t\t<div class=\"elementor-column elementor-col-100 elementor-top-column elementor-element elementor-element-fbcaaee\" data-id=\"fbcaaee\" data-element_type=\"column\">\n\t\t\t<div class=\"elementor-column-wrap elementor-element-populated\">\n\t\t\t\t\t\t\t<div class=\"elementor-widget-wrap\">\n\t\t\t\t\t\t<div class=\"elementor-element elementor-element-8c158cb elementor-widget elementor-widget-html\" data-id=\"8c158cb\" data-element_type=\"widget\" data-widget_type=\"html.default\">\n\t\t\t\t<div class=\"elementor-widget-container\">\n\t\t\t<script>\n    document.querySelectorAll('.header_image img').forEach(function(img) {\n    if (img.src.startsWith(\"data:image\/svg+xml\")) {\n        img.style.display = 'none';\n    }\n});\n\n<\/script>\n<style>\n.page .entry-title,\n.page .page-title {\n    display: none;\n}\n<\/style>\t\t<\/div>\n\t\t\t\t<\/div>\n\t\t\t\t<div class=\"elementor-element elementor-element-969550c elementor-widget elementor-widget-heading\" data-id=\"969550c\" data-element_type=\"widget\" data-widget_type=\"heading.default\">\n\t\t\t\t<div class=\"elementor-widget-container\">\n\t\t\t<h2 class=\"elementor-heading-title elementor-size-default\">\ud83c\udf38 Laser Gyn\u00e9co \u2013 Sant\u00e9 intime et confort retrouv\u00e9 avec Aesthetica Laser Nabeul<\/h2>\t\t<\/div>\n\t\t\t\t<\/div>\n\t\t\t\t\t\t<\/div>\n\t\t\t\t\t<\/div>\n\t\t<\/div>\n\t\t\t\t\t\t\t\t<\/div>\n\t\t\t\t\t<\/div>\n\t\t<\/section>\n\t\t\t\t<section class=\"elementor-section elementor-top-section elementor-element elementor-element-9f58c56 elementor-section-boxed elementor-section-height-default elementor-section-height-default\" data-id=\"9f58c56\" data-element_type=\"section\">\n\t\t\t\t\t\t<div class=\"elementor-container elementor-column-gap-default\">\n\t\t\t\t\t\t\t<div class=\"elementor-row\">\n\t\t\t\t\t<div class=\"elementor-column elementor-col-50 elementor-top-column elementor-element elementor-element-9cd0f56\" data-id=\"9cd0f56\" data-element_type=\"column\">\n\t\t\t<div class=\"elementor-column-wrap elementor-element-populated\">\n\t\t\t\t\t\t\t<div class=\"elementor-widget-wrap\">\n\t\t\t\t\t\t<div class=\"elementor-element elementor-element-579b06c elementor-widget elementor-widget-image\" data-id=\"579b06c\" data-element_type=\"widget\" data-widget_type=\"image.default\">\n\t\t\t\t<div class=\"elementor-widget-container\">\n\t\t\t\t\t<div class=\"elementor-image\">\n\t\t\t\t\t\t\t\t\t\t<img width=\"605\" height=\"300\" src=\"https:\/\/www.aesthetica-health.com\/wp-content\/uploads\/2025\/07\/laser-gyneco-aesthetica-laser-centre-Nabeul.webp\" class=\"attachment-large size-large\" alt=\"\" decoding=\"async\" loading=\"lazy\" srcset=\"https:\/\/www.aesthetica-health.com\/wp-content\/uploads\/2025\/07\/laser-gyneco-aesthetica-laser-centre-Nabeul.webp 605w, https:\/\/www.aesthetica-health.com\/wp-content\/uploads\/2025\/07\/laser-gyneco-aesthetica-laser-centre-Nabeul-300x149.webp 300w\" sizes=\"(max-width: 605px) 100vw, 605px\" \/>\t\t\t\t\t\t\t\t\t\t\t<\/div>\n\t\t\t\t<\/div>\n\t\t\t\t<\/div>\n\t\t\t\t\t\t<\/div>\n\t\t\t\t\t<\/div>\n\t\t<\/div>\n\t\t\t\t<div class=\"elementor-column elementor-col-50 elementor-top-column elementor-element elementor-element-b66ea30\" data-id=\"b66ea30\" data-element_type=\"column\">\n\t\t\t<div class=\"elementor-column-wrap elementor-element-populated\">\n\t\t\t\t\t\t\t<div class=\"elementor-widget-wrap\">\n\t\t\t\t\t\t<div class=\"elementor-element elementor-element-b86f8c6 elementor-widget elementor-widget-heading\" data-id=\"b86f8c6\" data-element_type=\"widget\" data-widget_type=\"heading.default\">\n\t\t\t\t<div class=\"elementor-widget-container\">\n\t\t\t<h3 class=\"elementor-heading-title elementor-size-default\">La technologie du laser vaginal au service du bien-\u00eatre f\u00e9minin<\/h3>\t\t<\/div>\n\t\t\t\t<\/div>\n\t\t\t\t<div class=\"elementor-element elementor-element-fc6c3f8 elementor-widget elementor-widget-text-editor\" data-id=\"fc6c3f8\" data-element_type=\"widget\" data-widget_type=\"text-editor.default\">\n\t\t\t\t<div class=\"elementor-widget-container\">\n\t\t\t\t\t<div class=\"elementor-text-editor elementor-clearfix\"><p>Chez <strong>Aesthetica Laser Nabeul<\/strong>, nous mettons \u00e0 votre disposition les derni\u00e8res avanc\u00e9es en m\u00e9decine esth\u00e9tique intime gr\u00e2ce au <strong>laser gyn\u00e9co<\/strong>. Ce traitement innovant, non-invasif et sans chirurgie, s\u2019adresse aux femmes de tous \u00e2ges souhaitant am\u00e9liorer leur confort intime, traiter certaines affections gyn\u00e9cologiques ou retrouver une meilleure qualit\u00e9 de vie.<\/p><\/div>\n\t\t\t\t<\/div>\n\t\t\t\t<\/div>\n\t\t\t\t\t\t<\/div>\n\t\t\t\t\t<\/div>\n\t\t<\/div>\n\t\t\t\t\t\t\t\t<\/div>\n\t\t\t\t\t<\/div>\n\t\t<\/section>\n\t\t\t\t<section class=\"elementor-section elementor-top-section elementor-element elementor-element-39e6b840 elementor-section-boxed elementor-section-height-default elementor-section-height-default\" data-id=\"39e6b840\" data-element_type=\"section\">\n\t\t\t\t\t\t<div class=\"elementor-container elementor-column-gap-default\">\n\t\t\t\t\t\t\t<div class=\"elementor-row\">\n\t\t\t\t\t<div class=\"elementor-column elementor-col-100 elementor-top-column elementor-element elementor-element-599a48b2\" data-id=\"599a48b2\" data-element_type=\"column\">\n\t\t\t<div class=\"elementor-column-wrap elementor-element-populated\">\n\t\t\t\t\t\t\t<div class=\"elementor-widget-wrap\">\n\t\t\t\t\t\t<div class=\"elementor-element elementor-element-31004cf elementor-widget elementor-widget-text-editor\" data-id=\"31004cf\" data-element_type=\"widget\" data-widget_type=\"text-editor.default\">\n\t\t\t\t<div class=\"elementor-widget-container\">\n\t\t\t\t\t<div class=\"elementor-text-editor elementor-clearfix\"><\/div>\n\t\t\t\t<\/div>\n\t\t\t\t<\/div>\n\t\t\t\t<div class=\"elementor-element elementor-element-bc441e4 elementor-widget elementor-widget-heading\" data-id=\"bc441e4\" data-element_type=\"widget\" data-widget_type=\"heading.default\">\n\t\t\t\t<div class=\"elementor-widget-container\">\n\t\t\t<h3 class=\"elementor-heading-title elementor-size-default\">\ud83d\udd2c Qu\u2019est-ce que le laser gyn\u00e9co ?<\/h3>\t\t<\/div>\n\t\t\t\t<\/div>\n\t\t\t\t<div class=\"elementor-element elementor-element-fad365a elementor-widget elementor-widget-text-editor\" data-id=\"fad365a\" data-element_type=\"widget\" data-widget_type=\"text-editor.default\">\n\t\t\t\t<div class=\"elementor-widget-container\">\n\t\t\t\t\t<div class=\"elementor-text-editor elementor-clearfix\"><p>Le <strong>laser vaginal<\/strong> utilise une \u00e9nergie thermique douce pour stimuler la muqueuse vaginale, r\u00e9activer la production de collag\u00e8ne, am\u00e9liorer l\u2019\u00e9lasticit\u00e9 des tissus et renforcer la tonicit\u00e9 de la zone intime. Ce traitement se fait sans douleur, sans anesth\u00e9sie.<\/p><\/div>\n\t\t\t\t<\/div>\n\t\t\t\t<\/div>\n\t\t\t\t<div class=\"elementor-element elementor-element-5f24c8c elementor-widget elementor-widget-heading\" data-id=\"5f24c8c\" data-element_type=\"widget\" data-widget_type=\"heading.default\">\n\t\t\t\t<div class=\"elementor-widget-container\">\n\t\t\t<h3 class=\"elementor-heading-title elementor-size-default\">\ud83d\udc8e Pourquoi choisir Aesthetica Laser Nabeul ?<\/h3>\t\t<\/div>\n\t\t\t\t<\/div>\n\t\t\t\t<div class=\"elementor-element elementor-element-54de9af elementor-widget elementor-widget-text-editor\" data-id=\"54de9af\" data-element_type=\"widget\" data-widget_type=\"text-editor.default\">\n\t\t\t\t<div class=\"elementor-widget-container\">\n\t\t\t\t\t<div class=\"elementor-text-editor elementor-clearfix\"><p>Notre centre propose un protocole de soins personnalis\u00e9, adapt\u00e9 \u00e0 vos besoins sp\u00e9cifiques et r\u00e9alis\u00e9 en toute discr\u00e9tion, dans un cadre m\u00e9dical s\u00e9curis\u00e9.<\/p><\/div>\n\t\t\t\t<\/div>\n\t\t\t\t<\/div>\n\t\t\t\t\t\t<\/div>\n\t\t\t\t\t<\/div>\n\t\t<\/div>\n\t\t\t\t\t\t\t\t<\/div>\n\t\t\t\t\t<\/div>\n\t\t<\/section>\n\t\t\t\t<section class=\"elementor-section elementor-top-section elementor-element elementor-element-188bdde elementor-section-boxed elementor-section-height-default elementor-section-height-default\" data-id=\"188bdde\" data-element_type=\"section\">\n\t\t\t\t\t\t<div class=\"elementor-container elementor-column-gap-default\">\n\t\t\t\t\t\t\t<div class=\"elementor-row\">\n\t\t\t\t\t<div class=\"elementor-column elementor-col-33 elementor-top-column elementor-element elementor-element-11d200f\" data-id=\"11d200f\" data-element_type=\"column\">\n\t\t\t<div class=\"elementor-column-wrap elementor-element-populated\">\n\t\t\t\t\t\t\t<div class=\"elementor-widget-wrap\">\n\t\t\t\t\t\t<div class=\"elementor-element elementor-element-96fbfcd elementor-widget elementor-widget-image\" data-id=\"96fbfcd\" data-element_type=\"widget\" data-widget_type=\"image.default\">\n\t\t\t\t<div class=\"elementor-widget-container\">\n\t\t\t\t\t<div class=\"elementor-image\">\n\t\t\t\t\t\t\t\t\t\t<img width=\"415\" height=\"332\" src=\"https:\/\/www.aesthetica-health.com\/wp-content\/uploads\/2025\/07\/Laser-gyneco-aesthetica-laser-Nabeul.webp\" class=\"attachment-large size-large\" alt=\"\" decoding=\"async\" loading=\"lazy\" srcset=\"https:\/\/www.aesthetica-health.com\/wp-content\/uploads\/2025\/07\/Laser-gyneco-aesthetica-laser-Nabeul.webp 415w, https:\/\/www.aesthetica-health.com\/wp-content\/uploads\/2025\/07\/Laser-gyneco-aesthetica-laser-Nabeul-300x240.webp 300w, https:\/\/www.aesthetica-health.com\/wp-content\/uploads\/2025\/07\/Laser-gyneco-aesthetica-laser-Nabeul-150x120.webp 150w\" sizes=\"(max-width: 415px) 100vw, 415px\" \/>\t\t\t\t\t\t\t\t\t\t\t<\/div>\n\t\t\t\t<\/div>\n\t\t\t\t<\/div>\n\t\t\t\t\t\t<\/div>\n\t\t\t\t\t<\/div>\n\t\t<\/div>\n\t\t\t\t<div class=\"elementor-column elementor-col-66 elementor-top-column elementor-element elementor-element-62d638d\" data-id=\"62d638d\" data-element_type=\"column\">\n\t\t\t<div class=\"elementor-column-wrap elementor-element-populated\">\n\t\t\t\t\t\t\t<div class=\"elementor-widget-wrap\">\n\t\t\t\t\t\t<div class=\"elementor-element elementor-element-d5a3873 elementor-widget elementor-widget-text-editor\" data-id=\"d5a3873\" data-element_type=\"widget\" data-widget_type=\"text-editor.default\">\n\t\t\t\t<div class=\"elementor-widget-container\">\n\t\t\t\t\t<div class=\"elementor-text-editor elementor-clearfix\"><\/div>\n\t\t\t\t<\/div>\n\t\t\t\t<\/div>\n\t\t\t\t<div class=\"elementor-element elementor-element-632d49b elementor-widget elementor-widget-heading\" data-id=\"632d49b\" data-element_type=\"widget\" data-widget_type=\"heading.default\">\n\t\t\t\t<div class=\"elementor-widget-container\">\n\t\t\t<h3 class=\"elementor-heading-title elementor-size-default\">Nos engagements<\/h3>\t\t<\/div>\n\t\t\t\t<\/div>\n\t\t\t\t<div class=\"elementor-element elementor-element-2ea7ac1 elementor-widget elementor-widget-text-editor\" data-id=\"2ea7ac1\" data-element_type=\"widget\" data-widget_type=\"text-editor.default\">\n\t\t\t\t<div class=\"elementor-widget-container\">\n\t\t\t\t\t<div class=\"elementor-text-editor elementor-clearfix\"><p>\ud83c\udf38Praticiens qualifi\u00e9s en m\u00e9decine esth\u00e9tique intime<\/p><\/div>\n\t\t\t\t<\/div>\n\t\t\t\t<\/div>\n\t\t\t\t<div class=\"elementor-element elementor-element-b82daf0 elementor-widget elementor-widget-text-editor\" data-id=\"b82daf0\" data-element_type=\"widget\" data-widget_type=\"text-editor.default\">\n\t\t\t\t<div class=\"elementor-widget-container\">\n\t\t\t\t\t<div class=\"elementor-text-editor elementor-clearfix\"><p>\ud83c\udf38Technologie de laser vaginal \u00e0 la pointe<\/p><\/div>\n\t\t\t\t<\/div>\n\t\t\t\t<\/div>\n\t\t\t\t<div class=\"elementor-element elementor-element-6b6e9b4 elementor-widget elementor-widget-text-editor\" data-id=\"6b6e9b4\" data-element_type=\"widget\" data-widget_type=\"text-editor.default\">\n\t\t\t\t<div class=\"elementor-widget-container\">\n\t\t\t\t\t<div class=\"elementor-text-editor elementor-clearfix\"><p>\ud83c\udf38Traitements doux, rapides et efficaces<\/p><\/div>\n\t\t\t\t<\/div>\n\t\t\t\t<\/div>\n\t\t\t\t<div class=\"elementor-element elementor-element-7abf1c4 elementor-widget elementor-widget-text-editor\" data-id=\"7abf1c4\" data-element_type=\"widget\" data-widget_type=\"text-editor.default\">\n\t\t\t\t<div class=\"elementor-widget-container\">\n\t\t\t\t\t<div class=\"elementor-text-editor elementor-clearfix\"><p>\ud83c\udf38Confidentialit\u00e9 et respect absolu de votre intimit\u00e9<\/p><\/div>\n\t\t\t\t<\/div>\n\t\t\t\t<\/div>\n\t\t\t\t\t\t<\/div>\n\t\t\t\t\t<\/div>\n\t\t<\/div>\n\t\t\t\t\t\t\t\t<\/div>\n\t\t\t\t\t<\/div>\n\t\t<\/section>\n\t\t\t\t<section class=\"elementor-section elementor-top-section elementor-element elementor-element-e791486 elementor-section-boxed elementor-section-height-default elementor-section-height-default\" data-id=\"e791486\" data-element_type=\"section\">\n\t\t\t\t\t\t<div class=\"elementor-container elementor-column-gap-default\">\n\t\t\t\t\t\t\t<div class=\"elementor-row\">\n\t\t\t\t\t<div class=\"elementor-column elementor-col-33 elementor-top-column elementor-element elementor-element-428e0b3\" data-id=\"428e0b3\" data-element_type=\"column\">\n\t\t\t<div class=\"elementor-column-wrap elementor-element-populated\">\n\t\t\t\t\t\t\t<div class=\"elementor-widget-wrap\">\n\t\t\t\t\t\t<div class=\"elementor-element elementor-element-d7d6776 elementor-widget elementor-widget-image\" data-id=\"d7d6776\" data-element_type=\"widget\" data-widget_type=\"image.default\">\n\t\t\t\t<div class=\"elementor-widget-container\">\n\t\t\t\t\t<div class=\"elementor-image\">\n\t\t\t\t\t\t\t\t\t\t<img width=\"415\" height=\"332\" src=\"https:\/\/www.aesthetica-health.com\/wp-content\/uploads\/2025\/07\/Laser-gyneco-aesthetica-laser-Nabeul-1.webp\" class=\"attachment-large size-large\" alt=\"\" decoding=\"async\" loading=\"lazy\" srcset=\"https:\/\/www.aesthetica-health.com\/wp-content\/uploads\/2025\/07\/Laser-gyneco-aesthetica-laser-Nabeul-1.webp 415w, https:\/\/www.aesthetica-health.com\/wp-content\/uploads\/2025\/07\/Laser-gyneco-aesthetica-laser-Nabeul-1-300x240.webp 300w, https:\/\/www.aesthetica-health.com\/wp-content\/uploads\/2025\/07\/Laser-gyneco-aesthetica-laser-Nabeul-1-150x120.webp 150w\" sizes=\"(max-width: 415px) 100vw, 415px\" \/>\t\t\t\t\t\t\t\t\t\t\t<\/div>\n\t\t\t\t<\/div>\n\t\t\t\t<\/div>\n\t\t\t\t\t\t<\/div>\n\t\t\t\t\t<\/div>\n\t\t<\/div>\n\t\t\t\t<div class=\"elementor-column elementor-col-66 elementor-top-column elementor-element elementor-element-d81476f\" data-id=\"d81476f\" data-element_type=\"column\">\n\t\t\t<div class=\"elementor-column-wrap elementor-element-populated\">\n\t\t\t\t\t\t\t<div class=\"elementor-widget-wrap\">\n\t\t\t\t\t\t<div class=\"elementor-element elementor-element-6880ccc elementor-widget elementor-widget-text-editor\" data-id=\"6880ccc\" data-element_type=\"widget\" data-widget_type=\"text-editor.default\">\n\t\t\t\t<div class=\"elementor-widget-container\">\n\t\t\t\t\t<div class=\"elementor-text-editor elementor-clearfix\"><\/div>\n\t\t\t\t<\/div>\n\t\t\t\t<\/div>\n\t\t\t\t<div class=\"elementor-element elementor-element-8718da3 elementor-widget elementor-widget-heading\" data-id=\"8718da3\" data-element_type=\"widget\" data-widget_type=\"heading.default\">\n\t\t\t\t<div class=\"elementor-widget-container\">\n\t\t\t<h3 class=\"elementor-heading-title elementor-size-default\">Indications principales du laser gyn\u00e9co<\/h3>\t\t<\/div>\n\t\t\t\t<\/div>\n\t\t\t\t<div class=\"elementor-element elementor-element-60414bd elementor-widget elementor-widget-text-editor\" data-id=\"60414bd\" data-element_type=\"widget\" data-widget_type=\"text-editor.default\">\n\t\t\t\t<div class=\"elementor-widget-container\">\n\t\t\t\t\t<div class=\"elementor-text-editor elementor-clearfix\"><p>\ud83c\udf38S\u00e9cheresse vaginale<\/p><\/div>\n\t\t\t\t<\/div>\n\t\t\t\t<\/div>\n\t\t\t\t<div class=\"elementor-element elementor-element-8b35885 elementor-widget elementor-widget-text-editor\" data-id=\"8b35885\" data-element_type=\"widget\" data-widget_type=\"text-editor.default\">\n\t\t\t\t<div class=\"elementor-widget-container\">\n\t\t\t\t\t<div class=\"elementor-text-editor elementor-clearfix\"><p>\ud83c\udf38Irritations chroniques ou inconfort lors des rapports<\/p><\/div>\n\t\t\t\t<\/div>\n\t\t\t\t<\/div>\n\t\t\t\t<div class=\"elementor-element elementor-element-7c1b40e elementor-widget elementor-widget-text-editor\" data-id=\"7c1b40e\" data-element_type=\"widget\" data-widget_type=\"text-editor.default\">\n\t\t\t\t<div class=\"elementor-widget-container\">\n\t\t\t\t\t<div class=\"elementor-text-editor elementor-clearfix\"><p>\ud83c\udf38Rel\u00e2chement vaginal apr\u00e8s l\u2019accouchement ou la m\u00e9nopause<\/p><\/div>\n\t\t\t\t<\/div>\n\t\t\t\t<\/div>\n\t\t\t\t<div class=\"elementor-element elementor-element-da4d8f9 elementor-widget elementor-widget-text-editor\" data-id=\"da4d8f9\" data-element_type=\"widget\" data-widget_type=\"text-editor.default\">\n\t\t\t\t<div class=\"elementor-widget-container\">\n\t\t\t\t\t<div class=\"elementor-text-editor elementor-clearfix\"><p>\ud83c\udf38Incontinence urinaire l\u00e9g\u00e8re \u00e0 mod\u00e9r\u00e9e<\/p><\/div>\n\t\t\t\t<\/div>\n\t\t\t\t<\/div>\n\t\t\t\t<div class=\"elementor-element elementor-element-813a99a elementor-widget elementor-widget-text-editor\" data-id=\"813a99a\" data-element_type=\"widget\" data-widget_type=\"text-editor.default\">\n\t\t\t\t<div class=\"elementor-widget-container\">\n\t\t\t\t\t<div class=\"elementor-text-editor elementor-clearfix\"><p>\ud83c\udf38Perte de tonicit\u00e9 et \u00e9lasticit\u00e9 des tissus vaginaux<\/p><\/div>\n\t\t\t\t<\/div>\n\t\t\t\t<\/div>\n\t\t\t\t<div class=\"elementor-element elementor-element-cc312e0 elementor-widget elementor-widget-text-editor\" data-id=\"cc312e0\" data-element_type=\"widget\" data-widget_type=\"text-editor.default\">\n\t\t\t\t<div class=\"elementor-widget-container\">\n\t\t\t\t\t<div class=\"elementor-text-editor elementor-clearfix\"><p>\ud83c\udf38Vulvodynies ou douleurs intimes fonctionnelles<\/p><\/div>\n\t\t\t\t<\/div>\n\t\t\t\t<\/div>\n\t\t\t\t\t\t<\/div>\n\t\t\t\t\t<\/div>\n\t\t<\/div>\n\t\t\t\t\t\t\t\t<\/div>\n\t\t\t\t\t<\/div>\n\t\t<\/section>\n\t\t\t\t\t\t<\/div>\n\t\t\t\t\t\t<\/div>\n\t\t\t\t\t<\/div>\n\t\t","protected":false},"excerpt":{"rendered":"<p>\ud83c\udf38 Laser Gyn\u00e9co \u2013 Sant\u00e9 intime et confort retrouv\u00e9 avec Aesthetica Laser Nabeul La technologie du laser vaginal au service du bien-\u00eatre f\u00e9minin Chez Aesthetica Laser Nabeul, nous mettons \u00e0 votre disposition les derni\u00e8res avanc\u00e9es en m\u00e9decine esth\u00e9tique intime gr\u00e2ce au laser gyn\u00e9co. Ce traitement innovant, non-invasif et sans chirurgie, s\u2019adresse aux femmes de tous [&hellip;]<\/p>\n","protected":false},"author":1,"featured_media":11742,"parent":0,"menu_order":0,"comment_status":"closed","ping_status":"closed","template":"","meta":[],"_links":{"self":[{"href":"https:\/\/www.aesthetica-health.com\/ar\/wp-json\/wp\/v2\/pages\/12607"}],"collection":[{"href":"https:\/\/www.aesthetica-health.com\/ar\/wp-json\/wp\/v2\/pages"}],"about":[{"href":"https:\/\/www.aesthetica-health.com\/ar\/wp-json\/wp\/v2\/types\/page"}],"author":[{"embeddable":true,"href":"https:\/\/www.aesthetica-health.com\/ar\/wp-json\/wp\/v2\/users\/1"}],"replies":[{"embeddable":true,"href":"https:\/\/www.aesthetica-health.com\/ar\/wp-json\/wp\/v2\/comments?post=12607"}],"version-history":[{"count":21,"href":"https:\/\/www.aesthetica-health.com\/ar\/wp-json\/wp\/v2\/pages\/12607\/revisions"}],"predecessor-version":[{"id":12904,"href":"https:\/\/www.aesthetica-health.com\/ar\/wp-json\/wp\/v2\/pages\/12607\/revisions\/12904"}],"wp:featuredmedia":[{"embeddable":true,"href":"https:\/\/www.aesthetica-health.com\/ar\/wp-json\/wp\/v2\/media\/11742"}],"wp:attachment":[{"href":"https:\/\/www.aesthetica-health.com\/ar\/wp-json\/wp\/v2\/media?parent=12607"}],"curies":[{"name":"wp","href":"https:\/\/api.w.org\/{rel}","templated":true}]}}