{"id":10047,"date":"2019-01-09T09:31:19","date_gmt":"2019-01-09T08:31:19","guid":{"rendered":"https:\/\/www.aesthetica-health.com\/?page_id=10047"},"modified":"2019-11-18T13:58:09","modified_gmt":"2019-11-18T12:58:09","slug":"chirurgie-du-visage-tunisie","status":"publish","type":"page","link":"https:\/\/www.aesthetica-health.com\/fr\/interventions-esthetique-tunisie\/chirurgie-du-visage-tunisie\/","title":{"rendered":"Chirurgie esth\u00e9tique visage Nabeul : Les meilleures interventions"},"content":{"rendered":"<p>[vc_row][vc_column][vc_column_text]<\/p>\n<div class=\"title\">\n<div class=\"title\">\n<h2>Chirurgie\u00a0 <strong>esth\u00e9tique\u00a0<\/strong>visage Nabeul<\/h2>\n<\/div>\n<\/div>\n<div class=\"content-blog\">\n<div class=\"vc_row wpb_row vc_row-fluid\">\n<div class=\"wpb_column vc_column_container vc_col-sm-12\">\n<div class=\"vc_column-inner \">\n<div class=\"wpb_wrapper\">\n<div class=\"wpb_text_column wpb_content_element para_texte\">\n<div class=\"wpb_wrapper\">\n<p>Quand on parle d\u2019intervention esth\u00e9tique, le visage est le premier concern\u00e9, car il refl\u00e8te plusieurs aspects sur la personne et surtout l\u2019\u00e2ge. Avoir un visage jeune avec des traits bien d\u00e9finis repr\u00e9sente l\u2019objectif de tout le monde.<br \/>\nEn effet, la\u00a0<strong>chirurgie esth\u00e9tique du visage<\/strong>\u00a0vous offre la possibilit\u00e9 de transformer votre apparence et avoir le visage dont vous avez toujours r\u00eav\u00e9. Lifting ou Rhinoplastie, nos chirurgiens seront l\u00e0 pour transformer vos r\u00eaves en r\u00e9alit\u00e9s.<\/p>\n<\/div>\n<\/div>\n<\/div>\n<\/div>\n<\/div>\n<\/div>\n<\/div>\n<p>[\/vc_column_text][\/vc_column][\/vc_row][vc_row][vc_column]<div class='dt-sc-icon-box type10 large'><div class=\"icon-wrapper\"><img width=\"1600\" height=\"1070\" src=\"https:\/\/www.aesthetica-health.com\/wp-content\/uploads\/2019\/11\/Bl\u00e9pharoplastie.jpg\" class=\"attachment-full\" alt=\"\" decoding=\"async\" loading=\"lazy\" srcset=\"https:\/\/www.aesthetica-health.com\/wp-content\/uploads\/2019\/11\/Bl\u00e9pharoplastie.jpg 1600w, https:\/\/www.aesthetica-health.com\/wp-content\/uploads\/2019\/11\/Bl\u00e9pharoplastie-300x201.jpg 300w, https:\/\/www.aesthetica-health.com\/wp-content\/uploads\/2019\/11\/Bl\u00e9pharoplastie-768x514.jpg 768w, https:\/\/www.aesthetica-health.com\/wp-content\/uploads\/2019\/11\/Bl\u00e9pharoplastie-1024x685.jpg 1024w\" sizes=\"(max-width: 1600px) 100vw, 1600px\" \/><\/div><div class=\"icon-content\"><p><h2><a href=\"https:\/\/www.aesthetica-health.com\/interventions-esthetique-tunisie\/chirurgie-du-visage-tunisie\/blepharoplastie-tunisie\/\">Bl\u00e9pharoplastie Nabeul<\/a><\/h2>\n<p>Les yeux refl\u00e8tent l\u2019\u00e2ge de la personne. Plus on vieilli, plus on aura des rides au niveau des yeux. Mais pour surmonter ce probl\u00e8me et garder sa jeunesse le plus longtemps possible, la bl\u00e9pharoplastie nous offre la possibilit\u00e9 d\u2019effacer des ann\u00e9es de sa peau et avoir un regard rajeunit. Cette chirurgie ne concerne pas les femmes uniquement mais aussi les hommes.<\/p><\/div><\/div>[\/vc_column][\/vc_row][vc_row][vc_column]<div class='dt-sc-icon-box type10 large'><div class=\"icon-wrapper\"><img width=\"1600\" height=\"1070\" src=\"https:\/\/www.aesthetica-health.com\/wp-content\/uploads\/2019\/11\/1lifting.jpg\" class=\"attachment-full\" alt=\"\" decoding=\"async\" loading=\"lazy\" srcset=\"https:\/\/www.aesthetica-health.com\/wp-content\/uploads\/2019\/11\/1lifting.jpg 1600w, https:\/\/www.aesthetica-health.com\/wp-content\/uploads\/2019\/11\/1lifting-300x201.jpg 300w, https:\/\/www.aesthetica-health.com\/wp-content\/uploads\/2019\/11\/1lifting-768x514.jpg 768w, https:\/\/www.aesthetica-health.com\/wp-content\/uploads\/2019\/11\/1lifting-1024x685.jpg 1024w\" sizes=\"(max-width: 1600px) 100vw, 1600px\" \/><\/div><div class=\"icon-content\"><p><h2><a href=\"https:\/\/www.aesthetica-health.com\/interventions-esthetique-tunisie\/chirurgie-du-visage-tunisie\/lifting-visage-tunisie\/\">Lifting visage Nabeul<\/a><\/h2>\n<p>Il s\u2019agit d\u2019une intervention tr\u00e8s populaire qui a pour objectif le rajeunissement du visage. Il agit sur plusieurs zones comme le lifting cervico-facial qui permet un lifting de la totalit\u00e9 du visage et du cou, ou bien le lifting frontal agissant sur le milieu et le bas du visage.<\/p><\/div><\/div>[\/vc_column][\/vc_row][vc_row][vc_column]<div class='dt-sc-icon-box type10 large'><div class=\"icon-wrapper\"><img width=\"900\" height=\"600\" src=\"https:\/\/www.aesthetica-health.com\/wp-content\/uploads\/2019\/11\/Botox1.jpg\" class=\"attachment-full\" alt=\"\" decoding=\"async\" loading=\"lazy\" srcset=\"https:\/\/www.aesthetica-health.com\/wp-content\/uploads\/2019\/11\/Botox1.jpg 900w, https:\/\/www.aesthetica-health.com\/wp-content\/uploads\/2019\/11\/Botox1-300x200.jpg 300w, https:\/\/www.aesthetica-health.com\/wp-content\/uploads\/2019\/11\/Botox1-768x512.jpg 768w\" sizes=\"(max-width: 900px) 100vw, 900px\" \/><\/div><div class=\"icon-content\"><p><h2><a href=\"https:\/\/www.aesthetica-health.com\/interventions-esthetique-tunisie\/chirurgie-du-visage-tunisie\/lipofilling-tunisie\/\">Lipofilling du visage \u00e0 Nabeul<\/a><\/h2>\n<p>Le lipofilling du visage \u00e0 Nabeul est une technique de remodelage du visage \u00e0 l\u2019aide d\u2019injection de graisses r\u00e9cup\u00e9r\u00e9es par liposuccion et introduites par la suite au niveau du visage pour donner une nouvelle structure plus attirante.<\/p><\/div><\/div>[\/vc_column][\/vc_row][vc_row][vc_column]<div class='dt-sc-icon-box type10 large'><div class=\"icon-wrapper\"><img width=\"2121\" height=\"1414\" src=\"https:\/\/www.aesthetica-health.com\/wp-content\/uploads\/2019\/11\/Rhinoplastie.jpg\" class=\"attachment-full\" alt=\"\" decoding=\"async\" loading=\"lazy\" srcset=\"https:\/\/www.aesthetica-health.com\/wp-content\/uploads\/2019\/11\/Rhinoplastie.jpg 2121w, https:\/\/www.aesthetica-health.com\/wp-content\/uploads\/2019\/11\/Rhinoplastie-300x200.jpg 300w, https:\/\/www.aesthetica-health.com\/wp-content\/uploads\/2019\/11\/Rhinoplastie-768x512.jpg 768w, https:\/\/www.aesthetica-health.com\/wp-content\/uploads\/2019\/11\/Rhinoplastie-1024x683.jpg 1024w\" sizes=\"(max-width: 2121px) 100vw, 2121px\" \/><\/div><div class=\"icon-content\"><p><h2><a href=\"https:\/\/www.aesthetica-health.com\/interventions-esthetique-tunisie\/chirurgie-du-visage-tunisie\/rhinoplastie-tunisie\/\">Rhinoplastie \u00e0 Nabeul<\/a><\/h2>\n<p>Avoir un nez trop large ou trop grand peut \u00eatre une contrainte qui bloque plusieurs personnes de point de vue psychologique. Pour r\u00e9soudre ce probl\u00e8me, la solution est simple avec la Rhinoplastie ethnique ou esth\u00e9tique.\nNos chirurgiens vous offrent le nez de vos r\u00eaves et \u00e0 des prix abordables.<\/p><\/div><\/div>[\/vc_column][\/vc_row] <\/p>","protected":false},"excerpt":{"rendered":"<p>[vc_row][vc_column][vc_column_text] Chirurgie\u00a0 esth\u00e9tique\u00a0visage Nabeul Quand on parle d\u2019intervention esth\u00e9tique, le visage est le premier concern\u00e9, car il refl\u00e8te plusieurs aspects sur la personne et surtout l\u2019\u00e2ge. Avoir un visage jeune avec des traits bien d\u00e9finis repr\u00e9sente l\u2019objectif de tout le monde. En effet, la\u00a0chirurgie esth\u00e9tique du visage\u00a0vous offre la possibilit\u00e9 de transformer votre apparence et [&hellip;]<\/p>\n","protected":false},"author":1,"featured_media":10134,"parent":9777,"menu_order":0,"comment_status":"closed","ping_status":"closed","template":"","meta":[],"_links":{"self":[{"href":"https:\/\/www.aesthetica-health.com\/fr\/wp-json\/wp\/v2\/pages\/10047"}],"collection":[{"href":"https:\/\/www.aesthetica-health.com\/fr\/wp-json\/wp\/v2\/pages"}],"about":[{"href":"https:\/\/www.aesthetica-health.com\/fr\/wp-json\/wp\/v2\/types\/page"}],"author":[{"embeddable":true,"href":"https:\/\/www.aesthetica-health.com\/fr\/wp-json\/wp\/v2\/users\/1"}],"replies":[{"embeddable":true,"href":"https:\/\/www.aesthetica-health.com\/fr\/wp-json\/wp\/v2\/comments?post=10047"}],"version-history":[{"count":22,"href":"https:\/\/www.aesthetica-health.com\/fr\/wp-json\/wp\/v2\/pages\/10047\/revisions"}],"predecessor-version":[{"id":12008,"href":"https:\/\/www.aesthetica-health.com\/fr\/wp-json\/wp\/v2\/pages\/10047\/revisions\/12008"}],"up":[{"embeddable":true,"href":"https:\/\/www.aesthetica-health.com\/fr\/wp-json\/wp\/v2\/pages\/9777"}],"wp:featuredmedia":[{"embeddable":true,"href":"https:\/\/www.aesthetica-health.com\/fr\/wp-json\/wp\/v2\/media\/10134"}],"wp:attachment":[{"href":"https:\/\/www.aesthetica-health.com\/fr\/wp-json\/wp\/v2\/media?parent=10047"}],"curies":[{"name":"wp","href":"https:\/\/api.w.org\/{rel}","templated":true}]}}