{"id":10049,"date":"2019-01-09T09:31:46","date_gmt":"2019-01-09T08:31:46","guid":{"rendered":"https:\/\/www.aesthetica-health.com\/?page_id=10049"},"modified":"2019-11-18T10:15:13","modified_gmt":"2019-11-18T09:15:13","slug":"chirurgie-des-seins-tunisie","status":"publish","type":"page","link":"https:\/\/www.aesthetica-health.com\/fr\/interventions-esthetique-tunisie\/chirurgie-des-seins-tunisie\/","title":{"rendered":"Chirurgie seins Nabeul : Interventions poitrine pas cher"},"content":{"rendered":"<p>[vc_row][vc_column][vc_column_text]<\/p>\n<div class=\"title\">\n<div class=\"title\">\n<div class=\"title\">\n<h2>Chirurgie seins Nabeul : Interventions poitrine et mammaire<\/h2>\n<\/div>\n<div class=\"content-blog\">\n<div class=\"vc_row wpb_row vc_row-fluid\">\n<div class=\"wpb_column vc_column_container vc_col-sm-12\">\n<div class=\"vc_column-inner \">\n<div class=\"wpb_wrapper\">\n<div class=\"wpb_text_column wpb_content_element para_texte\">\n<div class=\"wpb_wrapper\">\n<p>Vous r\u00eavez d\u2019une posture attirante et vous souhaitez am\u00e9liorer l\u2019aspect de vos seins. Nous proposons des interventions pour la chirurgie seins Tunisie vari\u00e9es pour l\u2019augmentation du volume mammaire avec le\u00a0<a title=\"Lipofilling\" href=\"https:\/\/www.aesthetica-health.com\/interventions-esthetique-tunisie\/chirurgie-des-seins-tunisie\/lipofilling-augmentation-mamaire-tunisie\/\"><strong>lipofilling<\/strong><\/a>\u00a0ou \u00e0 l\u2019aide des implants. Pour un aspect plus jeune, nous vous proposons le\u00a0<strong>lifting des seins \u00e0 Nabeul<\/strong>.\u00a0 Et parfois, le volume peut \u00eatre un probl\u00e8me pour lequel on propose l\u2019intervention de\u00a0<a title=\"R\u00e9duction mammaire\" href=\"https:\/\/www.aesthetica-health.com\/interventions-esthetique-tunisie\/chirurgie-des-seins-tunisie\/reduction-mammaire-tunisie\/\">r\u00e9duction mammaire<\/a> \u00e0 Nabeul.<br \/>\nAvant de faire votre <strong>mammoplastie<\/strong> vous devrez prendre en consid\u00e9ration, la taille de la glande mammaire, l\u2019\u00e9lasticit\u00e9 de la peau et la quantit\u00e9 de graisse.<\/p>\n<\/div>\n<\/div>\n<\/div>\n<\/div>\n<\/div>\n<\/div>\n<div class=\"vc_row wpb_row vc_row-fluid\">\n<div class=\"wpb_column vc_column_container vc_col-sm-12\">\n<div class=\"vc_column-inner \">\n<div class=\"wpb_wrapper\"><\/div>\n<\/div>\n<\/div>\n<\/div>\n<\/div>\n<\/div>\n<\/div>\n<p>[\/vc_column_text][\/vc_column][\/vc_row][vc_row][vc_column]<div class='dt-sc-icon-box type10 large'><div class=\"icon-wrapper\"><img width=\"1484\" height=\"830\" src=\"https:\/\/www.aesthetica-health.com\/wp-content\/uploads\/2019\/11\/augmentation-mammaire-avec-proth\u00e8ses.jpg\" class=\"attachment-full\" alt=\"\" decoding=\"async\" loading=\"lazy\" srcset=\"https:\/\/www.aesthetica-health.com\/wp-content\/uploads\/2019\/11\/augmentation-mammaire-avec-proth\u00e8ses.jpg 1484w, https:\/\/www.aesthetica-health.com\/wp-content\/uploads\/2019\/11\/augmentation-mammaire-avec-proth\u00e8ses-300x168.jpg 300w, https:\/\/www.aesthetica-health.com\/wp-content\/uploads\/2019\/11\/augmentation-mammaire-avec-proth\u00e8ses-768x430.jpg 768w, https:\/\/www.aesthetica-health.com\/wp-content\/uploads\/2019\/11\/augmentation-mammaire-avec-proth\u00e8ses-1024x573.jpg 1024w\" sizes=\"(max-width: 1484px) 100vw, 1484px\" \/><\/div><div class=\"icon-content\"><p><h2><a href=\"https:\/\/www.aesthetica-health.com\/interventions-esthetique-tunisie\/chirurgie-des-seins-tunisie\/augmentation-mammaire-tunisie\/\">Augmentation mammaire Nabeul<\/a><\/h2>\n<p>La <strong>chirurgie d\u2019augmentation mammaire \u00e0 Nabeul<\/strong>\u00a0permet de corriger l\u2019hypotrophie mammaire. L&#8217;intervention consiste \u00e0 augmenter le volume de la poitrine par la pose d&#8217;implants mammaires ou par lipofilling une m\u00e9thode naturelle et d\u00e9finitive ; cette derni\u00e8re consiste \u00e0 injecter des cellules graisseuses collect\u00e9es au niveau du ventre ou des cuisses dans les zones \u00e0 remplir.<\/p><\/div><\/div>[\/vc_column][\/vc_row][vc_row][vc_column]<div class='dt-sc-icon-box type10 large'><div class=\"icon-wrapper\"><img width=\"793\" height=\"423\" src=\"https:\/\/www.aesthetica-health.com\/wp-content\/uploads\/2019\/11\/levantar-senos.jpg\" class=\"attachment-full\" alt=\"\" decoding=\"async\" loading=\"lazy\" srcset=\"https:\/\/www.aesthetica-health.com\/wp-content\/uploads\/2019\/11\/levantar-senos.jpg 793w, https:\/\/www.aesthetica-health.com\/wp-content\/uploads\/2019\/11\/levantar-senos-300x160.jpg 300w, https:\/\/www.aesthetica-health.com\/wp-content\/uploads\/2019\/11\/levantar-senos-768x410.jpg 768w\" sizes=\"(max-width: 793px) 100vw, 793px\" \/><\/div><div class=\"icon-content\"><p><h2><a href=\"https:\/\/www.aesthetica-health.com\/interventions-esthetique-tunisie\/chirurgie-des-seins-tunisie\/lipofilling-augmentation-mamaire-tunisie\/\">Lipofilling des seins Nabeul<\/a><\/h2>\n<p>Cette intervention consiste \u00e0 faire une <strong>augmentation mammaire<\/strong> par injection de graisses. Il s\u2019agit d\u2019une autogreffe de cellules adipeuses au niveau des seins. Avec la m\u00e9thode du lipofilling il faut patienter quelques mois pour profiter d&#8217;un r\u00e9sultat d\u00e9finitif et naturel. Vous n&#8217;aurez qu&#8217;\u00e0 avoir quelques visites m\u00e9dicales pour s&#8217;assurer de la bonne sant\u00e9 de vos seins.<\/p><\/div><\/div>[\/vc_column][\/vc_row][vc_row][vc_column]<div class='dt-sc-icon-box type10 large'><div class=\"icon-wrapper\"><img width=\"1600\" height=\"1070\" src=\"https:\/\/www.aesthetica-health.com\/wp-content\/uploads\/2019\/11\/Lifting-Mammaire.jpg\" class=\"attachment-full\" alt=\"\" decoding=\"async\" loading=\"lazy\" srcset=\"https:\/\/www.aesthetica-health.com\/wp-content\/uploads\/2019\/11\/Lifting-Mammaire.jpg 1600w, https:\/\/www.aesthetica-health.com\/wp-content\/uploads\/2019\/11\/Lifting-Mammaire-300x201.jpg 300w, https:\/\/www.aesthetica-health.com\/wp-content\/uploads\/2019\/11\/Lifting-Mammaire-768x514.jpg 768w, https:\/\/www.aesthetica-health.com\/wp-content\/uploads\/2019\/11\/Lifting-Mammaire-1024x685.jpg 1024w\" sizes=\"(max-width: 1600px) 100vw, 1600px\" \/><\/div><div class=\"icon-content\"><p><h2><a href=\"https:\/\/www.aesthetica-health.com\/interventions-esthetique-tunisie\/chirurgie-des-seins-tunisie\/reduction-mammaire-tunisie\/\">R\u00e9duction mammaire \u00e0 Nabeul<\/a><\/h2>\n<p>La r\u00e9duction mammaire \u00e0 Nabeul repr\u00e9sente une solution au probl\u00e8me de poitrine lourde cr\u00e9ant des douleurs au niveau des \u00e9paules ou du dos. C\u2019est une intervention qui permet d\u2019avoir moins de volume et plus de fermet\u00e9 au niveau des seins. Nos chirurgiens assurent un suivi complet d\u00e8s votre arriv\u00e9e jusqu\u2019\u00e0 votre retour.<\/p><\/div><\/div>[\/vc_column][\/vc_row] <\/p>","protected":false},"excerpt":{"rendered":"<p>[vc_row][vc_column][vc_column_text] Chirurgie seins Nabeul : Interventions poitrine et mammaire Vous r\u00eavez d\u2019une posture attirante et vous souhaitez am\u00e9liorer l\u2019aspect de vos seins. Nous proposons des interventions pour la chirurgie seins Tunisie vari\u00e9es pour l\u2019augmentation du volume mammaire avec le\u00a0lipofilling\u00a0ou \u00e0 l\u2019aide des implants. Pour un aspect plus jeune, nous vous proposons le\u00a0lifting des seins \u00e0 [&hellip;]<\/p>\n","protected":false},"author":1,"featured_media":0,"parent":9777,"menu_order":1,"comment_status":"closed","ping_status":"closed","template":"","meta":[],"_links":{"self":[{"href":"https:\/\/www.aesthetica-health.com\/fr\/wp-json\/wp\/v2\/pages\/10049"}],"collection":[{"href":"https:\/\/www.aesthetica-health.com\/fr\/wp-json\/wp\/v2\/pages"}],"about":[{"href":"https:\/\/www.aesthetica-health.com\/fr\/wp-json\/wp\/v2\/types\/page"}],"author":[{"embeddable":true,"href":"https:\/\/www.aesthetica-health.com\/fr\/wp-json\/wp\/v2\/users\/1"}],"replies":[{"embeddable":true,"href":"https:\/\/www.aesthetica-health.com\/fr\/wp-json\/wp\/v2\/comments?post=10049"}],"version-history":[{"count":12,"href":"https:\/\/www.aesthetica-health.com\/fr\/wp-json\/wp\/v2\/pages\/10049\/revisions"}],"predecessor-version":[{"id":11980,"href":"https:\/\/www.aesthetica-health.com\/fr\/wp-json\/wp\/v2\/pages\/10049\/revisions\/11980"}],"up":[{"embeddable":true,"href":"https:\/\/www.aesthetica-health.com\/fr\/wp-json\/wp\/v2\/pages\/9777"}],"wp:attachment":[{"href":"https:\/\/www.aesthetica-health.com\/fr\/wp-json\/wp\/v2\/media?parent=10049"}],"curies":[{"name":"wp","href":"https:\/\/api.w.org\/{rel}","templated":true}]}}