{"id":10053,"date":"2019-01-09T09:33:08","date_gmt":"2019-01-09T08:33:08","guid":{"rendered":"https:\/\/www.aesthetica-health.com\/?page_id=10053"},"modified":"2019-11-18T10:21:54","modified_gmt":"2019-11-18T09:21:54","slug":"chirurgie-homme-tunisie","status":"publish","type":"page","link":"https:\/\/www.aesthetica-health.com\/fr\/interventions-esthetique-tunisie\/chirurgie-homme-tunisie\/","title":{"rendered":"Chirurgie homme \u00e0 Nabeul : Chirurgie esth\u00e9tique homme prix"},"content":{"rendered":"<p>[vc_row][vc_column][vc_column_text]<\/p>\n<div class=\"title\">\n<div class=\"title\">\n<div class=\"title\">\n<h2>Chirurgie homme Nabeul<\/h2>\n<\/div>\n<div class=\"content-blog\">\n<div class=\"vc_row wpb_row vc_row-fluid\">\n<div class=\"wpb_column vc_column_container vc_col-sm-12\">\n<div class=\"vc_column-inner \">\n<div class=\"wpb_wrapper\">\n<div class=\"wpb_text_column wpb_content_element para_texte\">\n<div class=\"wpb_wrapper\">\n<p>La\u00a0<a title=\"Chirurgie esth\u00e9tique en Tunisie\" href=\"https:\/\/www.aesthetica-health.com\/interventions-esthetique-tunisie\/\">chirurgie esth\u00e9tique \u00e0 Nabeul<\/a> n\u2019est plus un privil\u00e8ge f\u00e9minin. D&#8217;ailleurs, la gente masculine cherche elle aussi \u00e0 para\u00eetre plus jeune, plus viril, ayant une bonne mine et \u00eatre aux canons de beaut\u00e9 de la soci\u00e9t\u00e9.\u00a0 A Nabeul, vous pouvez b\u00e9n\u00e9ficier des meilleures Chirurgie homme \u00e0 Nabeul telles que : la <a title=\"Greffe de cheveux\" href=\"https:\/\/www.aesthetica-health.com\/interventions-esthetique-tunisie\/greffe-de-cheveux-tunisie\/greffe-cheveux-fut-tunisie\/\">greffe de cheveux<\/a>,\u00a0<a title=\"Gyn\u00e9comastie\" href=\"https:\/\/www.aesthetica-health.com\/interventions-esthetique-tunisie\/chirurgie-homme-tunisie\/gynecomastie-tunisie\/\">gyn\u00e9comastie<\/a>\u00a0et bien plus encore.<br \/>\nPour plus d\u2019information, merci de nous\u00a0<a title=\"Devis gratuit\" href=\"https:\/\/www.aesthetica-health.com\/tarifs\/\">contacter<\/a>. Nous serons heureux de r\u00e9pondre \u00e0 toutes vos requ\u00eates.<\/p>\n<\/div>\n<\/div>\n<\/div>\n<\/div>\n<\/div>\n<\/div>\n<\/div>\n<\/div>\n<\/div>\n<p>[\/vc_column_text][\/vc_column][\/vc_row][vc_row][vc_column]<div class='dt-sc-icon-box type10 large'><div class=\"icon-wrapper\"><img width=\"1600\" height=\"1070\" src=\"https:\/\/www.aesthetica-health.com\/wp-content\/uploads\/2019\/11\/gynecomastie.jpg\" class=\"attachment-full\" alt=\"\" decoding=\"async\" loading=\"lazy\" srcset=\"https:\/\/www.aesthetica-health.com\/wp-content\/uploads\/2019\/11\/gynecomastie.jpg 1600w, https:\/\/www.aesthetica-health.com\/wp-content\/uploads\/2019\/11\/gynecomastie-300x201.jpg 300w, https:\/\/www.aesthetica-health.com\/wp-content\/uploads\/2019\/11\/gynecomastie-768x514.jpg 768w, https:\/\/www.aesthetica-health.com\/wp-content\/uploads\/2019\/11\/gynecomastie-1024x685.jpg 1024w\" sizes=\"(max-width: 1600px) 100vw, 1600px\" \/><\/div><div class=\"icon-content\"><p><h2><a href=\"https:\/\/www.aesthetica-health.com\/interventions-esthetique-tunisie\/chirurgie-homme-tunisie\/gynecomastie-tunisie\/\">Gyn\u00e9comastie Nabeul<\/a><\/h2>\n<p>Avoir une poitrine d\u00e9velopp\u00e9e est tr\u00e8s g\u00eanant pour un homme. c&#8217;est pourquoi une Gyn\u00e9comastie est la solution pour rendre un torse plus viril et redonner un aspect naturel \u00e0 la poitrine. Cette chirurgie consiste \u00e0 une simple r\u00e9duction mammaire. Il est n\u00e9cessaire de faire un examen au pr\u00e9alable pour s\u2019assurer qu\u2019il s\u2019agit bien d\u2019une hypertrophie et non d&#8217;une tumeur. Une hypertrophie est le r\u00e9sultat d&#8217;une accumulation de masse graisseuse on y rem\u00e9die par une simple liposuccion.<\/p><\/div><\/div>[\/vc_column][\/vc_row][vc_row][vc_column]<div class='dt-sc-icon-box type10 large'><div class=\"icon-wrapper\"><img width=\"1194\" height=\"772\" src=\"https:\/\/www.aesthetica-health.com\/wp-content\/uploads\/2019\/11\/Implants-pectoraux.jpg\" class=\"attachment-full\" alt=\"\" decoding=\"async\" loading=\"lazy\" srcset=\"https:\/\/www.aesthetica-health.com\/wp-content\/uploads\/2019\/11\/Implants-pectoraux.jpg 1194w, https:\/\/www.aesthetica-health.com\/wp-content\/uploads\/2019\/11\/Implants-pectoraux-300x194.jpg 300w, https:\/\/www.aesthetica-health.com\/wp-content\/uploads\/2019\/11\/Implants-pectoraux-768x497.jpg 768w, https:\/\/www.aesthetica-health.com\/wp-content\/uploads\/2019\/11\/Implants-pectoraux-1024x662.jpg 1024w\" sizes=\"(max-width: 1194px) 100vw, 1194px\" \/><\/div><div class=\"icon-content\"><p><h2><a href=\"https:\/\/www.aesthetica-health.com\/interventions-esthetique-tunisie\/chirurgie-homme-tunisie\/implant-pectoraux-tunisie\/\">Implants pectoraux \u00e0 Nabeul<\/a><\/h2>\n<p>Les implants pectoraux repr\u00e9sentent une solution pour les hommes qui souhaitent avoir des muscles pectoraux bien dessin\u00e9s sans passer n\u00e9cessairement par une salle de sport. L\u2019intervention est simple ; elle consiste \u00e0 positionner des implants d\u2019une apparence naturelle dans les zones qui d\u00e9finissent les pectoraux\u00a0 pour donner une apparence parfaites aux muscles pectoraux.<\/p><\/div><\/div>[\/vc_column][\/vc_row] <\/p>","protected":false},"excerpt":{"rendered":"<p>[vc_row][vc_column][vc_column_text] Chirurgie homme Nabeul La\u00a0chirurgie esth\u00e9tique \u00e0 Nabeul n\u2019est plus un privil\u00e8ge f\u00e9minin. D&#8217;ailleurs, la gente masculine cherche elle aussi \u00e0 para\u00eetre plus jeune, plus viril, ayant une bonne mine et \u00eatre aux canons de beaut\u00e9 de la soci\u00e9t\u00e9.\u00a0 A Nabeul, vous pouvez b\u00e9n\u00e9ficier des meilleures Chirurgie homme \u00e0 Nabeul telles que : la greffe [&hellip;]<\/p>\n","protected":false},"author":1,"featured_media":0,"parent":9777,"menu_order":3,"comment_status":"closed","ping_status":"closed","template":"","meta":[],"_links":{"self":[{"href":"https:\/\/www.aesthetica-health.com\/fr\/wp-json\/wp\/v2\/pages\/10053"}],"collection":[{"href":"https:\/\/www.aesthetica-health.com\/fr\/wp-json\/wp\/v2\/pages"}],"about":[{"href":"https:\/\/www.aesthetica-health.com\/fr\/wp-json\/wp\/v2\/types\/page"}],"author":[{"embeddable":true,"href":"https:\/\/www.aesthetica-health.com\/fr\/wp-json\/wp\/v2\/users\/1"}],"replies":[{"embeddable":true,"href":"https:\/\/www.aesthetica-health.com\/fr\/wp-json\/wp\/v2\/comments?post=10053"}],"version-history":[{"count":12,"href":"https:\/\/www.aesthetica-health.com\/fr\/wp-json\/wp\/v2\/pages\/10053\/revisions"}],"predecessor-version":[{"id":11983,"href":"https:\/\/www.aesthetica-health.com\/fr\/wp-json\/wp\/v2\/pages\/10053\/revisions\/11983"}],"up":[{"embeddable":true,"href":"https:\/\/www.aesthetica-health.com\/fr\/wp-json\/wp\/v2\/pages\/9777"}],"wp:attachment":[{"href":"https:\/\/www.aesthetica-health.com\/fr\/wp-json\/wp\/v2\/media?parent=10053"}],"curies":[{"name":"wp","href":"https:\/\/api.w.org\/{rel}","templated":true}]}}