{"id":10055,"date":"2019-01-09T09:33:34","date_gmt":"2019-01-09T08:33:34","guid":{"rendered":"https:\/\/www.aesthetica-health.com\/?page_id=10055"},"modified":"2019-11-18T10:07:17","modified_gmt":"2019-11-18T09:07:17","slug":"chirurgie-dentaire-tunisie","status":"publish","type":"page","link":"https:\/\/www.aesthetica-health.com\/fr\/interventions-esthetique-tunisie\/chirurgie-dentaire-tunisie\/","title":{"rendered":"Meilleure Chirurgie dentaire \u00e0 Nabeul prix pas cher"},"content":{"rendered":"<p>[vc_row][vc_column][vc_column_text]<\/p>\n<div class=\"title\">\n<div class=\"title\">\n<div class=\"title\">\n<h2>Chirurgie dentaire Nabeul<\/h2>\n<\/div>\n<div class=\"content-blog\">\n<div class=\"vc_row wpb_row vc_row-fluid\">\n<div class=\"wpb_column vc_column_container vc_col-sm-12\">\n<div class=\"vc_column-inner \">\n<div class=\"wpb_wrapper\">\n<div class=\"wpb_text_column wpb_content_element para_texte\">\n<div class=\"wpb_wrapper\">\n<p>Offrez-vous un beau sourire \u00e0 des\u00a0<a title=\"Nos tarifs\" href=\"https:\/\/www.aesthetica-health.com\/tarifs\/\">tarifs<\/a> avantageux et b\u00e9n\u00e9ficiez d&#8217;une chirurgie dentaire \u00e0 Nabeul avec les meilleurs sp\u00e9cialistes dentaires (chirurgiens dentistes, proth\u00e9sistes dentaires, orthodontistes, &#8230;). Nous utilisons des techniques modernes et efficaces pour proposer le plus de choix et de possibilit\u00e9s \u00e0 nos patients parce tout le monde a le droit d&#8217;avoir un magnifique sourire. N&#8217;attendez plus et faites brillez vos dents comme une star et choisissez votre destination pr\u00e9f\u00e9r\u00e9e : La Tunisie, o\u00f9 brille le soleil toute l&#8217;ann\u00e9e !<\/p>\n<p>Les probl\u00e8mes de d\u00e9coloration ont une solution avec le\u00a0<a title=\"Blanchiment dentaire\" href=\"https:\/\/www.aesthetica-health.com\/interventions-esthetique-tunisie\/chirurgie-dentaire-tunisie\/blanchiment-des-dents-tunisie\/\">blanchiment dentaire<\/a> \u00e0 Nabeul pour \u00e9claircir la couleur de vos dents en toutes s\u00e9curit\u00e9s et d\u2019une fa\u00e7on durable. M\u00eame les imperfections dentaires sont traitables gr\u00e2ce aux facettes dentaires pos\u00e9es \u00e0 Nabeul. Modifiez totalement l\u2019apparence de vos dents avec des m\u00e9thodes simples et sans complications. Vous pouvez remplacer les dents perdus gr\u00e2ce des <a title=\"Implants dentaires\" href=\"https:\/\/www.aesthetica-health.com\/interventions-esthetique-tunisie\/chirurgie-dentaire-tunisie\/implant-dentaire-tunisie\/\">implants dentaires<\/a>.<\/p>\n<\/div>\n<\/div>\n<\/div>\n<\/div>\n<\/div>\n<\/div>\n<\/div>\n<\/div>\n<\/div>\n<p>[\/vc_column_text][\/vc_column][\/vc_row][vc_row][vc_column]<div class='dt-sc-icon-box type10 large'><div class=\"icon-wrapper\"><img width=\"737\" height=\"415\" src=\"https:\/\/www.aesthetica-health.com\/wp-content\/uploads\/2019\/11\/vrai-faux-10-idees-recues-sur-les-implants-dentaires.jpeg\" class=\"attachment-full\" alt=\"\" decoding=\"async\" loading=\"lazy\" srcset=\"https:\/\/www.aesthetica-health.com\/wp-content\/uploads\/2019\/11\/vrai-faux-10-idees-recues-sur-les-implants-dentaires.jpeg 737w, https:\/\/www.aesthetica-health.com\/wp-content\/uploads\/2019\/11\/vrai-faux-10-idees-recues-sur-les-implants-dentaires-300x169.jpeg 300w\" sizes=\"(max-width: 737px) 100vw, 737px\" \/><\/div><div class=\"icon-content\"><p><h2><a href=\"https:\/\/www.aesthetica-health.com\/interventions-esthetique-tunisie\/chirurgie-dentaire-tunisie\/implant-dentaire-tunisie\/\">Implant dentaire Nabeul<\/a><\/h2>\n<p>Les dents sont directement implant\u00e9es dans les os, c&#8217;est pourquoi on l&#8217;appelle aussi d\u2019ost\u00e9oint\u00e9gration. Elle est effectu\u00e9e selon deux phases (pr\u00e9paration de la zone de l&#8217;implant ensuite la chirurgie d&#8217;implantation). Mais avant l\u2019intervention, un examen clinique et radiologique pr\u00e9alable est \u00e9tabli pour \u00e9valuer la masse osseuse de la m\u00e2choire.<\/p><\/div><\/div>[\/vc_column][\/vc_row][vc_row][vc_column]<div class='dt-sc-icon-box type10 large'><div class=\"icon-wrapper\"><img width=\"1680\" height=\"490\" src=\"https:\/\/www.aesthetica-health.com\/wp-content\/uploads\/2019\/11\/SERVICE-BANNERS-03.jpg\" class=\"attachment-full\" alt=\"\" decoding=\"async\" loading=\"lazy\" srcset=\"https:\/\/www.aesthetica-health.com\/wp-content\/uploads\/2019\/11\/SERVICE-BANNERS-03.jpg 1680w, https:\/\/www.aesthetica-health.com\/wp-content\/uploads\/2019\/11\/SERVICE-BANNERS-03-300x88.jpg 300w, https:\/\/www.aesthetica-health.com\/wp-content\/uploads\/2019\/11\/SERVICE-BANNERS-03-768x224.jpg 768w, https:\/\/www.aesthetica-health.com\/wp-content\/uploads\/2019\/11\/SERVICE-BANNERS-03-1024x299.jpg 1024w\" sizes=\"(max-width: 1680px) 100vw, 1680px\" \/><\/div><div class=\"icon-content\"><p><h2><a href=\"https:\/\/www.aesthetica-health.com\/interventions-esthetique-tunisie\/chirurgie-dentaire-tunisie\/facette-dentaire-tunisie\/\">Facette dentaire Nabeul<\/a><\/h2>\n<p>Les facettes dentaires repr\u00e9sentent une solution rapide aux d\u00e9colorations persistantes des dents et aux probl\u00e8mes de d\u00e9formations dentaires. En quelques heures, vous allez pouvoir b\u00e9n\u00e9ficier d&#8217;un magnifique et attirant sourire.<\/p><\/div><\/div>[\/vc_column][\/vc_row][vc_row][vc_column]<div class='dt-sc-icon-box type10 large'><div class=\"icon-wrapper\"><img width=\"2906\" height=\"1800\" src=\"https:\/\/www.aesthetica-health.com\/wp-content\/uploads\/2019\/11\/AdobeStock_39510058.jpg\" class=\"attachment-full\" alt=\"\" decoding=\"async\" loading=\"lazy\" srcset=\"https:\/\/www.aesthetica-health.com\/wp-content\/uploads\/2019\/11\/AdobeStock_39510058.jpg 2906w, https:\/\/www.aesthetica-health.com\/wp-content\/uploads\/2019\/11\/AdobeStock_39510058-300x186.jpg 300w, https:\/\/www.aesthetica-health.com\/wp-content\/uploads\/2019\/11\/AdobeStock_39510058-768x476.jpg 768w, https:\/\/www.aesthetica-health.com\/wp-content\/uploads\/2019\/11\/AdobeStock_39510058-1024x634.jpg 1024w\" sizes=\"(max-width: 2906px) 100vw, 2906px\" \/><\/div><div class=\"icon-content\"><p><h2><a href=\"https:\/\/www.aesthetica-health.com\/interventions-esthetique-tunisie\/chirurgie-dentaire-tunisie\/blanchiment-des-dents-tunisie\/\">Blanchiment dentaire Nabeul<\/a><\/h2>\n<p>La couleur des dents refl\u00e8te pour la majorit\u00e9 des personnes le niveau d\u2019hygi\u00e8ne bucco-dentaire. Ce qui veut dire qu&#8217;un sourire blanc \u00e9clatant refl\u00e8te une personne soign\u00e9e et confiante avec une excellente hygi\u00e8ne. Tandis que la pr\u00e9sence de coloration aux dents veut dire que la personne est n\u00e9glig\u00e9e avec une tr\u00e8s mauvaise hygi\u00e8ne. Mais il faut savoir que la cause premi\u00e8re de la coloration des dents l&#8217;alimentation de la personne (th\u00e9, caf\u00e9, &#8230;).<\/p><\/div><\/div>[\/vc_column][\/vc_row] <\/p>","protected":false},"excerpt":{"rendered":"<p>[vc_row][vc_column][vc_column_text] Chirurgie dentaire Nabeul Offrez-vous un beau sourire \u00e0 des\u00a0tarifs avantageux et b\u00e9n\u00e9ficiez d&#8217;une chirurgie dentaire \u00e0 Nabeul avec les meilleurs sp\u00e9cialistes dentaires (chirurgiens dentistes, proth\u00e9sistes dentaires, orthodontistes, &#8230;). Nous utilisons des techniques modernes et efficaces pour proposer le plus de choix et de possibilit\u00e9s \u00e0 nos patients parce tout le monde a le droit [&hellip;]<\/p>\n","protected":false},"author":1,"featured_media":0,"parent":9777,"menu_order":4,"comment_status":"closed","ping_status":"closed","template":"","meta":[],"_links":{"self":[{"href":"https:\/\/www.aesthetica-health.com\/fr\/wp-json\/wp\/v2\/pages\/10055"}],"collection":[{"href":"https:\/\/www.aesthetica-health.com\/fr\/wp-json\/wp\/v2\/pages"}],"about":[{"href":"https:\/\/www.aesthetica-health.com\/fr\/wp-json\/wp\/v2\/types\/page"}],"author":[{"embeddable":true,"href":"https:\/\/www.aesthetica-health.com\/fr\/wp-json\/wp\/v2\/users\/1"}],"replies":[{"embeddable":true,"href":"https:\/\/www.aesthetica-health.com\/fr\/wp-json\/wp\/v2\/comments?post=10055"}],"version-history":[{"count":14,"href":"https:\/\/www.aesthetica-health.com\/fr\/wp-json\/wp\/v2\/pages\/10055\/revisions"}],"predecessor-version":[{"id":11976,"href":"https:\/\/www.aesthetica-health.com\/fr\/wp-json\/wp\/v2\/pages\/10055\/revisions\/11976"}],"up":[{"embeddable":true,"href":"https:\/\/www.aesthetica-health.com\/fr\/wp-json\/wp\/v2\/pages\/9777"}],"wp:attachment":[{"href":"https:\/\/www.aesthetica-health.com\/fr\/wp-json\/wp\/v2\/media?parent=10055"}],"curies":[{"name":"wp","href":"https:\/\/api.w.org\/{rel}","templated":true}]}}