{"id":10057,"date":"2019-01-09T09:34:20","date_gmt":"2019-01-09T08:34:20","guid":{"rendered":"https:\/\/www.aesthetica-health.com\/?page_id=10057"},"modified":"2019-11-18T09:53:21","modified_gmt":"2019-11-18T08:53:21","slug":"chirurgie-dobesite-tunisie","status":"publish","type":"page","link":"https:\/\/www.aesthetica-health.com\/fr\/interventions-esthetique-tunisie\/chirurgie-dobesite-tunisie\/","title":{"rendered":"Les meilleures interventions de la Chirurgie d\u2019ob\u00e9sit\u00e9 \u00e0 Nabeul"},"content":{"rendered":"<p>[vc_row][vc_column][vc_column_text][\/vc_column_text][\/vc_column][\/vc_row][vc_row][vc_column][vc_column_text]<\/p>\n<div class=\"title\">\n<div class=\"title\">\n<div class=\"title\">\n<h2>Chirurgie d\u2019ob\u00e9sit\u00e9 \u00e0 Nabeul<\/h2>\n<\/div>\n<div class=\"content-blog\">\n<div class=\"vc_row wpb_row vc_row-fluid\">\n<div class=\"wpb_column vc_column_container vc_col-sm-12\">\n<div class=\"vc_column-inner \">\n<div class=\"wpb_wrapper\">\n<div class=\"wpb_text_column wpb_content_element para_texte\">\n<div class=\"wpb_wrapper\">\n<p>L\u2019ob\u00e9sit\u00e9 et le surpoids concernent plusieurs personnes dans le monde. Parfois, il est tr\u00e8s difficile de perdre du poids par un simple r\u00e9gime alimentaire ou du sport. L&#8217;unique solution reste une chirurgie d\u2019ob\u00e9sit\u00e9 \u00e0 Nabeul pour mettre fin \u00e0 ses complexes et aider \u00e0 d\u00e9passer ses difficult\u00e9s.<\/p>\n<p>Ces <strong>interventions de\u00a0 Chirurgie d\u2019ob\u00e9sit\u00e9 \u00e0 Nabeul<\/strong> agissent directement sur l\u2019alimentation, en limitant la prise alimentaire soit diminuer le volume de nourriture absorb\u00e9e. A Nabeul, il existe plusieurs types d\u2019interventions qui s&#8217;effectuent au niveau de l\u2019estomac tel que le <a title=\"Bypass gastrique\" href=\"https:\/\/www.aesthetica-health.com\/interventions-esthetique-tunisie\/chirurgie-dobesite-tunisie\/bypass-gastrique-tunisie\/\">bypass<\/a>\u00a0et la\u00a0<a title=\"Sleeve gastrique\" href=\"https:\/\/www.aesthetica-health.com\/interventions-esthetique-tunisie\/chirurgie-dobesite-tunisie\/sleeve-gastrectomie-tunisie\/\">sleeve.<\/a><\/p>\n<p>&nbsp;<\/p>\n<\/div>\n<\/div>\n<\/div>\n<\/div>\n<\/div>\n<\/div>\n<\/div>\n<\/div>\n<\/div>\n<p>[\/vc_column_text][\/vc_column][\/vc_row][vc_row][vc_column]<div class='dt-sc-icon-box type10 large'><div class=\"icon-wrapper\"><img width=\"705\" height=\"505\" src=\"https:\/\/www.aesthetica-health.com\/wp-content\/uploads\/2019\/11\/bd45386b3b00cb8aa837c6322ba53bba.jpg\" class=\"attachment-full\" alt=\"\" decoding=\"async\" loading=\"lazy\" srcset=\"https:\/\/www.aesthetica-health.com\/wp-content\/uploads\/2019\/11\/bd45386b3b00cb8aa837c6322ba53bba.jpg 705w, https:\/\/www.aesthetica-health.com\/wp-content\/uploads\/2019\/11\/bd45386b3b00cb8aa837c6322ba53bba-300x215.jpg 300w\" sizes=\"(max-width: 705px) 100vw, 705px\" \/><\/div><div class=\"icon-content\"><p><h2><a href=\"https:\/\/www.aesthetica-health.com\/interventions-esthetique-tunisie\/chirurgie-dobesite-tunisie\/sleeve-gastrectomie-tunisie\/\">Sleeve gastrectomie Nabeul<\/a><\/h2>\n<p>Il s\u2019agit d\u2019une intervention qui permet d&#8217;\u00e9liminer une partie de l\u2019estomac pour diminuer sa taille ce qui va r\u00e9duire le volume de nourriture ingurgit\u00e9.<\/p>\n<p>Cette technique est conseill\u00e9e aux personnes souffrant d\u2019une ob\u00e9sit\u00e9 s\u00e9v\u00e8re ou de diab\u00e8te de type 2.<\/p><\/div><\/div>[\/vc_column][\/vc_row][vc_row][vc_column]<div class='dt-sc-icon-box type10 large'><div class=\"icon-wrapper\"><img width=\"1843\" height=\"1040\" src=\"https:\/\/www.aesthetica-health.com\/wp-content\/uploads\/2019\/11\/bybass-Gastrique.jpg\" class=\"attachment-full\" alt=\"\" decoding=\"async\" loading=\"lazy\" srcset=\"https:\/\/www.aesthetica-health.com\/wp-content\/uploads\/2019\/11\/bybass-Gastrique.jpg 1843w, https:\/\/www.aesthetica-health.com\/wp-content\/uploads\/2019\/11\/bybass-Gastrique-300x169.jpg 300w, https:\/\/www.aesthetica-health.com\/wp-content\/uploads\/2019\/11\/bybass-Gastrique-768x433.jpg 768w, https:\/\/www.aesthetica-health.com\/wp-content\/uploads\/2019\/11\/bybass-Gastrique-1024x578.jpg 1024w\" sizes=\"(max-width: 1843px) 100vw, 1843px\" \/><\/div><div class=\"icon-content\"><p><h2><a href=\"https:\/\/www.aesthetica-health.com\/interventions-esthetique-tunisie\/chirurgie-dobesite-tunisie\/bypass-gastrique-tunisie\/\">Bypass gastrique \u00e0 Nabeul<\/a><\/h2>\n<p>Elle consiste \u00e0 cr\u00e9er une sorte de court-circuit entre l\u2019estomac et l\u2019intestin gr\u00eale appel\u00e9 malabsorption. Cette intervention permet la limitation de la prise alimentaire et la r\u00e9duction de la quantit\u00e9 des produits sucr\u00e9es consomm\u00e9es.<\/p><\/div><\/div>[\/vc_column][\/vc_row] <\/p>","protected":false},"excerpt":{"rendered":"<p>[vc_row][vc_column][vc_column_text][\/vc_column_text][\/vc_column][\/vc_row][vc_row][vc_column][vc_column_text] Chirurgie d\u2019ob\u00e9sit\u00e9 \u00e0 Nabeul L\u2019ob\u00e9sit\u00e9 et le surpoids concernent plusieurs personnes dans le monde. Parfois, il est tr\u00e8s difficile de perdre du poids par un simple r\u00e9gime alimentaire ou du sport. L&#8217;unique solution reste une chirurgie d\u2019ob\u00e9sit\u00e9 \u00e0 Nabeul pour mettre fin \u00e0 ses complexes et aider \u00e0 d\u00e9passer ses difficult\u00e9s. Ces interventions de\u00a0 [&hellip;]<\/p>\n","protected":false},"author":1,"featured_media":0,"parent":9777,"menu_order":5,"comment_status":"closed","ping_status":"closed","template":"","meta":[],"_links":{"self":[{"href":"https:\/\/www.aesthetica-health.com\/fr\/wp-json\/wp\/v2\/pages\/10057"}],"collection":[{"href":"https:\/\/www.aesthetica-health.com\/fr\/wp-json\/wp\/v2\/pages"}],"about":[{"href":"https:\/\/www.aesthetica-health.com\/fr\/wp-json\/wp\/v2\/types\/page"}],"author":[{"embeddable":true,"href":"https:\/\/www.aesthetica-health.com\/fr\/wp-json\/wp\/v2\/users\/1"}],"replies":[{"embeddable":true,"href":"https:\/\/www.aesthetica-health.com\/fr\/wp-json\/wp\/v2\/comments?post=10057"}],"version-history":[{"count":24,"href":"https:\/\/www.aesthetica-health.com\/fr\/wp-json\/wp\/v2\/pages\/10057\/revisions"}],"predecessor-version":[{"id":11965,"href":"https:\/\/www.aesthetica-health.com\/fr\/wp-json\/wp\/v2\/pages\/10057\/revisions\/11965"}],"up":[{"embeddable":true,"href":"https:\/\/www.aesthetica-health.com\/fr\/wp-json\/wp\/v2\/pages\/9777"}],"wp:attachment":[{"href":"https:\/\/www.aesthetica-health.com\/fr\/wp-json\/wp\/v2\/media?parent=10057"}],"curies":[{"name":"wp","href":"https:\/\/api.w.org\/{rel}","templated":true}]}}