{"id":10059,"date":"2019-01-09T09:34:50","date_gmt":"2019-01-09T08:34:50","guid":{"rendered":"https:\/\/www.aesthetica-health.com\/?page_id=10059"},"modified":"2019-11-18T10:29:26","modified_gmt":"2019-11-18T09:29:26","slug":"chirurgie-intime-tunisie","status":"publish","type":"page","link":"https:\/\/www.aesthetica-health.com\/fr\/interventions-esthetique-tunisie\/chirurgie-intime-tunisie\/","title":{"rendered":"Chirurgie intime Nabeul : am\u00e9lioration apparence des parties sexuelles prix"},"content":{"rendered":"<p>[vc_row][vc_column][vc_column_text]<\/p>\n<div class=\"title\">\n<div class=\"title\">\n<h2><strong>Chirurgie esth\u00e9tique intime \u00e0 Nabeul<\/strong><\/h2>\n<\/div>\n<\/div>\n<div class=\"content-blog\">\n<div class=\"vc_row wpb_row vc_row-fluid\">\n<div class=\"wpb_column vc_column_container vc_col-sm-12\">\n<div class=\"vc_column-inner \">\n<div class=\"wpb_wrapper\">\n<div class=\"wpb_text_column wpb_content_element para_texte\">\n<div class=\"wpb_wrapper\">\n<p>&nbsp;<\/p>\n<p>La\u00a0<strong>chirurgie intime Nabeul <\/strong>n&#8217;est plus un tabou, au contraire elle est aujourd\u2019hui en vogue dans le monde et concerne autant le sexe de l\u2019homme que celui de la femme.<\/p>\n<p>En effet, la <strong>chirurgie esth\u00e9tique intime<\/strong> s\u2019impose comme seule solution aux personnes souffrant de complexes au niveau de leurs organes g\u00e9nitaux\u00a0(l\u00e8vres tombantes ou trop d\u00e9velopp\u00e9es au niveau de la vulve chez la femme, p\u00e9nis de petite taille chez l\u2019homme). La recherche de nouvelles techniques m\u00e9dicales a permis la d\u00e9mocratisation cette chirurgie.<\/p>\n<p>Il est \u00e9vident que les m\u0153urs ont \u00e9volu\u00e9 et les personnes d\u00e9cident de faire face \u00e0 leurs complexes en choisissant de recourir \u00e0 la chirurgie intime ; Mais malheureusement la majorit\u00e9 des personnes se heurte devant les frais qui restent assez cons\u00e9quents. <strong>Aesthetica &amp; Health Services<\/strong> quant \u00e0 elle propose \u00e0 Nabeul des tarifs ad\u00e9quats et accessibles pour tout le monde.<\/p>\n<\/div>\n<\/div>\n<\/div>\n<\/div>\n<\/div>\n<\/div>\n<\/div>\n<p>[\/vc_column_text][\/vc_column][\/vc_row][vc_row][vc_column]<div class='dt-sc-icon-box type10 large'><div class=\"icon-wrapper\"><img width=\"730\" height=\"289\" src=\"https:\/\/www.aesthetica-health.com\/wp-content\/uploads\/2019\/11\/chirurgie.jpg\" class=\"attachment-full\" alt=\"\" decoding=\"async\" loading=\"lazy\" srcset=\"https:\/\/www.aesthetica-health.com\/wp-content\/uploads\/2019\/11\/chirurgie.jpg 730w, https:\/\/www.aesthetica-health.com\/wp-content\/uploads\/2019\/11\/chirurgie-300x119.jpg 300w\" sizes=\"(max-width: 730px) 100vw, 730px\" \/><\/div><div class=\"icon-content\"><p><h2><a href=\"https:\/\/www.aesthetica-health.com\/interventions-esthetique-tunisie\/chirurgie-intime-tunisie\/chirurgie-intime-femmes-tunisie\/\">Chirurgie intime\u00a0femme<\/a><\/h2>\n<p>L\u2019ensemble des interventions de\u00a0<strong>chirurgie intime<\/strong>\u00a0ont pour objectif d\u2019am\u00e9liorer l\u2019\u00e9tat et l&#8217;apparence de la vulve de la femme et redonner \u00e0 la patiente plus de confiance en soi. La <strong>chirurgie intime de la femme<\/strong> correspond \u00e0 de la chirurgie r\u00e9paratrice et \u00e0 de la <strong>chirurgie esth\u00e9tique des organes g\u00e9nitaux<\/strong> externes.<\/p><\/div><\/div>[\/vc_column][\/vc_row] <\/p>","protected":false},"excerpt":{"rendered":"<p>[vc_row][vc_column][vc_column_text] Chirurgie esth\u00e9tique intime \u00e0 Nabeul &nbsp; La\u00a0chirurgie intime Nabeul n&#8217;est plus un tabou, au contraire elle est aujourd\u2019hui en vogue dans le monde et concerne autant le sexe de l\u2019homme que celui de la femme. En effet, la chirurgie esth\u00e9tique intime s\u2019impose comme seule solution aux personnes souffrant de complexes au niveau de leurs [&hellip;]<\/p>\n","protected":false},"author":1,"featured_media":0,"parent":9777,"menu_order":6,"comment_status":"closed","ping_status":"closed","template":"","meta":[],"_links":{"self":[{"href":"https:\/\/www.aesthetica-health.com\/fr\/wp-json\/wp\/v2\/pages\/10059"}],"collection":[{"href":"https:\/\/www.aesthetica-health.com\/fr\/wp-json\/wp\/v2\/pages"}],"about":[{"href":"https:\/\/www.aesthetica-health.com\/fr\/wp-json\/wp\/v2\/types\/page"}],"author":[{"embeddable":true,"href":"https:\/\/www.aesthetica-health.com\/fr\/wp-json\/wp\/v2\/users\/1"}],"replies":[{"embeddable":true,"href":"https:\/\/www.aesthetica-health.com\/fr\/wp-json\/wp\/v2\/comments?post=10059"}],"version-history":[{"count":13,"href":"https:\/\/www.aesthetica-health.com\/fr\/wp-json\/wp\/v2\/pages\/10059\/revisions"}],"predecessor-version":[{"id":11988,"href":"https:\/\/www.aesthetica-health.com\/fr\/wp-json\/wp\/v2\/pages\/10059\/revisions\/11988"}],"up":[{"embeddable":true,"href":"https:\/\/www.aesthetica-health.com\/fr\/wp-json\/wp\/v2\/pages\/9777"}],"wp:attachment":[{"href":"https:\/\/www.aesthetica-health.com\/fr\/wp-json\/wp\/v2\/media?parent=10059"}],"curies":[{"name":"wp","href":"https:\/\/api.w.org\/{rel}","templated":true}]}}