{"id":10061,"date":"2019-01-09T09:35:44","date_gmt":"2019-01-09T08:35:44","guid":{"rendered":"https:\/\/www.aesthetica-health.com\/?page_id=10061"},"modified":"2019-11-18T11:42:52","modified_gmt":"2019-11-18T10:42:52","slug":"greffe-de-cheveux-tunisie","status":"publish","type":"page","link":"https:\/\/www.aesthetica-health.com\/fr\/interventions-esthetique-tunisie\/greffe-de-cheveux-tunisie\/","title":{"rendered":"Les meilleures techniques de greffe de cheveux Nabeul pas cher"},"content":{"rendered":"<p>[vc_row][vc_column][vc_column_text]<\/p>\n<div class=\"title\">\n<div class=\"title\">\n<div class=\"title\">\n<h2>Greffe cheveux Nabeul<\/h2>\n<\/div>\n<div class=\"content-blog\">\n<div class=\"vc_row wpb_row vc_row-fluid\">\n<div class=\"wpb_column vc_column_container vc_col-sm-12\">\n<div class=\"vc_column-inner \">\n<div class=\"wpb_wrapper\">\n<div class=\"wpb_text_column wpb_content_element para_texte\">\n<div class=\"wpb_wrapper\">\n<p>La\u00a0<strong>chute de cheveux<\/strong>\u00a0repr\u00e9sente un probl\u00e8me embarrassant pour les hommes. La chute de cheveux est expliqu\u00e9e par une enzyme responsable \u00e0 la suractivit\u00e9 de la testost\u00e9rone. Pour rem\u00e9dier \u00e0 ce probl\u00e8me, la chirurgie esth\u00e9tique propose la\u00a0<strong>greffe cheveux Nabeul <\/strong>\u00e0 travers une implantation capillaire. C&#8217;est une redistribution de cheveux pour couvrir les zones peu denses et redonner un aspect plus jeune et naturel \u00e0 la chevelure.<\/p>\n<p>La greffe de cheveux ne concerne pas seulement les hommes mais il y a certaines femmes qui souffrent elles aussi de chute de cheveux et qui ont recours \u00e0 cette technique.<\/p>\n<\/div>\n<\/div>\n<\/div>\n<\/div>\n<\/div>\n<\/div>\n<\/div>\n<\/div>\n<\/div>\n<p>[\/vc_column_text][\/vc_column][\/vc_row][vc_row][vc_column]<div class='dt-sc-icon-box type10 large'><div class=\"icon-wrapper\"><img width=\"300\" height=\"300\" src=\"https:\/\/www.aesthetica-health.com\/wp-content\/uploads\/2019\/11\/greffe_de_cheveux_fut-300x300.png\" class=\"attachment-full\" alt=\"\" decoding=\"async\" loading=\"lazy\" srcset=\"https:\/\/www.aesthetica-health.com\/wp-content\/uploads\/2019\/11\/greffe_de_cheveux_fut-300x300.png 300w, https:\/\/www.aesthetica-health.com\/wp-content\/uploads\/2019\/11\/greffe_de_cheveux_fut-300x300-150x150.png 150w\" sizes=\"(max-width: 300px) 100vw, 300px\" \/><\/div><div class=\"icon-content\"><div class=\"wpb_text_column wpb_content_element title_inter\">\n<div class=\"wpb_wrapper\">\n<h2><a href=\"https:\/\/www.aesthetica-health.com\/interventions-esthetique-tunisie\/greffe-de-cheveux-tunisie\/greffe-cheveux-fut-tunisie\/\">La greffe FUT \u00e0 Nabeul<\/a><\/h2>\n<\/div>\n<\/div>\n<div class=\"wpb_text_column wpb_content_element para_texte\">\n<div class=\"wpb_wrapper\">\n<p>La greffe FUT (<strong>F<\/strong>ollicular\u00a0<strong>U<\/strong>nit\u00a0<strong>T<\/strong>ransplantation) est effectu\u00e9e \u00e0 travers une extraction des follicules capillaires \u00e0 partir de fines bandelettes de cheveux. L\u2019intervention laisse une petite cicatrice de seulement 1 mm qui s&#8217;estompera petit \u00e0 petit jusqu&#8217;\u00e0 ce qu&#8217;elle disparaisse compl\u00e8tement. Cette technique permet de couvrir une large zone en une seule s\u00e9ance.<\/p>\n<\/div>\n<\/div><\/div><\/div>[\/vc_column][\/vc_row][vc_row][vc_column]<div class='dt-sc-icon-box type10 large'><div class=\"icon-wrapper\"><img width=\"1024\" height=\"885\" src=\"https:\/\/www.aesthetica-health.com\/wp-content\/uploads\/2019\/11\/fue-premium-fr-1024x885.jpg\" class=\"attachment-full\" alt=\"\" decoding=\"async\" loading=\"lazy\" srcset=\"https:\/\/www.aesthetica-health.com\/wp-content\/uploads\/2019\/11\/fue-premium-fr-1024x885.jpg 1024w, https:\/\/www.aesthetica-health.com\/wp-content\/uploads\/2019\/11\/fue-premium-fr-1024x885-300x259.jpg 300w, https:\/\/www.aesthetica-health.com\/wp-content\/uploads\/2019\/11\/fue-premium-fr-1024x885-768x664.jpg 768w\" sizes=\"(max-width: 1024px) 100vw, 1024px\" \/><\/div><div class=\"icon-content\"><div class=\"wpb_text_column wpb_content_element title_inter\">\n<div class=\"wpb_wrapper\">\n<h2><a href=\"https:\/\/www.aesthetica-health.com\/interventions-esthetique-tunisie\/greffe-de-cheveux-tunisie\/greffe-cheveux-fue-tunisie\/\">La greffe FUE \u00e0 Nabeul<\/a><\/h2>\n<\/div>\n<\/div>\n<div class=\"wpb_text_column wpb_content_element para_texte\">\n<div class=\"wpb_wrapper\">\n<p>La greffe FUE (<strong>F<\/strong>ollicular\u00a0<strong>U<\/strong>nit\u00a0<strong>E<\/strong>xtraction) consiste \u00e0 pr\u00e9lever les follicules capillaires \u00e0 l\u2019aide de punchs. Les follicules sont pr\u00e9lev\u00e9es ponctuellement pour laisser le moins de cicatrices ce qui va donner un aspect plus naturel.<\/p>\n<\/div>\n<\/div><\/div><\/div>[\/vc_column][\/vc_row] <\/p>","protected":false},"excerpt":{"rendered":"<p>[vc_row][vc_column][vc_column_text] Greffe cheveux Nabeul La\u00a0chute de cheveux\u00a0repr\u00e9sente un probl\u00e8me embarrassant pour les hommes. La chute de cheveux est expliqu\u00e9e par une enzyme responsable \u00e0 la suractivit\u00e9 de la testost\u00e9rone. Pour rem\u00e9dier \u00e0 ce probl\u00e8me, la chirurgie esth\u00e9tique propose la\u00a0greffe cheveux Nabeul \u00e0 travers une implantation capillaire. C&#8217;est une redistribution de cheveux pour couvrir les zones [&hellip;]<\/p>\n","protected":false},"author":1,"featured_media":0,"parent":9777,"menu_order":6,"comment_status":"closed","ping_status":"closed","template":"","meta":[],"_links":{"self":[{"href":"https:\/\/www.aesthetica-health.com\/fr\/wp-json\/wp\/v2\/pages\/10061"}],"collection":[{"href":"https:\/\/www.aesthetica-health.com\/fr\/wp-json\/wp\/v2\/pages"}],"about":[{"href":"https:\/\/www.aesthetica-health.com\/fr\/wp-json\/wp\/v2\/types\/page"}],"author":[{"embeddable":true,"href":"https:\/\/www.aesthetica-health.com\/fr\/wp-json\/wp\/v2\/users\/1"}],"replies":[{"embeddable":true,"href":"https:\/\/www.aesthetica-health.com\/fr\/wp-json\/wp\/v2\/comments?post=10061"}],"version-history":[{"count":11,"href":"https:\/\/www.aesthetica-health.com\/fr\/wp-json\/wp\/v2\/pages\/10061\/revisions"}],"predecessor-version":[{"id":12004,"href":"https:\/\/www.aesthetica-health.com\/fr\/wp-json\/wp\/v2\/pages\/10061\/revisions\/12004"}],"up":[{"embeddable":true,"href":"https:\/\/www.aesthetica-health.com\/fr\/wp-json\/wp\/v2\/pages\/9777"}],"wp:attachment":[{"href":"https:\/\/www.aesthetica-health.com\/fr\/wp-json\/wp\/v2\/media?parent=10061"}],"curies":[{"name":"wp","href":"https:\/\/api.w.org\/{rel}","templated":true}]}}