{"id":10063,"date":"2019-01-09T09:36:18","date_gmt":"2019-01-09T08:36:18","guid":{"rendered":"https:\/\/www.aesthetica-health.com\/?page_id=10063"},"modified":"2019-11-18T10:24:46","modified_gmt":"2019-11-18T09:24:46","slug":"chirurgie-orthopedique-tunisie","status":"publish","type":"page","link":"https:\/\/www.aesthetica-health.com\/fr\/interventions-esthetique-tunisie\/chirurgie-orthopedique-tunisie\/","title":{"rendered":"Chirurgie orthop\u00e9dique \u00e0 Nabeul"},"content":{"rendered":"<p>[vc_row][vc_column][vc_column_text]<\/p>\n<div class=\"title\">\n<div class=\"title\">\n<h2>Chirurgie orthop\u00e9dique Nabeul<\/h2>\n<\/div>\n<\/div>\n<div class=\"content-blog\">\n<div class=\"vc_row wpb_row vc_row-fluid\">\n<div class=\"wpb_column vc_column_container vc_col-sm-12\">\n<div class=\"vc_column-inner \">\n<div class=\"wpb_wrapper\">\n<div class=\"wpb_text_column wpb_content_element para_texte\">\n<div class=\"wpb_wrapper\">\n<p>La <strong>chirurgie orthop\u00e9dique Nabeul <\/strong>vise \u00e0 pr\u00e9venir et traiter les traumatismes du syst\u00e8me locomoteur que ce soit pour les enfants et les adultes. Les chirurgiens orthop\u00e9diques interviennent sur divers patients : accident domestique, professionnel ou sportif ayant des\u00a0<strong>fractures<\/strong>,\u00a0<strong>ruptures<\/strong>\u00a0ou\u00a0<strong>h\u00e9matomes<\/strong>\u00a0des os, des\u00a0<strong>articulations<\/strong>, des\u00a0<strong>ligaments<\/strong>, des\u00a0<strong>tendons<\/strong>\u00a0ou des\u00a0<strong>muscles<\/strong>. Nos sp\u00e9cialistes prennent en charge les patients souffrant de maladies, de malformations cong\u00e9nitales ou li\u00e9es au vieillissement.<\/p>\n<p>Aesthetica vous propose diff\u00e9rentes sp\u00e9cialit\u00e9s en chirurgie orthop\u00e9dique :<\/p>\n<ul>\n<li><strong>Traumatologie<\/strong> de l\u2019appareil locomoteur<\/li>\n<li><strong>Chirurgie de la hanche<\/strong> : proth\u00e8se totale de hanche, arthroscopie<\/li>\n<li><strong>Chirurgie du genou<\/strong> : proth\u00e8se totale de genou, arthroscopie, m\u00e9niscectomie, reconstruction ligamentaire, chirurgie du sportif<\/li>\n<li><strong>Chirurgie du pied et de la Cheville<\/strong> :\u00a0 griffe, pied plat, pied creux, arthrose et ligamentoplastie de la cheville, ..<\/li>\n<li><strong>Chirurgie du membre sup\u00e9rieur et de la main<\/strong> : arthroscopie d\u2019\u00e9paule, r\u00e9paration de la coiffe des rotateurs, rhizarthrose, &#8230;<\/li>\n<\/ul>\n<\/div>\n<\/div>\n<\/div>\n<\/div>\n<\/div>\n<\/div>\n<\/div>\n<p>[\/vc_column_text][\/vc_column][\/vc_row][vc_row][vc_column]<div class='dt-sc-icon-box type10 large'><div class=\"icon-wrapper\"><img width=\"540\" height=\"356\" src=\"https:\/\/www.aesthetica-health.com\/wp-content\/uploads\/2019\/11\/uploded_istock-804154044-1530526486.jpg\" class=\"attachment-full\" alt=\"\" decoding=\"async\" loading=\"lazy\" srcset=\"https:\/\/www.aesthetica-health.com\/wp-content\/uploads\/2019\/11\/uploded_istock-804154044-1530526486.jpg 540w, https:\/\/www.aesthetica-health.com\/wp-content\/uploads\/2019\/11\/uploded_istock-804154044-1530526486-300x198.jpg 300w\" sizes=\"(max-width: 540px) 100vw, 540px\" \/><\/div><div class=\"icon-content\"><p><h2><a href=\"https:\/\/www.aesthetica-health.com\/interventions-esthetique-tunisie\/chirurgie-orthopedique-tunisie\/chirurgie-orthopedique-prothese-totale-genou-tunisie\/\">Proth\u00e8se totale de genou Nabeul<\/a><\/h2>\n<p>L\u2019intervention chirurgicale pour la mise en place d\u2019une proth\u00e8se totale du genou \u00e0 Nabeul consiste \u00e0 changer l\u2019articulation du genou par une pi\u00e8ce dans la partie inf\u00e9rieure du f\u00e9mur et une autre dans la partie sup\u00e9rieure du tibia. Elle est sollicit\u00e9e quand le cartilage articulaire du genou est d\u00e9truit soit de fa\u00e7on primitive par l\u2019arthrose.<\/p><\/div><\/div>[\/vc_column][\/vc_row][vc_row][vc_column]<div class='dt-sc-icon-box type10 large'><div class=\"icon-wrapper\"><img width=\"800\" height=\"377\" src=\"https:\/\/www.aesthetica-health.com\/wp-content\/uploads\/2019\/11\/chirurgien-hanche-rennes.jpg\" class=\"attachment-full\" alt=\"\" decoding=\"async\" loading=\"lazy\" srcset=\"https:\/\/www.aesthetica-health.com\/wp-content\/uploads\/2019\/11\/chirurgien-hanche-rennes.jpg 800w, https:\/\/www.aesthetica-health.com\/wp-content\/uploads\/2019\/11\/chirurgien-hanche-rennes-300x141.jpg 300w, https:\/\/www.aesthetica-health.com\/wp-content\/uploads\/2019\/11\/chirurgien-hanche-rennes-768x362.jpg 768w\" sizes=\"(max-width: 800px) 100vw, 800px\" \/><\/div><div class=\"icon-content\"><p><h2><a href=\"https:\/\/www.aesthetica-health.com\/interventions-esthetique-tunisie\/chirurgie-orthopedique-tunisie\/prothese-des-hanches-tunisie\/\">Proth\u00e8se totale de hanche Nabeul<\/a><\/h2>\n<div class=\"ccpages_excerpt\">La <strong>proth\u00e8se totale de la hanche \u00e0 Nabeul <\/strong>est un m\u00e9canisme interne qui vise \u00e0 remplacer une articulation malade, que ce soit traumatique par une fracture du col du f\u00e9mur d\u00e9plac\u00e9e ou des s\u00e9quelles de fracture complexe de la cotyle, ou encore une atteinte arthrosique s\u00e9v\u00e8re ou autres, \u2026<\/div><\/div><\/div>[\/vc_column][\/vc_row] <\/p>","protected":false},"excerpt":{"rendered":"<p>[vc_row][vc_column][vc_column_text] Chirurgie orthop\u00e9dique Nabeul La chirurgie orthop\u00e9dique Nabeul vise \u00e0 pr\u00e9venir et traiter les traumatismes du syst\u00e8me locomoteur que ce soit pour les enfants et les adultes. Les chirurgiens orthop\u00e9diques interviennent sur divers patients : accident domestique, professionnel ou sportif ayant des\u00a0fractures,\u00a0ruptures\u00a0ou\u00a0h\u00e9matomes\u00a0des os, des\u00a0articulations, des\u00a0ligaments, des\u00a0tendons\u00a0ou des\u00a0muscles. Nos sp\u00e9cialistes prennent en charge les patients souffrant [&hellip;]<\/p>\n","protected":false},"author":1,"featured_media":0,"parent":9777,"menu_order":7,"comment_status":"closed","ping_status":"closed","template":"","meta":[],"_links":{"self":[{"href":"https:\/\/www.aesthetica-health.com\/fr\/wp-json\/wp\/v2\/pages\/10063"}],"collection":[{"href":"https:\/\/www.aesthetica-health.com\/fr\/wp-json\/wp\/v2\/pages"}],"about":[{"href":"https:\/\/www.aesthetica-health.com\/fr\/wp-json\/wp\/v2\/types\/page"}],"author":[{"embeddable":true,"href":"https:\/\/www.aesthetica-health.com\/fr\/wp-json\/wp\/v2\/users\/1"}],"replies":[{"embeddable":true,"href":"https:\/\/www.aesthetica-health.com\/fr\/wp-json\/wp\/v2\/comments?post=10063"}],"version-history":[{"count":13,"href":"https:\/\/www.aesthetica-health.com\/fr\/wp-json\/wp\/v2\/pages\/10063\/revisions"}],"predecessor-version":[{"id":11986,"href":"https:\/\/www.aesthetica-health.com\/fr\/wp-json\/wp\/v2\/pages\/10063\/revisions\/11986"}],"up":[{"embeddable":true,"href":"https:\/\/www.aesthetica-health.com\/fr\/wp-json\/wp\/v2\/pages\/9777"}],"wp:attachment":[{"href":"https:\/\/www.aesthetica-health.com\/fr\/wp-json\/wp\/v2\/media?parent=10063"}],"curies":[{"name":"wp","href":"https:\/\/api.w.org\/{rel}","templated":true}]}}