{"id":10065,"date":"2019-01-09T09:37:43","date_gmt":"2019-01-09T08:37:43","guid":{"rendered":"https:\/\/www.aesthetica-health.com\/?page_id=10065"},"modified":"2019-11-18T10:36:46","modified_gmt":"2019-11-18T09:36:46","slug":"medecine-esthetique-tunisie","status":"publish","type":"page","link":"https:\/\/www.aesthetica-health.com\/fr\/interventions-esthetique-tunisie\/medecine-esthetique-tunisie\/","title":{"rendered":"M\u00e9decine esth\u00e9tique \u00e0 Nabeul : Les meilleures interventions pas cher"},"content":{"rendered":"<p>[vc_row][vc_column][vc_column_text]<\/p>\n<div class=\"title\">\n<div class=\"title\">\n<h2>M\u00e9decine esth\u00e9tique Nabeul:<\/h2>\n<h2>Traitement anti-\u00e2ge et comblement des rides sans chirurgie<\/h2>\n<\/div>\n<\/div>\n<div class=\"content-blog\">\n<div class=\"vc_row wpb_row vc_row-fluid\">\n<div class=\"wpb_column vc_column_container vc_col-sm-12\">\n<div class=\"vc_column-inner \">\n<div class=\"wpb_wrapper\">\n<div class=\"wpb_text_column wpb_content_element para_texte\">\n<div class=\"wpb_wrapper\">\n<p>&nbsp;<\/p>\n<p>La <strong>m\u00e9decine esth\u00e9tique \u00e0 Nabeul<\/strong>\u00a0et la chirurgie esth\u00e9tique sont deux disciplines compl\u00e9mentaires et la m\u00e9decine est moins lourde que celle de la chirurgie en mati\u00e8re d\u2019anesth\u00e9sie, s\u00e9jour en clinique etc.<\/p>\n<p>La <strong>m\u00e9decine esth\u00e9tique \u00e0 Nabeul<\/strong>\u00a0vise \u00e0 r\u00e9aliser un certain nombre d&#8217;actes m\u00e9dicaux dans le but de diminuer les imperfections esth\u00e9tiques : <strong>am\u00e9liorer l&#8217;apparence physique<\/strong>, <strong>estomper les effets du temps<\/strong>, avoir le look de vos r\u00e8ves.<\/p>\n<p>La <strong>m\u00e9decine esth\u00e9tique \u00e0 Nabeul<\/strong>\u00a0peut retarder ou compl\u00e9ter l\u2019acte de la chirurgie, elle peut \u00e9galement combler les rides au niveau du visage ou bien remodeler les volumes.<\/p>\n<\/div>\n<\/div>\n<\/div>\n<\/div>\n<\/div>\n<\/div>\n<\/div>\n<p>[\/vc_column_text][\/vc_column][\/vc_row][vc_row][vc_column]<div class='dt-sc-icon-box type10 large'><div class=\"icon-wrapper\"><img width=\"1484\" height=\"840\" src=\"https:\/\/www.aesthetica-health.com\/wp-content\/uploads\/2019\/11\/M\u00e9solift.jpg\" class=\"attachment-full\" alt=\"\" decoding=\"async\" loading=\"lazy\" srcset=\"https:\/\/www.aesthetica-health.com\/wp-content\/uploads\/2019\/11\/M\u00e9solift.jpg 1484w, https:\/\/www.aesthetica-health.com\/wp-content\/uploads\/2019\/11\/M\u00e9solift-300x170.jpg 300w, https:\/\/www.aesthetica-health.com\/wp-content\/uploads\/2019\/11\/M\u00e9solift-768x435.jpg 768w, https:\/\/www.aesthetica-health.com\/wp-content\/uploads\/2019\/11\/M\u00e9solift-1024x580.jpg 1024w\" sizes=\"(max-width: 1484px) 100vw, 1484px\" \/><\/div><div class=\"icon-content\"><p><h2><a href=\"https:\/\/www.aesthetica-health.com\/interventions-esthetique-tunisie\/medecine-esthetique-tunisie\/mesolift-visage-tunisie\/\">M\u00e9solifting Nabeul<\/a><\/h2>\n<p>Le\u00a0<strong>M\u00e9solift<\/strong>\u00a0est parfait pour traiter et ralentir le processus de vieillissement. Ce traitement a pour r\u00e9sultat une tonicit\u00e9, une \u00e9lasticit\u00e9 et une apparence am\u00e9lior\u00e9es donnant un teint clair et attrayant, une peau radieuse, \u00e9clatante et jeune.<\/p><\/div><\/div>[\/vc_column][\/vc_row][vc_row][vc_column]<div class='dt-sc-icon-box type10 large'><div class=\"icon-wrapper\"><img width=\"1484\" height=\"840\" src=\"https:\/\/www.aesthetica-health.com\/wp-content\/uploads\/2019\/11\/Peeling.jpg\" class=\"attachment-full\" alt=\"\" decoding=\"async\" loading=\"lazy\" srcset=\"https:\/\/www.aesthetica-health.com\/wp-content\/uploads\/2019\/11\/Peeling.jpg 1484w, https:\/\/www.aesthetica-health.com\/wp-content\/uploads\/2019\/11\/Peeling-300x170.jpg 300w, https:\/\/www.aesthetica-health.com\/wp-content\/uploads\/2019\/11\/Peeling-768x435.jpg 768w, https:\/\/www.aesthetica-health.com\/wp-content\/uploads\/2019\/11\/Peeling-1024x580.jpg 1024w\" sizes=\"(max-width: 1484px) 100vw, 1484px\" \/><\/div><div class=\"icon-content\"><p><h2><a href=\"https:\/\/www.aesthetica-health.com\/interventions-esthetique-tunisie\/medecine-esthetique-tunisie\/peeling-visage-tunisie\/\">Peeling Nabeul<\/a><\/h2>\n<p>Le\u00a0<strong>peeling<\/strong>\u00a0ou exfoliation de la peau est un traitement de la m\u00e9decine esth\u00e9tique qui permet de lisser la peau, r\u00e9duire les rides et supprimer les taches pigmentaires et les traces acn\u00e9iques, &#8230; ; En utilisant des produits chimiques qui \u00e9liminent la couche externe endommag\u00e9e de la peau.<\/p><\/div><\/div>[\/vc_column][\/vc_row][vc_row][vc_column]<div class='dt-sc-icon-box type10 large'><div class=\"icon-wrapper\"><img width=\"1540\" height=\"897\" src=\"https:\/\/www.aesthetica-health.com\/wp-content\/uploads\/2019\/11\/Botox.jpg\" class=\"attachment-full\" alt=\"\" decoding=\"async\" loading=\"lazy\" srcset=\"https:\/\/www.aesthetica-health.com\/wp-content\/uploads\/2019\/11\/Botox.jpg 1540w, https:\/\/www.aesthetica-health.com\/wp-content\/uploads\/2019\/11\/Botox-300x175.jpg 300w, https:\/\/www.aesthetica-health.com\/wp-content\/uploads\/2019\/11\/Botox-768x447.jpg 768w, https:\/\/www.aesthetica-health.com\/wp-content\/uploads\/2019\/11\/Botox-1024x596.jpg 1024w\" sizes=\"(max-width: 1540px) 100vw, 1540px\" \/><\/div><div class=\"icon-content\"><p><h2><a href=\"https:\/\/www.aesthetica-health.com\/interventions-esthetique-tunisie\/medecine-esthetique-tunisie\/injection-botox-tunisie\/\">Botox<\/a><\/h2>\n<p>L<strong>\u2019injection de Botox \u00e0 Nabeul<\/strong>\u00a0ou la toxine botulique permet de r\u00e9duire l&#8217;apparence de certaines rides du visage : rides du front, rides inter-sourcili\u00e8re, rides du contour des yeux.<\/p><\/div><\/div>[\/vc_column][\/vc_row][vc_row][vc_column]<div class='dt-sc-icon-box type10 large'><div class=\"icon-wrapper\"><img width=\"1264\" height=\"712\" src=\"https:\/\/www.aesthetica-health.com\/wp-content\/uploads\/2019\/11\/Comblement-des-l\u00e8vres.jpg\" class=\"attachment-full\" alt=\"\" decoding=\"async\" loading=\"lazy\" srcset=\"https:\/\/www.aesthetica-health.com\/wp-content\/uploads\/2019\/11\/Comblement-des-l\u00e8vres.jpg 1264w, https:\/\/www.aesthetica-health.com\/wp-content\/uploads\/2019\/11\/Comblement-des-l\u00e8vres-300x169.jpg 300w, https:\/\/www.aesthetica-health.com\/wp-content\/uploads\/2019\/11\/Comblement-des-l\u00e8vres-768x433.jpg 768w, https:\/\/www.aesthetica-health.com\/wp-content\/uploads\/2019\/11\/Comblement-des-l\u00e8vres-1024x577.jpg 1024w\" sizes=\"(max-width: 1264px) 100vw, 1264px\" \/><\/div><div class=\"icon-content\"><p><h2><a href=\"https:\/\/www.aesthetica-health.com\/interventions-esthetique-tunisie\/medecine-esthetique-tunisie\/comblement-visage-tunisie\/\">Comblement Nabeul<\/a><\/h2>\n<p>Les\u00a0<strong>produits de comblement des rides injectables<\/strong>\u00a0assurent une apparence plus jeune rapidement et pour un co\u00fbt inf\u00e9rieur \u00e0 celui d\u2019un lifting traditionnel. La plupart des produits de comblement vont combler les rides et ridules en moins d&#8217;une demi-heure avec des r\u00e9sultats qui peuvent durer de 4 mois \u00e0 plus d&#8217;un an.<\/p><\/div><\/div>[\/vc_column][\/vc_row][vc_row][vc_column]<div class='dt-sc-icon-box type10 large'><div class=\"icon-wrapper\"><img width=\"1484\" height=\"864\" src=\"https:\/\/www.aesthetica-health.com\/wp-content\/uploads\/2019\/11\/PRP2-Cheveux.jpg\" class=\"attachment-full\" alt=\"\" decoding=\"async\" loading=\"lazy\" srcset=\"https:\/\/www.aesthetica-health.com\/wp-content\/uploads\/2019\/11\/PRP2-Cheveux.jpg 1484w, https:\/\/www.aesthetica-health.com\/wp-content\/uploads\/2019\/11\/PRP2-Cheveux-300x175.jpg 300w, https:\/\/www.aesthetica-health.com\/wp-content\/uploads\/2019\/11\/PRP2-Cheveux-768x447.jpg 768w, https:\/\/www.aesthetica-health.com\/wp-content\/uploads\/2019\/11\/PRP2-Cheveux-1024x596.jpg 1024w\" sizes=\"(max-width: 1484px) 100vw, 1484px\" \/><\/div><div class=\"icon-content\"><p><h2><a href=\"https:\/\/www.aesthetica-health.com\/interventions-esthetique-tunisie\/medecine-esthetique-tunisie\/prp-tunisie-visage-cheveux\/\">PRP<\/a><\/h2>\n<p>Il s\u2019agit d\u2019un proc\u00e9d\u00e9 de\u00a0<strong>m\u00e9decine esth\u00e9tique \u00e0 Nabeul <\/strong>de rajeunissement <strong>du visage et du corps <\/strong>qui consiste \u00e0 fabriquer \u00e0 partir d\u2019une prise de sang un r\u00e9el \u2018\u2019booster\u2019\u2019 biologique concentr\u00e9 en facteurs de croissance.<\/p><\/div><\/div>[\/vc_column][\/vc_row][vc_row][vc_column]<div class='dt-sc-icon-box type10 large'><div class=\"icon-wrapper\"><img width=\"1484\" height=\"864\" src=\"https:\/\/www.aesthetica-health.com\/wp-content\/uploads\/2019\/11\/Traitement-Laser.jpg\" class=\"attachment-full\" alt=\"\" decoding=\"async\" loading=\"lazy\" srcset=\"https:\/\/www.aesthetica-health.com\/wp-content\/uploads\/2019\/11\/Traitement-Laser.jpg 1484w, https:\/\/www.aesthetica-health.com\/wp-content\/uploads\/2019\/11\/Traitement-Laser-300x175.jpg 300w, https:\/\/www.aesthetica-health.com\/wp-content\/uploads\/2019\/11\/Traitement-Laser-768x447.jpg 768w, https:\/\/www.aesthetica-health.com\/wp-content\/uploads\/2019\/11\/Traitement-Laser-1024x596.jpg 1024w\" sizes=\"(max-width: 1484px) 100vw, 1484px\" \/><\/div><div class=\"icon-content\"><p><h2><a href=\"https:\/\/www.aesthetica-health.com\/interventions-esthetique-tunisie\/medecine-esthetique-tunisie\/traitement-laser-tunisie\/\">Traitement laser Nabeul<\/a><\/h2>\n<p>Il existe divers types de lasers m\u00e9dicaux et chaque laser traite une anomalie en particulier (taches pigmentaires, traces acn\u00e9iques, \u00e9pilation d\u00e9finitive, &#8230;)<\/p><\/div><\/div>[\/vc_column][\/vc_row][vc_row][vc_column]<div class='dt-sc-icon-box type10 large'><div class=\"icon-wrapper\"><img width=\"2000\" height=\"1335\" src=\"https:\/\/www.aesthetica-health.com\/wp-content\/uploads\/2019\/11\/Rhinoplastie-m\u00e9dicale.jpeg\" class=\"attachment-full\" alt=\"\" decoding=\"async\" loading=\"lazy\" srcset=\"https:\/\/www.aesthetica-health.com\/wp-content\/uploads\/2019\/11\/Rhinoplastie-m\u00e9dicale.jpeg 2000w, https:\/\/www.aesthetica-health.com\/wp-content\/uploads\/2019\/11\/Rhinoplastie-m\u00e9dicale-300x200.jpeg 300w, https:\/\/www.aesthetica-health.com\/wp-content\/uploads\/2019\/11\/Rhinoplastie-m\u00e9dicale-768x513.jpeg 768w, https:\/\/www.aesthetica-health.com\/wp-content\/uploads\/2019\/11\/Rhinoplastie-m\u00e9dicale-1024x684.jpeg 1024w\" sizes=\"(max-width: 2000px) 100vw, 2000px\" \/><\/div><div class=\"icon-content\"><p><h2><a href=\"https:\/\/www.aesthetica-health.com\/interventions-esthetique-tunisie\/medecine-esthetique-tunisie\/rhinoplastie-medicale-tunisie\/\"><strong>Rhinoplastie m\u00e9dicale<\/strong><\/a><\/h2>\n<p>La\u00a0<strong>rhinoplastie m\u00e9dicale<\/strong>\u00a0appel\u00e9e aussi\u00a0<strong>rhinoplastie non chirurgicale <\/strong>permet de corriger les d\u00e9formations mineures : nez-selle, bosses saillantes et probl\u00e8mes de sym\u00e9trie. La rhinoplastie m\u00e9dicale peut \u00eatre associ\u00e9e en compl\u00e9ment \u00e0 une rhinoplastie classique (chirurgicale).<\/p><\/div><\/div>[\/vc_column][\/vc_row] <\/p>","protected":false},"excerpt":{"rendered":"<p>[vc_row][vc_column][vc_column_text] M\u00e9decine esth\u00e9tique Nabeul: Traitement anti-\u00e2ge et comblement des rides sans chirurgie &nbsp; La m\u00e9decine esth\u00e9tique \u00e0 Nabeul\u00a0et la chirurgie esth\u00e9tique sont deux disciplines compl\u00e9mentaires et la m\u00e9decine est moins lourde que celle de la chirurgie en mati\u00e8re d\u2019anesth\u00e9sie, s\u00e9jour en clinique etc. La m\u00e9decine esth\u00e9tique \u00e0 Nabeul\u00a0vise \u00e0 r\u00e9aliser un certain nombre d&#8217;actes m\u00e9dicaux [&hellip;]<\/p>\n","protected":false},"author":1,"featured_media":0,"parent":9777,"menu_order":9,"comment_status":"closed","ping_status":"closed","template":"","meta":[],"_links":{"self":[{"href":"https:\/\/www.aesthetica-health.com\/fr\/wp-json\/wp\/v2\/pages\/10065"}],"collection":[{"href":"https:\/\/www.aesthetica-health.com\/fr\/wp-json\/wp\/v2\/pages"}],"about":[{"href":"https:\/\/www.aesthetica-health.com\/fr\/wp-json\/wp\/v2\/types\/page"}],"author":[{"embeddable":true,"href":"https:\/\/www.aesthetica-health.com\/fr\/wp-json\/wp\/v2\/users\/1"}],"replies":[{"embeddable":true,"href":"https:\/\/www.aesthetica-health.com\/fr\/wp-json\/wp\/v2\/comments?post=10065"}],"version-history":[{"count":23,"href":"https:\/\/www.aesthetica-health.com\/fr\/wp-json\/wp\/v2\/pages\/10065\/revisions"}],"predecessor-version":[{"id":12001,"href":"https:\/\/www.aesthetica-health.com\/fr\/wp-json\/wp\/v2\/pages\/10065\/revisions\/12001"}],"up":[{"embeddable":true,"href":"https:\/\/www.aesthetica-health.com\/fr\/wp-json\/wp\/v2\/pages\/9777"}],"wp:attachment":[{"href":"https:\/\/www.aesthetica-health.com\/fr\/wp-json\/wp\/v2\/media?parent=10065"}],"curies":[{"name":"wp","href":"https:\/\/api.w.org\/{rel}","templated":true}]}}