{"id":10081,"date":"2019-02-05T09:06:48","date_gmt":"2019-02-05T08:06:48","guid":{"rendered":"https:\/\/www.aesthetica-health.com\/?page_id=10081"},"modified":"2019-11-18T13:37:41","modified_gmt":"2019-11-18T12:37:41","slug":"lifting-visage-tunisie","status":"publish","type":"page","link":"https:\/\/www.aesthetica-health.com\/fr\/interventions-esthetique-tunisie\/chirurgie-du-visage-tunisie\/lifting-visage-tunisie\/","title":{"rendered":"Lifting cervico-facial Nabeul : Lifting du visage, prix lifting facial pas cher"},"content":{"rendered":"<p>[vc_row][vc_column][vc_column_text]<\/p>\n<h2>Lifting visage Nabeul : c&#8217;est quoi ?<\/h2>\n<p><strong>Lifting visage Nabeul <\/strong>une <a href=\"https:\/\/www.aesthetica-health.com\/interventions-esthetique-tunisie\/\">intervention chirurgicale<\/a> qui a pour objectif le\u00a0<b>rajeunissement et embellissement\u00a0du visage<\/b>. <strong>Lifting visage Nabeul <\/strong>permet l&#8217;effacement des rides profondes gr\u00e2ce \u00e0 l\u2019\u00e9limination des exc\u00e8s de peau accumul\u00e9 durant les ann\u00e9es.<br \/>\nLe\u00a0<strong>lifting visage Nabeul <\/strong>peut viser des zones sp\u00e9cifiques du visage tel que le\u00a0<strong>lifting frontal<\/strong>\u00a0pour effacer des rides du front pour un r\u00e9sultat naturel ou le\u00a0<strong>lifting malaire<\/strong>\u00a0pour la correction de la position des pommettes et les enjoliver.<br \/>\nCe type d\u2019interventions donnera un nouvel \u00e2ge \u00e0 la peau et permettra de revivre une deuxi\u00e8me jeunesse ; que d\u00e9sirer de plus que d&#8217;avoir une apparence ses r\u00eaves ![\/vc_column_text][\/vc_column][\/vc_row][vc_row][vc_column width=&#8221;1\/3&#8243;]<ul class=\"dt-sc-vertical-nav \"><li><a href=\"#one\">\u00c0 qui s\u2019adresse cette op\u00e9ration<\/a><\/li><li><a href=\"#two\">Avant cette chirurgie esth\u00e9tique<\/a><\/li><li><a href=\"#three\">Comment se d\u00e9roule cette chirurgie esth\u00e9tique<\/a><\/li><li><a href=\"#four\">Les suites op\u00e9ratoires<\/a><\/li><li><a href=\"#five\">Le r\u00e9sultat de l'op\u00e9ration<\/a><\/li><li><a href=\"#six\">Nos tarifs<\/a><\/li><\/ul>[\/vc_column][vc_column width=&#8221;2\/3&#8243;][vc_row_inner el_id=&#8221;one&#8221;][vc_column_inner][vc_column_text]<\/p>\n<h2>\u00c0 qui s\u2019adresse cette op\u00e9ration<\/h2>\n<p>[\/vc_column_text][vc_column_text]Le lifting cervico-facial Nabeul Hammamet est conseill\u00e9 \u00e0 toute personne (que ce soit un homme ou une femme), g\u00ean\u00e9e par une atrophie tissulaire ; ainsi que par l\u2019affaissement des tissus du visage et du cou, ce qui engendre des sillons et l&#8217;apparition de rides avec des cordes platysmales \u00a0ce sont des cordes musculaires tendues au niveau du cou.[\/vc_column_text][\/vc_column_inner][\/vc_row_inner][vc_row_inner el_id=&#8221;two&#8221;][vc_column_inner][vc_column_text]<\/p>\n<div class=\"wpb_text_column wpb_content_element inherit\">\n<div class=\"wpb_wrapper\">\n<h2>Avant cette chirurgie esth\u00e9tique<\/h2>\n<\/div>\n<\/div>\n<ol>\n<li>Il est demand\u00e9 au patient de r\u00e9aliser un bilan sanguin et un bilan cardio-vasculaire complets.<\/li>\n<li>La veille de l\u2019op\u00e9ration, le patient doit imp\u00e9rativement se laver les cheveux et se d\u00e9maquiller compl\u00e8tement pour \u00e9viter toute source de microbes.<\/li>\n<li>Il imp\u00e9ratif de rester \u00e0 jeun les six heures qui pr\u00e9c\u00e8dent l\u2019intervention.<\/li>\n<\/ol>\n<p>[\/vc_column_text][\/vc_column_inner][\/vc_row_inner][vc_row_inner el_id=&#8221;three&#8221;][vc_column_inner][vc_column_text]<\/p>\n<h2>Comment se d\u00e9roule le lifting visage Nabeul ?<\/h2>\n<p>Il est r\u00e9alis\u00e9 sous anesth\u00e9sie g\u00e9n\u00e9rale et dure environ 2 h \u00e0 2 h 30, n\u00e9cessitant deux nuit\u00e9es d\u2019hospitalisation.<\/p>\n<p>Des interventions compl\u00e9mentaires au lifting du visage, comme la liposuccion menton Nabeul Hammamet ou le lipofilling des pommettes et des sillons nasog\u00e9niens peuvent \u00eatre associ\u00e9s.<\/p>\n<p>Les incisions sont r\u00e9alis\u00e9es dans des plis naturels autour de l\u2019oreille et dans le cuir chevelu pour que les cicatrices soient quasiment invisibles.<\/p>\n<p>\u00c0 la fin de l\u2019intervention, un pansement faisant le tour de la t\u00eate est mis en place pour emp\u00eacher le patient de bouger la zone qui doit cicatriser.[\/vc_column_text][\/vc_column_inner][\/vc_row_inner][vc_row_inner el_id=&#8221;four&#8221;][vc_column_inner][vc_column_text]<\/p>\n<h2>les suites op\u00e9ratoires d\u2019un lifting complet du visage<\/h2>\n<p>Les suites op\u00e9ratoires sont g\u00e9n\u00e9ralement peu douloureuses et ne n\u00e9cessite qu&#8217;une simple prise d\u2019antalgiques.<\/p>\n<p>Un gonflement ainsi que des ecchymoses dans la r\u00e9gion du cou et du menton sont fr\u00e9quemment observ\u00e9s et vont compl\u00e8tement dispara\u00eetre au bout du premier mois.<\/p>\n<p>48 heures apr\u00e8s l\u2019op\u00e9ration, on retire le premier pansement et les oreilles ne retrouvent totalement leur sensibilit\u00e9 normale qu&#8217;apr\u00e8s une p\u00e9riode deux mois.<\/p>\n<p>Suite \u00e0 un\u00a0<strong>lifting cervico-facial Nabeul<\/strong>, il n&#8217;est permis de se doucher entre le deuxi\u00e8me et le cinqui\u00e8me jour et la premi\u00e8re s\u00e9ance chez le coiffeur n&#8217;est autoris\u00e9e qu&#8217;au bout d&#8217;1 mois. Il faut donc \u00eatre patients pour devenir beaux ![\/vc_column_text][\/vc_column_inner][\/vc_row_inner][vc_row_inner el_id=&#8221;five&#8221;][vc_column_inner][vc_column_text]<\/p>\n<h2>Le r\u00e9sultat d\u2019un lifting cervico facial Nabeul<\/h2>\n<p>Le r\u00e9sultat de cette chirurgie ne pourra pas \u00eatre visible compl\u00e8tement qu\u2019apr\u00e8s un semestre. Il y aura un r\u00e9el rajeunissement du visage et du cou avec un effet totalement naturel.[\/vc_column_text][\/vc_column_inner][\/vc_row_inner][vc_row_inner el_id=&#8221;six&#8221;][vc_column_inner][vc_column_text]<\/p>\n<h2>Prix lifting visage Nabeul Hammamet<\/h2>\n<p>Les tarifs affich\u00e9s ne comprennent que les frais de l\u2019intervention et non les frais du s\u00e9jour.<\/p>\n<p>Pour une tarification exacte merci de nous faire parvenir votre demande de devis.[\/vc_column_text][\/vc_column_inner][\/vc_row_inner][\/vc_column][\/vc_row] <\/p>","protected":false},"excerpt":{"rendered":"<p>[vc_row][vc_column][vc_column_text] Lifting visage Nabeul : c&#8217;est quoi ? Lifting visage Nabeul une intervention chirurgicale qui a pour objectif le\u00a0rajeunissement et embellissement\u00a0du visage. Lifting visage Nabeul permet l&#8217;effacement des rides profondes gr\u00e2ce \u00e0 l\u2019\u00e9limination des exc\u00e8s de peau accumul\u00e9 durant les ann\u00e9es. Le\u00a0lifting visage Nabeul peut viser des zones sp\u00e9cifiques du visage tel que le\u00a0lifting frontal\u00a0pour [&hellip;]<\/p>\n","protected":false},"author":1,"featured_media":0,"parent":10047,"menu_order":0,"comment_status":"closed","ping_status":"closed","template":"","meta":[],"_links":{"self":[{"href":"https:\/\/www.aesthetica-health.com\/fr\/wp-json\/wp\/v2\/pages\/10081"}],"collection":[{"href":"https:\/\/www.aesthetica-health.com\/fr\/wp-json\/wp\/v2\/pages"}],"about":[{"href":"https:\/\/www.aesthetica-health.com\/fr\/wp-json\/wp\/v2\/types\/page"}],"author":[{"embeddable":true,"href":"https:\/\/www.aesthetica-health.com\/fr\/wp-json\/wp\/v2\/users\/1"}],"replies":[{"embeddable":true,"href":"https:\/\/www.aesthetica-health.com\/fr\/wp-json\/wp\/v2\/comments?post=10081"}],"version-history":[{"count":35,"href":"https:\/\/www.aesthetica-health.com\/fr\/wp-json\/wp\/v2\/pages\/10081\/revisions"}],"predecessor-version":[{"id":12005,"href":"https:\/\/www.aesthetica-health.com\/fr\/wp-json\/wp\/v2\/pages\/10081\/revisions\/12005"}],"up":[{"embeddable":true,"href":"https:\/\/www.aesthetica-health.com\/fr\/wp-json\/wp\/v2\/pages\/10047"}],"wp:attachment":[{"href":"https:\/\/www.aesthetica-health.com\/fr\/wp-json\/wp\/v2\/media?parent=10081"}],"curies":[{"name":"wp","href":"https:\/\/api.w.org\/{rel}","templated":true}]}}