{"id":10166,"date":"2019-02-05T11:42:16","date_gmt":"2019-02-05T10:42:16","guid":{"rendered":"https:\/\/www.aesthetica-health.com\/?page_id=10166"},"modified":"2019-11-16T09:31:47","modified_gmt":"2019-11-16T08:31:47","slug":"greffe-cheveux-fue-tunisie","status":"publish","type":"page","link":"https:\/\/www.aesthetica-health.com\/fr\/interventions-esthetique-tunisie\/greffe-de-cheveux-tunisie\/greffe-cheveux-fue-tunisie\/","title":{"rendered":"Greffe cheveux FUE Nabeul : Implant capillaire meilleur tarif"},"content":{"rendered":"<p>[vc_row][vc_column][vc_column_text][\/vc_column_text][\/vc_column][\/vc_row][vc_row][vc_column][vc_column_text]<\/p>\n<h2>Greffe cheveux FUE Nabeul : c&#8217;est quoi ?<\/h2>\n<p>La\u00a0<strong>greffe des cheveux\u00a0 FUE Nabeul <\/strong>est une intervention de <strong><a href=\"https:\/\/www.aesthetica-health.com\/interventions-esthetique-tunisie\/chirurgie-intime-tunisie\/chirurgie-intime-femmes-tunisie\/\">chirurgie femme<\/a> <\/strong>et\u00a0\u00a0<a href=\"https:\/\/www.aesthetica-health.com\/interventions-esthetique-tunisie\/chirurgie-homme-tunisie\/\"><strong>chirurgie homme ,<\/strong><\/a>\u00a0et devenue aujourd\u2019hui une solution moderne pour r\u00e9soudre les probl\u00e8mes de perte des cheveux.<\/p>\n<p><strong>La FUE<\/strong>\u00a0(Follicular unit extraction) est parmi les techniques\u00a0<strong>d\u2019implantation capillaire \u00e0 Nabeul<\/strong>\u00a0les plus demand\u00e9es, elle consiste \u00e0 pr\u00e9lever les unit\u00e9s folliculaires du dos du cr\u00e2ne pour les r\u00e9implanter ensuite sur la zone de calvitie.<\/p>\n<p>La\u00a0<strong>greffe cheveux Nabeul <\/strong>par la\u00a0<strong>technique FUE<\/strong>, ne laisse pas des cicatrices sur la zone de pr\u00e9l\u00e8vement, comme elle offre une meilleure r\u00e9partition des cheveux sur le cuir chevelu.<\/p>\n<p><strong>L\u2019implantation des cheveux<\/strong>\u00a0par la m\u00e9thode\u00a0<strong>d\u2019extraction folliculaire<\/strong>\u00a0ne remplace pas la technique classique, mais elle a des indications\u00a0compl\u00e9mentaires tr\u00e8s int\u00e9ressantes.[\/vc_column_text][\/vc_column][\/vc_row][vc_row][vc_column][\/vc_column][\/vc_row][vc_row][vc_column width=&#8221;1\/3&#8243;]<ul class=\"dt-sc-vertical-nav \"><li><a href=\"#one\">\u00c0 qui s\u2019adresse cette op\u00e9ration<\/a><\/li><li><a href=\"#two\">Avant cette chirurgie esth\u00e9tique<\/a><\/li><li><a href=\"#three\">Comment se d\u00e9roule cette chirurgie esth\u00e9tique<\/a><\/li><li><a href=\"#four\">Les suites op\u00e9ratoires<\/a><\/li><li><a href=\"#five\">Le r\u00e9sultat de l'op\u00e9ration<\/a><\/li><li><a href=\"#six\">Nos tarifs<\/a><\/li><\/ul>[\/vc_column][vc_column width=&#8221;2\/3&#8243;][vc_row_inner el_id=&#8221;one&#8221;][vc_column_inner][vc_column_text]<\/p>\n<h2>\u00c0 qui s\u2019adresse cette op\u00e9ration<\/h2>\n<p>[\/vc_column_text][vc_column_text]En premier lieu la\u00a0<strong>FUE<\/strong>\u00a0permet de redensifier la chevelure,\u00a0 et de gagner un nombre important d\u2019unit\u00e9s folliculaires en une seule s\u00e9ance. Cette technique de\u00a0<strong>greffe de cheveux \u00e0 Nabeul<\/strong>, ne convient pas aux patients ayant les cheveux fris\u00e9s ou le praticien risque de pr\u00e9lever le cheveu sans bulbe.<\/p>\n<p>La\u00a0<strong>FUE \u00e0 Nabeul <\/strong>reste le bon choix pour les personnes qui souhaitent garder les cheveux courts, et qui ont une petite zone de calvitie, ou encore pour les patients qui veulent cacher une cicatrice r\u00e9sultant d\u2019une\u00a0<strong>greffe de cheveux<\/strong>\u00a0par l\u2019ancienne technique.<\/p>\n<p>Parfois la zone donneuse pr\u00e9sente une faible pilosit\u00e9, dans ce cas-l\u00e0 il est possible de faire appel \u00e0 la\u00a0<strong>FUE<\/strong>\u00a0en pr\u00e9levant les micro-follicules d\u2019autres parties du corps qui sont pourvues en poils.[\/vc_column_text][\/vc_column_inner][\/vc_row_inner][vc_row_inner el_id=&#8221;two&#8221;][vc_column_inner][vc_column_text]<\/p>\n<div class=\"wpb_text_column wpb_content_element inherit\">\n<div class=\"wpb_wrapper\">\n<h2>Avant la greffe capillaire FUE Nabeul<\/h2>\n<p>Un bilan biologique et un \u00e9lectrocardiogramme doivent \u00eatre r\u00e9alis\u00e9s avant la greffe des cheveux. Il faut sp\u00e9cifier aussi tous les ant\u00e9c\u00e9dents m\u00e9dicaux.<\/p>\n<p>Le patient doit signaler toute prise de m\u00e9dicament r\u00e9cente, ainsi que toute modification de son \u00e9tat de sant\u00e9.<\/p>\n<p>Comme il est imp\u00e9ratif d\u2019arr\u00eater la prise d\u2019aspirine pendant les 5 jours qui pr\u00e9c\u00e9dent la\u00a0<strong>greffe de cheveux FUE\u00a0<\/strong>ainsi les 5 jours qui suivent la chirurgie. De plus, les boissons tels que :\u00a0caf\u00e9s, th\u00e9 et alcool doit \u00eatre interrompue pendant quelques heures avant la s\u00e9ance d\u2019<strong>implantation capillaire FUE \u00e0 Nabeul.<\/strong><\/p>\n<p>&nbsp;<\/p>\n<\/div>\n<\/div>\n<p>[\/vc_column_text][\/vc_column_inner][\/vc_row_inner][vc_row_inner el_id=&#8221;three&#8221;][vc_column_inner][vc_column_text]<\/p>\n<h2>D\u00e9roulement de votre implantation de cheveux \u00e0 Nabeul<\/h2>\n<p>La technique d\u2019<strong>implantation capillaire FUE\u00a0<\/strong>se fait soit manuellement, ou avec un robot pour plus de pr\u00e9cision et de performance.<\/p>\n<p>Pour proc\u00e9der\u00a0l\u2019extraction des micro-follicules le sp\u00e9cialiste va raser la zone donneuse pour pouvoir prendre les follicules \u00e0 r\u00e9implanter pour la <strong>greffe capillaire FUE<\/strong>.<\/p>\n<p>Quant \u00e0 la technique de pr\u00e9l\u00e8vement des unit\u00e9s folliculaires chez les femmes elle se fait non pas par rasage mais plut\u00f4t sur zone couverte directement afin d&#8217;\u00e9viter l&#8217;inconv\u00e9nient du rasage.<\/p>\n<p>La\u00a0<strong>greffe des cheveux FUE<\/strong>\u00a0est effectu\u00e9e par un instrument appel\u00e9 punch celui-ci permet d&#8217;effectuer un pr\u00e9l\u00e8vement des unit\u00e9s folliculaires en gardant le bulbe.<\/p>\n<p>La\u00a0<strong>technique FUE Nabeul <\/strong>est pratiqu\u00e9e sous anesth\u00e9sie locale et dure entre 6 \u00e0 7 heures, le nombre de greffon est inf\u00e9rieur \u00e0 celui de la technique de bandelette.<\/p>\n<p>La technique de\u00a0<strong>greffe de cheveux FUE<\/strong>, ne laisse que des points minuscules blancs dans la chevelure, elle ne laisse donc aucune cicatrice.<\/p>\n<p>Cette <strong>m\u00e9thode de greffe de cheveux<\/strong>\u00a0est simple, sans cicatrices, indolore et ne n\u00e9cessite pas de pansement. La cicatrisation est assez rapide, en effet la partie de la peau pr\u00e9lev\u00e9e lors de la greffe peut se reconstituer sans laisser de trace.<\/p>\n<p>Il est aussi possible dans la\u00a0<strong>technique FUE <\/strong>de recourir \u00e0 d&#8217;autres zones du corps comme zone donneuse tel que le torse.\u00a0Le r\u00e9sultat obtenu par la <strong>greffe de cheveux FUE<\/strong>, est tr\u00e8s naturel il n&#8217;y a aucun risque d&#8217;avoir un effet de &#8220;cheveux de poup\u00e9e&#8221;.[\/vc_column_text][\/vc_column_inner][\/vc_row_inner][vc_row_inner el_id=&#8221;four&#8221;][vc_column_inner][vc_column_text]<\/p>\n<h2>Les suites op\u00e9ratoires : greffe de cheveux FUE Nabeul<\/h2>\n<p>Un \u0153d\u00e8me peut se former au niveau de la zone greff\u00e9e dans les 24 heures, voire les 48 heures, qui suivent l\u2019intervention, ce dernier se d\u00e9placera ensuite vers le front et se r\u00e9sorbera au bout de 3 \u00e0 4 jours.<\/p>\n<p>Une consultation est fix\u00e9e le lendemain de l\u2019intervention pour v\u00e9rification de l\u2019\u00e9tat de la\u00a0<strong>greffe capillaire<\/strong>.<\/p>\n<p>A la suite de la <strong>greffe FUE<\/strong> on observe des cro\u00fbtes capillaires et qui vont dispara\u00eetre au cours des 5 \u00e0 7 jours.[\/vc_column_text][\/vc_column_inner][\/vc_row_inner][vc_row_inner el_id=&#8221;five&#8221;][vc_column_inner][vc_column_text]<\/p>\n<header class=\"post-header\">\n<h2>Greffe de cheveux FUE Nabeul : Le r\u00e9sultat<\/h2>\n<p>Cette\u00a0<a href=\"#\">chirurgie esth\u00e9tique<\/a>\u00a0g\u00e9n\u00e8re une repousse naturelle des cheveux\u00a0 qui commence \u00e0 partir du 3\u00e8me mois, permettant de juger la r\u00e9ussite de la greffe.<\/p>\n<p>Mais pour appr\u00e9cier r\u00e9ellement un r\u00e9sultat satisfaisant il va falloir patienter 6 \u00e0 9 mois ceci d\u00e9pendra du m\u00e9tabolisme du greff\u00e9.<\/p>\n<\/header>\n<p>[\/vc_column_text][\/vc_column_inner][\/vc_row_inner][vc_row_inner el_id=&#8221;six&#8221;][vc_column_inner][vc_column_text]<\/p>\n<h2>Prix de greffe de cheveux FUE Nabeul<\/h2>\n<p>Les tarifs affich\u00e9s ne comprennent que les frais de l\u2019intervention et non les frais du s\u00e9jour.<\/p>\n<p>Pour une tarification exacte merci de nous faire parvenir votre <a href=\"https:\/\/www.aesthetica-health.com\/chirurgie-esthetique-en-tunisie-demande-de-devis-gratuit\/\">demande de devis<\/a>.[\/vc_column_text][\/vc_column_inner][\/vc_row_inner][\/vc_column][\/vc_row][vc_row][vc_column][vc_column_text][\/vc_column_text][\/vc_column][\/vc_row] <\/p>","protected":false},"excerpt":{"rendered":"<p>[vc_row][vc_column][vc_column_text][\/vc_column_text][\/vc_column][\/vc_row][vc_row][vc_column][vc_column_text] Greffe cheveux FUE Nabeul : c&#8217;est quoi ? La\u00a0greffe des cheveux\u00a0 FUE Nabeul est une intervention de chirurgie femme et\u00a0\u00a0chirurgie homme ,\u00a0et devenue aujourd\u2019hui une solution moderne pour r\u00e9soudre les probl\u00e8mes de perte des cheveux. La FUE\u00a0(Follicular unit extraction) est parmi les techniques\u00a0d\u2019implantation capillaire \u00e0 Nabeul\u00a0les plus demand\u00e9es, elle consiste \u00e0 pr\u00e9lever les unit\u00e9s [&hellip;]<\/p>\n","protected":false},"author":1,"featured_media":0,"parent":10061,"menu_order":0,"comment_status":"closed","ping_status":"closed","template":"","meta":[],"_links":{"self":[{"href":"https:\/\/www.aesthetica-health.com\/fr\/wp-json\/wp\/v2\/pages\/10166"}],"collection":[{"href":"https:\/\/www.aesthetica-health.com\/fr\/wp-json\/wp\/v2\/pages"}],"about":[{"href":"https:\/\/www.aesthetica-health.com\/fr\/wp-json\/wp\/v2\/types\/page"}],"author":[{"embeddable":true,"href":"https:\/\/www.aesthetica-health.com\/fr\/wp-json\/wp\/v2\/users\/1"}],"replies":[{"embeddable":true,"href":"https:\/\/www.aesthetica-health.com\/fr\/wp-json\/wp\/v2\/comments?post=10166"}],"version-history":[{"count":17,"href":"https:\/\/www.aesthetica-health.com\/fr\/wp-json\/wp\/v2\/pages\/10166\/revisions"}],"predecessor-version":[{"id":11254,"href":"https:\/\/www.aesthetica-health.com\/fr\/wp-json\/wp\/v2\/pages\/10166\/revisions\/11254"}],"up":[{"embeddable":true,"href":"https:\/\/www.aesthetica-health.com\/fr\/wp-json\/wp\/v2\/pages\/10061"}],"wp:attachment":[{"href":"https:\/\/www.aesthetica-health.com\/fr\/wp-json\/wp\/v2\/media?parent=10166"}],"curies":[{"name":"wp","href":"https:\/\/api.w.org\/{rel}","templated":true}]}}