{"id":10171,"date":"2019-02-05T12:03:27","date_gmt":"2019-02-05T11:03:27","guid":{"rendered":"https:\/\/www.aesthetica-health.com\/?page_id=10171"},"modified":"2019-11-16T09:31:32","modified_gmt":"2019-11-16T08:31:32","slug":"greffe-cheveux-fut-tunisie","status":"publish","type":"page","link":"https:\/\/www.aesthetica-health.com\/fr\/interventions-esthetique-tunisie\/greffe-de-cheveux-tunisie\/greffe-cheveux-fut-tunisie\/","title":{"rendered":"Greffe cheveux FUT Nabeul : Implant capillaire meilleur tarif"},"content":{"rendered":"<p>[vc_row][vc_column][vc_column_text][\/vc_column_text][\/vc_column][\/vc_row][vc_row][vc_column][vc_column_text]<\/p>\n<h2>Greffe cheveux Nabeul : c&#8217;est quoi ?<\/h2>\n<p>La\u00a0<strong>greffe des cheveux\u00a0 FUT \u00e0 Nabeul<\/strong>\u00a0est une intervention capillaire qui est associ\u00e9e aux\u00a0<a href=\"https:\/\/www.aesthetica-health.com\/interventions-esthetique-tunisie\/chirurgie-intime-tunisie\/chirurgie-intime-femmes-tunisie\/\"><strong>chirurgies femme<\/strong><\/a> et aux\u00a0<a href=\"https:\/\/www.aesthetica-health.com\/interventions-esthetique-tunisie\/chirurgie-homme-tunisie\/\"><strong>chirurgies homme,<\/strong><\/a>\u00a0c&#8217;est la solution parfaite aux probl\u00e8mes de perte de cheveux.<\/p>\n<p><strong>La FUT<\/strong>\u00a0(<strong>F<\/strong>ollicular <strong>U<\/strong>nit <strong>T<\/strong>ransplantation) est parmi les techniques\u00a0<strong>d\u2019implantation capillaire \u00e0 Nabeul<\/strong>\u00a0les plus demand\u00e9es, elle consiste \u00e0 pr\u00e9lever les unit\u00e9s folliculaires du dos du cr\u00e2ne pour les r\u00e9implanter ensuite sur la zone de calvitie.[\/vc_column_text][\/vc_column][\/vc_row][vc_row][vc_column][vc_column_text][\/vc_column_text][\/vc_column][\/vc_row][vc_row][vc_column width=&#8221;1\/3&#8243;]<ul class=\"dt-sc-vertical-nav \"><li><a href=\"#one\">\u00c0 qui s\u2019adresse cette op\u00e9ration<\/a><\/li><li><a href=\"#two\">Avant cette chirurgie esth\u00e9tique<\/a><\/li><li><a href=\"#three\">Comment se d\u00e9roule cette chirurgie esth\u00e9tique<\/a><\/li><li><a href=\"#four\">Les suites op\u00e9ratoires<\/a><\/li><li><a href=\"#five\">Le r\u00e9sultat de l'op\u00e9ration<\/a><\/li><li><a href=\"#six\">Nos tarifs<\/a><\/li><\/ul>[\/vc_column][vc_column width=&#8221;2\/3&#8243;][vc_row_inner el_id=&#8221;one&#8221;][vc_column_inner][vc_column_text]<\/p>\n<h2>\u00c0 qui s\u2019adresse greffe de cheveux FUT<\/h2>\n<p>[\/vc_column_text][vc_column_text]La <strong>technique FUT de greffe des cheveux<\/strong> s&#8217;adresse non seulement aux hommes mais aussi aux femmes qui souffrent de calvitie moyenne. Cette calvitie est principalement due \u00e0 un facteur androg\u00e9n\u00e9tique.<\/p>\n<p>C&#8217;est une enzyme qui cr\u00e9e une suractivit\u00e9 de l&#8217;hormone m\u00e2le appel\u00e9 Testost\u00e9rone. C&#8217;est ce dernier qui est responsable de la chute des cheveux.[\/vc_column_text][\/vc_column_inner][\/vc_row_inner][vc_row_inner el_id=&#8221;two&#8221;][vc_column_inner][vc_column_text]<\/p>\n<div class=\"wpb_text_column wpb_content_element inherit\">\n<div class=\"wpb_wrapper\">\n<h2>Avant la greffe capillaire FUT Nabeul<\/h2>\n<p>Une consultation de diagnostic et des analyses biologiques permettant de v\u00e9rifier l\u2019absence de contre-indication et les constantes de la coagulation sont primordiales avant la\u00a0<strong>greffe capillaire FUT<\/strong>.<\/p>\n<\/div>\n<\/div>\n<p>[\/vc_column_text][\/vc_column_inner][\/vc_row_inner][vc_row_inner el_id=&#8221;three&#8221;][vc_column_inner][vc_column_text]<\/p>\n<h2>D\u00e9roulement de votre implantation de cheveux \u00e0 Nabeul<\/h2>\n<p>La<strong> greffe des cheveux FUT<\/strong> est pratiqu\u00e9e sous anesth\u00e9sie locale, o\u00f9 le patient reste conscient durant l\u2019op\u00e9ration mais la zone du cr\u00e2ne est insensible.<\/p>\n<p><strong>L\u2019implantation<\/strong>\u00a0<strong>capillaire FUT<\/strong>\u00a0dure entre 2 et 5 heures, dans notre\u00a0<strong>clinique de greffe de cheveux Nabeul<\/strong>.<\/p>\n<p>Cette technique d\u2019implantation capillaire s\u2019adresse aux hommes qu\u2019aux femmes, elle est recommand\u00e9e dans les cas de calvitie importante.<\/p>\n<p>La greffe des cheveux en Tunisie par la FUT, peut \u00eatre pratiqu\u00e9e en une seule s\u00e9ance \u00e0 la\u00a0<strong>clinique des cheveux Nabeul<\/strong>, vu le nombre important de follicules pr\u00e9lev\u00e9es par bandelette.<\/p>\n<p>En effet, la\u00a0<strong>FUT \u00e0 Nabeul<\/strong>\u00a0dure entre 2 et 3 heures, o\u00f9 le praticien obtient entre 3000 \u00e0 5000 cheveux pour les r\u00e9implanter dans la zone d\u00e9garnie.<\/p>\n<p>La bandelette horizontale pr\u00e9lev\u00e9e de la nuque, est ensuite d\u00e9coup\u00e9 minutieusement en unit\u00e9 folliculaires au microscope par une \u00e9quipe m\u00e9dicale exp\u00e9riment\u00e9e.<\/p>\n<p>Seulement le pr\u00e9l\u00e8vement de la bandelette des cheveux est pratiqu\u00e9 par le chirurgien, dans la\u00a0<strong>technique de greffe de cheveux FUT Nabeul<\/strong>.[\/vc_column_text][\/vc_column_inner][\/vc_row_inner][vc_row_inner el_id=&#8221;four&#8221;][vc_column_inner][vc_column_text]<\/p>\n<h2>Les suites op\u00e9ratoires : greffe de cheveux FUT Nabeul<\/h2>\n<p>Le patient ayant subi la\u00a0<strong>greffe de cheveux FUT<\/strong>, peut manifester des \u0153d\u00e8mes sur le nez et le front pendant 2 ou 3 jours postop\u00e9ratoires, ce gonflement disparait 6 jours plus tard.<\/p>\n<p>Une sensation de picotement\u00a0 est possible au niveau de la zone donneuse, la formation des cro\u00fbtes est tout \u00e0 fait normale sachant qu\u2019elles tombent dans les 7 jours postop\u00e9ratoires.<\/p>\n<p>On note des rougeurs sur le cuir chevelu apr\u00e8s la s\u00e9ance de\u00a0<strong>greffe capillaire FUT<\/strong>, qui disparaissent dans un d\u00e9lai qui varie entre 2 semaines et un mois.[\/vc_column_text][\/vc_column_inner][\/vc_row_inner][vc_row_inner el_id=&#8221;five&#8221;][vc_column_inner][vc_column_text]<\/p>\n<header class=\"post-header\">\n<h2>Greffe de cheveux FUT Nabeul : Le r\u00e9sultat<\/h2>\n<p>Du point de vue m\u00e9dical, le r\u00e9sultat de la\u00a0<strong>greffe capillaire FUT<\/strong>\u00a0ne peut \u00eatre final qu\u2019apr\u00e8s un an de l\u2019intervention, par contre il faut savoir que la repousse des cheveux n\u2019est sentie qu\u2019\u00e0 partir du 3\u00e8me mois postop\u00e9ratoire.<\/p>\n<\/header>\n<p>[\/vc_column_text][\/vc_column_inner][\/vc_row_inner][vc_row_inner el_id=&#8221;six&#8221;][vc_column_inner][vc_column_text]<\/p>\n<h2>Prix de greffe de cheveux FUT Nabeul<\/h2>\n<p>Les tarifs affich\u00e9s ne comprennent que les frais de l\u2019intervention et non pas les frais du s\u00e9jour.<\/p>\n<p>Pour une tarification exacte merci de nous faire parvenir votre<a href=\"https:\/\/www.aesthetica-health.com\/chirurgie-esthetique-en-tunisie-demande-de-devis-gratuit\/\"> demande de devis<\/a>.[\/vc_column_text][\/vc_column_inner][\/vc_row_inner][\/vc_column][\/vc_row][vc_row][vc_column][vc_column_text][\/vc_column_text][\/vc_column][\/vc_row] <\/p>","protected":false},"excerpt":{"rendered":"<p>[vc_row][vc_column][vc_column_text][\/vc_column_text][\/vc_column][\/vc_row][vc_row][vc_column][vc_column_text] Greffe cheveux Nabeul : c&#8217;est quoi ? La\u00a0greffe des cheveux\u00a0 FUT \u00e0 Nabeul\u00a0est une intervention capillaire qui est associ\u00e9e aux\u00a0chirurgies femme et aux\u00a0chirurgies homme,\u00a0c&#8217;est la solution parfaite aux probl\u00e8mes de perte de cheveux. La FUT\u00a0(Follicular Unit Transplantation) est parmi les techniques\u00a0d\u2019implantation capillaire \u00e0 Nabeul\u00a0les plus demand\u00e9es, elle consiste \u00e0 pr\u00e9lever les unit\u00e9s folliculaires du [&hellip;]<\/p>\n","protected":false},"author":1,"featured_media":0,"parent":10061,"menu_order":0,"comment_status":"closed","ping_status":"closed","template":"","meta":[],"_links":{"self":[{"href":"https:\/\/www.aesthetica-health.com\/fr\/wp-json\/wp\/v2\/pages\/10171"}],"collection":[{"href":"https:\/\/www.aesthetica-health.com\/fr\/wp-json\/wp\/v2\/pages"}],"about":[{"href":"https:\/\/www.aesthetica-health.com\/fr\/wp-json\/wp\/v2\/types\/page"}],"author":[{"embeddable":true,"href":"https:\/\/www.aesthetica-health.com\/fr\/wp-json\/wp\/v2\/users\/1"}],"replies":[{"embeddable":true,"href":"https:\/\/www.aesthetica-health.com\/fr\/wp-json\/wp\/v2\/comments?post=10171"}],"version-history":[{"count":11,"href":"https:\/\/www.aesthetica-health.com\/fr\/wp-json\/wp\/v2\/pages\/10171\/revisions"}],"predecessor-version":[{"id":11253,"href":"https:\/\/www.aesthetica-health.com\/fr\/wp-json\/wp\/v2\/pages\/10171\/revisions\/11253"}],"up":[{"embeddable":true,"href":"https:\/\/www.aesthetica-health.com\/fr\/wp-json\/wp\/v2\/pages\/10061"}],"wp:attachment":[{"href":"https:\/\/www.aesthetica-health.com\/fr\/wp-json\/wp\/v2\/media?parent=10171"}],"curies":[{"name":"wp","href":"https:\/\/api.w.org\/{rel}","templated":true}]}}