{"id":10179,"date":"2019-02-05T13:52:37","date_gmt":"2019-02-05T12:52:37","guid":{"rendered":"https:\/\/www.aesthetica-health.com\/?page_id=10179"},"modified":"2019-11-16T09:37:20","modified_gmt":"2019-11-16T08:37:20","slug":"gynecomastie-tunisie","status":"publish","type":"page","link":"https:\/\/www.aesthetica-health.com\/fr\/interventions-esthetique-tunisie\/chirurgie-homme-tunisie\/gynecomastie-tunisie\/","title":{"rendered":"Gyn\u00e9comastie Nabeul : R\u00e9duction poitrine homme Nabeul prix"},"content":{"rendered":"<p>[vc_row][vc_column][vc_column_text][\/vc_column_text][\/vc_column][\/vc_row][vc_row][vc_column][vc_column_text]<\/p>\n<h2>R\u00e9duction poitrine homme Nabeul (Gyn\u00e9comastie Nabeul) : c&#8217;est quoi ?<\/h2>\n<p>La\u00a0<strong>gyn\u00e9comastie \u00e0 Nabeul <\/strong>correspond \u00e0 une\u00a0<strong>hypertrophie de la poitrine<\/strong>\u00a0chez l\u2019homme et elle est due \u00e0 un exc\u00e8s de croissance au niveau des glandes mammaires de l&#8217;homme. La cause peut-\u00eatre cong\u00e9nitale, maladie, tumeur, la prise de certains m\u00e9dicaments. Et cette augmentation du volume de la poitrine peut-\u00eatre asym\u00e9trique ou sym\u00e9trique.<\/p>\n<p>L\u2019homme souffrant de la\u00a0<strong>gyn\u00e9comastie<\/strong>, poss\u00e8de une glande mammaire dense dont le d\u00e9veloppement est concentr\u00e9 autour de l\u2019ar\u00e9ole.<\/p>\n<p>Pour y rem\u00e9dier la\u00a0<strong>chirurgie de la gyn\u00e9comastie \u00e0 Nabeul <\/strong>est la solution. L&#8217;intervention consiste \u00e0 extraire l&#8217;exc\u00e8s du tissu graisseux\u00a0<strong>liposuccion ou lipoaspiration<\/strong>.[\/vc_column_text][\/vc_column][\/vc_row][vc_row][vc_column][\/vc_column][\/vc_row][vc_row][vc_column width=&#8221;1\/3&#8243;]<ul class=\"dt-sc-vertical-nav \"><li><a href=\"#one\">\u00c0 qui s\u2019adresse cette op\u00e9ration<\/a><\/li><li><a href=\"#two\">Avant cette chirurgie esth\u00e9tique<\/a><\/li><li><a href=\"#three\">Comment se d\u00e9roule cette chirurgie esth\u00e9tique<\/a><\/li><li><a href=\"#four\">Les suites op\u00e9ratoires<\/a><\/li><li><a href=\"#five\">Le r\u00e9sultat de l'op\u00e9ration<\/a><\/li><li><a href=\"#six\">Nos tarifs<\/a><\/li><\/ul>[\/vc_column][vc_column width=&#8221;2\/3&#8243;][vc_row_inner el_id=&#8221;one&#8221;][vc_column_inner][vc_column_text]<\/p>\n<h2>\u00c0 qui s\u2019adresse la chirurgie gyn\u00e9comastie \u00e0 Nabeul<\/h2>\n<p>[\/vc_column_text][vc_column_text]Cette intervention concerne les hommes ressentant un complexe par rapport \u00e0 des seins anormalement d\u00e9velopp\u00e9s.[\/vc_column_text][\/vc_column_inner][\/vc_row_inner][vc_row_inner el_id=&#8221;two&#8221;][vc_column_inner][vc_column_text]<\/p>\n<div class=\"wpb_text_column wpb_content_element inherit\">\n<div class=\"wpb_wrapper\">\n<h2>Avant Chirurgie gyn\u00e9comastie \u00e0 Nabeul<\/h2>\n<p>La chirurgie de <strong>gyn\u00e9comastie<\/strong> n&#8217;est d\u00e9cid\u00e9e que lorsque les traitements n&#8217;ont pas eu raison au surplus de la masse graisseuse. Mais avant d&#8217;entreprendre cette chirurgie il faut v\u00e9rifier l&#8217;origine de cette\u00a0<strong>hypertrophie mammaire<\/strong>. C&#8217;est pourquoi, un bilan endocrinien complet doit-\u00eatre fait ; ce bilan permet de conna\u00eetre le taux hormonal du patient.<\/p>\n<p>De plus, une mammographie est n\u00e9cessaire pour \u00e9liminer toute probabilit\u00e9 d&#8217;un cancer des seins.<\/p>\n<p>Une consultation post op\u00e9ratoire avec le m\u00e9decin anesth\u00e9siste 48 heures avant l&#8217;intervention de\u00a0<strong>gyn\u00e9comastie \u00e0 Nabeul<\/strong>.<\/p>\n<p>&nbsp;<\/p>\n<\/div>\n<\/div>\n<p>[\/vc_column_text][\/vc_column_inner][\/vc_row_inner][vc_row_inner el_id=&#8221;three&#8221;][vc_column_inner][vc_column_text]<\/p>\n<h2>D\u00e9roulement de votre Chirurgie gyn\u00e9comastie \u00e0 Nabeul<\/h2>\n<p>Pratiqu\u00e9e sous anesth\u00e9sie g\u00e9n\u00e9rale, elle dure habituellement entre une 1 h et 1 h 30, selon le cas. Une nuit d\u2019hospitalisation est n\u00e9cessaire.<\/p>\n<p>L\u2019intervention d\u00e9bute par une\u00a0<a href=\"https:\/\/www.aesthetica-health.com\/interventions-esthetique-tunisie\/chirurgie-silhouette-tunisie\/liposuccion-tunisie\/\">liposuccion<\/a>\u00a0de l&#8217;exc\u00e8s graisseux des seins, associ\u00e9e \u00e0 l\u2019ablation de la <strong>glande mammaire<\/strong>, laissant une fine cicatrice au niveau de l&#8217;ar\u00e9ole ou dans la partie inf\u00e9rieure du sein et qui dispara\u00eetra totalement par la suite.<\/p>\n<p>Apr\u00e8s l\u2019intervention, le chirurgien pose un bandage \u00e9lastique autours du torse du patient.[\/vc_column_text][\/vc_column_inner][\/vc_row_inner][vc_row_inner el_id=&#8221;four&#8221;][vc_column_inner][vc_column_text]<\/p>\n<h2>Les suites op\u00e9ratoires de votre Gyn\u00e9comastie \u00e0 Nabeul<\/h2>\n<p>Le patient doit porter les semaines qui suivent l&#8217;intervention une attelle de r\u00e9tention pour limiter les \u0153d\u00e8mes et l&#8217;apparition des bleus. Quelques jours suffisent pour qu&#8217;ils disparaissent compl\u00e8tement.<\/p>\n<p>Quant \u00e0 la reprise du travail cela d\u00e9pend de la nature de l&#8217;activit\u00e9 professionnelle si elle est physique ou non et c&#8217;est le m\u00e9decin qui jugera la dur\u00e9e du repos n\u00e9cessaire au patient.<\/p>\n<p>Pour reprendre une activit\u00e9 sportive il faut au moins 3 semaines apr\u00e8s la <strong>chirurgie de gyn\u00e9comastie<\/strong>.<\/p>\n<p>La disparition des cicatrices va d\u00e9pendre des\u00a0facteurs physiologiques du patient (\u00e2ge, qualit\u00e9 cutan\u00e9e\u2026). Le r\u00e9sultat d\u00e9finitif et optimal de l\u2019op\u00e9ration de gyn\u00e9comastie est appr\u00e9ciable au bout de plusieurs semaines : l\u2019exc\u00e9dent cutan\u00e9 se r\u00e9tracte et le sein \u00e9pouse compl\u00e8tement le muscle pectoral.<\/p>\n<p>[\/vc_column_text][\/vc_column_inner][\/vc_row_inner][vc_row_inner el_id=&#8221;five&#8221;][vc_column_inner][vc_column_text]<\/p>\n<header class=\"post-header\">\n<h2>Le r\u00e9sultat de votre Gyn\u00e9comastie \u00e0 Nabeul<\/h2>\n<p>Les r\u00e9sultats sont imm\u00e9diatement visibles apr\u00e8s l&#8217;intervention de la <strong>glande mammaire<\/strong>, mais pour profiter d&#8217;un r\u00e9sultat d\u00e9finitif il faut patienter quelques semaines pour que les \u0153d\u00e8mes se r\u00e9sorbent compl\u00e8tement, que la peau prenne son nouvel emplacement et que le torse se d\u00e9gonfle totalement.<\/p>\n<p>Apr\u00e8s la <strong>chirurgie de Gyn\u00e9comastie<\/strong>, messieurs, jamais votre torse n&#8217;a jamais \u00e9t\u00e9 aussi viril et naturel. Vous allez vous red\u00e9couvrir et pouvoir afficher votre corps sans complexes et porter tout ce que vous voulez.<\/p>\n<\/header>\n<p>[\/vc_column_text][\/vc_column_inner][\/vc_row_inner][vc_row_inner el_id=&#8221;six&#8221;][vc_column_inner][vc_column_text]<\/p>\n<h2>Prix Gyn\u00e9comastie \u00e0 Nabeul<\/h2>\n<p>Les tarifs\u00a0de la gyn\u00e9comastie chez l&#8217;homme affich\u00e9s ne comprennent que les frais de l\u2019intervention et non les frais du s\u00e9jour.<\/p>\n<p>Pour une tarification exacte merci de nous faire parvenir votre demande de devis.[\/vc_column_text][\/vc_column_inner][\/vc_row_inner][\/vc_column][\/vc_row][vc_row][vc_column][vc_column_text][\/vc_column_text][\/vc_column][\/vc_row] <\/p>","protected":false},"excerpt":{"rendered":"<p>[vc_row][vc_column][vc_column_text][\/vc_column_text][\/vc_column][\/vc_row][vc_row][vc_column][vc_column_text] R\u00e9duction poitrine homme Nabeul (Gyn\u00e9comastie Nabeul) : c&#8217;est quoi ? La\u00a0gyn\u00e9comastie \u00e0 Nabeul correspond \u00e0 une\u00a0hypertrophie de la poitrine\u00a0chez l\u2019homme et elle est due \u00e0 un exc\u00e8s de croissance au niveau des glandes mammaires de l&#8217;homme. La cause peut-\u00eatre cong\u00e9nitale, maladie, tumeur, la prise de certains m\u00e9dicaments. Et cette augmentation du volume de la [&hellip;]<\/p>\n","protected":false},"author":1,"featured_media":0,"parent":10053,"menu_order":0,"comment_status":"closed","ping_status":"closed","template":"","meta":[],"_links":{"self":[{"href":"https:\/\/www.aesthetica-health.com\/fr\/wp-json\/wp\/v2\/pages\/10179"}],"collection":[{"href":"https:\/\/www.aesthetica-health.com\/fr\/wp-json\/wp\/v2\/pages"}],"about":[{"href":"https:\/\/www.aesthetica-health.com\/fr\/wp-json\/wp\/v2\/types\/page"}],"author":[{"embeddable":true,"href":"https:\/\/www.aesthetica-health.com\/fr\/wp-json\/wp\/v2\/users\/1"}],"replies":[{"embeddable":true,"href":"https:\/\/www.aesthetica-health.com\/fr\/wp-json\/wp\/v2\/comments?post=10179"}],"version-history":[{"count":20,"href":"https:\/\/www.aesthetica-health.com\/fr\/wp-json\/wp\/v2\/pages\/10179\/revisions"}],"predecessor-version":[{"id":11951,"href":"https:\/\/www.aesthetica-health.com\/fr\/wp-json\/wp\/v2\/pages\/10179\/revisions\/11951"}],"up":[{"embeddable":true,"href":"https:\/\/www.aesthetica-health.com\/fr\/wp-json\/wp\/v2\/pages\/10053"}],"wp:attachment":[{"href":"https:\/\/www.aesthetica-health.com\/fr\/wp-json\/wp\/v2\/media?parent=10179"}],"curies":[{"name":"wp","href":"https:\/\/api.w.org\/{rel}","templated":true}]}}