{"id":10185,"date":"2019-02-05T14:12:52","date_gmt":"2019-02-05T13:12:52","guid":{"rendered":"https:\/\/www.aesthetica-health.com\/?page_id=10185"},"modified":"2019-11-16T09:37:05","modified_gmt":"2019-11-16T08:37:05","slug":"implant-pectoraux-tunisie","status":"publish","type":"page","link":"https:\/\/www.aesthetica-health.com\/fr\/interventions-esthetique-tunisie\/chirurgie-homme-tunisie\/implant-pectoraux-tunisie\/","title":{"rendered":"Implants pectoraux Nabeul : Implant proth\u00e8se pectoral homme prix Nabeul"},"content":{"rendered":"<p>[vc_row][vc_column][vc_column_text][\/vc_column_text][\/vc_column][\/vc_row][vc_row][vc_column][vc_column_text]<\/p>\n<h2>Implants pectoraux Nabeul : c&#8217;est quoi ?<\/h2>\n<div class=\"wpb_column vc_column_container \">\n<div class=\"vc_column-inner\">\n<div class=\"wpb_wrapper\">\n<div class=\"wpb_text_column wpb_content_element \">\n<div class=\"wpb_wrapper\">\n<p>Les\u00a0<strong>implants pectoraux Nabeul <\/strong>ou\u00a0<strong>implants mammaires masculins<\/strong>\u00a0sont une solution pour l\u2019augmentation pectorale chez les hommes.<\/p>\n<p>Certaines personnes qui pratiquent des exercices de musculation n\u2019arrivent pas toujours \u00e0 obtenir les pectoraux qu\u2019ils d\u00e9sirent avoir et ne voulant pas recourir \u00e0 anabolisants, souvent sources de probl\u00e8mes cardiovasculaires, optent plut\u00f4t pour une chirurgie\u00a0<strong>d\u2019augmentation pectorale<\/strong>.<\/p>\n<p>Les\u00a0<strong>implants pectoraux \u00e0 Nabeul <\/strong>visent \u00e0 obtenir un thorax plus masculin, plus muscl\u00e9 et athl\u00e9tique.<\/p>\n<\/div>\n<\/div>\n<\/div>\n<\/div>\n<\/div>\n<p>[\/vc_column_text][\/vc_column][\/vc_row][vc_row][vc_column][\/vc_column][\/vc_row][vc_row][vc_column width=&#8221;1\/3&#8243;]<ul class=\"dt-sc-vertical-nav \"><li><a href=\"#one\">\u00c0 qui s\u2019adresse cette op\u00e9ration<\/a><\/li><li><a href=\"#two\">Avant cette chirurgie esth\u00e9tique<\/a><\/li><li><a href=\"#three\">Comment se d\u00e9roule cette chirurgie esth\u00e9tique<\/a><\/li><li><a href=\"#four\">Les suites op\u00e9ratoires<\/a><\/li><li><a href=\"#five\">Le r\u00e9sultat de l'op\u00e9ration<\/a><\/li><li><a href=\"#six\">Nos tarifs<\/a><\/li><\/ul>[\/vc_column][vc_column width=&#8221;2\/3&#8243;][vc_row_inner el_id=&#8221;one&#8221;][vc_column_inner][vc_column_text]<\/p>\n<h2>\u00c0 qui s\u2019adresse : Implants pectoraux Nabeul<\/h2>\n<p>[\/vc_column_text][vc_column_text]Les\u00a0<strong>implants pectoraux Nabeul <\/strong>est la solution optimale pour les hommes qui souhaitent donner une d\u00e9finition \u00e0 leurs muscles pectoraux sans passer des heures dans la salle de sport. L\u2019intervention est simple et consiste \u00e0 mettre en place des implants d\u2019une apparence naturelle et am\u00e9liorer l&#8217;apparence aux muscles pectoraux.<br \/>\nCette intervention est destin\u00e9e aux hommes qui souffrent d&#8217;un rel\u00e2chement de la musculature pectorale \u00e0 cause de l\u2019\u00e2ge ou d\u00fb \u00e0 des d\u00e9formations musculaires. Cette chirurgie permet d&#8217;avoir une apparence plus masculine et redessiner les muscles pectoraux.[\/vc_column_text][\/vc_column_inner][\/vc_row_inner][vc_row_inner el_id=&#8221;two&#8221;][vc_column_inner][vc_column_text]<\/p>\n<div class=\"wpb_text_column wpb_content_element inherit\">\n<div class=\"wpb_wrapper\">\n<h2>Implants pectoraux Nabeul : Consultation pr\u00e9op\u00e9ratoire<\/h2>\n<p>Avant la chirurgie\u00a0<strong>d\u2019augmentation pectorale<\/strong>, le patient passe une consultation avec le chirurgien lui permettant de poser toutes ses questions concernant l\u2019op\u00e9ration, les contre-indications et le suivi postop\u00e9ratoire de l\u2019\u00e9quipe m\u00e9dicale.<\/p>\n<p>Lors de la consultation pr\u00e9op\u00e9ratoire, le patient exprime ses attentes de\u00a0<strong>la pose des implants pectoraux<\/strong>, ainsi que les dimensions et la projection de l\u2019implant.<\/p>\n<p>Votre chirurgien plasticien vous sugg\u00e8re\u00a0<strong>l\u2019implant pectoral<\/strong>\u00a0le mieux adapt\u00e9 \u00e0 la taille du grand pectoral ainsi que sa forme.<\/p>\n<\/div>\n<\/div>\n<p>[\/vc_column_text][\/vc_column_inner][\/vc_row_inner][vc_row_inner el_id=&#8221;three&#8221;][vc_column_inner][vc_column_text]<\/p>\n<div class=\"wpb_text_column wpb_content_element title_inter\">\n<div class=\"wpb_wrapper\">\n<h2>D\u00e9roulement de l\u2019intervention d\u2019implantation pectorale \u00e0 Nabeul<\/h2>\n<\/div>\n<\/div>\n<div class=\"wpb_text_column wpb_content_element para_texte\">\n<div class=\"wpb_wrapper\">\n<p>La\u00a0<strong>chirurgie d\u2019augmentation pectorale<\/strong>\u00a0<strong>\u00e0 Nabeul<\/strong>\u00a0s&#8217;effectue sous anesth\u00e9sie g\u00e9n\u00e9rale, et sa dur\u00e9e est d&#8217;1 heure 30 en moyenne. Le patient devra \u00eatre hospitalis\u00e9 pendant trois nuits.<br \/>\nLe chirurgien effectue une incision verticale de cinq centim\u00e8tres cach\u00e9e au niveau des aisselles pour assurer une cicatrisation discr\u00e8te. Les implants en silicone sont ins\u00e9r\u00e9s par la suite sous le muscle pectoral pour une meilleure fixation et pour un r\u00e9sultat naturel.<br \/>\nL&#8217;incision sera sutur\u00e9e et un pansement de compression sera mis au tours du torse pour permettre \u00e0 l&#8217;implant de prendre une position d\u00e9finitive et stable sous le muscle pectoral. Aussi le pansement garantit une meilleure cicatrisation.<\/p>\n<p>&nbsp;<\/p>\n<\/div>\n<\/div>\n<p>[\/vc_column_text][\/vc_column_inner][\/vc_row_inner][vc_row_inner el_id=&#8221;four&#8221;][vc_column_inner][vc_column_text]<\/p>\n<h2>Implants pectoraux Nabeul : suites postop\u00e9ratoires<\/h2>\n<p>Apr\u00e8s la chirurgie des\u00a0<strong>implants pectoraux \u00e0 Nabeul<\/strong>, des ecchymoses et des \u0153d\u00e8mes appara\u00eetront les premiers jours postop\u00e9ratoires.<\/p>\n<p>Les douleurs mod\u00e9r\u00e9es seront ressentis mais une simple prise d&#8217;antalgiques suffira \u00e0 faire passer la douleur, le patient peut aussi sentir une difficult\u00e9 \u00e0 lever ses bras durant les semaines qui suivent l&#8217;op\u00e9ration.<\/p>\n<p>Il sera recommand\u00e9 suite \u00e0 la chirurgie\u00a0<strong>d\u2019augmentation pectorale \u00e0 Nabeul <\/strong>de mettre une gaine thoracique de contention pour \u00e9viter tout mouvement dans cette zone.<\/p>\n<p>Le chirurgien pr\u00e9voira une visite pour le patient les jours qui suivent la pose\u00a0<strong>d\u2019implants pectoraux<\/strong>\u00a0<strong>\u00e0 Nabeul <\/strong>pour v\u00e9rifier l&#8217;\u00e9tat de sant\u00e9 du patient et v\u00e9rifier la position des implants.<\/p>\n<p>A partir d\u2019une semaine postop\u00e9ratoire, le patient peut reprendre ses activit\u00e9s quotidiennes, il faut pr\u00e9voir 15 jours en moyenne pour la reprise de l\u2019activit\u00e9 professionnelle.<\/p>\n<p>Les exercices physiques doux comme le footing ou le yoga peuvent-\u00eatre pratiqu\u00e9s juste quelques jours apr\u00e8s l&#8217;intervention. Mais pour les sports qui vont recourir plus d&#8217;effort il est conseill\u00e9 d&#8217;attendre 3 mois apr\u00e8s la chirurgie.<\/p>\n<p>Le patient peut demander \u00e0 son chirurgien de les retirer \u00e0 tout moment les implants pectoraux ; puisque c&#8217;est une chirurgie r\u00e9versible. comme au contraire garder les implants \u00e0 vie.[\/vc_column_text][\/vc_column_inner][\/vc_row_inner][vc_row_inner el_id=&#8221;five&#8221;][vc_column_inner][vc_column_text]<\/p>\n<header class=\"post-header\">\n<h2>Le r\u00e9sultat d\u2019augmentation pectorale Nabeul<\/h2>\n<p>L<strong>\u2019augmentation pectorale Nabeul<\/strong>, est consid\u00e9r\u00e9e une chirurgie reconstructrice puisqu&#8217;elle sert \u00e0 corriger des cas d\u2019anomalies mammaires (asym\u00e9trie pectorale, absence de muscle pectoral ou bien son d\u00e9veloppement est insuffisant pour afficher les pectoraux).<\/p>\n<p>Le r\u00e9sultat de la chirurgie d\u2019<strong>implant pectoraux \u00e0 Nabeul<\/strong>, est visible directement apr\u00e8s l\u2019intervention, l\u2019effet des proth\u00e8ses pectorales est tr\u00e8s naturel.<\/p>\n<\/header>\n<p>[\/vc_column_text][\/vc_column_inner][\/vc_row_inner][vc_row_inner el_id=&#8221;six&#8221;][vc_column_inner][vc_column_text]<\/p>\n<h2>Prix d\u2019augmentation pectorale Nabeul<\/h2>\n<p>Les tarifs\u00a0de\u00a0<strong>d\u2019augmentation pectorale Nabeul <\/strong>chez l&#8217;homme affich\u00e9s ne comprennent que les frais de l\u2019intervention et non les frais du s\u00e9jour.<\/p>\n<p>Pour une tarification exacte merci de nous faire parvenir votre <a href=\"https:\/\/www.aesthetica-health.com\/chirurgie-esthetique-en-tunisie-demande-de-devis-gratuit\/\">demande de devis<\/a>.[\/vc_column_text][\/vc_column_inner][\/vc_row_inner][\/vc_column][\/vc_row][vc_row][vc_column][vc_column_text][\/vc_column_text][\/vc_column][\/vc_row] <\/p>","protected":false},"excerpt":{"rendered":"<p>[vc_row][vc_column][vc_column_text][\/vc_column_text][\/vc_column][\/vc_row][vc_row][vc_column][vc_column_text] Implants pectoraux Nabeul : c&#8217;est quoi ? Les\u00a0implants pectoraux Nabeul ou\u00a0implants mammaires masculins\u00a0sont une solution pour l\u2019augmentation pectorale chez les hommes. Certaines personnes qui pratiquent des exercices de musculation n\u2019arrivent pas toujours \u00e0 obtenir les pectoraux qu\u2019ils d\u00e9sirent avoir et ne voulant pas recourir \u00e0 anabolisants, souvent sources de probl\u00e8mes cardiovasculaires, optent plut\u00f4t pour [&hellip;]<\/p>\n","protected":false},"author":1,"featured_media":0,"parent":10053,"menu_order":0,"comment_status":"closed","ping_status":"closed","template":"","meta":[],"_links":{"self":[{"href":"https:\/\/www.aesthetica-health.com\/fr\/wp-json\/wp\/v2\/pages\/10185"}],"collection":[{"href":"https:\/\/www.aesthetica-health.com\/fr\/wp-json\/wp\/v2\/pages"}],"about":[{"href":"https:\/\/www.aesthetica-health.com\/fr\/wp-json\/wp\/v2\/types\/page"}],"author":[{"embeddable":true,"href":"https:\/\/www.aesthetica-health.com\/fr\/wp-json\/wp\/v2\/users\/1"}],"replies":[{"embeddable":true,"href":"https:\/\/www.aesthetica-health.com\/fr\/wp-json\/wp\/v2\/comments?post=10185"}],"version-history":[{"count":21,"href":"https:\/\/www.aesthetica-health.com\/fr\/wp-json\/wp\/v2\/pages\/10185\/revisions"}],"predecessor-version":[{"id":11950,"href":"https:\/\/www.aesthetica-health.com\/fr\/wp-json\/wp\/v2\/pages\/10185\/revisions\/11950"}],"up":[{"embeddable":true,"href":"https:\/\/www.aesthetica-health.com\/fr\/wp-json\/wp\/v2\/pages\/10053"}],"wp:attachment":[{"href":"https:\/\/www.aesthetica-health.com\/fr\/wp-json\/wp\/v2\/media?parent=10185"}],"curies":[{"name":"wp","href":"https:\/\/api.w.org\/{rel}","templated":true}]}}