{"id":10190,"date":"2019-02-05T14:22:12","date_gmt":"2019-02-05T13:22:12","guid":{"rendered":"https:\/\/www.aesthetica-health.com\/?page_id=10190"},"modified":"2019-11-16T09:46:32","modified_gmt":"2019-11-16T08:46:32","slug":"lipofilling-tunisie","status":"publish","type":"page","link":"https:\/\/www.aesthetica-health.com\/fr\/interventions-esthetique-tunisie\/chirurgie-du-visage-tunisie\/lipofilling-tunisie\/","title":{"rendered":"Lipofilling du visage Nabeul tarif pas cher"},"content":{"rendered":"<p>[vc_row][vc_column][vc_column_text][\/vc_column_text][\/vc_column][\/vc_row][vc_row][vc_column][vc_column_text]<\/p>\n<h2>Lipofilling visage \u00e0 Nabeul : c&#8217;est quoi ?<\/h2>\n<div class=\"wpb_column vc_column_container \">\n<div class=\"vc_column-inner\">\n<div class=\"wpb_wrapper\">\n<div class=\"wpb_text_column wpb_content_element \">\n<div class=\"wpb_wrapper\">\n<p>Le\u00a0<strong>Lipofilling visage \u00e0 Nabeul <\/strong>est une technique de remodelage du visage par <a href=\"https:\/\/www.aesthetica-health.com\/interventions-esthetique-tunisie\/medecine-esthetique-tunisie\/acide-hyaluronique-tunisie\/\"><strong>injection de graisses<\/strong><\/a>. Cette graisse est r\u00e9cup\u00e9r\u00e9e par\u00a0<strong><a title=\"Liposuccion\" href=\"#\">liposuccion<\/a>\u00a0<\/strong>et r\u00e9injecter au niveau du visage afin de le redessiner et remodeler d&#8217;une mani\u00e8re naturelle en corrigeant les imperfections et le d\u00e9s\u00e9quilibre des deux c\u00f4t\u00e9s du visage.<\/p>\n<p>La technique de\u00a0<strong>lipofilling cervico-faciale<\/strong>\u00a0est choisie non seulement par les femmes mais aussi les hommes, elle permet de remplir les creux du visage pour un effet rajeunissant.<\/p>\n<p>Le recours au\u00a0<strong>Lipofilling visage \u00e0 Nabeul<\/strong>\u00a0comme une nouvelle m\u00e9thode naturelle qui remplacerait l&#8217;utilisation des produits d\u2019injection d\u2019origine synth\u00e9tique. Le Lipofilling visage permet de donner un coup de jeunesse au patient et de sculpter naturellement les traits du visage. Cette technique contrairement aux implants il n&#8217;y a aucun risque de rejet ni une n\u00e9cessit\u00e9 de changer les implants apr\u00e8s une certaine p\u00e9riode.<\/p>\n<\/div>\n<\/div>\n<\/div>\n<\/div>\n<\/div>\n<p>[\/vc_column_text][\/vc_column][\/vc_row][vc_row][vc_column][\/vc_column][\/vc_row][vc_row][vc_column width=&#8221;1\/3&#8243;]<ul class=\"dt-sc-vertical-nav \"><li><a href=\"#one\">\u00c0 qui s\u2019adresse cette op\u00e9ration<\/a><\/li><li><a href=\"#two\">Avant cette chirurgie esth\u00e9tique<\/a><\/li><li><a href=\"#three\">Comment se d\u00e9roule cette chirurgie esth\u00e9tique<\/a><\/li><li><a href=\"#four\">Les suites op\u00e9ratoires<\/a><\/li><li><a href=\"#five\">Le r\u00e9sultat de l'op\u00e9ration<\/a><\/li><li><a href=\"#six\">Nos tarifs<\/a><\/li><\/ul>[\/vc_column][vc_column width=&#8221;2\/3&#8243;][vc_row_inner el_id=&#8221;one&#8221;][vc_column_inner][vc_column_text]<\/p>\n<h2>Lipofilling du visage : pour qui ?<\/h2>\n<p>[\/vc_column_text][vc_column_text]Cette intervention est indiqu\u00e9e notamment pour <strong>augmenter les l\u00e8vres<\/strong>, faire <strong>ressortir les pommettes<\/strong>, <strong>combler les rides d&#8217;amertume<\/strong> &amp; <strong>les sillons nasog\u00e9niens,<\/strong>\u00a0<strong>corriger l&#8217;ovale du visage et remodeler les\u00a0muscles pectoraux<\/strong>.[\/vc_column_text][\/vc_column_inner][\/vc_row_inner][vc_row_inner el_id=&#8221;two&#8221;][vc_column_inner][vc_column_text]<\/p>\n<div class=\"wpb_text_column wpb_content_element inherit\">\n<div class=\"wpb_wrapper\">\n<h2>Lipofilling visage \u00e0 Nabeul : Consultation pr\u00e9op\u00e9ratoire<\/h2>\n<p>Une consultation pr\u00e9op\u00e9ratoire la veille de l&#8217;op\u00e9ration est n\u00e9cessaire avec le\u00a0<a href=\"#\">chirurgien plasticien<\/a>\u00a0&amp; le m\u00e9decin anesth\u00e9siste. Un bilan pr\u00e9op\u00e9ratoire approfondi du patient doit \u00eatre effectu\u00e9.<\/p>\n<\/div>\n<\/div>\n<p>[\/vc_column_text][\/vc_column_inner][\/vc_row_inner][vc_row_inner el_id=&#8221;three&#8221;][vc_column_inner][vc_column_text]<\/p>\n<div class=\"wpb_text_column wpb_content_element title_inter\">\n<div class=\"wpb_wrapper\">\n<h2>D\u00e9roulement de l\u2019intervention Lipofilling visage Nabeul<\/h2>\n<\/div>\n<\/div>\n<div class=\"wpb_text_column wpb_content_element para_texte\">\n<div class=\"wpb_wrapper\">\n<p>L\u2019intervention de\u00a0<strong>lipofilling du visage<\/strong>\u00a0se fait sous anesth\u00e9sie locale et dure entre une et deux heures.<\/p>\n<p>Pour combler les zones receveuses au niveau du visage, le chirurgien plasticien a recours de la propre graisse du patient, environ 20 \u00e0 30 cc, il r\u00e9alise une liposuccion dans les zones o\u00f9 il y a un exc\u00e8s de graisse.<\/p>\n<p>Les patients minces peuvent recourir eux aussi au lipofilling, puisque la\u00a0<a href=\"#\">lipocussion<\/a>\u00a0est faites \u00e0 l\u2019int\u00e9rieur des genoux une zone o\u00f9 on y trouve assez de graisse pour la chirurgie.<\/p>\n<p>Ensuite, le chirurgien pratique la technique de centrifugation de la graisse pr\u00e9lev\u00e9e qui va \u00eatre par la suite r\u00e9inject\u00e9e dans les rides avec une aiguille assez fine.<\/p>\n<p>En effet, l\u2019injection de la propre graisse du patient est consid\u00e9r\u00e9 une source de croissance cutan\u00e9e\u00a0 qui permet l\u2019am\u00e9lioration de la qualit\u00e9 de la peau.<\/p>\n<p>&nbsp;<\/p>\n<\/div>\n<\/div>\n<p>[\/vc_column_text][\/vc_column_inner][\/vc_row_inner][vc_row_inner el_id=&#8221;four&#8221;][vc_column_inner][vc_column_text]<\/p>\n<h2>Lipofilling visage Nabeul : suites postop\u00e9ratoires<\/h2>\n<p>Il est possible qu&#8217;un gonflement du visage soit visible pendant les premiers jours qui suivent la chirurgie du\u00a0<strong>lipofilling visage Nabeul<\/strong>.<\/p>\n<p>L&#8217;apparition d&#8217;ecchymoses et d&#8217;\u0153d\u00e8mes r\u00e9sorbables dans la premi\u00e8re semaine post op\u00e9ratoire, souvent ces traces peuvent-\u00eatre camoufl\u00e9es par un l\u00e9ger maquillage.<\/p>\n<p>Le r\u00e9sultat du\u00a0<strong>lipofilling visage<\/strong>\u00a0ne sera d\u00e9finitif et visible qu&#8217;au bout de 6 mois.[\/vc_column_text][\/vc_column_inner][\/vc_row_inner][vc_row_inner el_id=&#8221;five&#8221;][vc_column_inner][vc_column_text]<\/p>\n<header class=\"post-header\">\n<div class=\"wpb_text_column wpb_content_element title_inter\">\n<div class=\"wpb_wrapper\">\n<h2>R\u00e9sultats de votre lipofilling en Nabeul : visage rajeuni et moins de rides<\/h2>\n<\/div>\n<\/div>\n<p>Bas\u00e9 sur le principe de l\u2019autogreffe, le lipofilling est une technique utilisant une m\u00e9thode naturelle et biocompatible, donnant un r\u00e9sultat durable et un remodelage permanent.<\/p>\n<p>Cette intervention est sans complications post\u00e9rieures et le patient peut tr\u00e8s rapidement reprendre ses activit\u00e9s apr\u00e8s quelques jours de la chirurgie. Il faut savoir que pendant une certaine p\u00e9riode, les cellules greff\u00e9es vont continuer \u00e0 accumuler de la graisse pour maintenir la nouvelle structure du visage.<\/p>\n<p>Le r\u00e9sultat de votre\u00a0<strong>lipofilling visage \u00e0 Nabeul <\/strong>sera un visage parfaitement remodel\u00e9 avec une apparence tr\u00e8s naturelle sans oublier que c&#8217;est sans effets secondaires !<\/p>\n<\/header>\n<p>[\/vc_column_text][\/vc_column_inner][\/vc_row_inner][vc_row_inner el_id=&#8221;six&#8221;][vc_column_inner][vc_column_text]<\/p>\n<h2>Prix de votre lipofilling \u00e0 Nabeul<\/h2>\n<p>Les tarifs\u00a0de \u00a0<strong>lipofilling visage \u00e0 Nabeul<\/strong>\u00a0affich\u00e9s ne comprennent que les frais de l\u2019intervention et non les frais du s\u00e9jour.<\/p>\n<p>Pour une tarification exacte merci de nous faire parvenir votre demande de devis.[\/vc_column_text][\/vc_column_inner][\/vc_row_inner][\/vc_column][\/vc_row][vc_row][vc_column][vc_column_text][\/vc_column_text][\/vc_column][\/vc_row] <\/p>","protected":false},"excerpt":{"rendered":"<p>[vc_row][vc_column][vc_column_text][\/vc_column_text][\/vc_column][\/vc_row][vc_row][vc_column][vc_column_text] Lipofilling visage \u00e0 Nabeul : c&#8217;est quoi ? Le\u00a0Lipofilling visage \u00e0 Nabeul est une technique de remodelage du visage par injection de graisses. Cette graisse est r\u00e9cup\u00e9r\u00e9e par\u00a0liposuccion\u00a0et r\u00e9injecter au niveau du visage afin de le redessiner et remodeler d&#8217;une mani\u00e8re naturelle en corrigeant les imperfections et le d\u00e9s\u00e9quilibre des deux c\u00f4t\u00e9s du visage. [&hellip;]<\/p>\n","protected":false},"author":1,"featured_media":0,"parent":10047,"menu_order":0,"comment_status":"closed","ping_status":"closed","template":"","meta":[],"_links":{"self":[{"href":"https:\/\/www.aesthetica-health.com\/fr\/wp-json\/wp\/v2\/pages\/10190"}],"collection":[{"href":"https:\/\/www.aesthetica-health.com\/fr\/wp-json\/wp\/v2\/pages"}],"about":[{"href":"https:\/\/www.aesthetica-health.com\/fr\/wp-json\/wp\/v2\/types\/page"}],"author":[{"embeddable":true,"href":"https:\/\/www.aesthetica-health.com\/fr\/wp-json\/wp\/v2\/users\/1"}],"replies":[{"embeddable":true,"href":"https:\/\/www.aesthetica-health.com\/fr\/wp-json\/wp\/v2\/comments?post=10190"}],"version-history":[{"count":21,"href":"https:\/\/www.aesthetica-health.com\/fr\/wp-json\/wp\/v2\/pages\/10190\/revisions"}],"predecessor-version":[{"id":11960,"href":"https:\/\/www.aesthetica-health.com\/fr\/wp-json\/wp\/v2\/pages\/10190\/revisions\/11960"}],"up":[{"embeddable":true,"href":"https:\/\/www.aesthetica-health.com\/fr\/wp-json\/wp\/v2\/pages\/10047"}],"wp:attachment":[{"href":"https:\/\/www.aesthetica-health.com\/fr\/wp-json\/wp\/v2\/media?parent=10190"}],"curies":[{"name":"wp","href":"https:\/\/api.w.org\/{rel}","templated":true}]}}