{"id":10194,"date":"2019-02-05T14:38:59","date_gmt":"2019-02-05T13:38:59","guid":{"rendered":"https:\/\/www.aesthetica-health.com\/?page_id=10194"},"modified":"2019-11-16T09:46:22","modified_gmt":"2019-11-16T08:46:22","slug":"rhinoplastie-tunisie","status":"publish","type":"page","link":"https:\/\/www.aesthetica-health.com\/fr\/interventions-esthetique-tunisie\/chirurgie-du-visage-tunisie\/rhinoplastie-tunisie\/","title":{"rendered":"Rhinoplastie Nabeul pas cher : chirurgie esth\u00e9tique du nez meilleur prix"},"content":{"rendered":"<p>[vc_row][vc_column][vc_column_text][\/vc_column_text][\/vc_column][\/vc_row][vc_row][vc_column][vc_column_text]<\/p>\n<h2><b>Rhinoplastie Nabeul : Plastie correctrice du nez<\/b><\/h2>\n<div class=\"wpb_column vc_column_container \">\n<div class=\"vc_column-inner\">\n<div class=\"wpb_wrapper\">\n<div class=\"wpb_text_column wpb_content_element \">\n<div class=\"wpb_wrapper\">\n<p>La\u00a0<strong>chirurgie esth\u00e9tique du nez<\/strong>\u00a0ou\u00a0<strong>rhinoplastie Nabeul <\/strong>permet de corriger les imperfections ou les malformations nasales pour le rendre plus beau et en harmonie avec la morphologie du visage.<\/p>\n<p>La\u00a0<b>rhinoplastie<\/b>\u00a0est une intervention de\u00a0<a href=\"#\"><b>chirurgie plastique\u00a0<\/b><\/a>pratiqu\u00e9e au niveau du nez<b>. <\/b>Cette\u00a0<b>Chirurgie r\u00e9paratrice du nez\u00a0<\/b>permet au visage de retrouver une harmonie et un \u00e9quilibre gr\u00e2ce \u00e0 la correction des malformations telles que : la cyphose nasale (la cyphose nasale est une courbure anormalement exag\u00e9r\u00e9e sur le nez), un nez trop gros, trop large, pointue ou tombant.<\/p>\n<p>En effet, La\u00a0<b>chirurgie esth\u00e9tique du nez<\/b>\u00a0est une intervention qui corrige la forme du nez, elle permet\u00a0de :<\/p>\n<ul>\n<li>R\u00e9duire la longueur du nez.<\/li>\n<li>\u00c9liminer une bosse dorsale.<\/li>\n<li>Corriger une d\u00e9formation cong\u00e9nitale.<\/li>\n<li>Corriger la d\u00e9viation de la cloison nasale.<\/li>\n<li>Diminuer les narines et la largeur du pont.<\/li>\n<li>Affiner les caract\u00e9ristiques communes \u00e0 certaines ethnies.<\/li>\n<\/ul>\n<\/div>\n<\/div>\n<\/div>\n<\/div>\n<\/div>\n<p>[\/vc_column_text][\/vc_column][\/vc_row][vc_row][vc_column][\/vc_column][\/vc_row][vc_row][vc_column width=&#8221;1\/3&#8243;]<ul class=\"dt-sc-vertical-nav \"><li><a href=\"#one\">\u00c0 qui s\u2019adresse cette op\u00e9ration<\/a><\/li><li><a href=\"#two\">Avant cette chirurgie esth\u00e9tique<\/a><\/li><li><a href=\"#three\">Comment se d\u00e9roule cette chirurgie esth\u00e9tique<\/a><\/li><li><a href=\"#four\">Les suites op\u00e9ratoires<\/a><\/li><li><a href=\"#five\">Le r\u00e9sultat de l'op\u00e9ration<\/a><\/li><li><a href=\"#six\">Nos tarifs<\/a><\/li><\/ul>[\/vc_column][vc_column width=&#8221;2\/3&#8243;][vc_row_inner el_id=&#8221;one&#8221;][vc_column_inner][vc_column_text]<\/p>\n<h2><b>Rhinoplastie Nabeul <\/b>: pour qui ?<\/h2>\n<p>[\/vc_column_text][vc_column_text]Elle concerne toute personne souffrant d&#8217;un \u00e9norme complexe li\u00e9 \u00e0 la morphologie et la forme de son nez.<\/p>\n<p>[\/vc_column_text][\/vc_column_inner][\/vc_row_inner][vc_row_inner el_id=&#8221;two&#8221;][vc_column_inner][vc_column_text]<\/p>\n<div class=\"wpb_text_column wpb_content_element inherit\">\n<div class=\"wpb_wrapper\">\n<h2>Avant la chirurgie esth\u00e9tique du nez Nabeul<\/h2>\n<p>Une consultation pr\u00e9op\u00e9ratoire avec le\u00a0<a href=\"#\">chirurgien plasticien<\/a>\u00a0et le m\u00e9decin anesth\u00e9siste est n\u00e9cessaire ; elle permet de d\u00e9finir les motivations et les attentes du patient. Un bilan sanguin complet devra \u00eatre effectu\u00e9 avant la chirurgie.<\/p>\n<p>La consultation avant la\u00a0chirurgie du nez\u00a0est primordiale, pour conna\u00eetre les ant\u00e9c\u00e9dents m\u00e9dicaux du patient et par la m\u00eame occasion exprimer ses attentes et les modifications envisageables.<\/p>\n<p>Le chirurgien expliquera au patient le d\u00e9roulement de l\u2019op\u00e9ration et montrera une simulation du r\u00e9sultat de l\u2019op\u00e9ration.<\/p>\n<p>Si le patient manifeste une maladie li\u00e9 avec le syst\u00e8me respiratoire ou toute autre maladie, il primordial de le mentionner au m\u00e9decin anesth\u00e9siste qui prendra les pr\u00e9cautions n\u00e9cessaires, avant la rhinoplastie Nabeul.<\/p>\n<p>Pour \u00e9viter au maximum le risque de complications postop\u00e9ratoires et pour garantir une meilleure cicatrisation ; il essentiel d&#8217;arr\u00eater de fumer et pour ceux qui ne peuvent pas arr\u00eater de fumer d&#8217;au moins de r\u00e9duire leur consommation de cigarettes.<\/p>\n<p>Le m\u00e9decin\u00a0 prescrira une liste des antalgiques \u00e0 utiliser avant la\u00a0chirurgie du nez.<\/p>\n<\/div>\n<\/div>\n<p>[\/vc_column_text][\/vc_column_inner][\/vc_row_inner][vc_row_inner el_id=&#8221;three&#8221;][vc_column_inner][vc_column_text]<\/p>\n<div class=\"wpb_text_column wpb_content_element title_inter\">\n<div class=\"wpb_wrapper\">\n<h2>D\u00e9roulement de l\u2019intervention Rhinoplastie \u00e0 Nabeul meilleur chirurgien du nez<\/h2>\n<p>Cette op\u00e9ration dure g\u00e9n\u00e9ralement entre 45 minutes et 2 heures et elle est effectu\u00e9e sous anesth\u00e9sie g\u00e9n\u00e9rale et une nuit\u00e9e d\u2019hospitalisation est n\u00e9cessaire.<\/p>\n<p>Le chirurgien corrige les d\u00e9fauts et les <strong>malformations du nez,<\/strong> il effectue parfois une reconstruction totale du nez en proc\u00e8dent \u00e0 des incisions quasi invisibles puisque situ\u00e9es \u00e0 l\u2019int\u00e9rieur des narines.<\/p>\n<p>A la fin de l\u2019intervention, un pansement et une attelle de maintien sont fix\u00e9s sur le nez, des petites m\u00e8ches sont plac\u00e9es \u00e0 l&#8217;int\u00e9rieur des narines pour consolider le tout.<\/p>\n<\/div>\n<\/div>\n<div class=\"wpb_text_column wpb_content_element para_texte\">\n<div class=\"wpb_wrapper\">\n<p>&nbsp;<\/p>\n<\/div>\n<\/div>\n<p>[\/vc_column_text][\/vc_column_inner][\/vc_row_inner][vc_row_inner el_id=&#8221;four&#8221;][vc_column_inner][vc_column_text]<\/p>\n<h2>Les suites op\u00e9ratoires d\u2019une chirurgie du nez Nabeul<\/h2>\n<p>Elles sont g\u00e9n\u00e9ralement peu douloureuses mais il va falloir respirer par la bouche les premiers jours, ce qui peut d\u00e9ranger certains patients.<\/p>\n<p>Les m\u00e8ches sont \u00f4t\u00e9es au cours de la semaine qui suit la chirurgie et l&#8217;attelle est retir\u00e9e entre le cinqui\u00e8me et le huiti\u00e8me jour apr\u00e8s l&#8217;intervention et sera remplac\u00e9e par un petit pansement \u00e0 garder pour quelques jours.<\/p>\n<p>Des ecchymoses et un gonflement peuvent appara\u00eetre mais leur importance varie d&#8217;un patient \u00e0 un autre et diminuent progressivement dans les jours qui suivent (en moyenne 10 jours).[\/vc_column_text][\/vc_column_inner][\/vc_row_inner][vc_row_inner el_id=&#8221;five&#8221;][vc_column_inner][vc_column_text]<\/p>\n<header class=\"post-header\">\n<div class=\"wpb_text_column wpb_content_element title_inter\">\n<div class=\"wpb_wrapper\">\n<h2>Le r\u00e9sultat de la chirurgie esth\u00e9tique du nez Nabeul<\/h2>\n<p>Le r\u00e9sultat ne sera visible que dans un d\u00e9lai de deux \u00e0 trois mois ; et le r\u00e9sultat d\u00e9finitif n&#8217;est obtenu qu&#8217;entre six mois et un an. Il r\u00e9pond pour la quasi totalit\u00e9 des patients \u00e0 leurs attentes.<\/p>\n<\/div>\n<\/div>\n<\/header>\n<p>[\/vc_column_text][\/vc_column_inner][\/vc_row_inner][vc_row_inner el_id=&#8221;six&#8221;][vc_column_inner][vc_column_text]<\/p>\n<h2>Prix Rhinoplastie Nabeul<\/h2>\n<p>Les tarifs\u00a0de La\u00a0<strong>chirurgie esth\u00e9tique du nez<\/strong>\u00a0ou\u00a0<strong>rhinoplastie Nabeul <\/strong>affich\u00e9s ne comprennent que les frais de l\u2019intervention et non les frais du s\u00e9jour.<\/p>\n<p>Pour une tarification exacte merci de nous faire parvenir votre demande de devis.[\/vc_column_text][\/vc_column_inner][\/vc_row_inner][\/vc_column][\/vc_row][vc_row][vc_column][vc_column_text][\/vc_column_text][\/vc_column][\/vc_row] <\/p>","protected":false},"excerpt":{"rendered":"<p>[vc_row][vc_column][vc_column_text][\/vc_column_text][\/vc_column][\/vc_row][vc_row][vc_column][vc_column_text] Rhinoplastie Nabeul : Plastie correctrice du nez La\u00a0chirurgie esth\u00e9tique du nez\u00a0ou\u00a0rhinoplastie Nabeul permet de corriger les imperfections ou les malformations nasales pour le rendre plus beau et en harmonie avec la morphologie du visage. La\u00a0rhinoplastie\u00a0est une intervention de\u00a0chirurgie plastique\u00a0pratiqu\u00e9e au niveau du nez. Cette\u00a0Chirurgie r\u00e9paratrice du nez\u00a0permet au visage de retrouver une harmonie et [&hellip;]<\/p>\n","protected":false},"author":1,"featured_media":0,"parent":10047,"menu_order":0,"comment_status":"closed","ping_status":"closed","template":"","meta":[],"_links":{"self":[{"href":"https:\/\/www.aesthetica-health.com\/fr\/wp-json\/wp\/v2\/pages\/10194"}],"collection":[{"href":"https:\/\/www.aesthetica-health.com\/fr\/wp-json\/wp\/v2\/pages"}],"about":[{"href":"https:\/\/www.aesthetica-health.com\/fr\/wp-json\/wp\/v2\/types\/page"}],"author":[{"embeddable":true,"href":"https:\/\/www.aesthetica-health.com\/fr\/wp-json\/wp\/v2\/users\/1"}],"replies":[{"embeddable":true,"href":"https:\/\/www.aesthetica-health.com\/fr\/wp-json\/wp\/v2\/comments?post=10194"}],"version-history":[{"count":25,"href":"https:\/\/www.aesthetica-health.com\/fr\/wp-json\/wp\/v2\/pages\/10194\/revisions"}],"predecessor-version":[{"id":11959,"href":"https:\/\/www.aesthetica-health.com\/fr\/wp-json\/wp\/v2\/pages\/10194\/revisions\/11959"}],"up":[{"embeddable":true,"href":"https:\/\/www.aesthetica-health.com\/fr\/wp-json\/wp\/v2\/pages\/10047"}],"wp:attachment":[{"href":"https:\/\/www.aesthetica-health.com\/fr\/wp-json\/wp\/v2\/media?parent=10194"}],"curies":[{"name":"wp","href":"https:\/\/api.w.org\/{rel}","templated":true}]}}