{"id":10199,"date":"2019-02-05T15:17:37","date_gmt":"2019-02-05T14:17:37","guid":{"rendered":"https:\/\/www.aesthetica-health.com\/?page_id=10199"},"modified":"2019-11-15T16:58:27","modified_gmt":"2019-11-15T15:58:27","slug":"blepharoplastie-tunisie","status":"publish","type":"page","link":"https:\/\/www.aesthetica-health.com\/fr\/interventions-esthetique-tunisie\/chirurgie-du-visage-tunisie\/blepharoplastie-tunisie\/","title":{"rendered":"Bl\u00e9pharoplastie \u00e0 Nabeul Prix : chirurgie correctrice des paupi\u00e8res"},"content":{"rendered":"<p>[vc_row][vc_column][vc_column_text][\/vc_column_text][\/vc_column][\/vc_row][vc_row][vc_column][vc_column_text]<\/p>\n<h2>Bl\u00e9pharoplastie \u00e0 Nabeul<\/h2>\n<div class=\"wpb_column vc_column_container \">\n<div class=\"vc_column-inner\">\n<div class=\"wpb_wrapper\">\n<div class=\"wpb_text_column wpb_content_element \">\n<div class=\"wpb_wrapper\">\n<p><strong>Bl\u00e9pharoplastie \u00e0 Nabeul<\/strong>, appel\u00e9e \u00e9galement chirurgie des paupi\u00e8res ou lifting des paupi\u00e8res est une intervention de chirurgie correctrice des paupi\u00e8res .Cette chirurgie permette d&#8217;\u00e9liminer les imperfections des paupi\u00e8res, d\u2019\u00e9carter les rides, illumine et agrandi le regard.<\/p>\n<p>La\u00a0<strong>bl\u00e9pharoplastie \u00e0 Nabeul <\/strong>enl\u00e8ve l\u2019exc\u00e8s de graisse, retend les muscles et la peau des paupi\u00e8res sup\u00e9rieures et inf\u00e9rieures.<\/p>\n<p>En effet, la chirurgie esth\u00e9tique des paupi\u00e8res tombantes am\u00e9liore l\u2019apparence des paupi\u00e8res, elle r\u00e9duit les traces dues au vieillissement de la peau du visage : rides et ridules, rel\u00e2chement cutan\u00e9 et les poches sous les yeux.<\/p>\n<p>Si vous souhaitez am\u00e9liorer votre\u00a0physionomie du visage\u00a0ou vous souffrez de probl\u00e8mes fonctionnels au niveau des paupi\u00e8res, la\u00a0<strong>chirurgie des paupi\u00e8res \u00e0 Nabeul <\/strong>est la solution pour rajeunir la zone entourant vos yeux.<\/p>\n<\/div>\n<\/div>\n<\/div>\n<\/div>\n<\/div>\n<p>[\/vc_column_text][\/vc_column][\/vc_row][vc_row][vc_column][\/vc_column][\/vc_row][vc_row][vc_column width=&#8221;1\/3&#8243;]<ul class=\"dt-sc-vertical-nav \"><li><a href=\"#one\">\u00c0 qui s\u2019adresse cette op\u00e9ration<\/a><\/li><li><a href=\"#two\">Avant cette chirurgie esth\u00e9tique<\/a><\/li><li><a href=\"#three\">Comment se d\u00e9roule cette chirurgie esth\u00e9tique<\/a><\/li><li><a href=\"#four\">Les suites op\u00e9ratoires<\/a><\/li><li><a href=\"#five\">Le r\u00e9sultat de l'op\u00e9ration<\/a><\/li><li><a href=\"#six\">Nos tarifs<\/a><\/li><\/ul>[\/vc_column][vc_column width=&#8221;2\/3&#8243;][vc_row_inner el_id=&#8221;one&#8221;][vc_column_inner][vc_column_text]<\/p>\n<h2 class=\"western\">A qui s\u2019adresse la blepharoplastie esth\u00e9tique Nabeul ?<\/h2>\n<p>[\/vc_column_text][vc_column_text]La chirurgie des paupi\u00e8res est conseill\u00e9e aux personnes qui ont :<\/p>\n<ul>\n<li>Des poches sous les yeux<\/li>\n<li>La peau rel\u00e2ch\u00e9e sur la paupi\u00e8re sup\u00e9rieure<\/li>\n<li>Des troubles de la vision dus \u00e0 la paupi\u00e8re sup\u00e9rieure tombante<\/li>\n<li>Un exc\u00e8s de graisse au niveau des paupi\u00e8res sup\u00e9rieures ou inf\u00e9rieures.<\/li>\n<\/ul>\n<p>De plus le candidat id\u00e9al pour tout type de chirurgie plastique pr\u00e9sente les caract\u00e9ristiques suivantes:<\/p>\n<ul>\n<li>Etre en bonne sant\u00e9 et sans aucun trouble m\u00e9dical<\/li>\n<li>Avoir des objectifs r\u00e9alistes et r\u00e9alisables<\/li>\n<li>Non-fumeur<\/li>\n<\/ul>\n<p>Dans certains cas la Bl\u00e9pharoplastie n&#8217;est pas conseill\u00e9e comme dans le cas d&#8217;une Ptosis : c&#8217;est une alt\u00e9ration morphologique du muscle d&#8217;une seule ou des deux paupi\u00e8res. c&#8217;est pourquoi il est imp\u00e9ratif avoir l&#8217;avis du chirurgien plasticien qui \u00e9valuera quelle chirurgie est conseill\u00e9e selon l&#8217;anatomie faciale du patient et proposera quelle est la meilleure proc\u00e9dure chirurgicale \u00e0 entreprendre.[\/vc_column_text][\/vc_column_inner][\/vc_row_inner][vc_row_inner el_id=&#8221;two&#8221;][vc_column_inner][vc_column_text]<\/p>\n<div class=\"wpb_text_column wpb_content_element inherit\">\n<div class=\"wpb_wrapper\">\n<h2>Avant la chirurgie des paupi\u00e8res Nabeul<\/h2>\n<p>Le patient devra effectuer un examen ophtalmologique approfondie et un bilan sanguin en pr\u00e9op\u00e9ratoire.<\/p>\n<\/div>\n<\/div>\n<p>[\/vc_column_text][\/vc_column_inner][\/vc_row_inner][vc_row_inner el_id=&#8221;three&#8221;][vc_column_inner][vc_column_text]<\/p>\n<div class=\"wpb_text_column wpb_content_element title_inter\">\n<div class=\"wpb_wrapper\">\n<div class=\"wpb_text_column wpb_content_element title_inter\">\n<div class=\"wpb_wrapper\">\n<h2>D\u00e9roulement de votre bl\u00e9pharoplastie \u00e0 Nabeul<\/h2>\n<\/div>\n<\/div>\n<div class=\"wpb_text_column wpb_content_element para_texte\">\n<div class=\"wpb_wrapper\">\n<p>L\u2019intervention dure en moyenne une heure selon le nombre de paupi\u00e8res \u00e0 op\u00e9rer. Cette <strong>chirurgie esth\u00e9tique<\/strong> s\u2019effectue soit sous anesth\u00e9sie g\u00e9n\u00e9rale ou bien uniquement locale et avec ou sans hospitalisation, selon le cas et les recommandations du chirurgien.<br \/>\nPour le traitement du rel\u00e2chement cutan\u00e9, le<strong> chirurgien<\/strong> effectue une incision permettant l\u2019acc\u00e8s \u00e0 la masse graisseuse \u00e0 enlever en faisant attention \u00e0 ne pas toucher le muscle en dessous. Par la suite, l\u2019exc\u00e8s de peau est enlev\u00e9 puis le reste sera remis en place pour r\u00e9duire les rides et les ridules sous les yeux.<\/p>\n<p>Les <a href=\"https:\/\/www.aesthetica-health.com\/interventions-esthetique-tunisie\/\"><strong>interventions chirurgies<\/strong><\/a> sont variables selon l\u2019emplacement des incisions. Les incisons en haut sont faites dans le pli de la paupi\u00e8re et sont adapt\u00e9es \u00e0 la forme de l\u2019\u0153il qui garantie un r\u00e9sultat sans cicatrices et un regard naturel en harmonie avec la morphologie du patient. Les incisions en bas sont faites au ras des cils permettant ainsi d&#8217;enlever le surplus de graisses sous les yeux (qu&#8217;on appelle les poches). Le chirurgien caut\u00e9rise les vaisseaux pour limiter les saignements. Il utilise des sutures avec un fil non-r\u00e9sorbable aux extr\u00e9mit\u00e9s de la cicatrice pour un retrait facile apr\u00e8s cinq jours.<br \/>\nLe chirurgien fini l&#8217;op\u00e9ration par la mise en place de compresses\u00a0pour pr\u00e9venir l\u2019apparition de bleus ces derni\u00e8res sont imbib\u00e9es de s\u00e9rum physiologique froid.<\/p>\n<\/div>\n<\/div>\n<\/div>\n<\/div>\n<p>[\/vc_column_text][\/vc_column_inner][\/vc_row_inner][vc_row_inner el_id=&#8221;four&#8221;][vc_column_inner][vc_column_text]<\/p>\n<h2>Les suites op\u00e9ratoires de bl\u00e9pharoplastie Nabeul<\/h2>\n<div class=\"wpb_text_column wpb_content_element para_texte\">\n<div class=\"wpb_wrapper\">\n<p>La\u00a0<strong>blepharoplastie \u00e0 Nabeul <\/strong>ne provoque pas de douleurs importantes, il suffit de prendre de simples antalgiques pour les calmer. Il est primordiale d&#8217;\u00e9viter le soleil durant les premiers jours puisque les yeux sont hypersensibles pendant cette p\u00e9riode. Dans la majorit\u00e9 des cas, il est possible de reprendre de simples activit\u00e9s apr\u00e8s deux jours comme par exemple lire ou conduire. La reprise du travail est en moyenne apr\u00e8s une semaine. Durant les 3 premi\u00e8res semaines, il est recommand\u00e9 de se reposer, apr\u00e8s ce temps on peut reprendre toutes les activit\u00e9s sportives.<\/p>\n<p>Les fils sont retir\u00e9s le cinqui\u00e8me jour apr\u00e8s l&#8217;intervention et les cicatrices restent fr\u00e9quemment ros\u00e9es durant les premi\u00e8res semaines. Par ailleurs, le maquillage est autoris\u00e9 \u00e0 partir du septi\u00e8me jour.<\/p>\n<\/div>\n<\/div>\n<p>[\/vc_column_text][\/vc_column_inner][\/vc_row_inner][vc_row_inner el_id=&#8221;five&#8221;][vc_column_inner][vc_column_text]<\/p>\n<header class=\"post-header\">\n<div class=\"wpb_text_column wpb_content_element title_inter\">\n<div class=\"wpb_wrapper\">\n<h2>Le r\u00e9sultat d\u2019une bl\u00e9pharoplastie Nabeul<\/h2>\n<p>Le r\u00e9sultat d&#8217;une\u00a0<strong>bl\u00e9pharoplastie<\/strong>\u00a0ne pourra \u00eatre appr\u00e9ci\u00e9 que dans un d\u00e9lai moyen de trois \u00e0 six mois et il est g\u00e9n\u00e9ralement satisfaisant et durable.<\/p>\n<\/div>\n<\/div>\n<\/header>\n<p>[\/vc_column_text][\/vc_column_inner][\/vc_row_inner][vc_row_inner el_id=&#8221;six&#8221;][vc_column_inner][vc_column_text]<\/p>\n<h2>Prix bl\u00e9pharoplastie Nabeul<\/h2>\n<p>Les tarifs\u00a0de la\u00a0<strong>chirurgie esth\u00e9tique\u00a0 Correctrice des paupi\u00e8res<\/strong>\u00a0 affich\u00e9s ne comprennent que\u00a0 les frais de l\u2019intervention et non pas les frais du s\u00e9jour.<\/p>\n<p>Pour une tarification exacte merci de nous faire parvenir votre demande de devis.[\/vc_column_text][\/vc_column_inner][\/vc_row_inner][\/vc_column][\/vc_row][vc_row][vc_column][vc_column_text][\/vc_column_text][\/vc_column][\/vc_row] <\/p>","protected":false},"excerpt":{"rendered":"<p>[vc_row][vc_column][vc_column_text][\/vc_column_text][\/vc_column][\/vc_row][vc_row][vc_column][vc_column_text] Bl\u00e9pharoplastie \u00e0 Nabeul Bl\u00e9pharoplastie \u00e0 Nabeul, appel\u00e9e \u00e9galement chirurgie des paupi\u00e8res ou lifting des paupi\u00e8res est une intervention de chirurgie correctrice des paupi\u00e8res .Cette chirurgie permette d&#8217;\u00e9liminer les imperfections des paupi\u00e8res, d\u2019\u00e9carter les rides, illumine et agrandi le regard. La\u00a0bl\u00e9pharoplastie \u00e0 Nabeul enl\u00e8ve l\u2019exc\u00e8s de graisse, retend les muscles et la peau des paupi\u00e8res [&hellip;]<\/p>\n","protected":false},"author":1,"featured_media":0,"parent":10047,"menu_order":0,"comment_status":"closed","ping_status":"closed","template":"","meta":[],"_links":{"self":[{"href":"https:\/\/www.aesthetica-health.com\/fr\/wp-json\/wp\/v2\/pages\/10199"}],"collection":[{"href":"https:\/\/www.aesthetica-health.com\/fr\/wp-json\/wp\/v2\/pages"}],"about":[{"href":"https:\/\/www.aesthetica-health.com\/fr\/wp-json\/wp\/v2\/types\/page"}],"author":[{"embeddable":true,"href":"https:\/\/www.aesthetica-health.com\/fr\/wp-json\/wp\/v2\/users\/1"}],"replies":[{"embeddable":true,"href":"https:\/\/www.aesthetica-health.com\/fr\/wp-json\/wp\/v2\/comments?post=10199"}],"version-history":[{"count":21,"href":"https:\/\/www.aesthetica-health.com\/fr\/wp-json\/wp\/v2\/pages\/10199\/revisions"}],"predecessor-version":[{"id":11262,"href":"https:\/\/www.aesthetica-health.com\/fr\/wp-json\/wp\/v2\/pages\/10199\/revisions\/11262"}],"up":[{"embeddable":true,"href":"https:\/\/www.aesthetica-health.com\/fr\/wp-json\/wp\/v2\/pages\/10047"}],"wp:attachment":[{"href":"https:\/\/www.aesthetica-health.com\/fr\/wp-json\/wp\/v2\/media?parent=10199"}],"curies":[{"name":"wp","href":"https:\/\/api.w.org\/{rel}","templated":true}]}}