{"id":10201,"date":"2019-02-05T15:46:53","date_gmt":"2019-02-05T14:46:53","guid":{"rendered":"https:\/\/www.aesthetica-health.com\/?page_id=10201"},"modified":"2019-11-16T09:33:23","modified_gmt":"2019-11-16T08:33:23","slug":"lifting-des-testicules-tunisie","status":"publish","type":"page","link":"https:\/\/www.aesthetica-health.com\/fr\/interventions-esthetique-tunisie\/chirurgie-intime-tunisie\/lifting-des-testicules-tunisie\/","title":{"rendered":"Lifting des testicules \u00e0 Nabeul et remodelage du scrotum"},"content":{"rendered":"<p>[vc_row][vc_column][vc_column_text][\/vc_column_text][\/vc_column][\/vc_row][vc_row][vc_column][vc_column_text]<\/p>\n<h2>Lifting des testicules \u00e0 Nabeul : c&#8217;est quoi ?<\/h2>\n<p>Le\u00a0<strong>lifting des testicules \u00e0 Nabeul <\/strong>fait partie des interventions de la\u00a0<a href=\"https:\/\/www.aesthetica-health.com\/interventions-esthetique-tunisie\/chirurgie-intime-tunisie\/\">chirurgie intime<\/a>. Comme son nom l\u2019indique, cette chirurgie vise \u00e0 supprimer l\u2019exc\u00e9dent de peau au niveau des testicules.<\/p>\n<p>Le rel\u00e2chement des testicules se caract\u00e9rise par une distension de la peau qui rend les bourses tombantes. L\u2019op\u00e9ration vise donc un<strong>\u00a0remodelage des bourses<\/strong>. Plus pr\u00e9cis\u00e9ment, le lifting testiculaire permet de\u00a0<strong>retendre le tissu cutan\u00e9 des testicules<\/strong>. Cette chirurgie est aussi bien esth\u00e9tique que fonctionnelle.[\/vc_column_text][\/vc_column][\/vc_row][vc_row][vc_column][\/vc_column][\/vc_row][vc_row][vc_column width=&#8221;1\/3&#8243;]<ul class=\"dt-sc-vertical-nav \"><li><a href=\"#one\">\u00c0 qui s\u2019adresse cette op\u00e9ration<\/a><\/li><li><a href=\"#two\">Avant cette chirurgie esth\u00e9tique<\/a><\/li><li><a href=\"#three\">Comment se d\u00e9roule cette chirurgie esth\u00e9tique<\/a><\/li><li><a href=\"#four\">Les suites op\u00e9ratoires<\/a><\/li><li><a href=\"#five\">Le r\u00e9sultat de l'op\u00e9ration<\/a><\/li><li><a href=\"#six\">Nos tarifs<\/a><\/li><\/ul>[\/vc_column][vc_column width=&#8221;2\/3&#8243;][vc_row_inner el_id=&#8221;one&#8221;][vc_column_inner][vc_column_text]<\/p>\n<h2 class=\"western\">A qui s\u2019adresse Lifting des testicules \u00e0 Nabeul\u00a0 ?<\/h2>\n<p>[\/vc_column_text][vc_column_text]Le <strong>lifting du scrotum \u00e0 Nabeul <\/strong>s\u2019adresse aux hommes qui ont un scrotum ample et peu \u00e9lastique. Cette d\u00e9formation g\u00e9nitale occasionne une g\u00eane esth\u00e9tique et fonctionnelle qui complexe et bloque certains hommes m\u00eame au niveau de leurs relations intimes.<br \/>\nCette malformation touche aussi bien les jeunes hommes que les hommes plus \u00e2g\u00e9s :<\/p>\n<ul>\n<li>Les jeunes hommes qui ont une peau peu \u00e9lastique et qui pr\u00e9matur\u00e9ment ont des testicules tombants sous l&#8217;effet de leurs poids.<\/li>\n<li>Les hommes d&#8217;\u00e2ge m\u00fbr quant \u00e0 eux l&#8217;\u00e9lasticit\u00e9 de leurs testicules se perd avec les ann\u00e9es.<\/li>\n<\/ul>\n<p>[\/vc_column_text][\/vc_column_inner][\/vc_row_inner][vc_row_inner el_id=&#8221;two&#8221;][vc_column_inner][vc_column_text]<\/p>\n<div class=\"wpb_text_column wpb_content_element inherit\">\n<div class=\"wpb_wrapper\">\n<h2>Avant la chirurgie lifting des testicules \u00e0 Nabeul<\/h2>\n<p>L&#8217;examen clinique et sexologique permet d\u2019appr\u00e9cier l\u2019importance de la distension du <strong>sac scrotal<\/strong>. Le volume <strong>des testicules<\/strong> est \u00e9galement appr\u00e9ci\u00e9. Le patient doit exprimer le type et le niveau g\u00eane rencontr\u00e9e.<br \/>\nIl faudra sp\u00e9cifier aussi l\u2019importance de la correction souhait\u00e9e qui devra tenir compte du volume des testicules mais aussi de la longueur de la verge, afin d\u2019obtenir un r\u00e9sultat harmonieux.<\/p>\n<p>Un bilan sanguin devra \u00eatre r\u00e9alis\u00e9 ainsi qu\u2019une \u00e9chographie des testicules. Une consultation anesth\u00e9sique pr\u00e9-op\u00e9ratoire est programm\u00e9e au moins 48 heures avant la chirurgie.<\/p>\n<p>L\u2019arr\u00eat du tabac est vivement recommand\u00e9 ; tout m\u00e9dicament contenant de l\u2019aspirine est proscrit. Un traitement sera prescrit visant \u00e0 \u00e9liminer, pour une p\u00e9riode, toutes les \u00e9rections. Ce dernier sera administr\u00e9 \u00e0 partir de la veille de l\u2019intervention afin d\u2019assurer au patient une cicatrisation en toute qui\u00e9tude.<\/p>\n<\/div>\n<\/div>\n<p>[\/vc_column_text][\/vc_column_inner][\/vc_row_inner][vc_row_inner el_id=&#8221;three&#8221;][vc_column_inner][vc_column_text]<\/p>\n<h2>D\u00e9roulement de votre chirurgie lifting des testicules \u00e0 Nabeul<\/h2>\n<p>Une douche b\u00e9tadin\u00e9e et une toilette intime sont n\u00e9cessaires la veille au soir et le matin de l\u2019intervention. Aucune \u00e9pilation n\u2019est n\u00e9cessaire.\u00a0Un traitement &#8220;anti-\u00e9rection&#8221; est d\u00e9but\u00e9 la veille de l\u2019intervention.<\/p>\n<p>Le rep\u00e9rage des trac\u00e9s est essentiel et il est effectu\u00e9 en salle d\u2019op\u00e9ration sur le patient debout.<br \/>\nLes incisions se feront horizontalement, dans un repli du scrotum, et surtout dans sa partie la plus d\u00e9clive.<br \/>\nLe lifting du scrotum est le plus souvent pratiqu\u00e9 sous neuroleptanalg\u00e9sie ou anesth\u00e9sie vigile (anesth\u00e9sie locale approfondie par des tranquillisants administr\u00e9s par voie intra-veineuse).\u00a0Une anesth\u00e9sie g\u00e9n\u00e9rale est \u00e9galement possible.<\/p>\n<p>L\u2019incision suit le trac\u00e9 des r\u00e9sections cutan\u00e9es afin de remonter les testicules sans exc\u00e8s. Une h\u00e9mostase soigneuse est indispensable. Les sutures sont faites en deux plans au fil r\u00e9sorbable.\u00a0Un pansement est appliqu\u00e9, doubl\u00e9 d\u2019un suspensoir.\u00a0L\u2019intervention dure entre 45 \u00e0 50 minutes.<br \/>\nLa chirurgie est pratiqu\u00e9e en ambulatoire c\u2019est-\u00e0-dire avec une sortie le jour m\u00eame apr\u00e8s quelques heures de repos.[\/vc_column_text][\/vc_column_inner][\/vc_row_inner][vc_row_inner el_id=&#8221;four&#8221;][vc_column_inner][vc_column_text]<\/p>\n<h2>Les suites op\u00e9ratoires de lifting testicules Nabeul<\/h2>\n<p>Le retrait du pansement se fait le jour suivant. Les douleurs op\u00e9ratoires sont mod\u00e9r\u00e9es voir quasiment inexistantes. Il est possible qu\u2019apparaissent des ecchymoses ainsi qu\u2019un l\u00e9ger \u0153d\u00e8me. D\u00e8s le lendemain, une douche est possible ; il est d&#8217;ailleurs n\u00e9cessaire garder une bonne hygi\u00e8ne intime. Des compresses prot\u00e8gent les cicatrices. Le patient devra porter pendant 1 mois une protection. Un arr\u00eat de travail n\u2019est pas n\u00e9cessaire. Sauf pour ceux qui ont une activit\u00e9 professionnelle assez physique. La reprise du sport peut se faire apr\u00e8s 1 mois. Quant aux rapports sexuels, il est possible de les avoir apr\u00e8s 2 semaines.[\/vc_column_text][\/vc_column_inner][\/vc_row_inner][vc_row_inner el_id=&#8221;five&#8221;][vc_column_inner][vc_column_text]<\/p>\n<h2>Le r\u00e9sultat d\u2019un lifting testicules Nabeul<\/h2>\n<p>Les attentes sont au-del\u00e0 de l\u2019am\u00e9lioration physique des bourses, le patient aura une sensation de confort et une meilleure estime de soi. Les r\u00e9sultats de la scrotoplastie sont naturels et esth\u00e9tiques. En plus, le\u00a0<strong>lifting du scrotum<\/strong>\u00a0permet de rendre plus agr\u00e9able les rapports sexuels et les am\u00e9liore.[\/vc_column_text][\/vc_column_inner][\/vc_row_inner][vc_row_inner el_id=&#8221;six&#8221;][vc_column_inner][vc_column_text]<\/p>\n<h2>Prix lifting testicules Nabeul<\/h2>\n<p>Les tarifs\u00a0de La\u00a0<strong>chirurgie esth\u00e9tique\u00a0lifting testicules<\/strong>\u00a0affich\u00e9s ne comprennent que les frais de l\u2019intervention et non les frais du s\u00e9jour.<\/p>\n<p>Pour une tarification exacte merci de nous faire parvenir votre <a href=\"https:\/\/www.aesthetica-health.com\/chirurgie-esthetique-en-tunisie-demande-de-devis-gratuit\/\">demande de devis<\/a>.[\/vc_column_text][\/vc_column_inner][\/vc_row_inner][\/vc_column][\/vc_row][vc_row][vc_column][vc_column_text][\/vc_column_text][\/vc_column][\/vc_row] <\/p>","protected":false},"excerpt":{"rendered":"<p>[vc_row][vc_column][vc_column_text][\/vc_column_text][\/vc_column][\/vc_row][vc_row][vc_column][vc_column_text] Lifting des testicules \u00e0 Nabeul : c&#8217;est quoi ? Le\u00a0lifting des testicules \u00e0 Nabeul fait partie des interventions de la\u00a0chirurgie intime. Comme son nom l\u2019indique, cette chirurgie vise \u00e0 supprimer l\u2019exc\u00e9dent de peau au niveau des testicules. Le rel\u00e2chement des testicules se caract\u00e9rise par une distension de la peau qui rend les bourses tombantes. [&hellip;]<\/p>\n","protected":false},"author":1,"featured_media":0,"parent":10059,"menu_order":0,"comment_status":"closed","ping_status":"closed","template":"","meta":[],"_links":{"self":[{"href":"https:\/\/www.aesthetica-health.com\/fr\/wp-json\/wp\/v2\/pages\/10201"}],"collection":[{"href":"https:\/\/www.aesthetica-health.com\/fr\/wp-json\/wp\/v2\/pages"}],"about":[{"href":"https:\/\/www.aesthetica-health.com\/fr\/wp-json\/wp\/v2\/types\/page"}],"author":[{"embeddable":true,"href":"https:\/\/www.aesthetica-health.com\/fr\/wp-json\/wp\/v2\/users\/1"}],"replies":[{"embeddable":true,"href":"https:\/\/www.aesthetica-health.com\/fr\/wp-json\/wp\/v2\/comments?post=10201"}],"version-history":[{"count":30,"href":"https:\/\/www.aesthetica-health.com\/fr\/wp-json\/wp\/v2\/pages\/10201\/revisions"}],"predecessor-version":[{"id":11944,"href":"https:\/\/www.aesthetica-health.com\/fr\/wp-json\/wp\/v2\/pages\/10201\/revisions\/11944"}],"up":[{"embeddable":true,"href":"https:\/\/www.aesthetica-health.com\/fr\/wp-json\/wp\/v2\/pages\/10059"}],"wp:attachment":[{"href":"https:\/\/www.aesthetica-health.com\/fr\/wp-json\/wp\/v2\/media?parent=10201"}],"curies":[{"name":"wp","href":"https:\/\/api.w.org\/{rel}","templated":true}]}}