{"id":10206,"date":"2019-02-05T16:00:11","date_gmt":"2019-02-05T15:00:11","guid":{"rendered":"https:\/\/www.aesthetica-health.com\/?page_id=10206"},"modified":"2019-11-16T09:32:11","modified_gmt":"2019-11-16T08:32:11","slug":"penoplastie-tunisie-agrandissement-penis","status":"publish","type":"page","link":"https:\/\/www.aesthetica-health.com\/fr\/interventions-esthetique-tunisie\/chirurgie-intime-tunisie\/penoplastie-tunisie-agrandissement-penis\/","title":{"rendered":"P\u00e9noplastie Nabeul : chirurgie agrandissement et \u00e9largissement du p\u00e9nis"},"content":{"rendered":"<p>[vc_row][vc_column][vc_column_text][\/vc_column_text][\/vc_column][\/vc_row][vc_row][vc_column][vc_column_text]<\/p>\n<h2>P\u00e9noplastie \u00e0 Nabeul : c&#8217;est quoi ?<\/h2>\n<p><strong>P\u00e9noplastie \u00e0 Nabeul<\/strong>\u00a0ou phalloplastie est une <a href=\"https:\/\/www.aesthetica-health.com\/interventions-esthetique-tunisie\/medecine-esthetique-tunisie\/\">chirurgie intime<\/a> qui permet d&#8217;agrandir le p\u00e9nis (augmenter le diam\u00e8tre du p\u00e9nis) ou de l&#8217;allonger (augmenter la longueur p\u00e9nienne). \u00a0La\u00a0<strong>chirurgie esth\u00e9tique du p\u00e9nis \u00e0 Nabeul<\/strong>\u00a0permet d\u2019augmenter de fa\u00e7on fiable et naturelle les dimensions du sexe masculin, et fait aujourd\u2019hui l\u2019objet d\u2019une demande croissante.[\/vc_column_text][\/vc_column][\/vc_row][vc_row][vc_column][\/vc_column][\/vc_row][vc_row][vc_column width=&#8221;1\/3&#8243;]<ul class=\"dt-sc-vertical-nav \"><li><a href=\"#one\">\u00c0 qui s\u2019adresse cette op\u00e9ration<\/a><\/li><li><a href=\"#two\">Avant cette chirurgie esth\u00e9tique<\/a><\/li><li><a href=\"#three\">Comment se d\u00e9roule cette chirurgie esth\u00e9tique<\/a><\/li><li><a href=\"#four\">Les suites op\u00e9ratoires<\/a><\/li><li><a href=\"#five\">Le r\u00e9sultat de l'op\u00e9ration<\/a><\/li><li><a href=\"#six\">Nos tarifs<\/a><\/li><\/ul>[\/vc_column][vc_column width=&#8221;2\/3&#8243;][vc_row_inner el_id=&#8221;one&#8221;][vc_column_inner][vc_column_text]<\/p>\n<h2 class=\"western\">A qui s\u2019adresse Chirurgie intime homme : P\u00e9noplastie \u00e0 Nabeul ?<\/h2>\n<p>[\/vc_column_text][vc_column_text]Les hommes qui ont recours \u00e0 <strong>la p\u00e9noplastie<\/strong> ou <strong>la chirurgie esth\u00e9tique de la verge<\/strong>, ce sont tous ceux qui souffrent d\u2019une g\u00eane affectant leur vie intime et sexuelle \u00e0 cause du manque de longueur ou d\u2019\u00e9paisseur de la verge associ\u00e9e \u00e0 un sentiment de malaise en ce qui concerne leur vie sociale dit le &#8220;syndrome du vestiaire&#8221; fr\u00e9quent chez les hommes qui ont des probl\u00e8mes \u00e0 s&#8217;afficher nus devant d&#8217;autres personnes par peur de moqueries ou d&#8217;\u00eatre peu viril.[\/vc_column_text][\/vc_column_inner][\/vc_row_inner][vc_row_inner el_id=&#8221;two&#8221;][vc_column_inner][vc_column_text]<\/p>\n<div class=\"wpb_text_column wpb_content_element inherit\">\n<div class=\"wpb_wrapper\">\n<h2>Avant la chirurgie intime homme : P\u00e9noplastie Nabeul<\/h2>\n<p>Avant d\u2019\u00eatre op\u00e9r\u00e9, le patient devra faire une consultation pr\u00e9op\u00e9ratoire et effectuer un bilan complet. Il est \u00e9galement d\u00e9conseill\u00e9 de prendre de l\u2019aspirine les dix jours qui pr\u00e9c\u00e9dent l\u2019intervention d\u2019agrandissement ou d&#8217;allongement de la verge et il est primordial d&#8217;arr\u00eater de fumer un mois avant et deux mois apr\u00e8s l\u2019op\u00e9ration.<\/p>\n<\/div>\n<\/div>\n<p>[\/vc_column_text][\/vc_column_inner][\/vc_row_inner][vc_row_inner el_id=&#8221;three&#8221;][vc_column_inner][vc_column_text]<\/p>\n<h2>D\u00e9roulement de votre chirurgie intime homme : P\u00e9noplastie Nabeul<\/h2>\n<h3>P\u00e9noplastie Nabeul : D\u00e9roulement grossissement de la verge<\/h3>\n<p>La premi\u00e8re \u00e9tape est le pr\u00e9l\u00e8vement de la graisse gr\u00e2ce \u00e0 une fine canule, au niveau du ventre ou des cuisses, en fonction des r\u00e9serves de graisse disponibles du patient.<\/p>\n<p>La graisse est ensuite nettoy\u00e9e, centrifug\u00e9e et pr\u00e9par\u00e9e dans des seringues. Puis elle est r\u00e9inject\u00e9e au travers de petites incisions situ\u00e9es \u00e0 la base de la verge et sous le gland. Cette injection se fait sous la peau, en petites quantit\u00e9s, diss\u00e9min\u00e9es de fa\u00e7on harmonieuse afin que le maximum de tissu graisseux survive. Le lipofilling est une m\u00e9thode d\u00e9finitive, cependant les cellules de graisses r\u00e9inject\u00e9es sont sensibles aux variations pond\u00e9rales du patient, et il est conseill\u00e9 d\u2019avoir une stabilit\u00e9 de son poids. Le gland n\u2019est pas modifi\u00e9 par l\u2019intervention. \u00c0 la fin de l\u2019intervention, le chirurgien applique un l\u00e9ger pansement sur le p\u00e9nis. L\u2019intervention dure en moyenne entre 1 heure \u00e0 1h et 1\/2.<\/p>\n<h3>\u00a0P\u00e9noplastie Nabeul : D\u00e9roulement allongement de la verge<\/h3>\n<p>Le trac\u00e9 incision est situ\u00e9 au niveau du pubis. Selon les cas, il peut \u00eatre en Z ou en Y invers\u00e9. La dissection se fait sous la peau jusqu\u2019\u00e0 atteindre l\u2019os iliaque, puis le ligament suspenseur est coup\u00e9. La cicatrice sera referm\u00e9e en utilisant des points r\u00e9sorbables ou bien non r\u00e9sorbables qui seront retir\u00e9s entre 7 et 10 jours.<\/p>\n<p>Un pansement l\u00e9ger sera mis en place sur la cicatrice en fin d\u2019intervention. L&#8217;allongement de la verge sera en longueur de 3 \u00e0 6 cm cela va d\u00e9pendre des conditions anatomiques de l&#8217;individu au cours de l\u2019op\u00e9ration. C&#8217;est pourquoi, il est difficile de le pr\u00e9voir le r\u00e9sultat avant l\u2019intervention.<\/p>\n<p>Le p\u00e9nis lors de la P\u00e9noplastie sera bien allong\u00e9 \u00e0 l\u2019\u00e9tat flaccide (au repos), en \u00e9rection le gain sera mod\u00e9r\u00e9, voire nul. L\u2019intervention dure \u00e9galement de 1 heure \u00e0 1 h et 1\/2.<\/p>\n<p>Ces interventions sont pratiqu\u00e9es le plus souvent sous anesth\u00e9sie loco r\u00e9gionale, ou g\u00e9n\u00e9rale avec une hospitalisation n\u00e9cessitant pas plus de 24 heures.[\/vc_column_text][\/vc_column_inner][\/vc_row_inner][vc_row_inner el_id=&#8221;four&#8221;][vc_column_inner][vc_column_text]<\/p>\n<h2>Les suites op\u00e9ratoires de la chirurgie intime homme : P\u00e9noplastie \u00e0 Nabeul<\/h2>\n<p>La cicatrice de la <strong>p\u00e9noplastie<\/strong> est quasi invisible puisqu&#8217;elle se situe au niveau de la partie pubienne. Cette\u00a0<strong>chirurgie intime de l\u2019homme\u00a0<\/strong>n\u2019a pas de r\u00e9percussions sur la fonctionne urinaire du p\u00e9nis.<\/p>\n<p>Il est possible d\u2019avoir des \u0153d\u00e8mes et des ecchymoses qui dispara\u00eetront quelques temps apr\u00e8s. Le patient pourra ressentir des douleurs qui seront att\u00e9nu\u00e9es par la prise d\u2019antalgiques prescrits par le chirurgien, quant aux activit\u00e9s sexuelles, elles devront \u00eatre reprises progressivement au bout d\u2019un mois.<\/p>\n<p>La pratique du sport doit \u00e9galement \u00eatre reprise seulement apr\u00e8s un mois. Une visite postop\u00e9ratoire est obligatoire pour v\u00e9rifier le processus de gu\u00e9rison.[\/vc_column_text][\/vc_column_inner][\/vc_row_inner][vc_row_inner el_id=&#8221;five&#8221;][vc_column_inner][vc_column_text]<\/p>\n<h2>Le r\u00e9sultat P\u00e9noplastie \u00e0 Nabeul<\/h2>\n<p>Les r\u00e9sultats de la <strong>p\u00e9noplastie<\/strong> sont g\u00e9n\u00e9ralement tr\u00e8s satisfaisants et durables. L\u2019aspect final du p\u00e9nis est appr\u00e9ciable \u00e0 partir de 3 mois apr\u00e8s l\u2019intervention.<\/p>\n<p>L\u2019<strong>augmentation p\u00e9niale<\/strong> varie donc de 3 \u00e0 4 cm \u00e0 peu pr\u00e8s, ce qui permet au patient de reprendre confiance en lui, oublier ses complexes et avoir une\u00a0<strong>vie sexuelle plus \u00e9panouie<\/strong>.[\/vc_column_text][\/vc_column_inner][\/vc_row_inner][vc_row_inner el_id=&#8221;six&#8221;][vc_column_inner][vc_column_text]<\/p>\n<h2>Prix P\u00e9noplastie Nabeul<\/h2>\n<p>Les tarifs\u00a0de <strong>La chirurgie intime homme : P\u00e9noplastie Nabeul <\/strong>affich\u00e9s ne comprennent que\u00a0 \u00a0les frais de l\u2019intervention et non les frais du s\u00e9jour.<\/p>\n<p>Pour une tarification exacte merci de nous faire parvenir votre demande de devis.[\/vc_column_text][\/vc_column_inner][\/vc_row_inner][\/vc_column][\/vc_row][vc_row][vc_column][vc_column_text][\/vc_column_text][\/vc_column][\/vc_row] <\/p>","protected":false},"excerpt":{"rendered":"<p>[vc_row][vc_column][vc_column_text][\/vc_column_text][\/vc_column][\/vc_row][vc_row][vc_column][vc_column_text] P\u00e9noplastie \u00e0 Nabeul : c&#8217;est quoi ? P\u00e9noplastie \u00e0 Nabeul\u00a0ou phalloplastie est une chirurgie intime qui permet d&#8217;agrandir le p\u00e9nis (augmenter le diam\u00e8tre du p\u00e9nis) ou de l&#8217;allonger (augmenter la longueur p\u00e9nienne). \u00a0La\u00a0chirurgie esth\u00e9tique du p\u00e9nis \u00e0 Nabeul\u00a0permet d\u2019augmenter de fa\u00e7on fiable et naturelle les dimensions du sexe masculin, et fait aujourd\u2019hui l\u2019objet d\u2019une [&hellip;]<\/p>\n","protected":false},"author":1,"featured_media":0,"parent":10059,"menu_order":0,"comment_status":"closed","ping_status":"closed","template":"","meta":[],"_links":{"self":[{"href":"https:\/\/www.aesthetica-health.com\/fr\/wp-json\/wp\/v2\/pages\/10206"}],"collection":[{"href":"https:\/\/www.aesthetica-health.com\/fr\/wp-json\/wp\/v2\/pages"}],"about":[{"href":"https:\/\/www.aesthetica-health.com\/fr\/wp-json\/wp\/v2\/types\/page"}],"author":[{"embeddable":true,"href":"https:\/\/www.aesthetica-health.com\/fr\/wp-json\/wp\/v2\/users\/1"}],"replies":[{"embeddable":true,"href":"https:\/\/www.aesthetica-health.com\/fr\/wp-json\/wp\/v2\/comments?post=10206"}],"version-history":[{"count":14,"href":"https:\/\/www.aesthetica-health.com\/fr\/wp-json\/wp\/v2\/pages\/10206\/revisions"}],"predecessor-version":[{"id":11260,"href":"https:\/\/www.aesthetica-health.com\/fr\/wp-json\/wp\/v2\/pages\/10206\/revisions\/11260"}],"up":[{"embeddable":true,"href":"https:\/\/www.aesthetica-health.com\/fr\/wp-json\/wp\/v2\/pages\/10059"}],"wp:attachment":[{"href":"https:\/\/www.aesthetica-health.com\/fr\/wp-json\/wp\/v2\/media?parent=10206"}],"curies":[{"name":"wp","href":"https:\/\/api.w.org\/{rel}","templated":true}]}}