{"id":10208,"date":"2019-02-05T16:06:20","date_gmt":"2019-02-05T15:06:20","guid":{"rendered":"https:\/\/www.aesthetica-health.com\/?page_id=10208"},"modified":"2019-07-18T11:06:45","modified_gmt":"2019-07-18T09:06:45","slug":"chirurgie-intime-femmes-tunisie","status":"publish","type":"page","link":"https:\/\/www.aesthetica-health.com\/fr\/interventions-esthetique-tunisie\/chirurgie-intime-tunisie\/chirurgie-intime-femmes-tunisie\/","title":{"rendered":"Chirurgie Intime Femmes Nabeul : chirurgie r\u00e9paratrice et esth\u00e9tique"},"content":{"rendered":"<p>[vc_row][vc_column][vc_column_text][\/vc_column_text][\/vc_column][\/vc_row][vc_row][vc_column][vc_column_text]<\/p>\n<h2>Chirurgie Intime Femmes Nabeul : c&#8217;est quoi ?<\/h2>\n<p>L\u2019ensemble des interventions de <strong>chirurgie Intime Femmes Nabeul<\/strong>\u00a0ont pour but d\u2019am\u00e9liorer l\u2019\u00e9tat de la vulve de la femme et redonner \u00e0 la patiente plus de confiance en soi. <strong>La chirurgie Intime Femmes Nabeul <\/strong>correspond \u00e0 de la chirurgie r\u00e9paratrice et \u00e0 de la <strong>chirurgie esth\u00e9tique<\/strong> des organes g\u00e9nitaux externes.[\/vc_column_text][\/vc_column][\/vc_row][vc_row][vc_column][\/vc_column][\/vc_row][vc_row][vc_column width=&#8221;1\/3&#8243;]<ul class=\"dt-sc-vertical-nav \"><li><a href=\"#one\">Les interventions <\/a><\/li><li><a href=\"#six\">Nos tarifs<\/a><\/li><\/ul>[\/vc_column][vc_column width=&#8221;2\/3&#8243;][vc_row_inner el_id=&#8221;one&#8221;][vc_column_inner][vc_column_text][\/vc_column_text][vc_column_text]<\/p>\n<h2><\/h2>\n<h2 class=\"nocaps\">Les principales interventions chirurgie intime femmes \u00e0 Nabeul<\/h2>\n<h3 class=\"nocaps\">Hym\u00e9noplastie<\/h3>\n<p>L&#8217;hym\u00e9noplastie est la reconstruction chirurgicale d\u00e9finitive de l&#8217;hymen apr\u00e8s sa rupture (hymen d\u00e9chir\u00e9).<\/p>\n<div class=\"clearfix divider_line_small\"><\/div>\n<h3 class=\"nocaps\">Nymphoplastie<\/h3>\n<p>Appel\u00e9e aussi : <strong>labiaplastie<\/strong> ou <strong>labioplastie<\/strong> ; Cette plastie permet la r\u00e9duction de la taille des petites l\u00e8vres qui, hypertrophi\u00e9es, provoquent chez les femmes et les jeunes filles des g\u00eanes esth\u00e9tiques et physiques qui leur limitent l\u2019acc\u00e8s aux nouvelles tendances vestimentaires et perturbent leur vie sentimentale et sexuelle.<\/p>\n<div class=\"center\"><\/div>\n<h3 class=\"nocaps\">Vaginoplastie<\/h3>\n<p>L&#8217;intervention vise \u00e0 restituer la taille initiale du vagin surtout chez les femmes qui ont eu plusieurs accouchements par voies naturelles. L\u2019intervention dite r\u00e9paratrice r\u00e9tr\u00e9cie le vagin.<\/p>\n<div class=\"center\"><\/div>\n<h3 class=\"nocaps\">R\u00e9duction du Mont Venus<\/h3>\n<p>La graisse localis\u00e9e au niveau du pubis donne un aspect masculin dans certains v\u00eatements (maillots de bain, jean serr\u00e9). La\u00a0<a href=\"https:\/\/www.aesthetica-health.com\/interventions-esthetique-tunisie\/chirurgie-silhouette-tunisie\/liposuccion-tunisie\/\">liposuccion<\/a>\u00a0du pubis permet de corriger cette disgr\u00e2ce par une intervention sous anesth\u00e9sie locale. La r\u00e9duction du Mont Venus peut \u00eatre associ\u00e9e \u00e0 d&#8217;autres intervention tel que l&#8217;<a href=\"https:\/\/www.aesthetica-health.com\/interventions-esthetique-tunisie\/chirurgie-silhouette-tunisie\/abdominoplastie-tunisie\/\">abdominoplastie<\/a>.<\/p>\n<div class=\"center\"><\/div>\n<h3 class=\"nocaps\">R\u00e9duction des grandes l\u00e8vres<\/h3>\n<p>L\u2019anatomie des grandes l\u00e8vres chez la femme peut \u00eatre caus\u00e9e par les accouchements successifs en r\u00e9sulte une hypertrophie inesth\u00e9tique et parfois handicapante. La chirurgie intime permet gr\u00e2ce \u00e0 la technique de la liposuccion et \u00e0 la r\u00e9duction chirurgicale de redonner aux grande l\u00e8vres leur anatomie d\u2019origine.<\/p>\n<h3 class=\"nocaps\">Augmentation du point G par injection AH<\/h3>\n<p>La baisse de la libido est aussi un probl\u00e8me f\u00e9minin et peut survenir \u00e0 tout \u00e0 \u00e2ge. C&#8217;est une diminution de l\u2019app\u00e9tit sexuel, une baisse des sensations sexuelles ou des difficult\u00e9s \u00e0 avoir des orgasmes. Pour traiter ce probl\u00e8me, la chirurgie intime propose l\u2019<a href=\"https:\/\/www.aesthetica-health.com\/interventions-esthetique-tunisie\/medecine-esthetique-tunisie\/acide-hyaluronique-tunisie\/\">injection d\u2019acide hyaluronique<\/a>, un produit naturel r\u00e9sorbable, au niveau du point G pour en augmenter la sensibilit\u00e9 sexuelle de cette zone et procurer du plaisir \u00e0 la personne.<\/p>\n<h3 class=\"nocaps\">R\u00e9duction du capuchon clitoridien<\/h3>\n<p>Chez certaines femmes, le capuchon clitoridien ou pr\u00e9puce clitoridien (qui est constitu\u00e9e de peau : entoure et prot\u00e8ge le gland clitoris) est sur-d\u00e9velopp\u00e9 et peut recouvrir le clitoris ; Ce qui va cr\u00e9er une g\u00eane esth\u00e9tique et intime. Cette disgr\u00e2ce d\u2019ordre anatomique affecte la sensibilit\u00e9 lors des rapports sexuels et cause des complexes \u00e0 l&#8217;apparence de cette zone sous le maillot ou une hypersensibilit\u00e9 lors du port des v\u00eatements serr\u00e9s. En chirurgie intime le recours \u00e0 la r\u00e9duction du capuchon permet aux femmes de jouir au maximum de leurs rapports sexuels (favorise l\u2019orgasme).<\/p>\n<h3 class=\"nocaps\">Plastie abdominale<\/h3>\n<p>Le rel\u00e2chement du tablier abdominal qui survient apr\u00e8s plusieurs grossesses et\/ou une forte prise de poids peut cr\u00e9er des d\u00e9sagr\u00e9ments au niveau des rapports intimes. Pour rem\u00e9dier \u00e0 cet exc\u00e8s de peau et de graisse, la chirurgie intime fait appel \u00e0 la\u00a0<a href=\"https:\/\/www.aesthetica-health.com\/interventions-esthetique-tunisie\/chirurgie-silhouette-tunisie\/abdominoplastie-tunisie\/\">plastie abdominale ou dermolipectomie<\/a>\u00a0comme solution d\u00e9finitive \u00e0 ce probl\u00e8me.<\/p>\n<h3 class=\"nocaps\">Injection de Graisse dans les grandes l\u00e8vres<\/h3>\n<p>Chez certaines patientes les grandes l\u00e8vres sont atrophi\u00e9es ou invivables. Gr\u00e2ce \u00e0 la technique du <a href=\"https:\/\/www.aesthetica-health.com\/interventions-esthetique-tunisie\/chirurgie-silhouette-tunisie\/lipofilling-fesses-tunisie\/\">lipofilling<\/a> ou\u00a0<a href=\"https:\/\/www.aesthetica-health.com\/interventions-esthetique-tunisie\/chirurgie-silhouette-tunisie\/lipofilling-fesses-tunisie\/\">injection de graisse autologue<\/a>, il est possible de redonner forme aux grandes l\u00e8vres et augmenter leur forme.<\/p>\n<h3 class=\"nocaps\">Traitement du vaginisme et des douleurs de la vulve<\/h3>\n<p>L\u2019injection de la toxine botulique permet de r\u00e9duire et faire dispara\u00eetre les contractions involontaires tr\u00e8s douloureuses des muscles du p\u00e9rin\u00e9e et du vagin bloquant tous rapports sexuels.[\/vc_column_text][\/vc_column_inner][\/vc_row_inner][vc_row_inner el_id=&#8221;six&#8221;][vc_column_inner][vc_column_text]<\/p>\n<h2>Le Prix de la Chirurgie Intime Femme \u00e0 Nabeul<\/h2>\n<p>Les tarifs\u00a0de la<strong> Chirurgie Intime Femme \u00e0 Nabeul<\/strong>\u00a0affich\u00e9s ne comprennent que les frais de l\u2019intervention et non les frais du s\u00e9jour.<\/p>\n<p>Pour une tarification exacte merci de nous faire parvenir votre <a href=\"https:\/\/www.aesthetica-health.com\/chirurgie-esthetique-en-tunisie-demande-de-devis-gratuit\/\">demande de devis<\/a>.[\/vc_column_text][\/vc_column_inner][\/vc_row_inner][\/vc_column][\/vc_row][vc_row][vc_column][vc_column_text][\/vc_column_text][\/vc_column][\/vc_row] <\/p>","protected":false},"excerpt":{"rendered":"<p>[vc_row][vc_column][vc_column_text][\/vc_column_text][\/vc_column][\/vc_row][vc_row][vc_column][vc_column_text] Chirurgie Intime Femmes Nabeul : c&#8217;est quoi ? L\u2019ensemble des interventions de chirurgie Intime Femmes Nabeul\u00a0ont pour but d\u2019am\u00e9liorer l\u2019\u00e9tat de la vulve de la femme et redonner \u00e0 la patiente plus de confiance en soi. La chirurgie Intime Femmes Nabeul correspond \u00e0 de la chirurgie r\u00e9paratrice et \u00e0 de la chirurgie esth\u00e9tique des [&hellip;]<\/p>\n","protected":false},"author":1,"featured_media":0,"parent":10059,"menu_order":0,"comment_status":"closed","ping_status":"closed","template":"","meta":[],"_links":{"self":[{"href":"https:\/\/www.aesthetica-health.com\/fr\/wp-json\/wp\/v2\/pages\/10208"}],"collection":[{"href":"https:\/\/www.aesthetica-health.com\/fr\/wp-json\/wp\/v2\/pages"}],"about":[{"href":"https:\/\/www.aesthetica-health.com\/fr\/wp-json\/wp\/v2\/types\/page"}],"author":[{"embeddable":true,"href":"https:\/\/www.aesthetica-health.com\/fr\/wp-json\/wp\/v2\/users\/1"}],"replies":[{"embeddable":true,"href":"https:\/\/www.aesthetica-health.com\/fr\/wp-json\/wp\/v2\/comments?post=10208"}],"version-history":[{"count":17,"href":"https:\/\/www.aesthetica-health.com\/fr\/wp-json\/wp\/v2\/pages\/10208\/revisions"}],"predecessor-version":[{"id":11258,"href":"https:\/\/www.aesthetica-health.com\/fr\/wp-json\/wp\/v2\/pages\/10208\/revisions\/11258"}],"up":[{"embeddable":true,"href":"https:\/\/www.aesthetica-health.com\/fr\/wp-json\/wp\/v2\/pages\/10059"}],"wp:attachment":[{"href":"https:\/\/www.aesthetica-health.com\/fr\/wp-json\/wp\/v2\/media?parent=10208"}],"curies":[{"name":"wp","href":"https:\/\/api.w.org\/{rel}","templated":true}]}}