{"id":10211,"date":"2019-02-05T16:20:55","date_gmt":"2019-02-05T15:20:55","guid":{"rendered":"https:\/\/www.aesthetica-health.com\/?page_id=10211"},"modified":"2019-11-16T09:34:42","modified_gmt":"2019-11-16T08:34:42","slug":"sleeve-gastrectomie-tunisie","status":"publish","type":"page","link":"https:\/\/www.aesthetica-health.com\/fr\/interventions-esthetique-tunisie\/chirurgie-dobesite-tunisie\/sleeve-gastrectomie-tunisie\/","title":{"rendered":"Sleeve gastrique Nabeul : sleeve gastrectomie IMC \u2265 30, reduction estomac Nabeul"},"content":{"rendered":"<p>[vc_row][vc_column][vc_column_text][\/vc_column_text][\/vc_column][\/vc_row][vc_row][vc_column][vc_column_text]<\/p>\n<h2>Sleeve gastrique Nabeul : c&#8217;est quoi ?<\/h2>\n<p>La <strong>Sleeve gastrique<\/strong> (<strong>Sleeve Nabeul<\/strong>) est une chirurgie qui permet de r\u00e9duire l&#8217;estomac d&#8217;environ 2\/3 pour former un &#8220;tube&#8221; ; cette technique est appel\u00e9e &#8220;<strong>gastroplastie verticale<\/strong>&#8221; celle-ci permet de ralentir le passage de la nourriture jusqu&#8217;au l&#8217;intestin gr\u00eale. Ce nouveau circuit alimentaire augmente la sensation de sati\u00e9t\u00e9 chez le patient d&#8217;o\u00f9 une r\u00e9duction des aliments ingurgit\u00e9s. Tout cela va permettre de r\u00e9duire consid\u00e9rablement le poids de la personne op\u00e9r\u00e9e.<\/p>\n<p>La <strong>Sleeve gastrique<\/strong> reste l&#8217;une des <a href=\"https:\/\/www.aesthetica-health.com\/interventions-esthetique-tunisie\/chirurgie-dobesite-tunisie\/\"><strong>chirurgies d&#8217;ob\u00e9sit\u00e9<\/strong><\/a> que pr\u00e9f\u00e8rent le plus les patients qui n&#8217;ont pas pu r\u00e9duire leur poids par les techniques classiques (r\u00e9gime alimentaire, sport, &#8230;).[\/vc_column_text][\/vc_column][\/vc_row][vc_row][vc_column][\/vc_column][\/vc_row][vc_row][vc_column width=&#8221;1\/3&#8243;]<ul class=\"dt-sc-vertical-nav \"><li><a href=\"#one\">\u00c0 qui s\u2019adresse cette op\u00e9ration<\/a><\/li><li><a href=\"#two\">Avant cette chirurgie esth\u00e9tique<\/a><\/li><li><a href=\"#three\">Comment se d\u00e9roule cette chirurgie esth\u00e9tique<\/a><\/li><li><a href=\"#four\">Les suites op\u00e9ratoires<\/a><\/li><li><a href=\"#five\">Le r\u00e9sultat de l'op\u00e9ration<\/a><\/li><li><a href=\"#six\">Nos tarifs<\/a><\/li><\/ul>[\/vc_column][vc_column width=&#8221;2\/3&#8243;][vc_row_inner el_id=&#8221;one&#8221;][vc_column_inner][vc_column_text]<\/p>\n<h2>Sleeve gastrique Nabeul : Qui peut en b\u00e9n\u00e9ficier ?<\/h2>\n<p>[\/vc_column_text][vc_column_text]Cette\u00a0chirurgie digestive\u00a0est recommand\u00e9e pour les personnes pr\u00e9sentant une ob\u00e9sit\u00e9 s\u00e9v\u00e8re avec un IMC (Indice de la Masse Corporelle) sup\u00e9rieur \u00e0 40, dans le cas de maladie cardiaque, d&#8217;apn\u00e9e du sommeil ou de diab\u00e8te de type II, &#8230; n&#8217;ayant pas pu r\u00e9duire leur poids avec des r\u00e9gimes classiques.[\/vc_column_text][\/vc_column_inner][\/vc_row_inner][vc_row_inner el_id=&#8221;two&#8221;][vc_column_inner][vc_column_text]<\/p>\n<div class=\"wpb_text_column wpb_content_element inherit\">\n<div class=\"wpb_wrapper\">\n<h2>Avant la Sleeve gastrique Nabeul<\/h2>\n<p>Une consultation pr\u00e9op\u00e9ratoire sera programm\u00e9e avec le chirurgien, le m\u00e9decin anesth\u00e9siste et le patient afin de pr\u00e9parer un dossier m\u00e9dical complet contenant un bilan sanguin, un \u00e9lectrocardiogramme, une endoscopie \u0153sogastroduod\u00e9nale et des \u00e9chographies cardiaque et abdominale.<\/p>\n<\/div>\n<\/div>\n<p>[\/vc_column_text][\/vc_column_inner][\/vc_row_inner][vc_row_inner el_id=&#8221;three&#8221;][vc_column_inner][vc_column_text]<\/p>\n<h2>Sleeve gastrique Nabeul : l&#8217;intervention<\/h2>\n<p>L&#8217;op\u00e9ration dure en moyenne 2 h et elle est sous anesth\u00e9sie g\u00e9n\u00e9rale. Le chirurgien va effectuer au moins 4 incisions au niveau de l&#8217;abdomen et \u00e0 travers ces incision il va proc\u00e9der \u00e0 la <strong>gastrectomie verticale<\/strong> et retirer 2\/3 de l&#8217;estomac pour former un &#8220;tube&#8221; : le nouveau passage de la nourriture. A la fin de l&#8217;op\u00e9ration un pansement sera mis sur l&#8217;abdomen du patient.<\/p>\n<p>Le patient devra \u00eatre hospitalis\u00e9 pendant 6 jours pour un meilleur suivit et contr\u00f4le m\u00e9dical r\u00e9gulier.[\/vc_column_text][\/vc_column_inner][\/vc_row_inner][vc_row_inner el_id=&#8221;four&#8221;][vc_column_inner][vc_column_text]<\/p>\n<h2>Les suites op\u00e9ratoires de Sleeve \u00e0 Nabeul<\/h2>\n<p>Des douleurs peuvent-\u00eatre ressentis suite \u00e0 l&#8217;op\u00e9ration, c&#8217;est pourquoi il sera administr\u00e9 des s\u00e9datifs par injection intradermique durant la semaine qui suit l&#8217;intervention.\u00a0Le pansement sera chang\u00e9 chaque 2 jours pendant quelques jours.<\/p>\n<p>L&#8217;alimentation devra \u00eatre reprise progressivement selon un r\u00e9gime alimentaire et un programme bien pr\u00e9cis que le chirurgien conseillera au patient. Quant au repos il sera entre 2 \u00e0 3 semaines selon l&#8217;activit\u00e9 professionnelle de la personne op\u00e9r\u00e9e.[\/vc_column_text][\/vc_column_inner][\/vc_row_inner][vc_row_inner el_id=&#8221;five&#8221;][vc_column_inner][vc_column_text]L&#8217;op\u00e9ration de Sleeve gastrique \u00e0 Nabeul va permettre de perdre plus de 50% de la masse pond\u00e9rale l&#8217;ann\u00e9e qui suit la chirurgie. Cette perte de poids va se stabiliser au fil du temps.<\/p>\n<p>La plupart des patients obtiennent un r\u00e9sultat conforme \u00e0 leurs attentes voir m\u00eame mieux qu&#8217;ils esp\u00e9raient.<\/p>\n<p>&nbsp;<\/p>\n<figure class=\"featured-thumbnail large av\"><\/figure>\n<p>[\/vc_column_text][\/vc_column_inner][\/vc_row_inner][vc_row_inner el_id=&#8221;six&#8221;][vc_column_inner][vc_column_text]<\/p>\n<h2>Le Prix de la Sleeve Nabeul<\/h2>\n<p>Les tarifs\u00a0<strong>de la Sleeve Nabeul <\/strong>affich\u00e9s ne comprennent que les frais de l\u2019intervention et non les frais du s\u00e9jour.<\/p>\n<p>Pour une tarification exacte merci de nous faire parvenir votre <a href=\"https:\/\/www.aesthetica-health.com\/chirurgie-esthetique-en-tunisie-demande-de-devis-gratuit\/\">demande de devi<\/a>s.[\/vc_column_text][\/vc_column_inner][\/vc_row_inner][\/vc_column][\/vc_row][vc_row][vc_column][vc_column_text][\/vc_column_text][\/vc_column][\/vc_row] <\/p>","protected":false},"excerpt":{"rendered":"<p>[vc_row][vc_column][vc_column_text][\/vc_column_text][\/vc_column][\/vc_row][vc_row][vc_column][vc_column_text] Sleeve gastrique Nabeul : c&#8217;est quoi ? La Sleeve gastrique (Sleeve Nabeul) est une chirurgie qui permet de r\u00e9duire l&#8217;estomac d&#8217;environ 2\/3 pour former un &#8220;tube&#8221; ; cette technique est appel\u00e9e &#8220;gastroplastie verticale&#8221; celle-ci permet de ralentir le passage de la nourriture jusqu&#8217;au l&#8217;intestin gr\u00eale. Ce nouveau circuit alimentaire augmente la sensation de sati\u00e9t\u00e9 [&hellip;]<\/p>\n","protected":false},"author":1,"featured_media":0,"parent":10057,"menu_order":0,"comment_status":"closed","ping_status":"closed","template":"","meta":[],"_links":{"self":[{"href":"https:\/\/www.aesthetica-health.com\/fr\/wp-json\/wp\/v2\/pages\/10211"}],"collection":[{"href":"https:\/\/www.aesthetica-health.com\/fr\/wp-json\/wp\/v2\/pages"}],"about":[{"href":"https:\/\/www.aesthetica-health.com\/fr\/wp-json\/wp\/v2\/types\/page"}],"author":[{"embeddable":true,"href":"https:\/\/www.aesthetica-health.com\/fr\/wp-json\/wp\/v2\/users\/1"}],"replies":[{"embeddable":true,"href":"https:\/\/www.aesthetica-health.com\/fr\/wp-json\/wp\/v2\/comments?post=10211"}],"version-history":[{"count":14,"href":"https:\/\/www.aesthetica-health.com\/fr\/wp-json\/wp\/v2\/pages\/10211\/revisions"}],"predecessor-version":[{"id":11212,"href":"https:\/\/www.aesthetica-health.com\/fr\/wp-json\/wp\/v2\/pages\/10211\/revisions\/11212"}],"up":[{"embeddable":true,"href":"https:\/\/www.aesthetica-health.com\/fr\/wp-json\/wp\/v2\/pages\/10057"}],"wp:attachment":[{"href":"https:\/\/www.aesthetica-health.com\/fr\/wp-json\/wp\/v2\/media?parent=10211"}],"curies":[{"name":"wp","href":"https:\/\/api.w.org\/{rel}","templated":true}]}}