{"id":10213,"date":"2019-02-05T16:47:00","date_gmt":"2019-02-05T15:47:00","guid":{"rendered":"https:\/\/www.aesthetica-health.com\/?page_id=10213"},"modified":"2019-11-16T09:34:51","modified_gmt":"2019-11-16T08:34:51","slug":"bypass-gastrique-tunisie","status":"publish","type":"page","link":"https:\/\/www.aesthetica-health.com\/fr\/interventions-esthetique-tunisie\/chirurgie-dobesite-tunisie\/bypass-gastrique-tunisie\/","title":{"rendered":"Bypass gastrique Nabeul"},"content":{"rendered":"<p>[vc_row][vc_column][vc_column_text][\/vc_column_text][\/vc_column][\/vc_row][vc_row][vc_column][vc_column_text]<\/p>\n<h2>Bypass gastrique Nabeul : c&#8217;est quoi?<\/h2>\n<p>Le Bypass gastrique Nabeul \u00e9galement appel\u00e9<strong> &#8220;court-circuit gastrique&#8221;<\/strong>, est une technique de la chirurgie de l\u2019ob\u00e9sit\u00e9 dont le principe est de r\u00e9duire la taille de l\u2019estomac et de changer le circuit des aliments.<\/p>\n<p>Bypass gastrique Nabeul s\u2019agit de faire un court-circuit de l&#8217;intestin gr\u00eale. Cette technique est consid\u00e9r\u00e9e comme la plus r\u00e9ussie en ce qui concerne les r\u00e9sultats de perte du poids.<\/p>\n<p>Comme de nombreuses\u00a0<strong><a href=\"https:\/\/www.aesthetica-health.com\/interventions-esthetique-tunisie\/chirurgie-dobesite-tunisie\/\">techniques de la chirurgie de l\u2019ob\u00e9sit\u00e9 (bariatrique)<\/a><\/strong>, le bypass classique ou bien le\u00a0<a href=\"https:\/\/www.tunisie-chirurgie-esthetique.com\/mini-bypass-tunisie.php\">mini-bypass<\/a>\u00a0est conseill\u00e9 aux personnes ayant un indice de masse corporelle sup\u00e9rieur \u00e0 35 et pr\u00e9sentant des probl\u00e8mes de sant\u00e9 comme tels que : l&#8217;hypertension, le diab\u00e8te, etc.<\/p>\n<p>Le\u00a0<strong>Bypass<\/strong>\u00a0agit sur plusieurs m\u00e9canismes :<\/p>\n<blockquote>\n<ul style=\"list-style: none; padding-left: 20px; border-left: 3px solid #000000;\">\n<li>Faire une restriction (comme la gastroplastie)<\/li>\n<li>Effectuer une malabsorption, c\u2019est-\u00e0-dire que les aliments sont moins dig\u00e9r\u00e9s<\/li>\n<li>Un dumping syndrome (malaise survenant apr\u00e8s un repas et caus\u00e9 par l\u2019arriv\u00e9e brusque des aliments dans l\u2019intestin gr\u00eale)<\/li>\n<li>Diminuer l\u2019hormone de la faim ghr\u00e9line afin d\u2019entra\u00eener un d\u00e9sint\u00e9r\u00eat de la nourriture.<\/li>\n<\/ul>\n<\/blockquote>\n<p>[\/vc_column_text][\/vc_column][\/vc_row][vc_row][vc_column][\/vc_column][\/vc_row][vc_row][vc_column width=&#8221;1\/3&#8243;]<ul class=\"dt-sc-vertical-nav \"><li><a href=\"#one\">\u00c0 qui s\u2019adresse cette op\u00e9ration<\/a><\/li><li><a href=\"#two\">Avant cette chirurgie esth\u00e9tique<\/a><\/li><li><a href=\"#three\">Comment se d\u00e9roule cette chirurgie esth\u00e9tique<\/a><\/li><li><a href=\"#four\">Les suites op\u00e9ratoires<\/a><\/li><li><a href=\"#five\">Le r\u00e9sultat de l'op\u00e9ration<\/a><\/li><li><a href=\"#six\">Nos tarifs<\/a><\/li><\/ul>[\/vc_column][vc_column width=&#8221;2\/3&#8243;][vc_row_inner el_id=&#8221;one&#8221;][vc_column_inner][vc_column_text]<\/p>\n<h2>Bypass gastrique \u00e0 Nabeul : Pour qui ?<\/h2>\n<p>[\/vc_column_text][vc_column_text]Il est recommand\u00e9 pour les personnes qui souffrent d&#8217;ob\u00e9sit\u00e9 pathologique et qui doivent maigrir pour pouvoir am\u00e9liorer leur qualit\u00e9 de vie. De plus, elle est recommand\u00e9e dans certaines maladies chroniques en cas de maladie cardiaque, d&#8217;apn\u00e9e du sommeil ou de diab\u00e8te de type II.[\/vc_column_text][\/vc_column_inner][\/vc_row_inner][vc_row_inner el_id=&#8221;two&#8221;][vc_column_inner][vc_column_text]<\/p>\n<div class=\"wpb_text_column wpb_content_element inherit\">\n<div class=\"wpb_wrapper\">\n<h2>Avant le Bypass gastrique \u00e0 Nabeul (bypass bariatrique)<\/h2>\n<p>Une s\u00e9rie d&#8217;examens et d&#8217;analyses seront requis avant l&#8217;intervention de <strong>bypass bariatrique<\/strong>. Ces derniers vont permettre de conna\u00eetre la bonne sant\u00e9 du patient et de pr\u00e9parer son dossier pour l&#8217;op\u00e9ration. Il sera n\u00e9cessaire d&#8217;arr\u00eater : de fumer, l\u2019absorption de boissons alcoolis\u00e9es et tous les m\u00e9dicaments qui peuvent influencer la circulation sanguine.<\/p>\n<\/div>\n<\/div>\n<p>[\/vc_column_text][\/vc_column_inner][\/vc_row_inner][vc_row_inner el_id=&#8221;three&#8221;][vc_column_inner][vc_column_text]<\/p>\n<h2>Bypass gastrique \u00e0 Nabeul : l&#8217;intervention<\/h2>\n<p>L&#8217;op\u00e9ration de <strong>Baypass Gastrique<\/strong> dure entre 2 et 3 heures et elle est r\u00e9alis\u00e9e sous anesth\u00e9sie g\u00e9n\u00e9rale il sera requis 5 \u00e0 6 jours d&#8217;hospitalisation apr\u00e8s la chirurgie. Le chirurgien op\u00e8re par c\u0153lioscopie mais dans certains cas o\u00f9 la c\u0153lioscopie n&#8217;est pas envisageable le sp\u00e9cialiste opte pour une laparotomie.<\/p>\n<p>Cette chirurgie est difficilement r\u00e9versible ; c&#8217;est pourquoi il est essentiel que le patient soit conscient de l&#8217;importance de sa d\u00e9cision. Le chirurgien lors de l&#8217;op\u00e9ration va effectuer 5 incisions au niveau de l&#8217;abdomen pour modifier le circuit alimentaire en orientant la nourriture directement vers l&#8217;intestin gr\u00eale. A la fin de l&#8217;op\u00e9ration un pansement sera mis sur les incisions sutur\u00e9es.[\/vc_column_text][\/vc_column_inner][\/vc_row_inner][vc_row_inner el_id=&#8221;four&#8221;][vc_column_inner][vc_column_text]<\/p>\n<h2>Les suites op\u00e9ratoires de by-pass gastrique Nabeul<\/h2>\n<p>Si le patient ressent des douleurs des s\u00e9datifs lui seront administr\u00e9s par voie veineuse. Il faut savoir que quelques cas ressentent ces douleurs et d&#8217;une intensit\u00e9 tr\u00e8s faible.<\/p>\n<p>Suite \u00e0 cette intervention, l\u2019alimentation doit progressivement \u00eatre reprise suivant les prescriptions du chirurgien et le pansement est chang\u00e9 tous les 2 jours, puis il sera d\u00e9finitivement retir\u00e9. Au cours de cette p\u00e9riode postop\u00e9ratoire, le patient peut ressentir des naus\u00e9es \u00e0 cause du nouveau r\u00e9gime alimentaire.<\/p>\n<p>Un repos de deux \u00e0 trois semaines, selon l\u2019activit\u00e9 professionnelle du patient, est n\u00e9cessaire.[\/vc_column_text][\/vc_column_inner][\/vc_row_inner][vc_row_inner el_id=&#8221;five&#8221;][vc_column_inner][vc_column_text]<\/p>\n<h2>Le r\u00e9sultat de cette chirurgie de l\u2019ob\u00e9sit\u00e9<\/h2>\n<p>Apr\u00e8s by-pass gastrique le patient va constater la manifestation de quelques sympt\u00f4mes tels que les diarrh\u00e9es et les carences en vitamines. Il est donc recommand\u00e9 de suivre un r\u00e9gime alimentaire ad\u00e9quat apr\u00e8s l\u2019intervention. Pendant les 15 jours qui suivent l&#8217;op\u00e9ration, l\u2019alimentation doit \u00eatre compos\u00e9e uniquement d\u2019aliment liquide.<\/p>\n<p>A partir de la deuxi\u00e8me semaine, il est possible de consommer des aliments moulin\u00e9s et \u00e0 partir de la troisi\u00e8me le patient peut mixer ses aliments mais il est important de mixer la viande avant de la consommer durant les trois premiers mois. Il faut \u00e9galement bien mastiquer les aliments avant de les avaler.<\/p>\n<figure class=\"featured-thumbnail large av\"><\/figure>\n<p>[\/vc_column_text][\/vc_column_inner][\/vc_row_inner][vc_row_inner el_id=&#8221;six&#8221;][vc_column_inner][vc_column_text]<\/p>\n<h2>Le Prix de la chirurgie de l\u2019ob\u00e9sit\u00e9 Nabeul<\/h2>\n<p>Les tarifs <strong>bypass gastrique Nabeul <\/strong>affich\u00e9s ne comprennent que les frais de l\u2019intervention et non les frais du s\u00e9jour.<\/p>\n<p>Pour une tarification exacte merci de nous faire parvenir votre demande de devis.[\/vc_column_text][\/vc_column_inner][\/vc_row_inner][\/vc_column][\/vc_row][vc_row][vc_column][vc_column_text][\/vc_column_text][\/vc_column][\/vc_row] <\/p>","protected":false},"excerpt":{"rendered":"<p>[vc_row][vc_column][vc_column_text][\/vc_column_text][\/vc_column][\/vc_row][vc_row][vc_column][vc_column_text] Bypass gastrique Nabeul : c&#8217;est quoi? Le Bypass gastrique Nabeul \u00e9galement appel\u00e9 &#8220;court-circuit gastrique&#8221;, est une technique de la chirurgie de l\u2019ob\u00e9sit\u00e9 dont le principe est de r\u00e9duire la taille de l\u2019estomac et de changer le circuit des aliments. Bypass gastrique Nabeul s\u2019agit de faire un court-circuit de l&#8217;intestin gr\u00eale. Cette technique est consid\u00e9r\u00e9e [&hellip;]<\/p>\n","protected":false},"author":1,"featured_media":0,"parent":10057,"menu_order":0,"comment_status":"closed","ping_status":"closed","template":"","meta":[],"_links":{"self":[{"href":"https:\/\/www.aesthetica-health.com\/fr\/wp-json\/wp\/v2\/pages\/10213"}],"collection":[{"href":"https:\/\/www.aesthetica-health.com\/fr\/wp-json\/wp\/v2\/pages"}],"about":[{"href":"https:\/\/www.aesthetica-health.com\/fr\/wp-json\/wp\/v2\/types\/page"}],"author":[{"embeddable":true,"href":"https:\/\/www.aesthetica-health.com\/fr\/wp-json\/wp\/v2\/users\/1"}],"replies":[{"embeddable":true,"href":"https:\/\/www.aesthetica-health.com\/fr\/wp-json\/wp\/v2\/comments?post=10213"}],"version-history":[{"count":31,"href":"https:\/\/www.aesthetica-health.com\/fr\/wp-json\/wp\/v2\/pages\/10213\/revisions"}],"predecessor-version":[{"id":11946,"href":"https:\/\/www.aesthetica-health.com\/fr\/wp-json\/wp\/v2\/pages\/10213\/revisions\/11946"}],"up":[{"embeddable":true,"href":"https:\/\/www.aesthetica-health.com\/fr\/wp-json\/wp\/v2\/pages\/10057"}],"wp:attachment":[{"href":"https:\/\/www.aesthetica-health.com\/fr\/wp-json\/wp\/v2\/media?parent=10213"}],"curies":[{"name":"wp","href":"https:\/\/api.w.org\/{rel}","templated":true}]}}