{"id":10218,"date":"2019-02-06T09:31:25","date_gmt":"2019-02-06T08:31:25","guid":{"rendered":"https:\/\/www.aesthetica-health.com\/?page_id=10218"},"modified":"2019-11-16T09:40:16","modified_gmt":"2019-11-16T08:40:16","slug":"augmentation-mammaire-tunisie","status":"publish","type":"page","link":"https:\/\/www.aesthetica-health.com\/fr\/interventions-esthetique-tunisie\/chirurgie-des-seins-tunisie\/augmentation-mammaire-tunisie\/","title":{"rendered":"Augmentation mammaire Nabeul : Implants mammaires meilleur prix"},"content":{"rendered":"<p>[vc_row][vc_column][vc_column_text]<\/p>\n<h2>Augmentation mammaire Nabeul : Pose implant mammaire prix pas cher<\/h2>\n<p><strong>L\u2019augmentation mammaire<\/strong>\u00a0est l\u2019une des interventions de\u00a0<a href=\"https:\/\/www.aesthetica-health.com\/interventions-esthetique-tunisie\/chirurgie-des-seins-tunisie\/\"><strong>chirurgie esth\u00e9tique des seins<\/strong><\/a> la plus populaire pratiqu\u00e9e \u00e0 Nabeul. Cette technique connue sous le nom la <strong>pose de proth\u00e8ses mammaires<\/strong>,\u00a0<strong>augmentation mammaire par implants\u00a0<\/strong>et\u00a0<strong>mammoplastie d\u2019augmentation<\/strong>.<\/p>\n<p><strong>Augmentation mammaire \u00e0 Nabeul<\/strong>\u00a0est une intervention chirurgicale visant \u00e0 am\u00e9liorer la taille et la forme du sein d\u2019une femme pour un certain nombre de raisons:<\/p>\n<ul style=\"list-style: none; padding-left: 20px; border-left: 3px solid #000000;\">\n<li>Pour am\u00e9liorer le contour du corps d\u2019une femme qui sent que sa poitrine est trop petite ou ag\u00e9n\u00e9sie mammaire<\/li>\n<li>Corriger une r\u00e9duction de la forme ou du volume de la poitrine apr\u00e8s la grossesse<\/li>\n<li>\u00c9quilibrer une diff\u00e9rence dans la taille de la poitrine, asym\u00e9trie mammaire<\/li>\n<\/ul>\n<h2><\/h2>\n<p>[\/vc_column_text][\/vc_column][\/vc_row][vc_row][vc_column][\/vc_column][\/vc_row][vc_row][vc_column width=&#8221;1\/3&#8243;]<ul class=\"dt-sc-vertical-nav \"><li><a href=\"#one\">\u00c0 qui s\u2019adresse cette op\u00e9ration<\/a><\/li><li><a href=\"#two\">Avant cette chirurgie esth\u00e9tique<\/a><\/li><li><a href=\"#three\">Comment se d\u00e9roule cette chirurgie esth\u00e9tique<\/a><\/li><li><a href=\"#four\">Les suites op\u00e9ratoires<\/a><\/li><li><a href=\"#five\">Le r\u00e9sultat de l'op\u00e9ration<\/a><\/li><li><a href=\"#six\">Nos tarif<\/a><\/li><\/ul>[\/vc_column][vc_column width=&#8221;2\/3&#8243;][vc_row_inner el_id=&#8221;one&#8221;][vc_column_inner][vc_column_text]<\/p>\n<h2>Augmentation mammaire Nabeul : Pour qui ?<\/h2>\n<p>[\/vc_column_text][vc_column_text]<\/p>\n<p>L&#8217;<strong>augmentation mammaire<\/strong>\u00a0int\u00e9resse les femmes dot\u00e9es de petits seins ou de seins tombants et d\u00e9sirant remodeler leur poitrine par la pose d\u2019implants, la rendant plus belle et plus harmonieuse, corrigeant aussi une \u00e9ventuelle asym\u00e9trie et restituant un volume perdu suite \u00e0 une grossesse ou une perte de poids importante.<\/p>\n<p>[\/vc_column_text][\/vc_column_inner][\/vc_row_inner][vc_row_inner el_id=&#8221;two&#8221;][vc_column_inner][vc_column_text]<\/p>\n<div class=\"wpb_text_column wpb_content_element inherit\">\n<div class=\"wpb_wrapper\">\n<h2>Avant l&#8217;intervention de l&#8217;implant mammaire Nabeul<\/h2>\n<p>Il y a des \u00e9tapes primordiales avant de subir une augmentation mammaire par implants :<\/p>\n<ul>\n<li>Demande de devis gratuit<\/li>\n<li>Un devis avec un diagnostic \u00a0personnalis\u00e9 dans les plus brefs d\u00e9lais<\/li>\n<li>R\u00e9alisation d\u2019examens sanguins pour v\u00e9rifier qu\u2019il n\u2019existe aucune contre-indication<\/li>\n<li>Arr\u00eat des m\u00e9dicaments \u00e0 base d\u2019aspirine ou anti-inflammatoire<\/li>\n<li>Arriv\u00e9e \u00e0 Tunis<\/li>\n<li>Consultation pr\u00e9op\u00e9ratoire avec explication des options envisageables\u00a0:<\/li>\n<\/ul>\n<ol>\n<li>Le type de cicatrices<\/li>\n<li>Essayage de proth\u00e8ses de diff\u00e9rente forme et taille<\/li>\n<li>Simulation en 3D pour visualiser la future poitrine<\/li>\n<li>La position de proth\u00e8ses en fonction de la morphologie de la patiente et de ses attentes<\/li>\n<\/ol>\n<\/div>\n<\/div>\n<p>[\/vc_column_text][\/vc_column_inner][\/vc_row_inner][vc_row_inner el_id=&#8221;three&#8221;][vc_column_inner][vc_column_text]<\/p>\n<h2>L&#8217;intervention de l\u2019augmentation mammaire par proth\u00e8ses<\/h2>\n<p>Effectu\u00e9e sous anesth\u00e9sie g\u00e9n\u00e9rale, cette\u00a0<a href=\"https:\/\/www.aesthetica-health.com\/interventions-esthetique-tunisie\/\">chirurgie plastique<\/a>\u00a0dure environ 1h30 et n\u00e9cessite une nuit d&#8217;hospitalisation.<\/p>\n<p>L&#8217;incision est pratiqu\u00e9e dans les plis sous-mammaires ou autour des ar\u00e9oles ou encore pr\u00e8s des aisselles et les proth\u00e8ses mammaires sont plac\u00e9es en avant ou \u00e0 l\u2019arri\u00e8re des muscles de la poitrine. \u00c0 la fin de l&#8217;intervention, le chirurgien mod\u00e8le un pansement en forme de soutien-gorge pour maintenir la poitrine suivant la forme souhait\u00e9e.<\/p>\n<p>[\/vc_column_text][\/vc_column_inner][\/vc_row_inner][vc_row_inner el_id=&#8221;four&#8221;][vc_column_inner][vc_column_text]<\/p>\n<h2>Augmentation mammaire Nabeul : Les suites op\u00e9ratoires ?<\/h2>\n<p>Elles sont peu douloureuses, de simples antalgiques suffisent.<\/p>\n<p>Un gonflement et des ecchymoses dans la r\u00e9gion des seins, ainsi qu\u2019une g\u00eane \u00e0 l&#8217;\u00e9l\u00e9vation des bras, sont fr\u00e9quemment observ\u00e9s et diminuent progressivement dans un d\u00e9lai d&#8217;une \u00e0 deux semaines.<\/p>\n<p>Apr\u00e8s 24 h, le pansement est remplac\u00e9 par un soutien-gorge devant \u00eatre port\u00e9 jour et nuit durant un mois.<\/p>\n<p>Un repos d\u2019une semaine est indispensable et pratiquer des activit\u00e9s sportives est d\u00e9conseill\u00e9 pendant environ un mois.[\/vc_column_text][\/vc_column_inner][\/vc_row_inner][vc_row_inner el_id=&#8221;five&#8221;][vc_column_inner][vc_column_text]<\/p>\n<h2>Le r\u00e9sultat apr\u00e8s la mise en place des implants mammaires<\/h2>\n<p>Les r\u00e9sultats de l\u2019augmentation mammaire sont imm\u00e9diatement visibles.\u00a0Cependant, les implants mettent des semaines \u00e0 se d\u00e9poser et une forme id\u00e9ale ne sera atteinte que deux mois environ apr\u00e8s la chirurgie mammaire.\u00a0En raison des diff\u00e9rences dans la taille du muscle et des implants, certains patients peuvent prendre plus de temps pour obtenir leur r\u00e9sultat final.<\/p>\n<figure class=\"featured-thumbnail large av\"><\/figure>\n<p>[\/vc_column_text][\/vc_column_inner][\/vc_row_inner][vc_row_inner el_id=&#8221;six&#8221;][vc_column_inner][vc_column_text]<\/p>\n<h2>Le prix de l\u2019 augmentation mammaire par proth\u00e8ses \u00e0 Nabeul<\/h2>\n<p>Les tarifs <strong>d&#8217;augmentation mammaire par proth\u00e8ses \u00e0 Nabeul<\/strong> affich\u00e9s ne comprennent que les frais de l\u2019intervention et non pas les frais du s\u00e9jour.<\/p>\n<p>Pour une tarification exacte merci de nous faire parvenir votre demande de devis.[\/vc_column_text][\/vc_column_inner][\/vc_row_inner][\/vc_column][\/vc_row][vc_row][vc_column][vc_column_text][\/vc_column_text][\/vc_column][\/vc_row] <\/p>","protected":false},"excerpt":{"rendered":"<p>[vc_row][vc_column][vc_column_text] Augmentation mammaire Nabeul : Pose implant mammaire prix pas cher L\u2019augmentation mammaire\u00a0est l\u2019une des interventions de\u00a0chirurgie esth\u00e9tique des seins la plus populaire pratiqu\u00e9e \u00e0 Nabeul. Cette technique connue sous le nom la pose de proth\u00e8ses mammaires,\u00a0augmentation mammaire par implants\u00a0et\u00a0mammoplastie d\u2019augmentation. Augmentation mammaire \u00e0 Nabeul\u00a0est une intervention chirurgicale visant \u00e0 am\u00e9liorer la taille et la [&hellip;]<\/p>\n","protected":false},"author":1,"featured_media":0,"parent":10049,"menu_order":0,"comment_status":"closed","ping_status":"closed","template":"","meta":[],"_links":{"self":[{"href":"https:\/\/www.aesthetica-health.com\/fr\/wp-json\/wp\/v2\/pages\/10218"}],"collection":[{"href":"https:\/\/www.aesthetica-health.com\/fr\/wp-json\/wp\/v2\/pages"}],"about":[{"href":"https:\/\/www.aesthetica-health.com\/fr\/wp-json\/wp\/v2\/types\/page"}],"author":[{"embeddable":true,"href":"https:\/\/www.aesthetica-health.com\/fr\/wp-json\/wp\/v2\/users\/1"}],"replies":[{"embeddable":true,"href":"https:\/\/www.aesthetica-health.com\/fr\/wp-json\/wp\/v2\/comments?post=10218"}],"version-history":[{"count":5,"href":"https:\/\/www.aesthetica-health.com\/fr\/wp-json\/wp\/v2\/pages\/10218\/revisions"}],"predecessor-version":[{"id":11196,"href":"https:\/\/www.aesthetica-health.com\/fr\/wp-json\/wp\/v2\/pages\/10218\/revisions\/11196"}],"up":[{"embeddable":true,"href":"https:\/\/www.aesthetica-health.com\/fr\/wp-json\/wp\/v2\/pages\/10049"}],"wp:attachment":[{"href":"https:\/\/www.aesthetica-health.com\/fr\/wp-json\/wp\/v2\/media?parent=10218"}],"curies":[{"name":"wp","href":"https:\/\/api.w.org\/{rel}","templated":true}]}}