{"id":10221,"date":"2019-02-06T09:43:58","date_gmt":"2019-02-06T08:43:58","guid":{"rendered":"https:\/\/www.aesthetica-health.com\/?page_id=10221"},"modified":"2019-11-16T09:38:58","modified_gmt":"2019-11-16T08:38:58","slug":"reduction-mammaire-tunisie","status":"publish","type":"page","link":"https:\/\/www.aesthetica-health.com\/fr\/interventions-esthetique-tunisie\/chirurgie-des-seins-tunisie\/reduction-mammaire-tunisie\/","title":{"rendered":"R\u00e9duction seins Nabeul pas cher : Traitement de l\u2019hypertrophie mammaire"},"content":{"rendered":"<p>[vc_row][vc_column][vc_column_text][\/vc_column_text][\/vc_column][\/vc_row][vc_row][vc_column][vc_column_text]<\/p>\n<h2>R\u00e9duction seins Nabeul c&#8217;est quoi ? R\u00e9duire la taille des seins et c&#8217;est \u00e0 un prix pas cher<\/h2>\n<p>La\u00a0<strong>r\u00e9duction seins Nabeul <\/strong>est une <a href=\"https:\/\/www.aesthetica-health.com\/interventions-esthetique-tunisie\/\">intervention chirurgicale<\/a> qui vise \u00e0 r\u00e9duire la taille exag\u00e9r\u00e9e de la poitrine. Il suffit de retirer une partie de la glande mammaire et la peau en exc\u00e8s. Ceci permet d&#8217;avoir un magnifique galbe et des seins moins pesants. Cette chirurgie est consid\u00e9r\u00e9e une chirurgie correctrice puisqu&#8217;elle vise aussi \u00e0 corriger l\u2019affaissement de la peau caus\u00e9 par le poids mammaire ; la peau de la poitrine est retendue et les seins repositionner pour avoir des seins naturels et proportionnels.<\/p>\n<p><strong>La r\u00e9duction mammaire<\/strong> \u00e0 Nabeul est \u00e9videmment une chirurgie plastique en premier lieu mais aussi une solution m\u00e9dicale qui permet de mettre fin aux douleurs subites \u00e0 cause du surpoids des seins : Douleurs au dos, douleurs aux \u00e9paules, &#8230;<\/p>\n<p>La lourdeur des seins est connue par l\u2019<strong>hypertrophie mammaire<\/strong>, dont l\u2019origine est le d\u00e9veloppement anormal de la glande mammaire. G\u00e9n\u00e9ralement\u00a0<strong>l\u2019hypertrophie mammaire<\/strong>\u00a0arrive apr\u00e8s la grossesse ou la prise de poids, mais elle peut appara\u00eetre aussi \u00e0 la fin de la pubert\u00e9.[\/vc_column_text][\/vc_column][\/vc_row][vc_row][vc_column][\/vc_column][\/vc_row][vc_row][vc_column width=&#8221;1\/3&#8243;]<ul class=\"dt-sc-vertical-nav \"><li><a href=\"#one\">\u00c0 qui s\u2019adresse cette op\u00e9ration<\/a><\/li><li><a href=\"#two\">Avant cette chirurgie esth\u00e9tique<\/a><\/li><li><a href=\"#three\">Comment se d\u00e9roule cette chirurgie esth\u00e9tique<\/a><\/li><li><a href=\"#four\">Les suites op\u00e9ratoires<\/a><\/li><li><a href=\"#five\">Le r\u00e9sultat de l'op\u00e9ration<\/a><\/li><li><a href=\"#six\">Nos tarifs<\/a><\/li><\/ul>[\/vc_column][vc_column width=&#8221;2\/3&#8243;][vc_row_inner el_id=&#8221;one&#8221;][vc_column_inner][vc_column_text]<\/p>\n<h2>R\u00e9duction mammaire Nabeul : Pour qui ?<\/h2>\n<p>[\/vc_column_text][vc_column_text]Elle s&#8217;adresse \u00e0 toute patiente ayant\u00a0<strong>une poitrine au volume disproportionn\u00e9<\/strong> par rapport \u00e0 sa morphologie et souffrant de douleurs en rapport au surpoids de sa poitrine.[\/vc_column_text][\/vc_column_inner][\/vc_row_inner][vc_row_inner el_id=&#8221;two&#8221;][vc_column_inner][vc_column_text]<\/p>\n<div class=\"wpb_text_column wpb_content_element inherit\">\n<div class=\"wpb_wrapper\">\n<h2>Avant une r\u00e9duction mammaire Nabeul<\/h2>\n<p>Avant la chirurgie de\u00a0<strong>r\u00e9duction mammaire<\/strong>, une consultation avec le chirurgien est n\u00e9cessaire pour \u00e9valuer l&#8217;\u00e9tat de sant\u00e9 de la patiente. Puis, le praticien va lui expliquer la proc\u00e9dure chirurgicale et quelles seront les r\u00e9sultats attendus.<\/p>\n<p>C&#8217;est gr\u00e2ce \u00e0 une \u00e9chographie mammaire et une mammographie que le chirurgien va pouvoir \u00e9valuer la quantit\u00e9 de glande \u00e0 pr\u00e9lever et v\u00e9rifier la bonne sant\u00e9 de la patiente.<\/p>\n<p>Aussi il sera effectu\u00e9 un bilan sanguin avant une derni\u00e8re consultation pr\u00e9op\u00e9ratoire avec le\u00a0chirurgien plasticien\u00a0et le m\u00e9decin anesth\u00e9siste la veille de l\u2019intervention de\u00a0<strong>r\u00e9duction mammaire.<\/strong><\/p>\n<p>Il est prescrit de prendre tout m\u00e9dicament ayant pour composition l&#8217;aspirine ; cette prescription est effective 10 jours avant l&#8217;intervention.<\/p>\n<p>&nbsp;<\/p>\n<\/div>\n<\/div>\n<p>[\/vc_column_text][\/vc_column_inner][\/vc_row_inner][vc_row_inner el_id=&#8221;three&#8221;][vc_column_inner][vc_column_text]<\/p>\n<h2>Le traitement de l\u2019hypertrophie mammaire \u00e0 Nabeul<\/h2>\n<p>Cette\u00a0chirurgie esth\u00e9tique\u00a0est pratiqu\u00e9e sous anesth\u00e9sie g\u00e9n\u00e9rale et l&#8217;intervention dure entre de 2 h et 2 h 30. Et elle ne n\u00e9cessite qu&#8217;une seule nuit\u00e9e d\u2019hospitalisation.<\/p>\n<p>Le chirurgien commence par une incision en forme de T passant autour de l&#8217;ar\u00e9ole et se terminant par une verticale sous la glande mammaire, il va ensuite proc\u00e9der \u00e0 l\u2019ablation de la partie exc\u00e9dentaire de la glande mammaire et enfin \u00e0 la remise en place de la peau, l\u2019exc\u00e8s cutan\u00e9 est \u00e9videmment retir\u00e9.<\/p>\n<p>\u00c0 la fin de l\u2019intervention, un pansement modelant avec des bandes \u00e9lastiques et en forme de soutien-gorge est mis en place.[\/vc_column_text][\/vc_column_inner][\/vc_row_inner][vc_row_inner el_id=&#8221;four&#8221;][vc_column_inner][vc_column_text]<\/p>\n<h2>Les suites op\u00e9ratoires de la correction hypertrophie mammaire<\/h2>\n<p>Le pansement est enlev\u00e9 seulement 24 heures apr\u00e8s l\u2019intervention, il sera remplac\u00e9 par un soutien-gorge de r\u00e9tention ; ce soutien aura pour r\u00f4le de maintenir fermement les seins.<\/p>\n<p>La patiente devra mettre le soutien de r\u00e9tention pendant 30 jours apr\u00e8s la\u00a0<strong>reduction seins Nabeul<\/strong>.<\/p>\n<p>Le galbe de la nouvelle poitrine est imm\u00e9diatement visible : les seins sont positionn\u00e9s en haut avec une parfaite sym\u00e9trie.<\/p>\n<p>Il est important de savoir que les incisions obligatoires dans la\u00a0<strong>r\u00e9duction mammaire<\/strong>\u00a0sont (ronde) autour l\u2019ar\u00e9ole, et une autre de l\u2019ar\u00e9ole vers le pli du sein (verticale).<\/p>\n<p>L&#8217;incision facultative ou plut\u00f4t qui va d\u00e9pendre du\u00a0degr\u00e9 d\u2019hypertrophie \u00e0 corriger est une incision horizontale situ\u00e9e dans le sillon sous le sein.<\/p>\n<p>Seule la cicatrice circulaire autour de l\u2019ar\u00e9ole dispara\u00eet totalement. Les autres cicatrices persistent, leur aspect finale ne sera visible qu&#8217;au bout d\u2019un an de la\u00a0<strong>reduction seins Nabeul <\/strong>leur couleur va peu \u00e0 peu devenir blanche.[\/vc_column_text][\/vc_column_inner][\/vc_row_inner][vc_row_inner el_id=&#8221;five&#8221;][vc_column_inner][vc_column_text]<\/p>\n<h2>Les r\u00e9sultats de la r\u00e9duction seins \u00e0 Nabeul<\/h2>\n<p>Les r\u00e9sultats de la <strong>r\u00e9duction mammaire<\/strong> sont visibles directement apr\u00e8s l\u2019intervention. Il est conseill\u00e9 de stabiliser son poids avant de proc\u00e9der \u00e0 une r\u00e9duction mammaire car il est important de savoir que si vous pensez diminuer votre poids apr\u00e8s la chirurgie vous risquez\u00a0causer un rel\u00e2chement au niveau de la poitrine. C&#8217;est pourquoi nous vous conseillons de proc\u00e9der par ordre : diminuer le poids ensuite proc\u00e9der \u00e0 une r\u00e9duction mammaire. Pour un r\u00e9sultat parfait et de longue dur\u00e9e !<\/p>\n<p>Apr\u00e8s l\u2019intervention de la <strong>r\u00e9duction mammaire<\/strong>, il est primordial de porter un soutien-gorge sp\u00e9cifique afin de supporter les seins, de bien les positionner et pour assurer une meilleure cicatrisation. Les cicatrices disparaissent graduellement au fil des mois.<\/p>\n<p>La reprise du travail est possible apr\u00e8s seulement une semaine de l\u2019intervention mais il est d\u00e9conseill\u00e9 de faire du sport ou faire une activit\u00e9 n\u00e9cessitant trop d\u2019efforts.[\/vc_column_text][\/vc_column_inner][\/vc_row_inner][vc_row_inner el_id=&#8221;six&#8221;][vc_column_inner][vc_column_text]<\/p>\n<h2>Prix R\u00e9duction Mammaire Nabeul<\/h2>\n<p>Les tarifs\u00a0de la\u00a0<strong>chirurgie esth\u00e9tique R\u00e9duction Mammaire Nabeul <\/strong>affich\u00e9s ne comprennent que les frais de l\u2019intervention et non les frais du s\u00e9jour.<\/p>\n<p>Pour une tarification exacte merci de nous faire parvenir votre demande de devis.[\/vc_column_text][\/vc_column_inner][\/vc_row_inner][\/vc_column][\/vc_row][vc_row][vc_column][vc_column_text][\/vc_column_text][\/vc_column][\/vc_row] <\/p>","protected":false},"excerpt":{"rendered":"<p>[vc_row][vc_column][vc_column_text][\/vc_column_text][\/vc_column][\/vc_row][vc_row][vc_column][vc_column_text] R\u00e9duction seins Nabeul c&#8217;est quoi ? R\u00e9duire la taille des seins et c&#8217;est \u00e0 un prix pas cher La\u00a0r\u00e9duction seins Nabeul est une intervention chirurgicale qui vise \u00e0 r\u00e9duire la taille exag\u00e9r\u00e9e de la poitrine. Il suffit de retirer une partie de la glande mammaire et la peau en exc\u00e8s. Ceci permet d&#8217;avoir un [&hellip;]<\/p>\n","protected":false},"author":1,"featured_media":0,"parent":10049,"menu_order":0,"comment_status":"closed","ping_status":"closed","template":"","meta":[],"_links":{"self":[{"href":"https:\/\/www.aesthetica-health.com\/fr\/wp-json\/wp\/v2\/pages\/10221"}],"collection":[{"href":"https:\/\/www.aesthetica-health.com\/fr\/wp-json\/wp\/v2\/pages"}],"about":[{"href":"https:\/\/www.aesthetica-health.com\/fr\/wp-json\/wp\/v2\/types\/page"}],"author":[{"embeddable":true,"href":"https:\/\/www.aesthetica-health.com\/fr\/wp-json\/wp\/v2\/users\/1"}],"replies":[{"embeddable":true,"href":"https:\/\/www.aesthetica-health.com\/fr\/wp-json\/wp\/v2\/comments?post=10221"}],"version-history":[{"count":30,"href":"https:\/\/www.aesthetica-health.com\/fr\/wp-json\/wp\/v2\/pages\/10221\/revisions"}],"predecessor-version":[{"id":11952,"href":"https:\/\/www.aesthetica-health.com\/fr\/wp-json\/wp\/v2\/pages\/10221\/revisions\/11952"}],"up":[{"embeddable":true,"href":"https:\/\/www.aesthetica-health.com\/fr\/wp-json\/wp\/v2\/pages\/10049"}],"wp:attachment":[{"href":"https:\/\/www.aesthetica-health.com\/fr\/wp-json\/wp\/v2\/media?parent=10221"}],"curies":[{"name":"wp","href":"https:\/\/api.w.org\/{rel}","templated":true}]}}