{"id":10223,"date":"2019-02-06T10:00:49","date_gmt":"2019-02-06T09:00:49","guid":{"rendered":"https:\/\/www.aesthetica-health.com\/?page_id=10223"},"modified":"2019-11-16T09:39:25","modified_gmt":"2019-11-16T08:39:25","slug":"lipofilling-augmentation-mamaire-tunisie","status":"publish","type":"page","link":"https:\/\/www.aesthetica-health.com\/fr\/interventions-esthetique-tunisie\/chirurgie-des-seins-tunisie\/lipofilling-augmentation-mamaire-tunisie\/","title":{"rendered":"Augmentation mammaire par injection de graisse \u00e0 Nabeul : lipofilling des seins"},"content":{"rendered":"<p>[vc_row][vc_column][vc_column_text][\/vc_column_text][\/vc_column][\/vc_row][vc_row][vc_column][vc_column_text]<\/p>\n<h2>Augmentation mammaire par injection de graisse \u00e0 Nabeul : c&#8217;est quoi ?<\/h2>\n<p>Cette intervention consiste \u00e0 faire une Augmentation mammaire par injection de graisse \u00e0 Nabeul. Il s\u2019agit d\u2019une autogreffe de cellules adipeuses au niveau des seins.<br \/>\nPour les m\u00e9thodes naturelles avec le\u00a0<strong>lipofilling seins Nabeul<\/strong>, il faut attendre quelques mois avant de voir les r\u00e9sultats qui seront durables et ne demandant aucun remplacement, il suffit juste des visites de contr\u00f4le pour s\u2019assurer de l\u2019\u00e9tat des seins.<br \/>\nLa technique du Augmentation mammaire par injection de graisse \u00e0 Nabeul est effectu\u00e9e par des injections sous la peau pour cr\u00e9er une augmentation naturelle et sans complications, jamais au niveau de la glande mammaire.<\/p>\n<p>La graisse est collect\u00e9e \u00e0 l\u2019aide d\u2019une canule d\u2019aspiration depuis plusieurs sites donneurs de la m\u00eame personne. Ceci rassure par rapport \u00e0 tous les probl\u00e8mes de rejet ou d\u2019allergies. Les zones ayant une accumulation de graisse comme les fesses, le ventre et les cuisses repr\u00e9sentent les meilleures sources des cellules adipeuses.<br \/>\nL\u2019ensemble collect\u00e9 contient des cellules graisseuses, des tissus et du sang. Avant injection, le liquide passe par une \u00e9puration qui permet l\u2019isolation des cellules graisseuses \u00e0 greffer.[\/vc_column_text][\/vc_column][\/vc_row][vc_row][vc_column][\/vc_column][\/vc_row][vc_row][vc_column width=&#8221;1\/3&#8243;]<ul class=\"dt-sc-vertical-nav \"><li><a href=\"#one\">\u00c0 qui s\u2019adresse cette op\u00e9ration<\/a><\/li><li><a href=\"#two\">Avant cette chirurgie esth\u00e9tique<\/a><\/li><li><a href=\"#three\">Comment se d\u00e9roule cette chirurgie esth\u00e9tique<\/a><\/li><li><a href=\"#four\">Les suites op\u00e9ratoires<\/a><\/li><li><a href=\"#five\">Le r\u00e9sultat de l'op\u00e9ration<\/a><\/li><li><a href=\"#six\">Nos tarifs<\/a><\/li><\/ul>[\/vc_column][vc_column width=&#8221;2\/3&#8243;][vc_row_inner el_id=&#8221;one&#8221;][vc_column_inner][vc_column_text]<\/p>\n<h2>Augmentation mammaire par injection de graisse \u00e0 Nabeul : Pour qui ?<\/h2>\n<p>[\/vc_column_text][vc_column_text]L\u2019<strong>augmentation mammaire<\/strong> par transfert de graisse est une alternative viable pour les femmes qui d\u00e9sirent des <strong>seins plus volumineux sans recourir aux implants<\/strong>. Cette technique convient au femmes qui :<\/p>\n<ul>\n<li>D\u00e9sirent des seins plus pleins en utilisant leurs propres cellules adipeuses naturelles.<\/li>\n<li>Ont besoin d&#8217;une reconstruction des seins apr\u00e8s une mastectomie ou une tumorectomie.<\/li>\n<li>Pr\u00e9sentent une l\u00e9g\u00e8re asym\u00e9trie mammaire.<\/li>\n<li>D\u00e9sirent corriger la taille et la forme des seins en raison de probl\u00e8mes g\u00e9n\u00e9tiques tels que le sein tub\u00e9reux ou le syndrome de Pologne.<\/li>\n<li>Ont suffisamment de graisse \u00e0 prendre des hanches, du ventre, des cuisses ou d\u2019autres zones pour obtenir le r\u00e9sultat souhait\u00e9. La greffe de graisse sur les seins n\u00e9cessite par exemple beaucoup plus de graisses que la greffe de graisse du visage. Les patients tr\u00e8s maigres peuvent ne pas disposer de suffisamment de graisse pour obtenir un excellent r\u00e9sultat.<\/li>\n<li>Poss\u00e8dent un bon tonus et une bonne \u00e9lasticit\u00e9. Les transferts de graisse ne sont pas destin\u00e9s \u00e0 lever les seins affaiss\u00e9s; le lipomodelage mammaire est la solution pour traiter le rel\u00e2chement ou l\u2019\u00e9tirement de la peau du sein.<\/li>\n<\/ul>\n<p>[\/vc_column_text][\/vc_column_inner][\/vc_row_inner][vc_row_inner el_id=&#8221;two&#8221;][vc_column_inner][vc_column_text]<\/p>\n<div class=\"wpb_text_column wpb_content_element inherit\">\n<div class=\"wpb_wrapper\">\n<h2>Avant le lipofilling seins Nabeul<\/h2>\n<p>Comme toute intervention de\u00a0<a href=\"#\">chirurgie mammaire<\/a>, une mammographie, une \u00e9chographie mammaire et un bilan sanguin complet doivent \u00eatre r\u00e9alis\u00e9s.<\/p>\n<p>Pour assurer une s\u00e9curit\u00e9 maximale lors de l\u2019intervention, il est strictement interdit de prendre des m\u00e9dicaments contenant de l&#8217;aspirine dans les 10 jours avant la chirurgie. Une consultation pr\u00e9op\u00e9ratoire avec le chirurgien et le m\u00e9decin anesth\u00e9siste est pr\u00e9vue la veille de l\u2019intervention.<\/p>\n<\/div>\n<\/div>\n<p>[\/vc_column_text][\/vc_column_inner][\/vc_row_inner][vc_row_inner el_id=&#8221;three&#8221;][vc_column_inner][vc_column_text]<\/p>\n<h2>Comment se d\u00e9roule lipofilling seins \u00e0 Nabeul ?<\/h2>\n<p>Les principales indications du lipomodelage des seins sont:<\/p>\n<blockquote>\n<ul>\n<li>L&#8217;hypertrophie mammaire;<\/li>\n<li>La correction de la ptose des seins;<\/li>\n<li>La reconstruction mammaire.<\/li>\n<\/ul>\n<\/blockquote>\n<p>Le lipofilling seins est r\u00e9alis\u00e9 sous anesth\u00e9sie g\u00e9n\u00e9rale et l&#8217;op\u00e9ration dure entre 1 heure et 1h30.<br \/>\nLe chirurgien va effectuer en premier une lipoaspiration dans une des zones de r\u00e9serves de graisse en exc\u00e8s.<br \/>\nEnsuite, il s\u00e9pare les cellules graisseuses de bonne qualit\u00e9 des tissus inutiles gr\u00e2ce \u00e0 une centrifugation des graisses.<br \/>\nApr\u00e8s des micro-incisions dans le sillon sous-mammaire, le chirurgien injecte avec soin des centaines de gouttelettes de graisse dans le zone mammaire \u00e0 travers un instrument appel\u00e9 canule.<\/p>\n<p>&nbsp;<\/p>\n<p><img decoding=\"async\" loading=\"lazy\" class=\"size-medium wp-image-10224 aligncenter\" src=\"https:\/\/www.aesthetica-health.com\/wp-content\/uploads\/2019\/02\/222-300x188-300x188.jpg\" alt=\"\" width=\"300\" height=\"188\" \/><\/p>\n<p>Pour un meilleur r\u00e9sultat le plasticien ne doit pas d\u00e9passer 200 \u00e0 250 centim\u00e8tres cubes de graisse par sein.<\/p>\n<p>En fin d\u2019intervention, les incisions sont sutur\u00e9es \u00e0 l\u2019aide d\u2019un fil r\u00e9sorbable. Un pansement est \u00e9galement pos\u00e9 par le chirurgien. Il est indispensable de porter un soutien-gorge de contention de jour comme de nuit pour une p\u00e9riode de 2 mois.<\/p>\n<p>Le r\u00e9sultat d\u2019une\u00a0<b>lipostructure mammaire\u00a0<\/b>est visible imm\u00e9diatement, mais ne sera d\u00e9finitf qu&#8217;apr\u00e8s 4 mois de l&#8217;intervention. Le r\u00e9sultat est normalement est viable il d\u00e9pend l&#8217;apport sanguin qui permet aux cellules adipeuses de survivre. 70% des graisses transf\u00e9r\u00e9es sont conserv\u00e9es.[\/vc_column_text][\/vc_column_inner][\/vc_row_inner][vc_row_inner el_id=&#8221;four&#8221;][vc_column_inner][vc_column_text]<\/p>\n<h2>Les suites op\u00e9ratoires de la chirurgie lipofilling mammaire Nabeul<\/h2>\n<p>Des ecchymoses au niveau des zones de r\u00e9injection apparaissent \u00e9galement dans les premi\u00e8res heures et disparaissent au bout de 10 \u00e0 20 jours apr\u00e8s l&#8217;intervention. Il va falloir patienter 1 \u00e0 3 mois pour que le gonflement de la poitrine et des zones de pr\u00e9l\u00e8vement disparaissent compl\u00e8tement.<\/p>\n<p>Le r\u00e9tablissement n\u00e9cessite quelques jours, avec reprise de toutes les activit\u00e9s normales au bout d&#8217;une semaine.<br \/>\nIl est cependant d\u00e9conseill\u00e9 de pratiquer une activit\u00e9 sportive avant 6 semaines.<\/p>\n<h3><b><i>Consigne post-op\u00e9ratoires<\/i><\/b><\/h3>\n<p>Il est absolument n\u00e9cessaire \u00e9viter toute compression des seins pendant au moins 15 jours pour permettre aux nouvelles cellules de s\u2019int\u00e9grer dans le tissu existant.<\/p>\n<p>Il est proscrit de dormir sur le ventre ou toute autre activit\u00e9 qui exercerait une pression directe sur vos seins.<\/p>\n<p>La plupart des patients sont consid\u00e9r\u00e9s aptes \u00e0 travailler seulement apr\u00e8s 3 \u00e0 5 jours de l&#8217;intervention ; ceci concerne bien \u00e9videmment les emplois s\u00e9dentaires. Et une semaine pour les emplois n\u00e9cessitant plus de mouvements et d&#8217;efforts.[\/vc_column_text][\/vc_column_inner][\/vc_row_inner][vc_row_inner el_id=&#8221;five&#8221;][vc_column_inner][vc_column_text]<\/p>\n<h2>Le r\u00e9sultat de lipofilling mammaire<\/h2>\n<p>Le r\u00e9sultat de cette\u00a0<a href=\"#\">chirurgie esth\u00e9tique<\/a>\u00a0est souvent satisfaisant et conforme aux attentes de la patiente et le r\u00e9sultat d\u00e9finitif n&#8217;est appr\u00e9ci\u00e9 que dans un d\u00e9lai de 3 \u00e0 6 mois apr\u00e8s l&#8217;intervention.[\/vc_column_text][\/vc_column_inner][\/vc_row_inner][vc_row_inner el_id=&#8221;six&#8221;][vc_column_inner][vc_column_text]<\/p>\n<h2>Le prix de lipofilling des seins \u00e0 Nabeul<\/h2>\n<p>Les tarifs\u00a0de la\u00a0<strong>chirurgie esth\u00e9tique lipofilling des seins \u00e0 Nabeul <\/strong>affich\u00e9s ne comprennent que les frais de l\u2019intervention et non les frais du s\u00e9jour.<\/p>\n<p>Pour une tarification exacte merci de nous faire parvenir votre demande de devis.[\/vc_column_text][\/vc_column_inner][\/vc_row_inner][\/vc_column][\/vc_row][vc_row][vc_column][vc_column_text][\/vc_column_text][\/vc_column][\/vc_row] <\/p>","protected":false},"excerpt":{"rendered":"<p>[vc_row][vc_column][vc_column_text][\/vc_column_text][\/vc_column][\/vc_row][vc_row][vc_column][vc_column_text] Augmentation mammaire par injection de graisse \u00e0 Nabeul : c&#8217;est quoi ? Cette intervention consiste \u00e0 faire une Augmentation mammaire par injection de graisse \u00e0 Nabeul. Il s\u2019agit d\u2019une autogreffe de cellules adipeuses au niveau des seins. Pour les m\u00e9thodes naturelles avec le\u00a0lipofilling seins Nabeul, il faut attendre quelques mois avant de voir les [&hellip;]<\/p>\n","protected":false},"author":1,"featured_media":0,"parent":10049,"menu_order":0,"comment_status":"closed","ping_status":"closed","template":"","meta":[],"_links":{"self":[{"href":"https:\/\/www.aesthetica-health.com\/fr\/wp-json\/wp\/v2\/pages\/10223"}],"collection":[{"href":"https:\/\/www.aesthetica-health.com\/fr\/wp-json\/wp\/v2\/pages"}],"about":[{"href":"https:\/\/www.aesthetica-health.com\/fr\/wp-json\/wp\/v2\/types\/page"}],"author":[{"embeddable":true,"href":"https:\/\/www.aesthetica-health.com\/fr\/wp-json\/wp\/v2\/users\/1"}],"replies":[{"embeddable":true,"href":"https:\/\/www.aesthetica-health.com\/fr\/wp-json\/wp\/v2\/comments?post=10223"}],"version-history":[{"count":26,"href":"https:\/\/www.aesthetica-health.com\/fr\/wp-json\/wp\/v2\/pages\/10223\/revisions"}],"predecessor-version":[{"id":11953,"href":"https:\/\/www.aesthetica-health.com\/fr\/wp-json\/wp\/v2\/pages\/10223\/revisions\/11953"}],"up":[{"embeddable":true,"href":"https:\/\/www.aesthetica-health.com\/fr\/wp-json\/wp\/v2\/pages\/10049"}],"wp:attachment":[{"href":"https:\/\/www.aesthetica-health.com\/fr\/wp-json\/wp\/v2\/media?parent=10223"}],"curies":[{"name":"wp","href":"https:\/\/api.w.org\/{rel}","templated":true}]}}