{"id":10227,"date":"2019-02-06T10:57:53","date_gmt":"2019-02-06T09:57:53","guid":{"rendered":"https:\/\/www.aesthetica-health.com\/?page_id=10227"},"modified":"2019-11-16T09:40:31","modified_gmt":"2019-11-16T08:40:31","slug":"liposuccion-tunisie","status":"publish","type":"page","link":"https:\/\/www.aesthetica-health.com\/fr\/interventions-esthetique-tunisie\/chirurgie-silhouette-tunisie\/liposuccion-tunisie\/","title":{"rendered":"Liposuccion Nabeul : Prix lipostructure, lipoaspiration compl\u00e8te pas cher"},"content":{"rendered":"<p>[vc_row][vc_column][vc_column_text][\/vc_column_text][\/vc_column][\/vc_row][vc_row][vc_column][vc_column_text]<\/p>\n<header class=\"post-header\">\n<h2>Lipoaspiration ou liposuccion Nabeul : c&#8217;est quoi ?<\/h2>\n<\/header>\n<p>La\u00a0<strong>liposuccion Nabeul <\/strong>est pratiqu\u00e9e pour <a href=\"https:\/\/www.aesthetica-health.com\/interventions-esthetique-tunisie\/chirurgie-silhouette-tunisie\/\">corriger la silhouette<\/a> du patient.La\u00a0<strong>liposuccion Nabeul <\/strong>consiste \u00e0 supprimer la graisse en exc\u00e8s et qui r\u00e9siste au r\u00e9gime alimentaire.<\/p>\n<p>La\u00a0<strong>lipoaspiration \u00e0 Nabeul<\/strong>\u00a0permet de supprimer d\u00e9finitivement la graisse rebelle dans diff\u00e9rentes zones du corps. La\u00a0<strong>liposuccion \u00e0 Nabeul <\/strong>se fait par des micro-canules en mousse, en aspirant les tissus graisseux des cuisses, ventre, dos, bras, mollets, chevilles, poignets d\u2019amour.<\/p>\n<p>La chirurgie de\u00a0<strong>liposuccion Nabeul<\/strong>, permet de redessiner la silhouette, toutefois elle n\u2019est pas recommand\u00e9e pour les personnes qui souhaitent perdre du poids.<\/p>\n<p>La\u00a0<strong>lipostructure silhouette \u00e0 Nabeul<\/strong>\u00a0est une proc\u00e9dure de\u00a0<strong>chirurgie esth\u00e9tique<\/strong>\u00a0qui permet d\u2019am\u00e9liorer\u00a0\u00a0l\u2019aspect de la silhouette\u00a0. Cette technique n\u2019est pas une m\u00e9thode de\u00a0<a href=\"#\"><strong>r\u00e9duction de poids<\/strong><\/a>. Son objectif est d\u2019aider \u00e0 sculpter le corps, d\u2019\u00e9liminer les poches de graisse localis\u00e9e en am\u00e9liorant les contours du corps[\/vc_column_text][\/vc_column][\/vc_row][vc_row][vc_column][\/vc_column][\/vc_row][vc_row][vc_column width=&#8221;1\/3&#8243;]<ul class=\"dt-sc-vertical-nav \"><li><a href=\"#one\">\u00c0 qui s\u2019adresse cette op\u00e9ration<\/a><\/li><li><a href=\"#two\">Avant cette chirurgie esth\u00e9tique<\/a><\/li><li><a href=\"#three\">Comment se d\u00e9roule cette chirurgie esth\u00e9tique<\/a><\/li><li><a href=\"#four\">Les suites op\u00e9ratoires<\/a><\/li><li><a href=\"#five\">Le r\u00e9sultat de l'op\u00e9ration<\/a><\/li><li><a href=\"#six\">Nos tarif<\/a><\/li><\/ul>[\/vc_column][vc_column width=&#8221;2\/3&#8243;][vc_row_inner el_id=&#8221;one&#8221;][vc_column_inner][vc_column_text]<\/p>\n<h2>Liposuccion Nabeul Hammamet : Pour qui ?<\/h2>\n<p>[\/vc_column_text][vc_column_text]Ce proc\u00e9d\u00e9 chirurgical est indiqu\u00e9 pour toute personne en surpoids qui souhaite avoir une belle ligne en supprimant les exc\u00e8s graisseux dans une ou plusieurs zones du corps.<\/p>\n<p>Il est \u00e0 noter que la\u00a0<strong>liposculpture\u00a0<\/strong>n\u2019est pas un moyen d\u2019amaigrissement et ne concerne pas les personnes ob\u00e8ses avant toute perte de poids mais il s\u2019agit d\u2019une technique qui permet de supprimer la graisse exc\u00e9dentaire.[\/vc_column_text][\/vc_column_inner][\/vc_row_inner][vc_row_inner el_id=&#8221;two&#8221;][vc_column_inner][vc_column_text]<\/p>\n<div class=\"wpb_text_column wpb_content_element inherit\">\n<div class=\"wpb_wrapper\">\n<h2>Avant l\u2019intervention<\/h2>\n<p>Qu\u2019il s\u2019agit d\u2019une\u00a0<strong>liposuccion des bras\u00a0<\/strong>ou des cuisses ou n\u2019importe quelle zone, le patient doit r\u00e9aliser un bilan sanguin complet.<\/p>\n<p>En fonction du type d&#8217;anesth\u00e9sie, il sera demand\u00e9 au patient de rien manger et boire les six heures qui pr\u00e9c\u00e8dent l&#8217;intervention.<\/p>\n<p>Le patient rencontre le chirurgien plasticien et le m\u00e9decin anesth\u00e9siste lors d\u2019une consultation pr\u00e9op\u00e9ratoire la veille de l\u2019intervention et un bilan sanguin complet doit \u00eatre r\u00e9alis\u00e9.<\/p>\n<p>Six heures avant l\u2019intervention, il sera demand\u00e9 au patient de rester \u00e0 jeun.<\/p>\n<\/div>\n<\/div>\n<p>[\/vc_column_text][\/vc_column_inner][\/vc_row_inner][vc_row_inner el_id=&#8221;three&#8221;][vc_column_inner][vc_column_text]<\/p>\n<h2>Liposuccion compl\u00e8te Nabeul : comment se d\u00e9roule ?<\/h2>\n<p><strong>La chirurgie de liposuccion<\/strong> dure entre 20 minutes et 90 minutes, en fonction de la quantit\u00e9 de graisse r\u00e9siduelle.<\/p>\n<p>Le type d\u2019anesth\u00e9sie varie selon l\u2019importance et la multiplicit\u00e9 des zones \u00e0 traiter<\/p>\n<p>L\u2019<strong>aspiration de la graisse<\/strong> en exc\u00e8s est pratiqu\u00e9 par des canules tr\u00e8s fines afin de <strong>sculpturer<\/strong> un nouveau volume et remodeler la silhouette du patient.<\/p>\n<p>A travers des incisions minuscules que le chirurgien ins\u00e8re les micro-canules, \u00a0ce qui permet la dissimulation optimales des cicatrices.<\/p>\n<p>Souvent, <strong>la chirurgie esth\u00e9tique<\/strong> associe d\u2019autres actes chirurgicaux \u00e0\u00a0<strong>la liposuccion<\/strong>, principalement le <strong>lipofilling<\/strong>.<\/p>\n<p>En effet, la graisse aspir\u00e9 sur les zones en surcharge graisseux est r\u00e9inject\u00e9e dans les parties du corps qui pr\u00e9sente un rel\u00e2chement cutan\u00e9e, ou celles qui sont atrophi\u00e9s (<a href=\"#\"><strong>lipofilling seins<\/strong><\/a>\u00a0ou\u00a0<a href=\"#\"><strong>lipofilling fesses<\/strong><\/a>).<\/p>\n<p>Le chirurgien peut vous conseiller d\u2019associer une augmentation mammaire sans implant en r\u00e9injectant votre propre graisse au niveau des seins, pour une meilleure fermet\u00e9.<\/p>\n<p>Les techniques chirurgicales utilis\u00e9es dans la\u00a0<strong>liposuccion \u00e0 Nabeul<\/strong>, ont t\u00e9moign\u00e9 une \u00e9volution, ce qui garantit les r\u00e9sultats postop\u00e9ratoires.<\/p>\n<p>Maintenant la<strong> liposuccion \u00e0 Nabeul <\/strong>est devenue une intervention ordinaire que nos chirurgiens tunisiens pratiquent tous les jours, avec les techniques de fragilisation de la graisse avant son aspiration ainsi que les astuces qui att\u00e9nue les saignements.<\/p>\n<p>Apr\u00e8s l\u2019intervention de\u00a0<strong>lipoaspiration<\/strong>, votre chirurgien vous recommande le port d\u2019un v\u00eatement de r\u00e9tention sur mesure pour limiter les ecchymoses et les \u0153d\u00e8mes.[\/vc_column_text][\/vc_column_inner][\/vc_row_inner][vc_row_inner el_id=&#8221;four&#8221;][vc_column_inner][vc_column_text]<\/p>\n<h2>Les suites op\u00e9ratoires liposuccion \u00e0 Nabeul<\/h2>\n<p>La\u00a0<strong>liposuccion \u00e0 Nabeul <\/strong>n\u2019est relativement pas douloureuse mais chaque personne r\u00e9agit diff\u00e9remment \u00e0 la douleur. Des ecchymoses (bleus) et un \u0153d\u00e8me (gonflement) apparaissent au niveau des r\u00e9gions trait\u00e9es par la liposuccion et se r\u00e9sorbent dans un d\u00e9lai de 10 \u00e0 20 jours apr\u00e8s l\u2019intervention.<\/p>\n<p>Apr\u00e8s une\u00a0<strong>liposculpture \u00e0 Nabeul <\/strong>, le temps n\u00e9cessaire \u00e0 la r\u00e9cup\u00e9ration est li\u00e9 \u00e0 la quantit\u00e9 de graisses extraites et varie entre 4 et 7 jours.<\/p>\n<p>Donc, pour un meilleur r\u00e9sultat, il est recommand\u00e9 de garder la gaine de contention pendant 2 \u00e0 4 semaines, p\u00e9riode durant laquelle il est vraiment d\u00e9conseill\u00e9 de pratiquer des activit\u00e9s sportives et d&#8217;exposer les r\u00e9gions op\u00e9r\u00e9es au soleil.[\/vc_column_text][\/vc_column_inner][\/vc_row_inner][vc_row_inner el_id=&#8221;five&#8221;][vc_column_inner][vc_column_text]<\/p>\n<h2>R\u00e9sultat lipoaspiration \u00e0 Nabeul<\/h2>\n<p>Appr\u00e9ci\u00e9 de fa\u00e7on d\u00e9finitive dans un d\u00e9lai de 4 mois apr\u00e8s l\u2019intervention, il est le plus souvent satisfaisant, la lipoaspiration aura permis de faire dispara\u00eetre d\u00e9finitivement les surcharges de graisse localis\u00e9es, tout en entra\u00eenant une r\u00e9traction appr\u00e9ciable de la peau.[\/vc_column_text][\/vc_column_inner][\/vc_row_inner][vc_row_inner el_id=&#8221;six&#8221;][vc_column_inner][vc_column_text]<\/p>\n<h2>Le prix de liposuccion \u00e0 Nabeul<\/h2>\n<p>Les tarifs\u00a0de La\u00a0<strong>chirurgie esth\u00e9tique liposuccion \u00e0 Nabeul<\/strong>\u00a0affich\u00e9s ne comprennent que\u00a0 \u00a0les frais de l\u2019intervention et non pas les frais du s\u00e9jour.<\/p>\n<p>Pour une tarification exacte merci de nous faire parvenir votre demande de devis.[\/vc_column_text][\/vc_column_inner][\/vc_row_inner][\/vc_column][\/vc_row][vc_row][vc_column][vc_column_text][\/vc_column_text][\/vc_column][\/vc_row] <\/p>","protected":false},"excerpt":{"rendered":"<p>[vc_row][vc_column][vc_column_text][\/vc_column_text][\/vc_column][\/vc_row][vc_row][vc_column][vc_column_text] Lipoaspiration ou liposuccion Nabeul : c&#8217;est quoi ? La\u00a0liposuccion Nabeul est pratiqu\u00e9e pour corriger la silhouette du patient.La\u00a0liposuccion Nabeul consiste \u00e0 supprimer la graisse en exc\u00e8s et qui r\u00e9siste au r\u00e9gime alimentaire. La\u00a0lipoaspiration \u00e0 Nabeul\u00a0permet de supprimer d\u00e9finitivement la graisse rebelle dans diff\u00e9rentes zones du corps. La\u00a0liposuccion \u00e0 Nabeul se fait par des micro-canules [&hellip;]<\/p>\n","protected":false},"author":1,"featured_media":0,"parent":10051,"menu_order":0,"comment_status":"closed","ping_status":"closed","template":"","meta":[],"_links":{"self":[{"href":"https:\/\/www.aesthetica-health.com\/fr\/wp-json\/wp\/v2\/pages\/10227"}],"collection":[{"href":"https:\/\/www.aesthetica-health.com\/fr\/wp-json\/wp\/v2\/pages"}],"about":[{"href":"https:\/\/www.aesthetica-health.com\/fr\/wp-json\/wp\/v2\/types\/page"}],"author":[{"embeddable":true,"href":"https:\/\/www.aesthetica-health.com\/fr\/wp-json\/wp\/v2\/users\/1"}],"replies":[{"embeddable":true,"href":"https:\/\/www.aesthetica-health.com\/fr\/wp-json\/wp\/v2\/comments?post=10227"}],"version-history":[{"count":7,"href":"https:\/\/www.aesthetica-health.com\/fr\/wp-json\/wp\/v2\/pages\/10227\/revisions"}],"predecessor-version":[{"id":11242,"href":"https:\/\/www.aesthetica-health.com\/fr\/wp-json\/wp\/v2\/pages\/10227\/revisions\/11242"}],"up":[{"embeddable":true,"href":"https:\/\/www.aesthetica-health.com\/fr\/wp-json\/wp\/v2\/pages\/10051"}],"wp:attachment":[{"href":"https:\/\/www.aesthetica-health.com\/fr\/wp-json\/wp\/v2\/media?parent=10227"}],"curies":[{"name":"wp","href":"https:\/\/api.w.org\/{rel}","templated":true}]}}