{"id":10232,"date":"2019-02-06T11:14:48","date_gmt":"2019-02-06T10:14:48","guid":{"rendered":"https:\/\/www.aesthetica-health.com\/?page_id=10232"},"modified":"2019-11-16T09:43:19","modified_gmt":"2019-11-16T08:43:19","slug":"abdominoplastie-tunisie","status":"publish","type":"page","link":"https:\/\/www.aesthetica-health.com\/fr\/interventions-esthetique-tunisie\/chirurgie-silhouette-tunisie\/abdominoplastie-tunisie\/","title":{"rendered":"Abdominoplastie Nabeul Prix : Chirurgie reparatrice ventre tout compris"},"content":{"rendered":"<p>[vc_row][vc_column][vc_column_text][\/vc_column_text][\/vc_column][\/vc_row][vc_row][vc_column][vc_column_text]<\/p>\n<header class=\"post-header\">\n<h2>Abdominoplastie Nabeul : chirurgie r\u00e9paratrice du ventre : c&#8217;est quoi ?<\/h2>\n<\/header>\n<p><strong>Abdominoplastie Nabeul <\/strong>est\u00a0<strong>la chirurgie esth\u00e9tique de la paroi de l\u2019abdomen\u00a0<\/strong>qui permet \u00e0 la fois d\u2019enlever la surcharge de graisse \u00ab\u00a0<a title=\"lipoaspiration tunisie\" href=\"https:\/\/www.aesthetica-health.com\/interventions\/chirurgie-du-corps\/liposuccion\/\">lipoaspiration<\/a>\u00a0\u00bb ainsi que le rel\u00e2chement cutan\u00e9. Apr\u00e8s des grossesses successives ou un r\u00e9gime alimentaire amaigrissant, le ventre montre un affaissement musculaire.<\/p>\n<p>Deux facteurs principaux peuvent causer\u00a0la d\u00e9t\u00e9rioration musculaire du ventre : le manque d\u2019activit\u00e9 physique et l\u2019\u00e2ge. L<strong>\u2019abdominoplastie Nabeul ou la chirurgie r\u00e9paratrice du ventre <\/strong>s\u2019adresse aux patients\u00a0qui souffrent de perte de fermet\u00e9 de la zone abdominale.<\/p>\n<p><strong>L\u2019abdominoplastie ou la plastie abdominale \u00e0 Nabeul<\/strong>, permet de corriger et de retendre le muscle grand droit de l&#8217;abdomen ce dernier contr\u00f4le le rel\u00e2chement cutan\u00e9.<\/p>\n<p>La\u00a0<strong>chirurgie du ventre<\/strong>\u00a0<strong>\u00e0 Nabeul <\/strong>permet \u00e9galement de retrouver un ventre plat gr\u00e2ce \u00e0 l\u2019<a title=\"aspirer la graisse tunisie\" href=\"https:\/\/www.aesthetica-health.com\/interventions\/chirurgie-du-corps\/liposuccion\/\">aspiration de la graisse\u00a0<\/a>abdominale en exc\u00e8s.[\/vc_column_text][\/vc_column][\/vc_row][vc_row][vc_column][\/vc_column][\/vc_row][vc_row][vc_column width=&#8221;1\/3&#8243;]<ul class=\"dt-sc-vertical-nav \"><li><a href=\"#one\">\u00c0 qui s\u2019adresse cette op\u00e9ration<\/a><\/li><li><a href=\"#two\">Avant cette chirurgie esth\u00e9tique<\/a><\/li><li><a href=\"#three\">Comment se d\u00e9roule cette chirurgie esth\u00e9tique<\/a><\/li><li><a href=\"#four\">Les suites op\u00e9ratoires<\/a><\/li><li><a href=\"#five\">Le r\u00e9sultat de l'op\u00e9ration<\/a><\/li><li><a href=\"#six\">Nos tarifs<\/a><\/li><\/ul>[\/vc_column][vc_column width=&#8221;2\/3&#8243;][vc_row_inner el_id=&#8221;one&#8221;][vc_column_inner][vc_column_text]<\/p>\n<h2>La plastie abdominale \u00e0 Nabeul : Pour qui ?<\/h2>\n<p>[\/vc_column_text][vc_column_text]Le recours \u00e0 la\u00a0<strong>plastie abdominale \u00e0 Nabeul<\/strong>, est majoritairement f\u00e9minin, alors que cette intervention esth\u00e9tique pourrait aussi \u00eatre une solution pour les hommes qui ont perdu beaucoup de kilos apr\u00e8s un r\u00e9gime ou une chirurgie d&#8217;ob\u00e9sit\u00e9 et donc souffrent d&#8217;un exc\u00e8s de peau.<\/p>\n<p>&nbsp;<\/p>\n<p>Il est important de comprendre quels sont les d\u00e9fauts que la\u00a0<strong>plastie abdominale<\/strong>\u00a0peut corriger :\u00a0un rel\u00e2chement important de la peau, une surcharge de graisse et des vergetures.<\/p>\n<p>Cette intervention agit en premier lieu sur l\u2019exc\u00e9dent de graisse, puis sur le rel\u00e2chement de la peau au niveau de l\u2019abdomen qui se manifeste par le tablier abdominal et enfin agit sur l\u2019\u00e9cartement des muscles abdominaux ou diastasis des grands- droits\u00a0ou s\u00e9paration abdominale. Tout ces \u00e9l\u00e9ments associ\u00e9s permettent d&#8217;obtenir un r\u00e9sultat naturel.[\/vc_column_text][\/vc_column_inner][\/vc_row_inner][vc_row_inner el_id=&#8221;two&#8221;][vc_column_inner][vc_column_text]<\/p>\n<div class=\"wpb_text_column wpb_content_element inherit\">\n<div class=\"wpb_wrapper\">\n<h2>Avant une abdominoplastie \u00e0 Nabeul<\/h2>\n<p>Une consultation devra \u00eatre tenue la veille avec le\u00a0chirurgien plasticien, le m\u00e9decin anesth\u00e9siste et le patient afin d&#8217;\u00e9tablir un dernier contr\u00f4le en tenant compte des bilans sanguin et cardiovasculaire complets.<\/p>\n<p>Sont \u00e0 proscrire : la pilule contraceptive, l\u2019aspirine et les anti-inflammatoires les 15 jours avant la date de la chirurgie.<\/p>\n<\/div>\n<\/div>\n<p>[\/vc_column_text][\/vc_column_inner][\/vc_row_inner][vc_row_inner el_id=&#8221;three&#8221;][vc_column_inner][vc_column_text]<\/p>\n<h2>D\u00e9roulement de l\u2019abdominoplastie \u00e0 Nabeul<\/h2>\n<p><strong>La plastie abdominale \u00e0 Nabeul Hammamet<\/strong>\u00a0se fait sous anesth\u00e9sie g\u00e9n\u00e9rale, et dure entre une \u00e0 trois heures.<\/p>\n<p>Le chirurgien plasticien marque les diff\u00e9rents endroits o\u00f9 il va intervenir pour diminuer le volume et l&#8217;exc\u00e8s de peau.<\/p>\n<p>Le plasticien enl\u00e8ve la graisse exc\u00e9dentaire localis\u00e9e sur l\u2019abdomen et remet, par la suite, en tension les muscles distendus. Cette pratique n&#8217;est pas syst\u00e9matique, par fois le chirurgien effectue une mini-abdominiplastie puisque le praticien \u00e9tabli qu&#8217;il n&#8217;y a qu&#8217;un rel\u00e2chement minime de la peau ne n\u00e9cessitant pas une abdomenoplastie compl\u00e9te. Dans ce cas, le chirurgien va enlever l&#8217;exc\u00e8s de peau situ\u00e9 sous le nombril sans intervenir sur le muscle abdominale.<\/p>\n<p><strong>L\u2019abdominoplastie compl\u00e8te<\/strong>\u00a0est pratiqu\u00e9e dans le cas o\u00f9 le rel\u00e2chement de la peau est important, cette intervention consiste \u00e0 pr\u00e9lever la peau rel\u00e2ch\u00e9e, le reste du tissu cutan\u00e9 en dessous du nombril est refrapp\u00e9 vers le bas.<\/p>\n<p>Le chirurgien met un pansement modelant autour du ventre avec une gaine de contention pour un meilleur r\u00e9sultat.<\/p>\n<p>Les cicatrices sont transversales sous-pubienne, et au pourtour du nombril, elles d\u00e9pendent fortement de la quantit\u00e9 de la peau \u00e0 enlever et de la capacit\u00e9 de la peau \u00e0 cicatriser.<\/p>\n<p>Le chirurgien plasticien gr\u00e2ce \u00e0 l&#8217;abdomenoplastie remet le muscle abdominal en tension. Le resserrement des muscles permet d\u2019affiner la taille du patient et de lui cr\u00e9er une ceinture abdominale solide.<\/p>\n<p>Apr\u00e8s\u00a0<strong>l\u2019abdominoplastie \u00e0 Nabeul<\/strong>, le bourrelet g\u00eanants et disgracieux situ\u00e9s au niveau de l\u2019estomac disparaissent et le ventre devient plat.[\/vc_column_text][\/vc_column_inner][\/vc_row_inner][vc_row_inner el_id=&#8221;four&#8221;][vc_column_inner][vc_column_text]<\/p>\n<h2>Abdominoplastie Nabeul : suivi postop\u00e9ratoire<\/h2>\n<p>La chirurgie du ventre permet de retrouver un ventre plat ; que ce soit au-dessus de l\u2019nombril ou en dessous.<\/p>\n<p>En cas d\u2019exc\u00e8s de la peau du pubis, le chirurgien peut proc\u00e9der \u00e0 un repositionnement de la peau pubienne pour une remise en tension naturelle de la zone. Les cicatrices seront cach\u00e9es par les poils pubiens.<\/p>\n<p>Le pansement et les drains peuvent \u00eatre enlev\u00e9s dans les deux jours qui suivent la chirurgie.<\/p>\n<p>Le patient portera une gaine de contention durant 2 jours.<\/p>\n<p>Les fils de suture ne seront enlev\u00e9s apr\u00e8s 15 jours de l<strong>\u2019abdominoplastie <\/strong>et les cicatrices restent ros\u00e9es les 2 jours postop\u00e9ratoire.<\/p>\n<p>Les cicatrices ne disparaissent compl\u00e8tement que seulement 3 ans apr\u00e8s la\u00a0<strong>chirurgie du ventre. <\/strong>Cela va d\u00e9pendre de la qualit\u00e9 de la peau qui diff\u00e8re d&#8217;un patient \u00e0 un autre.[\/vc_column_text][\/vc_column_inner][\/vc_row_inner][vc_row_inner el_id=&#8221;five&#8221;][vc_column_inner][vc_column_text]<\/p>\n<h2>R\u00e9sultat d\u2019une chirurgie esth\u00e9tique du ventre<\/h2>\n<p>Apr\u00e8s l\u2019intervention de la chirurgie esth\u00e9tique du ventre, le port d\u2019une gaine \u00e9lastique pendant les deux premiers mois permet une meilleure cicatrisation et minimise l\u2019apparition des \u0153d\u00e8mes au niveau de la peau. Le pansement est chang\u00e9 pendant les dix \u00e0 quinze jours suivant l\u2019intervention.<\/p>\n<p>Vous pouvez faire du sport apr\u00e8s deux mois. La reprise du travail d\u00e9pend du type de m\u00e9tier exerc\u00e9 c&#8217;est votre m\u00e9decin qui d\u00e9terminera le d\u00e9lai de repos n\u00e9cessaire.[\/vc_column_text][\/vc_column_inner][\/vc_row_inner][vc_row_inner el_id=&#8221;six&#8221;][vc_column_inner][vc_column_text]<\/p>\n<h2>Le prix d\u2019une abdominoplastie Nabeul<\/h2>\n<p>Les tarifs\u00a0de La\u00a0<strong>chirurgie esth\u00e9tique abdominoplastie \u00e0 Nabeul <\/strong>affich\u00e9s ne comprennent que les frais de l\u2019intervention et non les frais du s\u00e9jour.<\/p>\n<p>Pour une tarification exacte merci de nous faire parvenir votre demande de devis.[\/vc_column_text][\/vc_column_inner][\/vc_row_inner][\/vc_column][\/vc_row][vc_row][vc_column][vc_column_text][\/vc_column_text][\/vc_column][\/vc_row] <\/p>","protected":false},"excerpt":{"rendered":"<p>[vc_row][vc_column][vc_column_text][\/vc_column_text][\/vc_column][\/vc_row][vc_row][vc_column][vc_column_text] Abdominoplastie Nabeul : chirurgie r\u00e9paratrice du ventre : c&#8217;est quoi ? Abdominoplastie Nabeul est\u00a0la chirurgie esth\u00e9tique de la paroi de l\u2019abdomen\u00a0qui permet \u00e0 la fois d\u2019enlever la surcharge de graisse \u00ab\u00a0lipoaspiration\u00a0\u00bb ainsi que le rel\u00e2chement cutan\u00e9. Apr\u00e8s des grossesses successives ou un r\u00e9gime alimentaire amaigrissant, le ventre montre un affaissement musculaire. Deux facteurs principaux [&hellip;]<\/p>\n","protected":false},"author":1,"featured_media":0,"parent":10051,"menu_order":0,"comment_status":"closed","ping_status":"closed","template":"","meta":[],"_links":{"self":[{"href":"https:\/\/www.aesthetica-health.com\/fr\/wp-json\/wp\/v2\/pages\/10232"}],"collection":[{"href":"https:\/\/www.aesthetica-health.com\/fr\/wp-json\/wp\/v2\/pages"}],"about":[{"href":"https:\/\/www.aesthetica-health.com\/fr\/wp-json\/wp\/v2\/types\/page"}],"author":[{"embeddable":true,"href":"https:\/\/www.aesthetica-health.com\/fr\/wp-json\/wp\/v2\/users\/1"}],"replies":[{"embeddable":true,"href":"https:\/\/www.aesthetica-health.com\/fr\/wp-json\/wp\/v2\/comments?post=10232"}],"version-history":[{"count":13,"href":"https:\/\/www.aesthetica-health.com\/fr\/wp-json\/wp\/v2\/pages\/10232\/revisions"}],"predecessor-version":[{"id":11244,"href":"https:\/\/www.aesthetica-health.com\/fr\/wp-json\/wp\/v2\/pages\/10232\/revisions\/11244"}],"up":[{"embeddable":true,"href":"https:\/\/www.aesthetica-health.com\/fr\/wp-json\/wp\/v2\/pages\/10051"}],"wp:attachment":[{"href":"https:\/\/www.aesthetica-health.com\/fr\/wp-json\/wp\/v2\/media?parent=10232"}],"curies":[{"name":"wp","href":"https:\/\/api.w.org\/{rel}","templated":true}]}}