{"id":10236,"date":"2019-02-06T11:48:10","date_gmt":"2019-02-06T10:48:10","guid":{"rendered":"https:\/\/www.aesthetica-health.com\/?page_id=10236"},"modified":"2019-11-16T09:42:23","modified_gmt":"2019-11-16T08:42:23","slug":"augmentation-fesses-tunisie","status":"publish","type":"page","link":"https:\/\/www.aesthetica-health.com\/fr\/interventions-esthetique-tunisie\/chirurgie-silhouette-tunisie\/augmentation-fesses-tunisie\/","title":{"rendered":"Augmentation fesses Nabeul par proth\u00e8ses : pose d\u2019implants fessier prix pas cher"},"content":{"rendered":"<p>[vc_row][vc_column][vc_column_text][\/vc_column_text][\/vc_column][\/vc_row][vc_row][vc_column][vc_column_text]<\/p>\n<header class=\"post-header\">\n<h2>Augmentation fesses Nabeul pour avoir des fesses rebondies<\/h2>\n<\/header>\n<p>L&#8217;<strong>augmentation fesses par implants ou par <a href=\"https:\/\/www.aesthetica-health.com\/interventions-esthetique-tunisie\/chirurgie-silhouette-tunisie\/lipofilling-fesses-tunisie\/\">injections de graisse \u00e0 Nabeul<\/a><\/strong>\u00a0est une <a href=\"https:\/\/www.aesthetica-health.com\/interventions-esthetique-tunisie\/chirurgie-silhouette-tunisie\/\">chirurgie esth\u00e9tique de la silhouette<\/a>. Elle permet d&#8217;obtenir une belle forme rebondie gr\u00e2ce \u00e0 la pose de proth\u00e8ses sp\u00e9cifiques \u00e0 la r\u00e9gion glut\u00e9ale ; le volume et la forme des proth\u00e8ses varient selon le r\u00e9sultat souhait\u00e9.<\/p>\n<p>Cette intervention chirurgicale est sollicit\u00e9e par les patients qui ont une hypotrophie des fesses due soit \u00e0 une perte de poids importante ou encore \u00e0 une morphologie tr\u00e8s fine.<\/p>\n<p>L&#8217;objectif de la pose d&#8217;implants ou du lipomodelage fessier est d&#8217;avoir des fesses belles et rondes, pour donner \u00e0 la silhouette un aspect plus attirant et f\u00e9minin.[\/vc_column_text][\/vc_column][\/vc_row][vc_row][vc_column][\/vc_column][\/vc_row][vc_row][vc_column width=&#8221;1\/3&#8243;]<ul class=\"dt-sc-vertical-nav \"><li><a href=\"#one\">\u00c0 qui s\u2019adresse cette op\u00e9ration<\/a><\/li><li><a href=\"#two\">Avant cette chirurgie esth\u00e9tique<\/a><\/li><li><a href=\"#three\">Comment se d\u00e9roule cette chirurgie esth\u00e9tique<\/a><\/li><li><a href=\"#four\">Les suites op\u00e9ratoires<\/a><\/li><li><a href=\"#five\">Le r\u00e9sultat de l'op\u00e9ration<\/a><\/li><li><a href=\"#six\">Nos tarif<\/a><\/li><\/ul>[\/vc_column][vc_column width=&#8221;2\/3&#8243;][vc_row_inner el_id=&#8221;one&#8221;][vc_column_inner][vc_column_text]<\/p>\n<h2>Augmentation fesses Nabeul: Pour qui ?<\/h2>\n<p>[\/vc_column_text][vc_column_text]<strong>La chirurgie esth\u00e9tique augmentation fesses \u00e0 Nabeul <\/strong>par proth\u00e8ses est sollicit\u00e9e par les femmes insatisfaites du volume fessier dont elles sont dot\u00e9es, ou bien plates, et voulant les renforcer par insertion de proth\u00e8ses.[\/vc_column_text][\/vc_column_inner][\/vc_row_inner][vc_row_inner el_id=&#8221;two&#8221;][vc_column_inner][vc_column_text]<\/p>\n<div class=\"wpb_text_column wpb_content_element inherit\">\n<div class=\"wpb_wrapper\">\n<h2>Avant une augmentation des fesses \u00e0 Nabeul<\/h2>\n<p>Une consultation pr\u00e9op\u00e9ratoire est organis\u00e9e avec le\u00a0chirurgien\u00a0et le m\u00e9decin anesth\u00e9siste la veille de l\u2019intervention et un bilan sanguin complet est r\u00e9alis\u00e9.<\/p>\n<\/div>\n<\/div>\n<p>[\/vc_column_text][\/vc_column_inner][\/vc_row_inner][vc_row_inner el_id=&#8221;three&#8221;][vc_column_inner][vc_column_text]<\/p>\n<h2>D\u00e9roulement augmentation fesses par proth\u00e8se en Tunisie<\/h2>\n<p>Cette\u00a0<strong>chirurgie esth\u00e9tique<\/strong> est effectu\u00e9e sous anesth\u00e9sie g\u00e9n\u00e9rale et dure environ 2 heures, il faut compter deux nuits d\u2019hospitalisation.<\/p>\n<p>l&#8217;<strong>augmentation fesses par proth\u00e8se<\/strong> consiste \u00e0 ins\u00e9rer un <strong>implant fessier<\/strong> dans la moiti\u00e9 sup\u00e9rieure de chaque fesse \u00e0 travers une incision dans le pli inter fessier, cette technique ne laisse qu&#8217;une cicatrice tr\u00e8s discr\u00e8te.[\/vc_column_text][\/vc_column_inner][\/vc_row_inner][vc_row_inner el_id=&#8221;four&#8221;][vc_column_inner][vc_column_text]<\/p>\n<h2>Les suites op\u00e9ratoires d&#8217;une augmentation fesses Nabeul<\/h2>\n<p>Elles sont g\u00e9n\u00e9ralement peu douloureuses, gonflement et ecchymoses sont fr\u00e9quemment observ\u00e9s et diminuent progressivement. Le premier pansement ne sera retir\u00e9 qu&#8217;apr\u00e8s les 48 heures qui suivent l&#8217;op\u00e9ration. Il faut patienter 2 jours pour pouvoir s&#8217;assoir ou marcher.<\/p>\n<p>Les activit\u00e9s quotidiennes peuvent \u00eatre reprises \u00e0 partir de la deuxi\u00e8me semaine mais la pratique du sport est proscrite avant 3 mois.[\/vc_column_text][\/vc_column_inner][\/vc_row_inner][vc_row_inner el_id=&#8221;five&#8221;][vc_column_inner][vc_column_text]<\/p>\n<h2>Implant fessier Nabeul r\u00e9sultat<\/h2>\n<p>Le patient ne pourra appr\u00e9cier le r\u00e9sultat, d&#8217;un\u00a0<strong>implant fessier \u00e0 Nabeul,<\/strong>\u00a0qu&#8217;\u00e0 partir du troisi\u00e8me mois apr\u00e8s la chirurgie ; c&#8217;est le temps n\u00e9cessaire pour le corps \u00e0 s&#8217;habituer au nouveau fessier.[\/vc_column_text][\/vc_column_inner][\/vc_row_inner][vc_row_inner el_id=&#8221;six&#8221;][vc_column_inner][vc_column_text]<\/p>\n<h2>Le prix d\u2019un Implant fessier Nabeul<\/h2>\n<p>Les tarifs\u00a0de la\u00a0<strong>chirurgie esth\u00e9tique augmentation fesses Nabeul par proth\u00e8ses <\/strong>affich\u00e9s ne comprennent que les frais de l\u2019intervention et non les frais du s\u00e9jour.<\/p>\n<p>Pour une tarification exacte merci de nous faire parvenir votre demande de devis.[\/vc_column_text][\/vc_column_inner][\/vc_row_inner][\/vc_column][\/vc_row][vc_row][vc_column][vc_column_text][\/vc_column_text][\/vc_column][\/vc_row] <\/p>","protected":false},"excerpt":{"rendered":"<p>[vc_row][vc_column][vc_column_text][\/vc_column_text][\/vc_column][\/vc_row][vc_row][vc_column][vc_column_text] Augmentation fesses Nabeul pour avoir des fesses rebondies L&#8217;augmentation fesses par implants ou par injections de graisse \u00e0 Nabeul\u00a0est une chirurgie esth\u00e9tique de la silhouette. Elle permet d&#8217;obtenir une belle forme rebondie gr\u00e2ce \u00e0 la pose de proth\u00e8ses sp\u00e9cifiques \u00e0 la r\u00e9gion glut\u00e9ale ; le volume et la forme des proth\u00e8ses varient selon le [&hellip;]<\/p>\n","protected":false},"author":1,"featured_media":0,"parent":10051,"menu_order":0,"comment_status":"closed","ping_status":"closed","template":"","meta":[],"_links":{"self":[{"href":"https:\/\/www.aesthetica-health.com\/fr\/wp-json\/wp\/v2\/pages\/10236"}],"collection":[{"href":"https:\/\/www.aesthetica-health.com\/fr\/wp-json\/wp\/v2\/pages"}],"about":[{"href":"https:\/\/www.aesthetica-health.com\/fr\/wp-json\/wp\/v2\/types\/page"}],"author":[{"embeddable":true,"href":"https:\/\/www.aesthetica-health.com\/fr\/wp-json\/wp\/v2\/users\/1"}],"replies":[{"embeddable":true,"href":"https:\/\/www.aesthetica-health.com\/fr\/wp-json\/wp\/v2\/comments?post=10236"}],"version-history":[{"count":9,"href":"https:\/\/www.aesthetica-health.com\/fr\/wp-json\/wp\/v2\/pages\/10236\/revisions"}],"predecessor-version":[{"id":11175,"href":"https:\/\/www.aesthetica-health.com\/fr\/wp-json\/wp\/v2\/pages\/10236\/revisions\/11175"}],"up":[{"embeddable":true,"href":"https:\/\/www.aesthetica-health.com\/fr\/wp-json\/wp\/v2\/pages\/10051"}],"wp:attachment":[{"href":"https:\/\/www.aesthetica-health.com\/fr\/wp-json\/wp\/v2\/media?parent=10236"}],"curies":[{"name":"wp","href":"https:\/\/api.w.org\/{rel}","templated":true}]}}