{"id":10239,"date":"2019-02-06T12:01:12","date_gmt":"2019-02-06T11:01:12","guid":{"rendered":"https:\/\/www.aesthetica-health.com\/?page_id=10239"},"modified":"2019-11-16T09:42:27","modified_gmt":"2019-11-16T08:42:27","slug":"lipofilling-fesses-tunisie","status":"publish","type":"page","link":"https:\/\/www.aesthetica-health.com\/fr\/interventions-esthetique-tunisie\/chirurgie-silhouette-tunisie\/lipofilling-fesses-tunisie\/","title":{"rendered":"Lipofilling fesses Nabeul : augmentation naturelle fesses par injection graisse"},"content":{"rendered":"<p>[vc_row][vc_column][vc_column_text][\/vc_column_text][\/vc_column][\/vc_row][vc_row][vc_column][vc_column_text]<\/p>\n<header class=\"post-header\">\n<h2>Lipofilling fesses Nabeul: Lipofilling fesses Hammamet, Brazilian butt lift<\/h2>\n<\/header>\n<p><strong>le lipofilling\u00a0 fesses Nabeul <\/strong>est une intervention de\u00a0<strong>chirurgie esth\u00e9tique<\/strong>\u00a0qui permet de modifier la forme et la taille des fesses par injection de la propre graisse de la patiente.le\u00a0<strong>lipofilling\u00a0 fesses Nabeul<\/strong>\u00a0 permet afin d&#8217;obtenir des fesses fermes et bomb\u00e9es sans recourir \u00e0 la\u00a0<a href=\"https:\/\/www.aesthetica-health.com\/interventions\/chirurgie-silhouette\/augmentation-fesses\/\">pose des implants fessiers<\/a>.[\/vc_column_text][\/vc_column][\/vc_row][vc_row][vc_column][\/vc_column][\/vc_row][vc_row][vc_column width=&#8221;1\/3&#8243;]<ul class=\"dt-sc-vertical-nav \"><li><a href=\"#one\">\u00c0 qui s\u2019adresse cette op\u00e9ration<\/a><\/li><li><a href=\"#two\">Avant cette chirurgie esth\u00e9tique<\/a><\/li><li><a href=\"#three\">Comment se d\u00e9roule cette chirurgie esth\u00e9tique<\/a><\/li><li><a href=\"#four\">Les suites op\u00e9ratoires<\/a><\/li><li><a href=\"#five\">Le r\u00e9sultat de l'op\u00e9ration<\/a><\/li><li><a href=\"#six\">Nos tarifs<\/a><\/li><\/ul>[\/vc_column][vc_column width=&#8221;2\/3&#8243;][vc_row_inner el_id=&#8221;one&#8221;][vc_column_inner][vc_column_text]<\/p>\n<h2>Lipofilling des fesses : Pour qui ?<\/h2>\n<p>[\/vc_column_text][vc_column_text]<b>La chirurgie esth\u00e9tique augmentation fesses \u00e0 Nabeul par injection graisse <\/b>sollicit\u00e9e par les femmes ayant des fesses plates\u00a0 et d\u00e9sirant renforcer leur volume sans implants, \u00e0 condition d\u2019avoir un exc\u00e9dent graisseux suffisant.[\/vc_column_text][\/vc_column_inner][\/vc_row_inner][vc_row_inner el_id=&#8221;two&#8221;][vc_column_inner][vc_column_text]<\/p>\n<div class=\"wpb_text_column wpb_content_element inherit\">\n<div class=\"wpb_wrapper\">\n<h2>Avant un lipofilling fesses (augmentation fesses par injection de graisse) Nabeul<\/h2>\n<p>La veille de l\u2019intervention, une consultation avec le chirurgien et le m\u00e9decin anesth\u00e9siste est pr\u00e9vue et au cours de laquelle un bilan sanguin est r\u00e9alis\u00e9.<\/p>\n<\/div>\n<\/div>\n<p>[\/vc_column_text][\/vc_column_inner][\/vc_row_inner][vc_row_inner el_id=&#8221;three&#8221;][vc_column_inner][vc_column_text]<\/p>\n<h2>D\u00e9roulement augmentation fessiers par injection de graisse<\/h2>\n<p>Elle requiert entre 1 et 2 h environ sous anesth\u00e9sie g\u00e9n\u00e9rale et n\u00e9cessite une nuit d\u2019hospitalisation.<\/p>\n<p>L\u2019intervention requiert d&#8217;abord une\u00a0<a href=\"https:\/\/www.aesthetica-health.com\/interventions\/chirurgie-silhouette\/liposuccion\/\">liposuccion<\/a>\u00a0des zones riches et donneuses du patient. Puis le chirurgien proc\u00e8de \u00e0 la r\u00e9injection dans la zone cible, ceci apr\u00e8s purification de la graisse recueillie \u00e0 travers une centrifugeuse, en pratiquant de minuscules incisions il r\u00e9injecte soigneusement des quantit\u00e9s tr\u00e8s faibles de graisse (environ 1ml) dans les diff\u00e9rents zones des fesses. Cette technique permet d&#8217;avoir une forme naturelle, du volume et du galbe aux fesses.<\/p>\n<p>\u00c0 la fin de l&#8217;op\u00e9ration, une gaine de contention est plac\u00e9e et doit \u00eatre gard\u00e9e jour et nuit durant un mois.[\/vc_column_text][\/vc_column_inner][\/vc_row_inner][vc_row_inner el_id=&#8221;four&#8221;][vc_column_inner][vc_column_text]<\/p>\n<h2>Les suites op\u00e9ratoires de la lipofilling des fesses Nabeul<\/h2>\n<p>Gonflement et ecchymoses apparaissent d\u00e8s les premi\u00e8res heures au niveau des zones de pr\u00e9l\u00e8vement et de <strong>r\u00e9injection de graisse<\/strong> et disparaissent dans un d\u00e9lai de 10 \u00e0 20 jours, n\u00e9cessitant une p\u00e9riode comprise entre 1 et 3 mois pour une r\u00e9sorption totale.<\/p>\n<p>D\u00e8s le lendemain d&#8217;une lipofillig des des fesses, il est possible marcher normalement mais\u00a0s&#8217;asseoir ou dormir sur le dos ne sera possible qu&#8217;apr\u00e8s une semaine.<\/p>\n<p>Le r\u00e9tablissement se fera apr\u00e8s quelques jours, quant \u00e0 la reprise de toutes les activit\u00e9s normales sera possible les 3 semaines qui suivent l&#8217;op\u00e9ration. Mais la reprise de toutes les activit\u00e9s sportives est fortement d\u00e9conseill\u00e9e avant deux mois.[\/vc_column_text][\/vc_column_inner][\/vc_row_inner][vc_row_inner el_id=&#8221;five&#8221;][vc_column_inner][vc_column_text]<\/p>\n<h2>Le r\u00e9sultat d\u2019un lipofilling fessier<\/h2>\n<p>Le r\u00e9sultat d\u2019une\u00a0augmentation des fessiers par injection de graisse\u00a0ne sera appr\u00e9ci\u00e9 qu&#8217;\u00e0 partir d&#8217;un trimestre de l&#8217;intervention.<\/p>\n<p>Le gonflement se r\u00e9sorbera et les cellules graisseuses s&#8217;int\u00e8grent compl\u00e8tement au reste des cellules, le\u00a0<strong>lipofilling des fessiers<\/strong>\u00a0permet d&#8217;avoir un remplissage permanent avec un r\u00e9sultat tr\u00e8s satisfaisant et une apparence naturelle.[\/vc_column_text][\/vc_column_inner][\/vc_row_inner][vc_row_inner el_id=&#8221;six&#8221;][vc_column_inner][vc_column_text]<\/p>\n<h2>Le prix d\u2019un lipofilling fessier Nabeul<\/h2>\n<p>Les tarifs\u00a0de la\u00a0<strong>chirurgie esth\u00e9tique Augmentation fesses Nabeul par injection de graisse <\/strong>affich\u00e9s ne comprennent que les frais de l\u2019intervention et non les frais du s\u00e9jour.<\/p>\n<p>Pour une tarification exacte merci de nous faire parvenir votre demande de devis.[\/vc_column_text][\/vc_column_inner][\/vc_row_inner][\/vc_column][\/vc_row][vc_row][vc_column][vc_column_text][\/vc_column_text][\/vc_column][\/vc_row] <\/p>","protected":false},"excerpt":{"rendered":"<p>[vc_row][vc_column][vc_column_text][\/vc_column_text][\/vc_column][\/vc_row][vc_row][vc_column][vc_column_text] Lipofilling fesses Nabeul: Lipofilling fesses Hammamet, Brazilian butt lift le lipofilling\u00a0 fesses Nabeul est une intervention de\u00a0chirurgie esth\u00e9tique\u00a0qui permet de modifier la forme et la taille des fesses par injection de la propre graisse de la patiente.le\u00a0lipofilling\u00a0 fesses Nabeul\u00a0 permet afin d&#8217;obtenir des fesses fermes et bomb\u00e9es sans recourir \u00e0 la\u00a0pose des implants fessiers.[\/vc_column_text][\/vc_column][\/vc_row][vc_row][vc_column][\/vc_column][\/vc_row][vc_row][vc_column [&hellip;]<\/p>\n","protected":false},"author":1,"featured_media":0,"parent":10051,"menu_order":0,"comment_status":"closed","ping_status":"closed","template":"","meta":[],"_links":{"self":[{"href":"https:\/\/www.aesthetica-health.com\/fr\/wp-json\/wp\/v2\/pages\/10239"}],"collection":[{"href":"https:\/\/www.aesthetica-health.com\/fr\/wp-json\/wp\/v2\/pages"}],"about":[{"href":"https:\/\/www.aesthetica-health.com\/fr\/wp-json\/wp\/v2\/types\/page"}],"author":[{"embeddable":true,"href":"https:\/\/www.aesthetica-health.com\/fr\/wp-json\/wp\/v2\/users\/1"}],"replies":[{"embeddable":true,"href":"https:\/\/www.aesthetica-health.com\/fr\/wp-json\/wp\/v2\/comments?post=10239"}],"version-history":[{"count":13,"href":"https:\/\/www.aesthetica-health.com\/fr\/wp-json\/wp\/v2\/pages\/10239\/revisions"}],"predecessor-version":[{"id":11178,"href":"https:\/\/www.aesthetica-health.com\/fr\/wp-json\/wp\/v2\/pages\/10239\/revisions\/11178"}],"up":[{"embeddable":true,"href":"https:\/\/www.aesthetica-health.com\/fr\/wp-json\/wp\/v2\/pages\/10051"}],"wp:attachment":[{"href":"https:\/\/www.aesthetica-health.com\/fr\/wp-json\/wp\/v2\/media?parent=10239"}],"curies":[{"name":"wp","href":"https:\/\/api.w.org\/{rel}","templated":true}]}}