{"id":10243,"date":"2019-02-06T14:36:15","date_gmt":"2019-02-06T13:36:15","guid":{"rendered":"https:\/\/www.aesthetica-health.com\/?page_id=10243"},"modified":"2019-11-16T09:30:29","modified_gmt":"2019-11-16T08:30:29","slug":"prothese-des-hanches-tunisie","status":"publish","type":"page","link":"https:\/\/www.aesthetica-health.com\/fr\/interventions-esthetique-tunisie\/chirurgie-orthopedique-tunisie\/prothese-des-hanches-tunisie\/","title":{"rendered":"Proth\u00e8se totale de la hanche Nabeul : prix PTH pas cher"},"content":{"rendered":"<p>[vc_row][vc_column][vc_column_text][\/vc_column_text][\/vc_column][\/vc_row][vc_row][vc_column][vc_column_text]<\/p>\n<header class=\"post-header\">\n<h2>La\u00a0<strong>pose d\u2019une proth\u00e8se totale de la hanche (PTH)<\/strong>\u00a0ou\u00a0<strong>arthroplastie totale de la hanche : c&#8217;est quoi ?<\/strong><\/h2>\n<\/header>\n<p>La\u00a0<strong>chirurgie orthop\u00e9dique \u00e0 Nabeul<\/strong>\u00a0est une sp\u00e9cialit\u00e9 m\u00e9dicale qui traite : blessures et affections qui touchent le syst\u00e8me musculo-squelettique (les os, les articulations, les ligaments, les tendons, les muscles et les nerfs).<\/p>\n<p>La\u00a0<strong>pose d\u2019une proth\u00e8se totale de la hanche (PTH)<\/strong>\u00a0ou\u00a0<strong>arthroplastie totale de la hanche<\/strong>\u00a0est une\u00a0<a href=\"https:\/\/www.aesthetica-health.com\/interventions-esthetique-tunisie\/chirurgie-orthopedique-tunisie\/chirurgie-orthopedique-prothese-totale-genou-tunisie\/\">chirurgie orthop\u00e9dique<\/a>\u00a0invasive qui permet de retirer le cartilage et l&#8217;os de l&#8217;articulation de la hanche ab\u00eem\u00e9e et de les remplacer par des mat\u00e9riaux artificiels biocompatibles.<\/p>\n<p>Le\u00a0<strong>remplacement total de l&#8217;articulation de la hanche<\/strong>\u00a0implique l&#8217;ablation chirurgicale de la bille et de la cavit\u00e9 malades et fixer une bille m\u00e9tallique et une tige ins\u00e9r\u00e9e dans l&#8217;os du f\u00e9mur.[\/vc_column_text][\/vc_column][\/vc_row][vc_row][vc_column][\/vc_column][\/vc_row][vc_row][vc_column width=&#8221;1\/3&#8243;]<ul class=\"dt-sc-vertical-nav \"><li><a href=\"#one\">\u00c0 qui s\u2019adresse cette op\u00e9ration<\/a><\/li><li><a href=\"#two\">Avant cette chirurgie esth\u00e9tique<\/a><\/li><li><a href=\"#three\">Comment se d\u00e9roule cette chirurgie esth\u00e9tique<\/a><\/li><li><a href=\"#four\">Les suites op\u00e9ratoires<\/a><\/li><li><a href=\"#five\">Le r\u00e9sultat de l'op\u00e9ration<\/a><\/li><li><a href=\"#six\">Nos tarifs<\/a><\/li><\/ul>[\/vc_column][vc_column width=&#8221;2\/3&#8243;][vc_row_inner el_id=&#8221;one&#8221;][vc_column_inner][vc_column_text]<\/p>\n<h2>Quand recourir \u00e0 la chirurgie orthop\u00e9dique ?<\/h2>\n<p>[\/vc_column_text][vc_column_text]Toute personne souffrant de probl\u00e8mes orthop\u00e9diques peut consulter un chirurgien sp\u00e9cialiste en\u00a0<strong>traumatologie<\/strong>\u00a0et en <strong>orthop\u00e9die<\/strong>\u00a0; Pour le traitement d&#8217;une blessure telle qu&#8217;une fracture osseuse, une d\u00e9formation de la colonne vert\u00e9brale, membres inf\u00e9rieurs ou sup\u00e9rieurs, ou encore pour traiter une maladie qui a \u00e9t\u00e9 d\u00e9velopp\u00e9e pendant de nombreuses ann\u00e9es, comme l&#8217;arthrose.<\/p>\n<p>Les <strong>sp\u00e9cialistes orthop\u00e9diques \u00e0 Nabeul<\/strong>\u00a0sont capables de traiter les probl\u00e8mes des personnes dans leurs diff\u00e9rents \u00e2ges :<\/p>\n<ul>\n<li><strong>Les nouveau-n\u00e9s et les enfants<\/strong> atteints de d\u00e9formations : luxation cong\u00e9nitale de la hanche, du pied ou d\u2019une scoliose.<\/li>\n<li><strong>Les jeunes<\/strong> qui souffrent de traumatisme physique, de d\u00e9chirures, etc. et qui n\u00e9cessitent une chirurgie de conservation conjointe, comme une chirurgie arthroscopie ou une ost\u00e9otomie.<\/li>\n<li><strong>Les personnes \u00e2g\u00e9es<\/strong> souffrant de probl\u00e8mes articulaires d\u00e9g\u00e9n\u00e9ratifs irr\u00e9versibles.<\/li>\n<\/ul>\n<p>Nos chirurgiens d&#8217;orthop\u00e9die-traumatologie sont \u00e0 la disposition de nos patients pour traiter tous les probl\u00e8mes articulaires et osseuses du rachis, des membres sup\u00e9rieurs et des membres inf\u00e9rieurs (ex : hernies discales, scoliose). Les pathologies orthop\u00e9diques sont soit programm\u00e9es soit trait\u00e9es en urgences.[\/vc_column_text][\/vc_column_inner][\/vc_row_inner][vc_row_inner el_id=&#8221;two&#8221;][vc_column_inner][vc_column_text]<\/p>\n<div class=\"wpb_text_column wpb_content_element inherit\">\n<div class=\"wpb_wrapper\">\n<h2>Avant la\u00a0<strong>pose d\u2019une proth\u00e8se totale de la hanche\u00a0<\/strong>Nabeul<\/h2>\n<p>Un examen approfondi de tous les m\u00e9dicaments administr\u00e9s au patient et v\u00e9rification de l\u2019historique m\u00e9dical de ce dernier pour \u00e9viter toute complication.<\/p>\n<p>Les m\u00e9dicaments anti-inflammatoires, y compris l&#8217;aspirine, sont interrompus une semaine avant l&#8217;intervention.<\/p>\n<p>Des tests sanguins, des analyses d&#8217;urine, des radiographies pulmonaires, un ECG et un examen physique doivent-\u00eatre effectu\u00e9s.<\/p>\n<p><strong>L&#8217;arthroplastie totale de la hanche<\/strong> peut n\u00e9cessiter une transfusion sanguine lors de l&#8217;op\u00e9ration c&#8217;est pourquoi il est pr\u00e9f\u00e9rable pr\u00e9parer des poches de sang du propre sang du patient (autologue) afin d&#8217;\u00e9viter tout risque li\u00e9 aux transfusions sanguines.<\/p>\n<\/div>\n<\/div>\n<p>[\/vc_column_text][\/vc_column_inner][\/vc_row_inner][vc_row_inner el_id=&#8221;three&#8221;][vc_column_inner][vc_column_text]<\/p>\n<h2>D\u00e9roulement d\u2019une arthroplastie totale de la hanche<\/h2>\n<p>Le choix du type d&#8217;anesth\u00e9sie sera d\u00e9termin\u00e9 par l\u2019anesth\u00e9siste lui-m\u00eame (anesth\u00e9sie g\u00e9n\u00e9rale, rachidienne, p\u00e9ridurale ou r\u00e9gionale) ; Et c&#8217;est selon l&#8217;\u00e9tat de sant\u00e9 du patient.\u00a0La chirurgie de pose d\u2019une proth\u00e8se totale de la hanche dure environ entre 2 \u00e0 4 heures.<\/p>\n<p>Durant\u00a0<strong>l&#8217;arthroplastie totale de la hanche<\/strong>, l&#8217;os et le cartilage endommag\u00e9s sont enlev\u00e9s et remplac\u00e9s par des composants proth\u00e9tiques.<\/p>\n<p>La t\u00eate f\u00e9morale endommag\u00e9e est enlev\u00e9e et remplac\u00e9e par une tige m\u00e9tallique qui est plac\u00e9e dans le centre creux du f\u00e9mur.<\/p>\n<p>La tige f\u00e9morale peut \u00eatre soit ciment\u00e9e, soit fix\u00e9 (sans ciment) dans l&#8217;os. Une boule de m\u00e9tal ou de c\u00e9ramique est plac\u00e9e sur la partie sup\u00e9rieure de la tige. Cette bille remplace la t\u00eate f\u00e9morale.<\/p>\n<p>La surface cartilagineuse endommag\u00e9e de la cavit\u00e9 (ac\u00e9tabulum) est retir\u00e9e et remplac\u00e9e par une douille m\u00e9tallique.<\/p>\n<p>Des vis ou du ciment sont parfois utilis\u00e9s pour maintenir la douille en place. Une entretoise en plastique, en c\u00e9ramique ou en m\u00e9tal est ins\u00e9r\u00e9e entre la nouvelle bille et la douille pour permettre une surface de glisse douce.[\/vc_column_text][\/vc_column_inner][\/vc_row_inner][vc_row_inner el_id=&#8221;four&#8221;][vc_column_inner][vc_column_text]<\/p>\n<h2>Th\u00e9rapie physique apr\u00e8s pose d\u2019une proth\u00e8se totale de la hanche Nabeul (PTH)<\/h2>\n<p>Apr\u00e8s <strong>une arthroplastie totale de la hanche<\/strong>,\u00a0des dispositifs de soutien tels que des b\u00e9quilles aident le patient \u00e0 se d\u00e9placer. Une physioth\u00e9rapie permettra d&#8217;am\u00e9liorer au fur et \u00e0 mesure la motricit\u00e9. Il est courant de commencer une th\u00e9rapie physique mineure en \u00e9tant assis sur une chaise. Progressivement, la r\u00e9adaptation int\u00e8gre le stepping et la marche.<\/p>\n<p>La douleur est surveill\u00e9e pendant les <strong>exercices de physioth\u00e9rapie<\/strong> et sentir un certain degr\u00e9 d&#8217;inconfort est normal.[\/vc_column_text][\/vc_column_inner][\/vc_row_inner][vc_row_inner el_id=&#8221;five&#8221;][vc_column_inner][vc_column_text]<\/p>\n<h2>R\u00e9sultat apr\u00e8s pose d\u2019une proth\u00e8se totale de la hanche Nabeul (PTH)<span style=\"font-size: 16px;\">\u00a0<\/span><\/h2>\n<p>La physioth\u00e9rapie est extr\u00eamement importante pour obtenir un bon le r\u00e9sultat. Les objectifs de la th\u00e9rapie physique \u00e0 travers des exercices contr\u00f4l\u00e9s sont : pr\u00e9venir les crampes, am\u00e9liorer la mobilit\u00e9 du patient et de renforcer les muscles autour de l&#8217;articulation de la hanche.<\/p>\n<p>Une assiduit\u00e9 aux exercices de physioth\u00e9rapie permet d&#8217;appr\u00e9cier plus rapidement le r\u00e9sultat de la chirurgie.[\/vc_column_text][\/vc_column_inner][\/vc_row_inner][vc_row_inner el_id=&#8221;six&#8221;][vc_column_inner][vc_column_text]<\/p>\n<h2>Le prix pose d\u2019une Proth\u00e8se totale de la hanche Nabeul (PTH)<span style=\"font-size: 16px;\">\u00a0<\/span><\/h2>\n<p>Les tarifs pose d\u2019une <strong>proth\u00e8se totale de la hanche (PTH) Nabeul <\/strong>affich\u00e9s ne comprennent que les frais de l\u2019intervention et non les frais du s\u00e9jour.<\/p>\n<p>Pour une tarification exacte merci de nous faire parvenir votre <a href=\"https:\/\/www.aesthetica-health.com\/chirurgie-esthetique-en-tunisie-demande-de-devis-gratuit\/\">demande de devis<\/a>.[\/vc_column_text][\/vc_column_inner][\/vc_row_inner][\/vc_column][\/vc_row][vc_row][vc_column][vc_column_text][\/vc_column_text][\/vc_column][\/vc_row] <\/p>","protected":false},"excerpt":{"rendered":"<p>[vc_row][vc_column][vc_column_text][\/vc_column_text][\/vc_column][\/vc_row][vc_row][vc_column][vc_column_text] La\u00a0pose d\u2019une proth\u00e8se totale de la hanche (PTH)\u00a0ou\u00a0arthroplastie totale de la hanche : c&#8217;est quoi ? La\u00a0chirurgie orthop\u00e9dique \u00e0 Nabeul\u00a0est une sp\u00e9cialit\u00e9 m\u00e9dicale qui traite : blessures et affections qui touchent le syst\u00e8me musculo-squelettique (les os, les articulations, les ligaments, les tendons, les muscles et les nerfs). La\u00a0pose d\u2019une proth\u00e8se totale de la hanche [&hellip;]<\/p>\n","protected":false},"author":1,"featured_media":0,"parent":10063,"menu_order":0,"comment_status":"closed","ping_status":"closed","template":"","meta":[],"_links":{"self":[{"href":"https:\/\/www.aesthetica-health.com\/fr\/wp-json\/wp\/v2\/pages\/10243"}],"collection":[{"href":"https:\/\/www.aesthetica-health.com\/fr\/wp-json\/wp\/v2\/pages"}],"about":[{"href":"https:\/\/www.aesthetica-health.com\/fr\/wp-json\/wp\/v2\/types\/page"}],"author":[{"embeddable":true,"href":"https:\/\/www.aesthetica-health.com\/fr\/wp-json\/wp\/v2\/users\/1"}],"replies":[{"embeddable":true,"href":"https:\/\/www.aesthetica-health.com\/fr\/wp-json\/wp\/v2\/comments?post=10243"}],"version-history":[{"count":12,"href":"https:\/\/www.aesthetica-health.com\/fr\/wp-json\/wp\/v2\/pages\/10243\/revisions"}],"predecessor-version":[{"id":11225,"href":"https:\/\/www.aesthetica-health.com\/fr\/wp-json\/wp\/v2\/pages\/10243\/revisions\/11225"}],"up":[{"embeddable":true,"href":"https:\/\/www.aesthetica-health.com\/fr\/wp-json\/wp\/v2\/pages\/10063"}],"wp:attachment":[{"href":"https:\/\/www.aesthetica-health.com\/fr\/wp-json\/wp\/v2\/media?parent=10243"}],"curies":[{"name":"wp","href":"https:\/\/api.w.org\/{rel}","templated":true}]}}