{"id":10246,"date":"2019-02-06T14:54:51","date_gmt":"2019-02-06T13:54:51","guid":{"rendered":"https:\/\/www.aesthetica-health.com\/?page_id=10246"},"modified":"2019-11-16T09:30:46","modified_gmt":"2019-11-16T08:30:46","slug":"chirurgie-orthopedique-prothese-totale-genou-tunisie","status":"publish","type":"page","link":"https:\/\/www.aesthetica-health.com\/fr\/interventions-esthetique-tunisie\/chirurgie-orthopedique-tunisie\/chirurgie-orthopedique-prothese-totale-genou-tunisie\/","title":{"rendered":"Chirurgie orthop\u00e9dique : Proth\u00e8se totale du genou \u00e0 Nabeul"},"content":{"rendered":"<p>[vc_row][vc_column][vc_column_text][\/vc_column_text][\/vc_column][\/vc_row][vc_row][vc_column][vc_column_text]<\/p>\n<header class=\"post-header\">\n<h2><strong>Proth\u00e8se totale du genou \u00e0 Nabeul (PTG)<\/strong>\u00a0ou\u00a0<strong>arthroplastie totale <\/strong><strong>du genou <\/strong><strong>: c&#8217;est quoi ?<\/strong><\/h2>\n<\/header>\n<p>Proth\u00e8se totale du genou \u00e0 Nabeul, la <strong>chirurgie orthop\u00e9dique \u00e0 Nabeul<\/strong>, est une sp\u00e9cialit\u00e9 chirurgicale qui soigne les blessures et des affections qui touchent le syst\u00e8me musculo-squelettique (les articulations, les os, les ligaments, les tendons, les muscles et les nerfs).<\/p>\n<p><strong>Proth\u00e8se totale du genou \u00e0 Nabeul<\/strong>\u00a0est une\u00a0<a href=\"https:\/\/www.aesthetica-health.com\/interventions-esthetique-tunisie\/chirurgie-orthopedique-tunisie\/\">chirurgie orthop\u00e9dique<\/a>\u00a0du genou appel\u00e9e aussi <strong>arthroplastie genou<\/strong> pour la mise en place d\u2019une\u00a0<strong>Proth\u00e8se Totale du Genou\u00a0<\/strong>ou\u00a0<strong>PTG \u00e0 Nabeul <\/strong>l&#8217;op\u00e9ration consiste \u00e0 changer l\u2019articulation du genou par une pi\u00e8ce dans la partie inf\u00e9rieure du f\u00e9mur et une autre dans la partie sup\u00e9rieure du tibia. Elle est indiqu\u00e9e quand le cartilage articulaire du genou est d\u00e9truit soit de fa\u00e7on primitive par l\u2019arthrose, situation la plus fr\u00e9quente soit secondaire \u00e0 une autre maladie (traumatique, rhumatismale\u2026). Le mat\u00e9riau qui constitue cette proth\u00e8se est un composant biocompatible soit en inox ou bien en poly\u00e9thyl\u00e8ne.[\/vc_column_text][\/vc_column][\/vc_row][vc_row][vc_column][\/vc_column][\/vc_row][vc_row][vc_column width=&#8221;1\/3&#8243;]<ul class=\"dt-sc-vertical-nav \"><li><a href=\"#one\">\u00c0 qui s\u2019adresse cette op\u00e9ration<\/a><\/li><li><a href=\"#two\">Avant cette chirurgie esth\u00e9tique<\/a><\/li><li><a href=\"#three\">Comment se d\u00e9roule cette chirurgie esth\u00e9tique<\/a><\/li><li><a href=\"#four\">Les suites op\u00e9ratoires<\/a><\/li><li><a href=\"#five\">Le r\u00e9sultat de l'op\u00e9ration<\/a><\/li><li><a href=\"#six\">Nos tarifs<\/a><\/li><\/ul>[\/vc_column][vc_column width=&#8221;2\/3&#8243;][vc_row_inner el_id=&#8221;one&#8221;][vc_column_inner][vc_column_text]<\/p>\n<h2>Pourquoi une op\u00e9ration de Proth\u00e8se Totale du Genou ?<\/h2>\n<p>[\/vc_column_text][vc_column_text]L\u2019usure du cartilage est malheureusement irr\u00e9versible et l\u2019<strong>arthrose<\/strong> ne gu\u00e9rit pas spontan\u00e9ment. L\u2019\u00e9volution naturelle se fait vers une d\u00e9gradation articulaire d\u00e9formante, un enraidissement douloureux et une marche de plus en plus difficile voire impossible.<\/p>\n<p>En effet, une articulation d\u00e9fectueuse suite \u00e0 une fracture ou\u00a0\u00a0 l\u2019usure du cartilage articulaire par exemple, peut engendrer des douleurs et des difficult\u00e9s \u00e0 la marche.<\/p>\n<p>Dans les cas o\u00f9 un traitement m\u00e9dical ne soulage pas les malades en cas d\u2019arthrose ou en cas des s\u00e9quelles des fracture complexes du genou ou autre, une op\u00e9ration chirurgicale peut \u00eatre propos\u00e9e dont le but est et redonner au patient la fonction de la marche sans douleurs. Aujourd\u2019hui, la pose d\u2019une proth\u00e8se totale du genou, offre des r\u00e9sultats de plus en plus satisfaisants. Gr\u00e2ce au progr\u00e8s m\u00e9dical et technologique les complications sont de plus en plus rares. Il existe plusieurs types de Proth\u00e8ses totales du genou le choix de la proth\u00e8se d\u00e9pend du type de pathologie.[\/vc_column_text][\/vc_column_inner][\/vc_row_inner][vc_row_inner el_id=&#8221;two&#8221;][vc_column_inner][vc_column_text]<\/p>\n<div class=\"wpb_text_column wpb_content_element inherit\">\n<div class=\"wpb_wrapper\">\n<h2>Proth\u00e8ses de genou : Avant l\u2019intervention<\/h2>\n<p>Il faut s&#8217;assurer au pr\u00e9alable que le patient ne souffre d\u2019aucune infection\u00a0dentaire\u00a0ni urinaire. Dans le cas o\u00f9 il est diab\u00e9tique il est primordial que le diab\u00e8te du patient soit \u00e9quilibr\u00e9 pendant 1 mois.\u00a0 Il est n\u00e9cessaire d&#8217;effectuer un bilan pr\u00e9op\u00e9ratoire comprenant les \u00e9l\u00e9ments suivants :<\/p>\n<p><strong>1.<\/strong>\u00a0Bilan sanguin complet<\/p>\n<p><strong>2.<\/strong>\u00a0Un d\u00e9pistage d\u2019\u00e9ventuels foyers infectieux<\/p>\n<p><strong>3.<\/strong>\u00a0Une consultation de pr\u00e9 anesth\u00e9sie<br \/>\nUn examen\u00a0cardiologique,\u00a0un \u00e9lectrocardiogramme et une radiographie de thorax.<\/p>\n<p><strong>4.<\/strong>\u00a0Une radiographie du genou<\/p>\n<\/div>\n<\/div>\n<p>[\/vc_column_text][\/vc_column_inner][\/vc_row_inner][vc_row_inner el_id=&#8221;three&#8221;][vc_column_inner][vc_column_text]<\/p>\n<h2>Proth\u00e8se totale de genou: l\u2019hospitalisation et d\u00e9roulement<\/h2>\n<p>L\u2019admission \u00e0 la clinique a lieu un jour avant l\u2019intervention. Une douche b\u00e9tadin\u00e9e est obligatoire la veille de l\u2019intervention.<\/p>\n<p>Le jour de l\u2019<strong>intervention chirurgicale d&#8217;une proth\u00e8se totale du genou<\/strong>, avant l\u2019intervention, une pr\u00e9m\u00e9dication est souvent prescrite avec des anxiolytiques.<\/p>\n<p>L<strong>\u2019intervention chirurgicale<\/strong> dure en moyenne une heure et demie \u00e0 deux heures. Apr\u00e8s l\u2019intervention, le patient est sous observation en salle de r\u00e9veil pour un meilleur suivit.<\/p>\n<p>Apr\u00e8s la salle de r\u00e9veil, le patient est reconduit dans sa chambre. Exceptionnellement, chez les patients fragiles, la surveillance post-op\u00e9ratoire continuera dans une unit\u00e9 de r\u00e9animation post-op\u00e9ratoire.<\/p>\n<p>Apr\u00e8s mise en place d\u2019une proth\u00e8se totale du genou, le patient pr\u00e9sentera une douleur d\u2019intensit\u00e9 et d\u2019\u00e9volution variable qui sera g\u00e9r\u00e9e par des antalgiques et des anti-inflammatoires selon l&#8217;\u00e9tat de sant\u00e9 du patient.<\/p>\n<p>La dur\u00e9e moyenne d\u2019une hospitalisation pour une proth\u00e8se totale de genou est de cinq \u00e0 dix jours.[\/vc_column_text][\/vc_column_inner][\/vc_row_inner][vc_row_inner el_id=&#8221;four&#8221;][vc_column_inner][vc_column_text]<\/p>\n<h2>Proth\u00e8se totale genou Nabeul: Suivi postop\u00e9ratoire<\/h2>\n<h3><em>En Tunisie (Nabeul, Hammamet)<\/em><\/h3>\n<p>Notre chirurgien orthop\u00e9diste et son \u00e9quipe vous suivent de pr\u00e8s durant tout votre s\u00e9jour. Une consultation avec le chirurgien est pr\u00e9vue apr\u00e8s l\u2019op\u00e9ration et des s\u00e9ances de r\u00e9\u00e9ducation par notre \u00e9quipe m\u00e9dicale seront assur\u00e9es.<\/p>\n<h3><em>De retour chez vous<\/em><\/h3>\n<p>De retour chez vous apr\u00e8s l\u2019intervention de\u00a0<b>proth\u00e8se genou Nabeul<\/b>, nous maintenons le suivit \u00e0 distance pour nous assurer que tout se d\u00e9roule au mieux. Un suivi du chirurgien avec votre m\u00e9decin traitant chez vous est conseill\u00e9.[\/vc_column_text][\/vc_column_inner][\/vc_row_inner][vc_row_inner el_id=&#8221;five&#8221;][vc_column_inner][vc_column_text]<\/p>\n<h2>Proth\u00e8se totale de genou Nabeul : R\u00e9sultat<\/h2>\n<p>Le r\u00e9sultat de cette intervention de<strong>\u00a0proth\u00e8se totale du genou\u00a0<\/strong>est perceptible apr\u00e8s 1 mois de la chirurgie.[\/vc_column_text][\/vc_column_inner][\/vc_row_inner][vc_row_inner el_id=&#8221;six&#8221;][vc_column_inner][vc_column_text]<\/p>\n<h2>Le prix pose d\u2019une proth\u00e8se totale de genou (PTG) Nabeul<\/h2>\n<p>Les tarifs pose d\u2019une <strong>proth\u00e8se totale du genou (PTG) Nabeul <\/strong>affich\u00e9s ne comprennent que les frais de l\u2019intervention et non les frais du s\u00e9jour.<\/p>\n<p>Pour une tarification exacte merci de nous faire parvenir votre <a href=\"https:\/\/www.aesthetica-health.com\/chirurgie-esthetique-en-tunisie-demande-de-devis-gratuit\/\"><strong>demande de devis<\/strong><\/a>.[\/vc_column_text][\/vc_column_inner][\/vc_row_inner][\/vc_column][\/vc_row][vc_row][vc_column][vc_column_text][\/vc_column_text][\/vc_column][\/vc_row] <\/p>","protected":false},"excerpt":{"rendered":"<p>[vc_row][vc_column][vc_column_text][\/vc_column_text][\/vc_column][\/vc_row][vc_row][vc_column][vc_column_text] Proth\u00e8se totale du genou \u00e0 Nabeul (PTG)\u00a0ou\u00a0arthroplastie totale du genou : c&#8217;est quoi ? Proth\u00e8se totale du genou \u00e0 Nabeul, la chirurgie orthop\u00e9dique \u00e0 Nabeul, est une sp\u00e9cialit\u00e9 chirurgicale qui soigne les blessures et des affections qui touchent le syst\u00e8me musculo-squelettique (les articulations, les os, les ligaments, les tendons, les muscles et les nerfs). [&hellip;]<\/p>\n","protected":false},"author":1,"featured_media":0,"parent":10063,"menu_order":0,"comment_status":"closed","ping_status":"closed","template":"","meta":[],"_links":{"self":[{"href":"https:\/\/www.aesthetica-health.com\/fr\/wp-json\/wp\/v2\/pages\/10246"}],"collection":[{"href":"https:\/\/www.aesthetica-health.com\/fr\/wp-json\/wp\/v2\/pages"}],"about":[{"href":"https:\/\/www.aesthetica-health.com\/fr\/wp-json\/wp\/v2\/types\/page"}],"author":[{"embeddable":true,"href":"https:\/\/www.aesthetica-health.com\/fr\/wp-json\/wp\/v2\/users\/1"}],"replies":[{"embeddable":true,"href":"https:\/\/www.aesthetica-health.com\/fr\/wp-json\/wp\/v2\/comments?post=10246"}],"version-history":[{"count":14,"href":"https:\/\/www.aesthetica-health.com\/fr\/wp-json\/wp\/v2\/pages\/10246\/revisions"}],"predecessor-version":[{"id":11223,"href":"https:\/\/www.aesthetica-health.com\/fr\/wp-json\/wp\/v2\/pages\/10246\/revisions\/11223"}],"up":[{"embeddable":true,"href":"https:\/\/www.aesthetica-health.com\/fr\/wp-json\/wp\/v2\/pages\/10063"}],"wp:attachment":[{"href":"https:\/\/www.aesthetica-health.com\/fr\/wp-json\/wp\/v2\/media?parent=10246"}],"curies":[{"name":"wp","href":"https:\/\/api.w.org\/{rel}","templated":true}]}}