{"id":10251,"date":"2019-02-06T15:20:17","date_gmt":"2019-02-06T14:20:17","guid":{"rendered":"https:\/\/www.aesthetica-health.com\/?page_id=10251"},"modified":"2019-11-16T09:35:09","modified_gmt":"2019-11-16T08:35:09","slug":"implant-dentaire-tunisie","status":"publish","type":"page","link":"https:\/\/www.aesthetica-health.com\/fr\/interventions-esthetique-tunisie\/chirurgie-dentaire-tunisie\/implant-dentaire-tunisie\/","title":{"rendered":"Implant dentaire Nabeul : Prix pose implant dentaire pour remplacer dent cass\u00e9e ou manquante"},"content":{"rendered":"<p>[vc_row][vc_column][vc_column_text][\/vc_column_text][\/vc_column][\/vc_row][vc_row][vc_column][vc_column_text]<\/p>\n<h2><strong>Implant dentaire \u00e0 Nabeul Hammamet<\/strong><\/h2>\n<div class=\"wpb_column vc_column_container \">\n<div class=\"vc_column-inner\">\n<div class=\"wpb_wrapper\">\n<div class=\"wpb_text_column wpb_content_element \">\n<div class=\"wpb_wrapper\">\n<p><strong>L\u2019implant dentaire<\/strong>\u00a0est fix\u00e9 gr\u00e2ce \u00e0 une racine artificielle dans l\u2019os de la m\u00e2choire. L&#8217;implant est utilis\u00e9 comme solution de remplacement de dent lorsque la racine dentaire naturelle ne peut pas \u00eatre r\u00e9cup\u00e9r\u00e9e.<\/p>\n<p><strong>L\u2019implant dentaire \u00e0 Nabeul<\/strong>\u00a0est similaire \u00e0 une vise cylindrique de longueur entre 6 et 16 mm qui sert \u00e0 fixer les dents artificielles d&#8217;une mani\u00e8re permanente et avoir une apparence esth\u00e9tique naturelle.<\/p>\n<p>La perte d\u2019une dent peut engendrer une usure des autres dents, ainsi que des probl\u00e8mes de la gencive ce qui en r\u00e9sulte une mauvaise mastication et des probl\u00e8mes digestifs.<\/p>\n<p>L<strong>\u2019implantologie dentaire<\/strong>\u00a0<strong>\u00e0 Nabeul<\/strong>\u00a0s\u2019est d\u00e9velopp\u00e9e consid\u00e9rablement \u00e0 un tel point qu&#8217;elle remplace les appareils amovibles et les bridges, elle est \u00e9galement une solution durable et naturelle.<\/p>\n<p>Un\u00a0<strong>implant dentaire<\/strong> \u00e0 Nabeul tient en place une dent artificielle, il est fabriqu\u00e9 en titane ou en zircone, des mati\u00e8res l\u00e9g\u00e8res et biocompatibles avec l\u2019os de la m\u00e2choire.<\/p>\n<\/div>\n<\/div>\n<\/div>\n<\/div>\n<\/div>\n<p>[\/vc_column_text][\/vc_column][\/vc_row][vc_row][vc_column][\/vc_column][\/vc_row][vc_row][vc_column width=&#8221;1\/3&#8243;]<ul class=\"dt-sc-vertical-nav \"><li><a href=\"#one\">\u00c0 qui s\u2019adresse cette op\u00e9ration<\/a><\/li><li><a href=\"#two\">Avant cette chirurgie esth\u00e9tique<\/a><\/li><li><a href=\"#three\">Comment se d\u00e9roule cette chirurgie esth\u00e9tique<\/a><\/li><li><a href=\"#four\">Les suites op\u00e9ratoires<\/a><\/li><li><a href=\"#five\">Le r\u00e9sultat de l'op\u00e9ration<\/a><\/li><li><a href=\"#six\">Nos tarifs<\/a><\/li><\/ul>[\/vc_column][vc_column width=&#8221;2\/3&#8243;][vc_row_inner el_id=&#8221;one&#8221;][vc_column_inner][vc_column_text]<\/p>\n<h2>Implant dentaire \u00e0 Nabeul : \u00e0 qui s\u2019adresse l\u2019implantation dentaire?<\/h2>\n<p>[\/vc_column_text][vc_column_text]Les bons candidats \u00e0 la <strong>chirurgie d&#8217;implants dentaires \u00e0 Nabeul Hammamet<\/strong>\u00a0doivent \u00eatre :<\/p>\n<p align=\"justify\">En bonne sant\u00e9 ; ce qui veut dire des gencives saines et avoir assez d\u2019os dans la m\u00e2choire pour tenir un\u00a0<strong>implant dentaire<\/strong>. Si la m\u00e2choire a r\u00e9tr\u00e9ci ou si elle n\u2019est pas d\u00e9velopp\u00e9e normalement, une greffe osseuse peut-\u00eatre envisag\u00e9e, elle permettra de construire l\u2019os. En chirurgie esth\u00e9tique, un greffon osseux est un moyen pour ajouter un nouvel os \u00e0 la m\u00e2choire. Une consultation sera n\u00e9cessaire avec notre chirurgien-dentiste pour d\u00e9terminer la possibilit\u00e9 d&#8217;une greffe osseuse chez le patient.<\/p>\n<p>[\/vc_column_text][\/vc_column_inner][\/vc_row_inner][vc_row_inner el_id=&#8221;two&#8221;][vc_column_inner][vc_column_text]<\/p>\n<div class=\"wpb_text_column wpb_content_element inherit\">\n<div class=\"wpb_wrapper\">\n<h2>Avant la <strong>pose d\u2019implant dentaire \u00e0 Nabeul<\/strong><\/h2>\n<p>La pose d\u2019implant dentaire \u00e0 Nabeul n&#8217;est entreprise que si le patient est en bonne sant\u00e9 c&#8217;est pourquoi le tabagisme et le diab\u00e8te vont \u00e0 l\u2019encontre de cette intervention chirurgicale, cela veut dire que les r\u00e9sultats ne sont pas garantis dans ces contextes. Pour un meilleur r\u00e9sultat l&#8217;hygi\u00e8ne de vie du patient est d\u00e9terminante.<\/p>\n<p>Avant de proc\u00e9der \u00e0 la <strong>chirurgie d\u2019implant dentaire<\/strong> il est imp\u00e9ratif de soigner les dents cari\u00e9es ou cass\u00e9es et tous les probl\u00e8mes reli\u00e9s \u00e0 la gencive pour \u00e9viter toute complication.<\/p>\n<p>Aussi une radiographie panoramique sera utile pour v\u00e9rifier l&#8217;\u00e9paisseur de la m\u00e2choire sans une \u00e9paisseur suffisante l&#8217;implant ne pourra pas \u00eatre fix\u00e9.<\/p>\n<p>&nbsp;<\/p>\n<\/div>\n<\/div>\n<p>[\/vc_column_text][\/vc_column_inner][\/vc_row_inner][vc_row_inner el_id=&#8221;three&#8221;][vc_column_inner][vc_column_text]<\/p>\n<div class=\"wpb_text_column wpb_content_element title_inter\">\n<div class=\"wpb_wrapper\">\n<div class=\"wpb_text_column wpb_content_element title_inter\">\n<div class=\"wpb_wrapper\">\n<h2 class=\"vc_custom_heading\">Implant dentaire Nabeul : Comment se fait la pose des implants dentaires<\/h2>\n<div class=\"wpb_text_column wpb_content_element \">\n<div class=\"wpb_wrapper\">\n<p>Avant de proc\u00e9der \u00e0 la <strong>pose de l&#8217;implant dentaire Nabeul<\/strong>\u00a0il faut pr\u00e9parer l&#8217;emplacement de la <strong>racine artificielle<\/strong> qui va permettre la fixation de la couronne. Cette \u00e9tape est essentielle sans elle le chirurgien dentaire ne pourra pas proc\u00e9der \u00e0 la <strong>pose de l&#8217;implant dentaire<\/strong>. D&#8217;ailleurs, il faut compter une p\u00e9riode de 6 mois pour que la gencive cicatrise totalement.<\/p>\n<p>Par la suite le sp\u00e9cialiste va choisir la <strong>couronne<\/strong> parfaite \u00e0 la dentition du patient (teinte et forme) pour garantir un aspect naturel \u00e0 la dentition. Le patient peut avoir besoin de remplacer plusieurs dents les unes \u00e0 c\u00f4t\u00e9 des autres dans ce cas le chirurgien dentaire va remplacer un <strong>bridge dentaire<\/strong> en porcelaine qui va \u00eatre tenu par plusieurs <strong>implants dentaires<\/strong>.<\/p>\n<p>Cette <strong>chirurgie d&#8217;implant dentaire<\/strong> permet d&#8217;obtenir un aspect homog\u00e8ne et naturel de la dentition ; Sans oublier que le <strong>bridge<\/strong> ou la <strong>couronne<\/strong> tiennent parfaitement \u00e0 leurs places et sont r\u00e9sistants aux diff\u00e9rents chocs et mouvements de la bouche (tel que la mastication) le patient ne sent aucune diff\u00e9rence entre ses propres dents et ses implants.<\/p>\n<p>&nbsp;<\/p>\n<\/div>\n<\/div>\n<\/div>\n<\/div>\n<\/div>\n<\/div>\n<p>[\/vc_column_text][\/vc_column_inner][\/vc_row_inner][vc_row_inner el_id=&#8221;four&#8221;][vc_column_inner][vc_column_text]<\/p>\n<h2>Les suites op\u00e9ratoires de l\u2019implantation dentaire Nabeul<\/h2>\n<div class=\"wpb_text_column wpb_content_element para_texte\">\n<div class=\"wpb_wrapper\">\n<p>Pour garantir un r\u00e9sultat rapide et \u00e9viter toute complication il est essentiel d&#8217;arr\u00eater de fumer et \u00e9viter les m\u00e9dicaments qui agissent sur la circulation sanguine ; Afin d&#8217;\u00e9viter tout risque de ralentir la cicatrisation et emp\u00eacher les plaies de se r\u00e9sorber.<\/p>\n<p>De plus, une bonne hygi\u00e8ne dentaire post-op\u00e9ratoire permet de diminuer la formation des bact\u00e9ries dans la bouche et une utilisation quotidienne de bain de bouche sera conseill\u00e9e par votre sp\u00e9cialiste. Tous ces conseils permettront d&#8217;obtenir une hygi\u00e8ne parfaite pour un r\u00e9sultat optimum.<\/p>\n<\/div>\n<\/div>\n<p>[\/vc_column_text][\/vc_column_inner][\/vc_row_inner][vc_row_inner el_id=&#8221;five&#8221;][vc_column_inner][vc_column_text]<\/p>\n<header class=\"post-header\">\n<div class=\"wpb_text_column wpb_content_element title_inter\">\n<div class=\"wpb_wrapper\">\n<h2 class=\"vc_custom_heading\">Les r\u00e9sultats de l\u2019implantation dentaire Nabeul<\/h2>\n<div class=\"wpb_text_column wpb_content_element \">\n<div class=\"wpb_wrapper\">\n<p>Apr\u00e8s la r\u00e9sorption des plaies et la fixation des implants le patient devra continuer \u00e0 maintenir une hygi\u00e8ne bucco-dentaire parfaite afin de supprimer tout risque d\u2019inflammation et de maintenir des dents seines.<\/p>\n<p>Il y aura plusieurs s\u00e9ances de contr\u00f4le chez votre dentiste apr\u00e8s l&#8217;op\u00e9ration pour v\u00e9rifier le maintien des <strong>implants dentaires<\/strong> et emp\u00eacher tout risque de complication.<\/p>\n<p><strong>L&#8217;implant dentaire Nabeul Hammamet<\/strong>\u00a0est une chirurgie simple, durable et avec des r\u00e9sultats tr\u00e8s satisfaisants.<\/p>\n<\/div>\n<\/div>\n<\/div>\n<\/div>\n<\/header>\n<p>[\/vc_column_text][\/vc_column_inner][\/vc_row_inner][vc_row_inner el_id=&#8221;six&#8221;][vc_column_inner][vc_column_text]<\/p>\n<h2>Prix de l\u2019implantation dentaire Nabeul<\/h2>\n<p>Les tarifs de l\u2019implantation dentaire Nabeul affich\u00e9s ne comprennent que les frais de l\u2019intervention et non les frais du s\u00e9jour.<\/p>\n<p>Pour une tarification exacte merci de nous faire parvenir votre demande de devis.[\/vc_column_text][\/vc_column_inner][\/vc_row_inner][\/vc_column][\/vc_row][vc_row][vc_column][vc_column_text][\/vc_column_text][\/vc_column][\/vc_row] <\/p>","protected":false},"excerpt":{"rendered":"<p>[vc_row][vc_column][vc_column_text][\/vc_column_text][\/vc_column][\/vc_row][vc_row][vc_column][vc_column_text] Implant dentaire \u00e0 Nabeul Hammamet L\u2019implant dentaire\u00a0est fix\u00e9 gr\u00e2ce \u00e0 une racine artificielle dans l\u2019os de la m\u00e2choire. L&#8217;implant est utilis\u00e9 comme solution de remplacement de dent lorsque la racine dentaire naturelle ne peut pas \u00eatre r\u00e9cup\u00e9r\u00e9e. L\u2019implant dentaire \u00e0 Nabeul\u00a0est similaire \u00e0 une vise cylindrique de longueur entre 6 et 16 mm qui [&hellip;]<\/p>\n","protected":false},"author":1,"featured_media":0,"parent":10055,"menu_order":0,"comment_status":"closed","ping_status":"closed","template":"","meta":[],"_links":{"self":[{"href":"https:\/\/www.aesthetica-health.com\/fr\/wp-json\/wp\/v2\/pages\/10251"}],"collection":[{"href":"https:\/\/www.aesthetica-health.com\/fr\/wp-json\/wp\/v2\/pages"}],"about":[{"href":"https:\/\/www.aesthetica-health.com\/fr\/wp-json\/wp\/v2\/types\/page"}],"author":[{"embeddable":true,"href":"https:\/\/www.aesthetica-health.com\/fr\/wp-json\/wp\/v2\/users\/1"}],"replies":[{"embeddable":true,"href":"https:\/\/www.aesthetica-health.com\/fr\/wp-json\/wp\/v2\/comments?post=10251"}],"version-history":[{"count":12,"href":"https:\/\/www.aesthetica-health.com\/fr\/wp-json\/wp\/v2\/pages\/10251\/revisions"}],"predecessor-version":[{"id":10253,"href":"https:\/\/www.aesthetica-health.com\/fr\/wp-json\/wp\/v2\/pages\/10251\/revisions\/10253"}],"up":[{"embeddable":true,"href":"https:\/\/www.aesthetica-health.com\/fr\/wp-json\/wp\/v2\/pages\/10055"}],"wp:attachment":[{"href":"https:\/\/www.aesthetica-health.com\/fr\/wp-json\/wp\/v2\/media?parent=10251"}],"curies":[{"name":"wp","href":"https:\/\/api.w.org\/{rel}","templated":true}]}}