{"id":10257,"date":"2019-02-06T16:47:02","date_gmt":"2019-02-06T15:47:02","guid":{"rendered":"https:\/\/www.aesthetica-health.com\/?page_id=10257"},"modified":"2019-11-16T09:35:41","modified_gmt":"2019-11-16T08:35:41","slug":"facette-dentaire-tunisie","status":"publish","type":"page","link":"https:\/\/www.aesthetica-health.com\/fr\/interventions-esthetique-tunisie\/chirurgie-dentaire-tunisie\/facette-dentaire-tunisie\/","title":{"rendered":"Facette dentaire Nabeul : dents blanches et align\u00e9es prix pas cher"},"content":{"rendered":"<p>[vc_row][vc_column][vc_column_text][\/vc_column_text][\/vc_column][\/vc_row][vc_row][vc_column][vc_column_text]<\/p>\n<h2>Facette dentaire Nabeul : Facettes c\u00e9ramiques<\/h2>\n<div class=\"wpb_column vc_column_container \">\n<div class=\"vc_column-inner\">\n<div class=\"wpb_wrapper\">\n<div class=\"wpb_text_column wpb_content_element \">\n<div class=\"wpb_wrapper\">\n<p>Facette dentaire Nabeul, ou Les <strong>facettes dentaires \u00e0 Nabeul<\/strong>, est de tr\u00e8s fines coquilles que le chirurgien dentiste colle sur les dents, sur la partie visible, cette m\u00e9thode permet de corriger leur couleur, leur forme et m\u00eame leur alignement.<\/p>\n<p>Facette dentaire Nabeul appel\u00e9e aussi <em>facette<\/em><em>\u00a0\u00a0<\/em><em>Lumineer<\/em>, permette d\u2019embellir le sourire en ajoutant de la blancheur aux dents, en corrigeant l\u2019\u00e9cartement entre les dents, etc.<\/p>\n<p>C\u2019est donc une solution d&#8217;embellissement et de rajeunissement du sourire \u00e0 tout \u00e2ge. Les facettes sont bien \u00e9videmment biocompatibles, esth\u00e9tiques et fiables.<\/p>\n<\/div>\n<\/div>\n<\/div>\n<\/div>\n<\/div>\n<p>[\/vc_column_text][\/vc_column][\/vc_row][vc_row][vc_column][\/vc_column][\/vc_row][vc_row][vc_column width=&#8221;1\/3&#8243;]<ul class=\"dt-sc-vertical-nav \"><li><a href=\"#one\">\u00c0 qui s\u2019adresse cette op\u00e9ration<\/a><\/li><li><a href=\"#two\">Avant cette chirurgie esth\u00e9tique<\/a><\/li><li><a href=\"#three\">Comment se d\u00e9roule cette chirurgie esth\u00e9tique<\/a><\/li><li><a href=\"#four\">Les suites op\u00e9ratoires<\/a><\/li><li><a href=\"#five\">Le r\u00e9sultat de l'op\u00e9ration<\/a><\/li><li><a href=\"#six\">Nos tarifs<\/a><\/li><\/ul>[\/vc_column][vc_column width=&#8221;2\/3&#8243;][vc_row_inner el_id=&#8221;one&#8221;][vc_column_inner][vc_column_text]<\/p>\n<h2>Les\u00a0<strong>facettes dentaires c\u00e9ramiques<\/strong> : \u00e0 qui s\u2019adresse la pose facette dentaire \u00e0 Nabeul ?<\/h2>\n<p>[\/vc_column_text][vc_column_text]Les\u00a0<strong>facettes dentaires c\u00e9ramiques<\/strong>\u00a0sont appliqu\u00e9es dans les situations suivantes :<\/p>\n<ul>\n<li>Dents avec une forme anormale, d\u00e9faut de volume, fractures d\u2019angle, dents courtes<\/li>\n<li>Pour corriger les anomalies de position des dents l\u00e9g\u00e8res, les dents tourn\u00e9es<\/li>\n<li>Dystrophies dentaires<\/li>\n<li>Pour les probl\u00e8mes dentaires o\u00f9 le blanchiment des dents n&#8217;est pas efficace<\/li>\n<li>Suppression de l\u2019espace entre les dents<\/li>\n<\/ul>\n<p>[\/vc_column_text][\/vc_column_inner][\/vc_row_inner][vc_row_inner el_id=&#8221;two&#8221;][vc_column_inner][vc_column_text]<\/p>\n<div class=\"wpb_text_column wpb_content_element inherit\">\n<div class=\"wpb_wrapper\">\n<h2>Avant la\u00a0<strong>pose facette dentaire \u00e0 Nabeul : Le choix de la facette dentaire \u00e0 Nabeul<\/strong><\/h2>\n<p>Comme les\u00a0<a href=\"https:\/\/www.aesthetica-health.com\/interventions\/chirurgie-dentaire\/implant-dentaire\/\"><strong>implants dentaires<\/strong><\/a>\u00a0et le\u00a0<strong><a href=\"https:\/\/www.aesthetica-health.com\/interventions-esthetique-tunisie\/chirurgie-dentaire-tunisie\/blanchiment-des-dents-tunisie\/\">blanchiment<\/a><\/strong>\u00a0; les <strong>facettes dentaires<\/strong>\u00a0elles aussi sont con\u00e7ues pour am\u00e9liorer l\u2019aspect esth\u00e9tique de la dentition et offrir un magnifique sourire.<\/p>\n<p>Avant de proc\u00e9der \u00e0 la pose des\u00a0<strong>facettes dentaires<\/strong>\u00a0dans notre\u00a0<strong>clinique dentaire Nabeul <\/strong>une consultation pr\u00e9liminaire est n\u00e9cessaire pour v\u00e9rifier la bonne sant\u00e9 de la bouche du patient afin d&#8217;\u00e9viter toute complication ou infection.<\/p>\n<p>De plus, cette consultation permet au chirurgien de d\u00e9terminer si une pose de <strong>facettes dentaires<\/strong> est la meilleure solution si ce n&#8217;est pas le cas il vous orientera vers la meilleure th\u00e9rapie \u00e0 entreprendre.<\/p>\n<p>Une radiographie dentaire s\u2019impose lors du premier bilan, ainsi qu\u2019un examen minutieux de vos dents est n\u00e9cessaire pour vous offrir le meilleur sourire.<\/p>\n<\/div>\n<\/div>\n<p>[\/vc_column_text][\/vc_column_inner][\/vc_row_inner][vc_row_inner el_id=&#8221;three&#8221;][vc_column_inner][vc_column_text]<\/p>\n<div class=\"wpb_text_column wpb_content_element title_inter\">\n<div class=\"wpb_wrapper\">\n<div class=\"wpb_text_column wpb_content_element title_inter\">\n<div class=\"wpb_wrapper\">\n<h2 class=\"vc_custom_heading\">Facette dentaire Nabeul : Comment se fait la pose facette dentaire<\/h2>\n<div class=\"wpb_text_column wpb_content_element \">\n<div class=\"wpb_wrapper\">\n<p>Lors du premier rendez-vous, le dentiste fait un examen bucco-dentaire pour d\u00e9terminer l\u2019\u00e9tat des dents et de la gencive. Une radiographie peut \u00eatre effectu\u00e9e pour examiner la structure des dents et s\u2019assurer de la base dentaire sur laquelle le dentiste va poser les\u00a0<strong>facettes dentaires \u00e0 Nabeul<\/strong>. Ensuite, il effectue une empreinte dentaire du patient pour pouvoir fabriquer les\u00a0<strong>facettes dentaires<\/strong>\u00a0sur mesure selon la couleur et la forme de la dentition. Ceci est effectu\u00e9 dans le but de donner un r\u00e9sultat naturel compatible avec la structure dentaire existante.<\/p>\n<p>Le deuxi\u00e8me rendez-vous est consacr\u00e9 \u00e0 la pose des\u00a0<strong>facettes dentaires \u00e0 Nabeul <\/strong>apr\u00e8s un traitement de la couche ext\u00e9rieure de l\u2019\u00e9mail. Les dents sont fa\u00e7onn\u00e9es en \u00e9liminant une petite couche de la face externe de l\u2019\u00e9mail pour assurer de la place aux\u00a0<strong>facettes dentaires<\/strong>\u00a0et permettre une meilleure adh\u00e9sion.<\/p>\n<\/div>\n<\/div>\n<\/div>\n<\/div>\n<\/div>\n<\/div>\n<p>[\/vc_column_text][\/vc_column_inner][\/vc_row_inner][vc_row_inner el_id=&#8221;four&#8221;][vc_column_inner][vc_column_text]<\/p>\n<h2>Facette dentaire Nabeul : Suites op\u00e9ratoires chirurgie facette dentaire<\/h2>\n<p>Suite \u00e0 la\u00a0<strong>pose de facettes dentaires<\/strong>, on ne ressent pas de\u00a0 douleur ou une sensibilit\u00e9 particuli\u00e8re. Les\u00a0<strong>facettes dentaires<\/strong>\u00a0r\u00e9alis\u00e9es par notre chirurgien-dentiste sont les plus minces et les plus naturelles pour convenir au mieux \u00e0 votre bouche et \u00e9viter toute g\u00eane.[\/vc_column_text][\/vc_column_inner][\/vc_row_inner][vc_row_inner el_id=&#8221;five&#8221;][vc_column_inner][vc_column_text]<\/p>\n<header class=\"post-header\">\n<div class=\"wpb_text_column wpb_content_element title_inter\">\n<div class=\"wpb_wrapper\">\n<h2 class=\"vc_custom_heading\">Les r\u00e9sultats de l\u2019installation des facettes dentaires \u00e0 Nabeul<\/h2>\n<div class=\"wpb_text_column wpb_content_element \">\n<div class=\"wpb_wrapper\">\n<p>La\u00a0<strong>pose des facettes dentaires \u00e0 Nabeul<\/strong>\u00a0est une intervention g\u00e9n\u00e9ralement pas douloureuse mais dans certains cas on peut ressentir une g\u00eane passag\u00e8re, le dentiste peut alors prescrire un simple antalgique.<\/p>\n<p>Les\u00a0<strong>facettes dentaires<\/strong>\u00a0permettent d&#8217;obtenir un r\u00e9sultat naturel, imm\u00e9diat et durable. Le chirurgien-dentiste ne touche pas \u00e0 la dentine et les dents sont conserv\u00e9es vivantes ; Les\u00a0<strong>facettes dentaires<\/strong>\u00a0donnent une nouvelle apparence aux dents d\u00e9form\u00e9es et avec des d\u00e9fauts. L\u2019intervention peut \u00eatre effectu\u00e9e sur l\u2019ensemble des dents ou sur une partie. Les corrections effectu\u00e9es par notre sp\u00e9cialiste sont ind\u00e9tectables : les dents trait\u00e9es auront le m\u00eame aspect et seront bien align\u00e9es au reste de la dentition.<\/p>\n<p>La particularit\u00e9 des\u00a0<strong>facettes dentaires \u00e0 Nabeul<\/strong>\u00a0est dans le fait qu\u2019elles sont r\u00e9sistantes aux taches alimentaires et gardent leurs brillances pour longtemps. Cependant, il faut prendre soin de sa dentition et garder une hygi\u00e8ne bucco-dentaire efficace afin de prot\u00e9ger les dents contre les caries et les probl\u00e8mes de la gencive.<\/p>\n<\/div>\n<\/div>\n<\/div>\n<\/div>\n<\/header>\n<p>[\/vc_column_text][\/vc_column_inner][\/vc_row_inner][vc_row_inner el_id=&#8221;six&#8221;][vc_column_inner][vc_column_text]<\/p>\n<h2>Prix de l\u2019installation des facettes dentaires \u00e0 Nabeul<\/h2>\n<p>Les tarifs de <strong>l\u2019installation des facettes dentaires \u00e0 Nabeul <\/strong>affich\u00e9s ne comprennent que les frais de l\u2019intervention et non les frais du s\u00e9jour.<\/p>\n<p>Pour une tarification exacte merci de nous faire parvenir votre <a href=\"https:\/\/www.aesthetica-health.com\/chirurgie-esthetique-en-tunisie-demande-de-devis-gratuit\/\">demande de devis<\/a>.[\/vc_column_text][\/vc_column_inner][\/vc_row_inner][\/vc_column][\/vc_row][vc_row][vc_column][vc_column_text][\/vc_column_text][\/vc_column][\/vc_row] <\/p>","protected":false},"excerpt":{"rendered":"<p>[vc_row][vc_column][vc_column_text][\/vc_column_text][\/vc_column][\/vc_row][vc_row][vc_column][vc_column_text] Facette dentaire Nabeul : Facettes c\u00e9ramiques Facette dentaire Nabeul, ou Les facettes dentaires \u00e0 Nabeul, est de tr\u00e8s fines coquilles que le chirurgien dentiste colle sur les dents, sur la partie visible, cette m\u00e9thode permet de corriger leur couleur, leur forme et m\u00eame leur alignement. Facette dentaire Nabeul appel\u00e9e aussi facette\u00a0\u00a0Lumineer, permette d\u2019embellir le [&hellip;]<\/p>\n","protected":false},"author":1,"featured_media":0,"parent":10055,"menu_order":0,"comment_status":"closed","ping_status":"closed","template":"","meta":[],"_links":{"self":[{"href":"https:\/\/www.aesthetica-health.com\/fr\/wp-json\/wp\/v2\/pages\/10257"}],"collection":[{"href":"https:\/\/www.aesthetica-health.com\/fr\/wp-json\/wp\/v2\/pages"}],"about":[{"href":"https:\/\/www.aesthetica-health.com\/fr\/wp-json\/wp\/v2\/types\/page"}],"author":[{"embeddable":true,"href":"https:\/\/www.aesthetica-health.com\/fr\/wp-json\/wp\/v2\/users\/1"}],"replies":[{"embeddable":true,"href":"https:\/\/www.aesthetica-health.com\/fr\/wp-json\/wp\/v2\/comments?post=10257"}],"version-history":[{"count":13,"href":"https:\/\/www.aesthetica-health.com\/fr\/wp-json\/wp\/v2\/pages\/10257\/revisions"}],"predecessor-version":[{"id":11208,"href":"https:\/\/www.aesthetica-health.com\/fr\/wp-json\/wp\/v2\/pages\/10257\/revisions\/11208"}],"up":[{"embeddable":true,"href":"https:\/\/www.aesthetica-health.com\/fr\/wp-json\/wp\/v2\/pages\/10055"}],"wp:attachment":[{"href":"https:\/\/www.aesthetica-health.com\/fr\/wp-json\/wp\/v2\/media?parent=10257"}],"curies":[{"name":"wp","href":"https:\/\/api.w.org\/{rel}","templated":true}]}}