{"id":10261,"date":"2019-02-06T16:59:31","date_gmt":"2019-02-06T15:59:31","guid":{"rendered":"https:\/\/www.aesthetica-health.com\/?page_id=10261"},"modified":"2019-11-16T09:36:22","modified_gmt":"2019-11-16T08:36:22","slug":"blanchiment-des-dents-tunisie","status":"publish","type":"page","link":"https:\/\/www.aesthetica-health.com\/fr\/interventions-esthetique-tunisie\/chirurgie-dentaire-tunisie\/blanchiment-des-dents-tunisie\/","title":{"rendered":"Blanchiment des dents Nabeul : dents blanches sourire \u00e9clatant en une seule s\u00e9ance et pas cher"},"content":{"rendered":"<p>[vc_row][vc_column][vc_column_text][\/vc_column_text][\/vc_column][\/vc_row][vc_row][vc_column][vc_column_text]<\/p>\n<h2>Blanchiment des dents Nabeul<\/h2>\n<p>Le\u00a0<strong>blanchiment des dents<\/strong>\u00a0ou\u00a0<strong>\u00e9claircissement dentaire \u00e0 Nabeul <\/strong>permet d\u2019\u00e9claircir la teinte des dents.\u00a0<strong>Le blanchiment des dents<\/strong>\u00a0<strong>Nabeul <\/strong>permet de retrouver des dents blanches, un sourire \u00e9clatant, respirant fra\u00eecheur et sant\u00e9. Plus besoin de cacher votre sourire ou d&#8217;avoir peur de prendre la parole dans vos r\u00e9unions ou dans un groupe de personnes. Vos dents seront votre porte-parole et vous allez attirer tous les regards sur vous !<\/p>\n<p>Il existe plusieurs techniques qui permettent d&#8217;am\u00e9liorer la couleur des dents, enlever les taches et les d\u00e9colorations. Une de ces techniques consiste \u00e0 utiliser un agent de blanchiment qui gr\u00e2ce \u00e0 ses propri\u00e9t\u00e9s traverse\u00a0<strong>l\u2019\u00e9mail<\/strong>, la partie ext\u00e9rieure de la\u00a0<strong>couronne<\/strong> pour finalement p\u00e9n\u00e9trer au niveau de la dentine : cette technique permet de r\u00e9aliser un blanchiment profond et de longue dur\u00e9e. Notre clinique dentaire Nabeul r\u00e9alise aussi un blanchiment des dents au laser en utilisant \u00a0la <strong>lampe zoom\u00a0<\/strong><b>LED<\/b>\u00a0et ce \u00e0 des prix les moins cher.<\/p>\n<p><strong>L\u2019\u00e9claircissement dentaire<\/strong>\u00a0rend l\u2019\u00e9clat \u00e0 votre sourire, en agissant directement les probl\u00e8mes de coloration des dents : traitement m\u00e9dical, l\u2019absorption de caf\u00e9s, ou encore le tabac. Nos chirurgiens dentistes pratiquent cette intervention \u00e0 la\u00a0<strong>clinique dentaire Nabeul<\/strong>, pour des r\u00e9sultats optimums : illuminer encore plus votre\u00a0<strong>visage <\/strong>et homog\u00e9n\u00e9iser votre sourire \u00e0 votre regard.[\/vc_column_text][\/vc_column][\/vc_row][vc_row][vc_column][\/vc_column][\/vc_row][vc_row][vc_column width=&#8221;1\/3&#8243;]<ul class=\"dt-sc-vertical-nav \"><li><a href=\"#one\">\u00c0 qui s\u2019adresse cette op\u00e9ration<\/a><\/li><li><a href=\"#two\">Comment se d\u00e9roule cette intervention<\/a><\/li><li><a href=\"#four\">Les suites op\u00e9ratoires<\/a><\/li><li><a href=\"#five\">Le r\u00e9sultat de l'op\u00e9ration<\/a><\/li><li><a href=\"#six\">Nos tarifs<\/a><\/li><\/ul>[\/vc_column][vc_column width=&#8221;2\/3&#8243;][vc_row_inner el_id=&#8221;one&#8221;][vc_column_inner][vc_column_text]<\/p>\n<h2>Les personnes concern\u00e9es par le blanchiment des dents \u00e0 Nabeul<\/h2>\n<p>[\/vc_column_text][vc_column_text]Le\u00a0<strong>blanchiment dentaire \u00e0 Nabeul<\/strong>\u00a0ne peut \u00eatre pratiqu\u00e9 que pour les individus ayant une bonne sant\u00e9 g\u00e9n\u00e9rale et hygi\u00e8ne buccale, cette intervention est impossible \u00e0 r\u00e9aliser pour les femmes enceinte.<\/p>\n<p>Il est \u00e0 rappeler qu\u2019un blanchiment dentaire agit sur l\u2019\u00e9mail et ne changera en aucun cas la tente de la dentine.[\/vc_column_text][\/vc_column_inner][\/vc_row_inner][vc_row_inner el_id=&#8221;two&#8221;][vc_column_inner][vc_column_text]<\/p>\n<div class=\"wpb_text_column wpb_content_element inherit\">\n<div class=\"wpb_wrapper\">\n<div class=\"vc_row wpb_row vc_inner vc_row-fluid\">\n<div class=\"wpb_column vc_column_container vc_col-sm-12\">\n<div class=\"vc_column-inner \">\n<div class=\"wpb_wrapper\">\n<h2 class=\"vc_custom_heading\">Blanchiment dentaire Nabeul : Comment se fait le blanchiment des dents<\/h2>\n<\/div>\n<\/div>\n<\/div>\n<\/div>\n<div class=\"vc_row wpb_row vc_inner vc_row-fluid\">\n<div class=\"vc_column-inner \">\n<div class=\"wpb_wrapper\">\n<div class=\"wpb_text_column wpb_content_element \">\n<div class=\"wpb_wrapper\">\n<h3>Le blanchiment dentaire chez votre dentiste \u00e0 Nabeul<\/h3>\n<p>Le\u00a0<strong>blanchiment dentaire \u00e0 Nabeul<\/strong>\u00a0chez le dentiste se fait en une s\u00e9ance. La premi\u00e8re \u00e9tape est une \u00e9tape de pr\u00e9paration des dents au traitement. Le\u00a0<strong>blanchiment des dents<\/strong>\u00a0consiste \u00e0 faire un d\u00e9tartrage suivi d\u2019un polissage des dents. Ensuite, apr\u00e8s mise en place d\u2019un gel protecteur pour la gencive, le dentiste place un gel de blanchiment sur les dents. Puis, il place une lampe sp\u00e9cifique pour activer l\u2019effet blancheur du gel. Il faut attendre un peu de temps pour permettre l\u2019activation du produit et l\u2019accomplissement du\u00a0<strong>blanchiment dentaire<\/strong>.<\/p>\n<\/div>\n<\/div>\n<\/div>\n<\/div>\n<\/div>\n<div class=\"vc_row wpb_row vc_inner vc_row-fluid\">\n<div class=\"wpb_column vc_column_container vc_col-sm-12\">\n<div class=\"vc_column-inner \">\n<div class=\"wpb_wrapper\">\n<div class=\"wpb_text_column wpb_content_element \">\n<div class=\"wpb_wrapper\">\n<p>A la fin du<strong> blanchiment dentaire \u00e0 Nabeul<\/strong>, les dents sont prot\u00e9g\u00e9es par application d\u2019un gel protecteur. Ce qui va limiter la sensibilit\u00e9 des dents apr\u00e8s l\u2019intervention. On d\u00e9couvre tout de suite apr\u00e8s la s\u00e9ance de blanchiment des dents cinq \u00e0 dix nuances plus blanches. La blancheur des dents peut \u00eatre maintenue jusqu\u2019\u00e0 cinq ans.<br \/>\nPour garder la blancheur de vos dents, il est recommand\u00e9 de suivre une bonne hygi\u00e8ne bucco-dentaire et de limiter la consommation des aliments colorants.<\/p>\n<\/div>\n<\/div>\n<\/div>\n<\/div>\n<\/div>\n<\/div>\n<div class=\"wpb_text_column wpb_content_element \">\n<div class=\"wpb_wrapper\">\n<h3>Le blanchiment dentaire \u00e0 domicile<\/h3>\n<p>Il est aussi possible de faire un\u00a0<strong>blanchiment dentaire<\/strong>\u00a0chez vous. Dans ce cas, le dentiste gr\u00e2ce \u00e0 l\u2019empreinte de vos dents va vous fabriquer des goutti\u00e8res ; ces derni\u00e8res permettent au gel blancheur de faire effet. Le\u00a0<strong>blanchiment dentaire<\/strong>\u00a0est effectu\u00e9 pendant la nuit vous allez chaque soir bien nettoyer vos dents ensuite mettre le gel puis les goutti\u00e8res qui vont permettre le\u00a0<strong>blanchiment des dents<\/strong>\u00a0graduellement.<\/p>\n<p>Comme tout traitement d\u2019<a href=\"https:\/\/www.aesthetica-health.com\/interventions-esthetique-tunisie\/chirurgie-dentaire-tunisie\/\">am\u00e9lioration de l\u2019aspect de la dentition<\/a>, vous devez accorder une attention \u00e0 votre hygi\u00e8ne bucco-dentaire pour des r\u00e9sultats durables.<br \/>\nPour avoir une id\u00e9e sur l\u2019ensemble des traitements de\u00a0<strong>blanchiments dentaires<\/strong>, nous vous invitons \u00e0 prendre contact avec nos services.<\/p>\n<\/div>\n<\/div>\n<\/div>\n<\/div>\n<p>[\/vc_column_text][\/vc_column_inner][\/vc_row_inner][vc_row_inner el_id=&#8221;four&#8221;][vc_column_inner][vc_column_text]<\/p>\n<h2>Blanchiment dents \u00e0 Nabeul : suites op\u00e9ratoires<\/h2>\n<p>Apr\u00e8s le\u00a0<strong>blanchiment dentaire<\/strong>\u00a0dans la\u00a0<strong>clinique dentaire Nabeul<\/strong>, le patient doit prendre tous les m\u00e9dicaments prescrits m\u00eame si aucune douleur n\u2019est produite, Une insensibilit\u00e9 peut \u00eatre ressentie jusqu\u2019\u00e0 72 heures postop\u00e9ratoire.<\/p>\n<p>La prise des antalgiques prescrits doit \u00eatre r\u00e9guli\u00e8re, et p\u00e9riodique en comptant un intervalle de 2 \u00e0 4 heures entre les deux prises.<\/p>\n<p>Pour optimiser les r\u00e9sultats de\u00a0<strong>l\u2019\u00e9claircissement dentaire<\/strong>\u00a0le patient peut appliquer sur la joue une poche de glace le jour de l\u2019intervention, et le plus longtemps possible.<\/p>\n<p>L\u2019application d\u2019une goutti\u00e8re de blanchiment \u00e0 domicile peut \u00eatre associ\u00e9e \u00e0\u00a0<strong>un blanchiment dentaire<\/strong>\u00a0au fauteuil.<\/p>\n<p>Il est important d\u2019\u00e9viter de fumer pendant 2 jours apr\u00e8s l\u2019\u00e9claircissement des dents chez le dentiste.<\/p>\n<p>Si vous comptez mettre les\u00a0<strong>goutti\u00e8res de blanchiment<\/strong>, il ne faut pas boire ou manger pendant leur port, comme il est utile de rester loin des aliments color\u00e9s qui t\u00e2chent les dents\u00a0: th\u00e9, caf\u00e9, vin rouge, sauce tomate\u2026<\/p>\n<p>Le blanchiment dentaire avec le technique zoom, est consid\u00e9r\u00e9 comme \u00e9tant la meilleure pratique pour offrir au patient un joli sourire.<\/p>\n<p>Pour att\u00e9nuer le jaunissement dentaire, l\u2019essentiel est d\u2019avoir une bonne hygi\u00e8ne bucco-dentaire pour \u00e9viter le cumul du tartre, les bact\u00e9ries et autres acidifiants qui pourraient d\u00e9t\u00e9riorer l\u2019\u00e9mail.<\/p>\n<p>Le brossage des dents pendant\u00a0 deux minutes, doit suivre chaque repas pour ne pas cumuler la tartre, une visite chez votre dentiste est utile deux fois par an pour un meilleur contr\u00f4le bucco-dentaire[\/vc_column_text][\/vc_column_inner][\/vc_row_inner][vc_row_inner el_id=&#8221;five&#8221;][vc_column_inner][vc_column_text]<\/p>\n<header class=\"post-header\">\n<div class=\"wpb_text_column wpb_content_element title_inter\">\n<div class=\"wpb_wrapper\">\n<h2 class=\"vc_custom_heading\">Les r\u00e9sultats de blanchiment dents \u00e0 Nabeul<\/h2>\n<div class=\"wpb_text_column wpb_content_element \">\n<div class=\"wpb_wrapper\">\n<p>Les dents deviennent claires et\u00a0\u00e7a reste\u00a0visible jusqu\u2019\u00e0 5 ans. Le r\u00e9sultat variera selon votre mode de vie (boissons color\u00e9es, nicotine\u2026). Un brossage des dents deux fois par jour et un nettoyage\u00a0annuel des dents\u00a0par un dentiste\u00a0maintiennent la blancheur atteinte.<\/p>\n<\/div>\n<\/div>\n<\/div>\n<\/div>\n<\/header>\n<p>[\/vc_column_text][\/vc_column_inner][\/vc_row_inner][vc_row_inner el_id=&#8221;six&#8221;][vc_column_inner][vc_column_text]<\/p>\n<h2>Prix de l\u2019installation des facettes dentaires \u00e0 Nabeul<\/h2>\n<p>Les tarifs de <strong>l\u2019installation des facettes dentaires \u00e0 Nabeul<\/strong>\u00a0affich\u00e9s ne comprennent que les frais de l\u2019intervention et non les frais du s\u00e9jour.<\/p>\n<p>Pour une tarification exacte merci de nous faire parvenir votre demande de devis.[\/vc_column_text][\/vc_column_inner][\/vc_row_inner][\/vc_column][\/vc_row][vc_row][vc_column][vc_column_text][\/vc_column_text][\/vc_column][\/vc_row] <\/p>","protected":false},"excerpt":{"rendered":"<p>[vc_row][vc_column][vc_column_text][\/vc_column_text][\/vc_column][\/vc_row][vc_row][vc_column][vc_column_text] Blanchiment des dents Nabeul Le\u00a0blanchiment des dents\u00a0ou\u00a0\u00e9claircissement dentaire \u00e0 Nabeul permet d\u2019\u00e9claircir la teinte des dents.\u00a0Le blanchiment des dents\u00a0Nabeul permet de retrouver des dents blanches, un sourire \u00e9clatant, respirant fra\u00eecheur et sant\u00e9. Plus besoin de cacher votre sourire ou d&#8217;avoir peur de prendre la parole dans vos r\u00e9unions ou dans un groupe de personnes. [&hellip;]<\/p>\n","protected":false},"author":1,"featured_media":0,"parent":10055,"menu_order":0,"comment_status":"closed","ping_status":"closed","template":"","meta":[],"_links":{"self":[{"href":"https:\/\/www.aesthetica-health.com\/fr\/wp-json\/wp\/v2\/pages\/10261"}],"collection":[{"href":"https:\/\/www.aesthetica-health.com\/fr\/wp-json\/wp\/v2\/pages"}],"about":[{"href":"https:\/\/www.aesthetica-health.com\/fr\/wp-json\/wp\/v2\/types\/page"}],"author":[{"embeddable":true,"href":"https:\/\/www.aesthetica-health.com\/fr\/wp-json\/wp\/v2\/users\/1"}],"replies":[{"embeddable":true,"href":"https:\/\/www.aesthetica-health.com\/fr\/wp-json\/wp\/v2\/comments?post=10261"}],"version-history":[{"count":13,"href":"https:\/\/www.aesthetica-health.com\/fr\/wp-json\/wp\/v2\/pages\/10261\/revisions"}],"predecessor-version":[{"id":11205,"href":"https:\/\/www.aesthetica-health.com\/fr\/wp-json\/wp\/v2\/pages\/10261\/revisions\/11205"}],"up":[{"embeddable":true,"href":"https:\/\/www.aesthetica-health.com\/fr\/wp-json\/wp\/v2\/pages\/10055"}],"wp:attachment":[{"href":"https:\/\/www.aesthetica-health.com\/fr\/wp-json\/wp\/v2\/media?parent=10261"}],"curies":[{"name":"wp","href":"https:\/\/api.w.org\/{rel}","templated":true}]}}