{"id":10268,"date":"2019-02-07T08:42:50","date_gmt":"2019-02-07T07:42:50","guid":{"rendered":"https:\/\/www.aesthetica-health.com\/?page_id=10268"},"modified":"2019-11-16T09:27:13","modified_gmt":"2019-11-16T08:27:13","slug":"injection-botox-tunisie","status":"publish","type":"page","link":"https:\/\/www.aesthetica-health.com\/fr\/interventions-esthetique-tunisie\/medecine-esthetique-tunisie\/injection-botox-tunisie\/","title":{"rendered":"Injection Botox Nabeul : rajeunissement du visage et traitement rides pas cher"},"content":{"rendered":"<p>[vc_row][vc_column][vc_column_text][\/vc_column_text][\/vc_column][\/vc_row][vc_row][vc_column][vc_column_text]<\/p>\n<header class=\"post-header\">\n<h2>Injection botox Nabeul : rajeunissement du visage<\/h2>\n<\/header>\n<p>L&#8217;<strong>Injection Botox Nabeul <\/strong>appel\u00e9e aussi\u00a0<strong>toxine botulique<\/strong>\u00a0est une substance qui permet de diminuer la contraction des muscles, ce qui entra\u00eene un rel\u00e2chement au niveau du front, des sourcils et de la patte d\u2019oie.<\/p>\n<p>Le <strong>Botox<\/strong> est d\u00e9riv\u00e9 d\u2019une toxine s\u00e9cr\u00e9t\u00e9e par le clostridium botulinum qui emp\u00eache la contracture des muscles.<\/p>\n<p>Utilis\u00e9 depuis 1975 dans un but m\u00e9dical (correction du strabisme de l\u2019enfant, tics du visage et bl\u00e9pharospasme) le <strong>Botox<\/strong> obtient en 2002 l\u2019autorisation pour le traitement des rides inter-sourcili\u00e8res ou rides du lion.<\/p>\n<p>En dehors de la m\u00e9decine esth\u00e9tique, le <strong>Botox<\/strong> est utilis\u00e9 pour ses propri\u00e9t\u00e9s physiques en chirurgie oculaire et en rhumatologie, sous forme d\u2019injections dans les articulations.<\/p>\n<p>Le <strong>Botox<\/strong> est souvent associ\u00e9 \u00e0 d\u2019autres m\u00e9thodes de rajeunissement comme les injections d\u2019<strong>acide hyaluronique<\/strong> pour combler les rides ou encore le <strong>peeling<\/strong> pour \u00e9claircir le teint.[\/vc_column_text][\/vc_column][\/vc_row][vc_row][vc_column][\/vc_column][\/vc_row][vc_row][vc_column width=&#8221;1\/3&#8243;]<ul class=\"dt-sc-vertical-nav \"><li><a href=\"#one\">Les avantages du BOTOX Nabeul<\/a><\/li><li><a href=\"#two\">Avant l'intervention esth\u00e9tique<\/a><\/li><li><a href=\"#three\">Comment se d\u00e9roule l'intervention esth\u00e9tique<\/a><\/li><li><a href=\"#four\">Les suites op\u00e9ratoires<\/a><\/li><li><a href=\"#five\">Le r\u00e9sultat de l'intervention<\/a><\/li><li><a href=\"#six\">Nos tarifs<\/a><\/li><\/ul>[\/vc_column][vc_column width=&#8221;2\/3&#8243;][vc_row_inner el_id=&#8221;one&#8221;][vc_column_inner][vc_column_text]<\/p>\n<h2>Les avantages du Botox :<\/h2>\n<p>[\/vc_column_text][vc_column_text]Le Botox se r\u00e9v\u00e8le efficace pour gommer les rides d\u2019expression, mais il peut aussi :<\/p>\n<ul>\n<li>Calmer les vessies hyperactives (pathologie qui affecte les personnes qui \u00e9prouvent une envie soudaine de vider leur vessie et qui vont aux toilettes plus de 8 fois\/j)<\/li>\n<li>Soulager la migraine chronique en inhibant la transmission du message douloureux<\/li>\n<li>Supprimer l\u2019hypersudation en bloquant les nerfs des glandes sudoripares<\/li>\n<li>Rendre la voix en restituant un accolement appropri\u00e9 aux cordes vocales<\/li>\n<li>Pallier le bruxisme en abaissant la puissance musculaire sous un seuil o\u00f9 le patient n\u2019a plus la force de grincer les dents \u00e0 son insu<\/li>\n<li>Corriger le strabisme en restreignant la puissance du muscle oculaire en cause<\/li>\n<li>Equilibrer une paralysie faciale en r\u00e9tablissant la motricit\u00e9 du visage du c\u00f4t\u00e9 paralys\u00e9<\/li>\n<\/ul>\n<p>[\/vc_column_text][\/vc_column_inner][\/vc_row_inner][vc_row_inner el_id=&#8221;two&#8221;][vc_column_inner][vc_column_text]<\/p>\n<div class=\"wpb_text_column wpb_content_element inherit\">\n<div class=\"wpb_wrapper\">\n<h2>Consultation avant une injection de Botox :<\/h2>\n<p>Avant de proc\u00e9der aux injections de <strong>Botox<\/strong>, il est n\u00e9cessaire que le patient arr\u00eate tout m\u00e9dicament \u00e0 base d\u2019aspirine pour pr\u00e9venir les saignements et les ecchymoses, car ils peuvent entra\u00eener la diffusion de la toxine au-del\u00e0 des points d\u2019injection.<\/p>\n<p>Il est recommand\u00e9 d\u2019\u00e9viter toute consommation des boissons alcoolis\u00e9es et toute exposition au soleil avant la s\u00e9ance pour ne pas sensibiliser la peau.<\/p>\n<p>Le praticien effectue un examen pr\u00e9alable avec le patient afin de s\u2019assurer de l&#8217;absence de toute contre-indication (grossesse, allaitement, hypersensibilit\u00e9, pr\u00e9sence de maladies neuromusculaires \u2026) et d\u00e9terminer les zones \u00e0 traiter.<\/p>\n<p>Un bilan photographique est r\u00e9alis\u00e9 avant la s\u00e9ance d&#8217;<strong>injection de botox<\/strong> afin de mettre en avant les r\u00e9gions n\u00e9cessitant des injections anti-\u00e2ges.<\/p>\n<p>Pour pr\u00e9venir l\u2019apparition des bleus et des gonflements, il est possible que le m\u00e9decin esth\u00e9tique prescrive au patient un traitement hom\u00e9opathique.\u00a0A la fin de la consultation, un plan de traitement est \u00e9tabli avec le patient.<\/p>\n<p>&nbsp;<\/p>\n<\/div>\n<\/div>\n<p>[\/vc_column_text][\/vc_column_inner][\/vc_row_inner][vc_row_inner el_id=&#8221;three&#8221;][vc_column_inner][vc_column_text]<\/p>\n<h2>D\u00e9roulement d\u2019une s\u00e9ance d\u2019injection de Botox \u00e0 Nabeul :<\/h2>\n<p>G\u00e9n\u00e9ralement, les <strong>injections de Botox<\/strong> s\u2019effectuent apr\u00e8s une d\u00e9sinfection des zones trait\u00e9es \u00e0 l\u2019aide d\u2019un savon antiseptique. Les patientes doivent-\u00eatre d\u00e9maquill\u00e9es le jour de l\u2019injection.<\/p>\n<p>Pour limiter la douleur et pour une introduction pr\u00e9cise du produit, le praticien utilise une aiguille tr\u00e8s fine et r\u00e9alise les injections dans le derme superficiel, jusqu\u2019\u00e0 la surface de la peau.<\/p>\n<p>Pour les patients qui craignent les injections, il est possible d\u2019utiliser une application pr\u00e9alable de pommade anesth\u00e9siante.<\/p>\n<p>Au cours de la s\u00e9ance d\u2019une dur\u00e9e de 20 minutes, le m\u00e9decin esth\u00e9tique proc\u00e8de \u00e0 la dilution du flacon de toxine botulique : un flacon de 50 UI est destin\u00e9 \u00e0 chaque personne.<\/p>\n<p>Plusieurs points sont faits entre les deux sourcils (3 \u00e0 5), au niveau du front (une \u00e0 deux rang\u00e9es de points horizontaux) et au niveau de la patte d\u2019oie (3 \u00e0 4 points).<\/p>\n<p>A l\u2019issue de la s\u00e9ance, le praticien remet au patient un carnet d\u2019injections qui est mis \u00e0 jour \u00e0 chaque s\u00e9ance et qui comporte le nom de la toxine et le volume inject\u00e9.[\/vc_column_text][\/vc_column_inner][\/vc_row_inner][vc_row_inner el_id=&#8221;four&#8221;][vc_column_inner][vc_column_text]<\/p>\n<h2>Les suites d\u2019une injection de Botox :<\/h2>\n<p>Apr\u00e8s la s\u00e9ance, il est important que le patient reste au repos et \u00e9viter toute manipulation du visage durant les 6 heures qui suivent les injections de <strong>Botox<\/strong>.\u00a0Le patient ne doit pas non plus maintenir sa t\u00eate vers le bas au risque de faire fuir la <strong>toxine botulique<\/strong> vers les muscles p\u00e9riph\u00e9riques, ce qui peut occasionner des effets ind\u00e9sirables et impr\u00e9vus.<\/p>\n<p>Par ailleurs, des rougeurs localis\u00e9es et des \u0153d\u00e8mes peuvent appara\u00eetre, mais s\u2019estompent seulement au bout de 24 \u00e0 48 heures.<\/p>\n<p>Il est imp\u00e9ratif d\u2019\u00e9viter les activit\u00e9s sportives, le sauna, le hammam, les bains ou les douches trop chaudes pendant 12 heures.<\/p>\n<p><strong>L\u2019injection<\/strong> <strong>de<\/strong> <strong>Botox<\/strong> ne n\u00e9cessite aucun arr\u00eat maladie.[\/vc_column_text][\/vc_column_inner][\/vc_row_inner][vc_row_inner el_id=&#8221;five&#8221;][vc_column_inner][vc_column_text]<\/p>\n<h2>R\u00e9sultat injection botox Nabeul<\/h2>\n<p>Le r\u00e9sultat d\u00e9finitif ne sera visible qu&#8217;au bout de 15 jours et il va durer en moyenne 4 \u00e0 6 mois au bout desquels le renouvellement de l&#8217;injection de <strong>botox<\/strong> sera n\u00e9cessaire pour que le patient puisse garder l&#8217;effet du <strong>botox<\/strong> et att\u00e9nuer les rides.<\/p>\n<p>Il est primordial d&#8217;espacer les <strong>injections de botox<\/strong> d&#8217;au moins 3 mois afin d&#8217;\u00e9viter de cr\u00e9er une r\u00e9sistance au <strong>botox<\/strong> par un &#8220;effet vaccin&#8221;.[\/vc_column_text][\/vc_column_inner][\/vc_row_inner][vc_row_inner el_id=&#8221;six&#8221;][vc_column_inner][vc_column_text]<\/p>\n<h2>Prix injection de toxine botulique \u00e0 Nabeul<\/h2>\n<p>Les tarifs\u00a0de l&#8217;injection de <strong>toxine botulique \u00e0 Nabeul <\/strong>affich\u00e9s ne comprennent que les frais de l\u2019intervention et non les frais du s\u00e9jour.<\/p>\n<p>Pour une tarification exacte merci de nous faire parvenir votre <a href=\"https:\/\/www.aesthetica-health.com\/chirurgie-esthetique-en-tunisie-demande-de-devis-gratuit\/\">demande de devis<\/a>.[\/vc_column_text][\/vc_column_inner][\/vc_row_inner][\/vc_column][\/vc_row][vc_row][vc_column][vc_column_text][\/vc_column_text][\/vc_column][\/vc_row] <\/p>","protected":false},"excerpt":{"rendered":"<p>[vc_row][vc_column][vc_column_text][\/vc_column_text][\/vc_column][\/vc_row][vc_row][vc_column][vc_column_text] Injection botox Nabeul : rajeunissement du visage L&#8217;Injection Botox Nabeul appel\u00e9e aussi\u00a0toxine botulique\u00a0est une substance qui permet de diminuer la contraction des muscles, ce qui entra\u00eene un rel\u00e2chement au niveau du front, des sourcils et de la patte d\u2019oie. Le Botox est d\u00e9riv\u00e9 d\u2019une toxine s\u00e9cr\u00e9t\u00e9e par le clostridium botulinum qui emp\u00eache la contracture [&hellip;]<\/p>\n","protected":false},"author":1,"featured_media":0,"parent":10065,"menu_order":0,"comment_status":"closed","ping_status":"closed","template":"","meta":[],"_links":{"self":[{"href":"https:\/\/www.aesthetica-health.com\/fr\/wp-json\/wp\/v2\/pages\/10268"}],"collection":[{"href":"https:\/\/www.aesthetica-health.com\/fr\/wp-json\/wp\/v2\/pages"}],"about":[{"href":"https:\/\/www.aesthetica-health.com\/fr\/wp-json\/wp\/v2\/types\/page"}],"author":[{"embeddable":true,"href":"https:\/\/www.aesthetica-health.com\/fr\/wp-json\/wp\/v2\/users\/1"}],"replies":[{"embeddable":true,"href":"https:\/\/www.aesthetica-health.com\/fr\/wp-json\/wp\/v2\/comments?post=10268"}],"version-history":[{"count":16,"href":"https:\/\/www.aesthetica-health.com\/fr\/wp-json\/wp\/v2\/pages\/10268\/revisions"}],"predecessor-version":[{"id":11246,"href":"https:\/\/www.aesthetica-health.com\/fr\/wp-json\/wp\/v2\/pages\/10268\/revisions\/11246"}],"up":[{"embeddable":true,"href":"https:\/\/www.aesthetica-health.com\/fr\/wp-json\/wp\/v2\/pages\/10065"}],"wp:attachment":[{"href":"https:\/\/www.aesthetica-health.com\/fr\/wp-json\/wp\/v2\/media?parent=10268"}],"curies":[{"name":"wp","href":"https:\/\/api.w.org\/{rel}","templated":true}]}}