{"id":10270,"date":"2019-02-07T08:43:58","date_gmt":"2019-02-07T07:43:58","guid":{"rendered":"https:\/\/www.aesthetica-health.com\/?page_id=10270"},"modified":"2019-11-16T09:26:02","modified_gmt":"2019-11-16T08:26:02","slug":"prp-tunisie-visage-cheveux","status":"publish","type":"page","link":"https:\/\/www.aesthetica-health.com\/fr\/interventions-esthetique-tunisie\/medecine-esthetique-tunisie\/prp-tunisie-visage-cheveux\/","title":{"rendered":"PRP Nabeul Hammamet : pour un visage plus jeune et des cheveux plus denses"},"content":{"rendered":"<p>[vc_row][vc_column][vc_column_text][\/vc_column_text][\/vc_column][\/vc_row][vc_row][vc_column][vc_column_text]<\/p>\n<h2>PRP Nabeul : c&#8217;est quoi ?<\/h2>\n<p>Le\u00a0<strong>PRP \u00e0 Nabeul <\/strong>est une intervention de la <a href=\"https:\/\/www.aesthetica-health.com\/interventions-esthetique-tunisie\/medecine-esthetique-tunisie\/\">m\u00e9decine anti-\u00e2ge<\/a>. Il s\u2019agit d\u2019une technique d\u00e9j\u00e0 utilis\u00e9e pour le traitement de l\u2019arthrose ou de la tendinite, et qui maintenant permet le rajeunissement et l\u2019embellissement de la peau.<\/p>\n<p>En injectant le sang centrifug\u00e9 du patient m\u00eame permet \u00e0 la stimulation des cellules souches, notamment le collag\u00e8ne et l\u2019\u00e9lastine. D\u2019o\u00f9 la r\u00e9g\u00e9n\u00e9ration cutan\u00e9e, la r\u00e9paration des tissus et l\u2019am\u00e9lioration de la qualit\u00e9 de peau. De plus, l\u2019<strong>injection de plasma riche en plaquette<\/strong>\u00a0permet de rem\u00e9dier \u00e0 la chute des cheveux.[\/vc_column_text][\/vc_column][\/vc_row][vc_row][vc_column][\/vc_column][\/vc_row][vc_row][vc_column width=&#8221;1\/3&#8243;]<ul class=\"dt-sc-vertical-nav \"><li><a href=\"#one\">Pr\u00e9paration PRP<\/a><\/li><li><a href=\"#three\">Comment se d\u00e9roule s\u00e9ance PRP<\/a><\/li><li><a href=\"#four\">Les suites op\u00e9ratoires PRP<\/a><\/li><li><a href=\"#five\">Le r\u00e9sultat PRP<\/a><\/li><li><a href=\"#six\">Nos tarifs<\/a><\/li><\/ul>[\/vc_column][vc_column width=&#8221;2\/3&#8243;][vc_row_inner el_id=&#8221;one&#8221;][vc_column_inner][vc_column_text]<\/p>\n<h2>Pr\u00e9paration du PRP<\/h2>\n<p>[\/vc_column_text][vc_column_text]Une s\u00e9ance d\u2019injection de PRP se d\u00e9roule de la mani\u00e8re suivante :<\/p>\n<blockquote><p><strong>Le pr\u00e9l\u00e8vement sanguin<\/strong><\/p><\/blockquote>\n<p>Il n\u2019est pas oblig\u00e9 que le patient soit \u00e0 jeun. On effectue donc pr\u00e9alablement une prise de sang d\u2019environ 10 ml.<\/p>\n<blockquote><p><strong>La purification du sang<\/strong><\/p><\/blockquote>\n<p>Le sang pr\u00e9lev\u00e9 est ensuite centrifug\u00e9. C\u2019est par ce proc\u00e9d\u00e9 que l\u2019on r\u00e9ussit \u00e0 obtenir le plasma \u00e0 injecter, en le s\u00e9parant aussi bien des globules rouges que des globules blancs. C\u2019est la centrifugation sanguine qui permet d\u2019obtenir le PRP qui est autologue et biocompatible.<\/p>\n<blockquote><p><strong>L\u2019injection du PRP<\/strong><\/p><\/blockquote>\n<p>Elle se fait g\u00e9n\u00e9ralement apr\u00e8s avoir appliqu\u00e9 sur la zone \u00e0 traiter, un gel anesth\u00e9siant. L\u2019injection du plasma enrichi se fait sous la peau. Il s\u2019agit de micros-injections. L\u2019intervention n\u2019est pas douloureuse. La dur\u00e9e d\u2019une s\u00e9ance de PRP est de 15 minutes.[\/vc_column_text][\/vc_column_inner][\/vc_row_inner][vc_row_inner el_id=&#8221;three&#8221;][vc_column_inner][vc_column_text]<\/p>\n<h2 class=\" nocaps\">D\u00e9roulement injections PRP<\/h2>\n<p>Les facteurs de croissance que poss\u00e8de le <strong>PRP<\/strong> permettent de : traiter les rides du visage, rajeunir la peau et favoriser la repousse des cheveux.<\/p>\n<p>Pour lutter contre le vieillissement, l\u2019injection de plasma riche en plaquette se sert des propri\u00e9t\u00e9s r\u00e9g\u00e9n\u00e9ratrices et cicatrisantes contenues dans les plaquettes sanguines.<\/p>\n<p>Le plasma contient d\u2019autres substances qui permettent aux cellules de se r\u00e9g\u00e9n\u00e9rer (se nourrir et se multiplier) : vitamines, prot\u00e9ines, sels min\u00e9raux, &#8230;<\/p>\n<h3 class=\" nocaps\">Le PRP Visage<\/h3>\n<p>L\u2019<strong>injection du PRP<\/strong> dans le derme superficiel va aider \u00e0 l\u2019am\u00e9lioration de la qualit\u00e9 de la peau. En stimulant la synth\u00e8se du collag\u00e8ne, cela restaure la tonicit\u00e9 et l\u2019\u00e9lasticit\u00e9 de la peau. La peau devient plus souple et plus \u00e9clatante. Contrairement \u00e0 des produits de comblement comme l\u2019injection d\u2019acide hyaluronique, le <strong>PRP<\/strong> ne permet pas de combler les rides. Mais, il permet de revasculariser et de r\u00e9parer les tissus, ce qui contribue \u00e0 att\u00e9nuer les rides. C\u2019est pourquoi le plasma riche en plaquette est utilis\u00e9 dans le &#8220;<a href=\"https:\/\/www.tunisie-chirurgie-esthetique.com\/blog\/prp-visage-seins-vampire-lift\/\">Vampire lift\u00a0<\/a>&#8221; pour la pr\u00e9vention du vieillissement.<\/p>\n<h2 class=\" nocaps\">Le PRP cheveux<\/h2>\n<p>L\u2019<strong>injection du plasma enrichie<\/strong> dans le cuir chevelu aide \u00e0 stimuler le d\u00e9veloppement des follicules pileux et de ralentir le vieillissement des cheveux. Mieux, cela am\u00e9liore la qualit\u00e9 des cheveux aussi bien au niveau de la texture, de l\u2019\u00e9paisseur, du pigment que de la densit\u00e9.<\/p>\n<p>Il ne faut pas s\u2019attendre toutefois \u00e0 traiter une calvitie importante par ce moyen. Car, le\u00a0PRP cheveux\u00a0est indiqu\u00e9 pour les calvities mod\u00e9r\u00e9es ou d\u00e9butantes. Que ce soit pour stimuler la repousse des cheveux, rajeunir le visage ou traiter d\u2019autres imperfections de la peau, le d\u00e9roulement d\u2019une s\u00e9ance de <strong>PRP<\/strong> est le m\u00eame. Seul peut changer le protocole de traitement qui varie selon les cas.[\/vc_column_text][\/vc_column_inner][\/vc_row_inner][vc_row_inner el_id=&#8221;four&#8221;][vc_column_inner][vc_column_text]<\/p>\n<h2 class=\"nocaps\">Suites PRP Nabeul<\/h2>\n<p>Il n\u2019est pas n\u00e9cessaire d\u2019observer un arr\u00eat de travail apr\u00e8s une s\u00e9ance de <strong>PRP<\/strong>. Il est certes possible que les 3 jours qui suivent l\u2019intervention, le patient ai une l\u00e9g\u00e8re enflure ; Mais ne n\u00e9cessitant pas une p\u00e9riode de convalescence comme les ecchymoses ou des rougeurs qui peuvent aussi survenir.[\/vc_column_text][\/vc_column_inner][\/vc_row_inner][vc_row_inner el_id=&#8221;five&#8221;][vc_column_inner][vc_column_text]<\/p>\n<header class=\"post-header\">\n<h2 class=\"nocaps\">R\u00e9sultats PRP Nabeul Hammamet<\/h2>\n<p>Ils d\u00e9pendent principalement de l\u2019indication. Dans certains cas, le r\u00e9sultat est d\u00e9j\u00e0 visible apr\u00e8s seulement la premi\u00e8re s\u00e9ance. Mais, c\u2019est g\u00e9n\u00e9ralement c&#8217;est \u00e0 partir de la 2\u00e8me ou 3\u00e8me s\u00e9ance que de meilleurs r\u00e9sultats sont appr\u00e9ciables.<\/p>\n<\/header>\n<p>[\/vc_column_text][\/vc_column_inner][\/vc_row_inner][vc_row_inner el_id=&#8221;six&#8221;][vc_column_inner][vc_column_text]<\/p>\n<h2>Prix PRP Nabeul<\/h2>\n<p>Le <strong>prix du PRP \u00e0 Nabeul <\/strong>d\u00e9pendra aussi de son indication. Le tarif du <strong>PRP visage<\/strong> ne peut \u00eatre le m\u00eame que celui du <strong>PRP cheveux<\/strong> ou encore du <strong>PRP pour le rajeunissement intime<\/strong>. En plus, le co\u00fbt de l\u2019intervention est fix\u00e9 en fonction du nombre de s\u00e9ances. Le patient peut solliciter gratuitement <a href=\"https:\/\/www.aesthetica-health.com\/chirurgie-esthetique-en-tunisie-demande-de-devis-gratuit\/\">un devis en ligne<\/a> afin d\u2019obtenir le montant exacte de son intervention.[\/vc_column_text][\/vc_column_inner][\/vc_row_inner][\/vc_column][\/vc_row][vc_row][vc_column][vc_column_text][\/vc_column_text][\/vc_column][\/vc_row] <\/p>","protected":false},"excerpt":{"rendered":"<p>[vc_row][vc_column][vc_column_text][\/vc_column_text][\/vc_column][\/vc_row][vc_row][vc_column][vc_column_text] PRP Nabeul : c&#8217;est quoi ? Le\u00a0PRP \u00e0 Nabeul est une intervention de la m\u00e9decine anti-\u00e2ge. Il s\u2019agit d\u2019une technique d\u00e9j\u00e0 utilis\u00e9e pour le traitement de l\u2019arthrose ou de la tendinite, et qui maintenant permet le rajeunissement et l\u2019embellissement de la peau. En injectant le sang centrifug\u00e9 du patient m\u00eame permet \u00e0 la stimulation [&hellip;]<\/p>\n","protected":false},"author":1,"featured_media":0,"parent":10065,"menu_order":0,"comment_status":"closed","ping_status":"closed","template":"","meta":[],"_links":{"self":[{"href":"https:\/\/www.aesthetica-health.com\/fr\/wp-json\/wp\/v2\/pages\/10270"}],"collection":[{"href":"https:\/\/www.aesthetica-health.com\/fr\/wp-json\/wp\/v2\/pages"}],"about":[{"href":"https:\/\/www.aesthetica-health.com\/fr\/wp-json\/wp\/v2\/types\/page"}],"author":[{"embeddable":true,"href":"https:\/\/www.aesthetica-health.com\/fr\/wp-json\/wp\/v2\/users\/1"}],"replies":[{"embeddable":true,"href":"https:\/\/www.aesthetica-health.com\/fr\/wp-json\/wp\/v2\/comments?post=10270"}],"version-history":[{"count":14,"href":"https:\/\/www.aesthetica-health.com\/fr\/wp-json\/wp\/v2\/pages\/10270\/revisions"}],"predecessor-version":[{"id":11233,"href":"https:\/\/www.aesthetica-health.com\/fr\/wp-json\/wp\/v2\/pages\/10270\/revisions\/11233"}],"up":[{"embeddable":true,"href":"https:\/\/www.aesthetica-health.com\/fr\/wp-json\/wp\/v2\/pages\/10065"}],"wp:attachment":[{"href":"https:\/\/www.aesthetica-health.com\/fr\/wp-json\/wp\/v2\/media?parent=10270"}],"curies":[{"name":"wp","href":"https:\/\/api.w.org\/{rel}","templated":true}]}}