{"id":10272,"date":"2019-02-07T08:45:12","date_gmt":"2019-02-07T07:45:12","guid":{"rendered":"https:\/\/www.aesthetica-health.com\/?page_id=10272"},"modified":"2019-11-16T09:26:53","modified_gmt":"2019-11-16T08:26:53","slug":"mesolift-visage-tunisie","status":"publish","type":"page","link":"https:\/\/www.aesthetica-health.com\/fr\/interventions-esthetique-tunisie\/medecine-esthetique-tunisie\/mesolift-visage-tunisie\/","title":{"rendered":"M\u00e9solift Nabeul : tonifier et raffermir la peau sans chirurgie"},"content":{"rendered":"<p>[vc_row][vc_column][vc_column_text][\/vc_column_text][\/vc_column][\/vc_row][vc_row][vc_column][vc_column_text]<\/p>\n<header class=\"post-header\">\n<h2 class=\"nocaps\">Qu&#8217;est-ce que le M\u00e9solift Nabeul ?<\/h2>\n<p>Avec l&#8217;\u00e2ge, la peau perd ses nutriments vitaux et la cause : une exposition au soleil, des changements hormonaux, une absence d&#8217;une bonne hygi\u00e8ne alimentaire et une mauvaise circulation sanguine.<\/p>\n<p>Le\u00a0<strong>M\u00e9solift<\/strong>\u00a0est utilis\u00e9 pour traiter et ralentir le processus de vieillissement. Ce traitement a pour r\u00e9sultat une tonicit\u00e9, une \u00e9lasticit\u00e9 et une apparence am\u00e9lior\u00e9es donnant un teint clair et homog\u00e8ne, une peau radieuse, \u00e9clatante et jeune.<\/p>\n<p>Le <strong>m\u00e9solift<\/strong> est une technique de revitalisation cutan\u00e9e par de l\u2019<a href=\"https:\/\/www.aesthetica-health.com\/interventions-esthetique-tunisie\/medecine-esthetique-tunisie\/acide-hyaluronique-tunisie\/\"><strong>acide hyaluronique<\/strong><\/a> et des vitamines. Il apporte \u00e0 la peau tous les \u00e9l\u00e9ments n\u00e9cessaires \u00e0 son <strong>rajeunissement<\/strong> et \u00e0 son <strong>\u00e9lasticit\u00e9<\/strong>.<\/p>\n<p>Ce traitement est <strong>hydratant et restructurant<\/strong> : <strong>Hydratant<\/strong> gr\u00e2ce aux mol\u00e9cules d\u2019<strong>acide hyaluronique<\/strong> qui retiennent l\u2019eau dans le derme et restructurant par la pr\u00e9sence des <strong>vitamines<\/strong> et des <strong>anti\u2013oxydants<\/strong>.<\/p>\n<\/header>\n<p>[\/vc_column_text][\/vc_column][\/vc_row][vc_row][vc_column][\/vc_column][\/vc_row][vc_row][vc_column width=&#8221;1\/3&#8243;]<ul class=\"dt-sc-vertical-nav \"><li><a href=\"#one\">\u00c0 qui s\u2019adresse cette intervention<\/a><\/li><li><a href=\"#two\">Avant l'intervention esth\u00e9tique<\/a><\/li><li><a href=\"#three\">Comment se d\u00e9roule l'intervention esth\u00e9tique<\/a><\/li><li><a href=\"#four\">Les suites op\u00e9ratoires<\/a><\/li><li><a href=\"#five\">Le r\u00e9sultat de l'intervention<\/a><\/li><li><a href=\"#six\">Nos tarifs<\/a><\/li><\/ul>[\/vc_column][vc_column width=&#8221;2\/3&#8243;][vc_row_inner el_id=&#8221;one&#8221;][vc_column_inner][vc_column_text]<\/p>\n<h2>A qui s\u2019adresse le m\u00e9solift Nabeul ?<\/h2>\n<p>[\/vc_column_text][vc_column_text]Le <strong>m\u00e9solift<\/strong> est un soin pl\u00e9biscit\u00e9 dans la <strong>revitalisation<\/strong> et <strong>l\u2019hydratation<\/strong> des<strong> peaux fatigu\u00e9es<\/strong> qui manquent d\u2019<strong>\u00e9clat<\/strong> ou de <strong>fermet\u00e9<\/strong> et dans le traitement des ridules.[\/vc_column_text][\/vc_column_inner][\/vc_row_inner][vc_row_inner el_id=&#8221;two&#8221;][vc_column_inner][vc_column_text]<\/p>\n<div class=\"wpb_text_column wpb_content_element inherit\">\n<div class=\"wpb_wrapper\">\n<h2>A \u00e9viter avant le traitement ?<\/h2>\n<p>Le patient doit \u00e9viter la prise de l\u2019aspirine, la vitamine E, l\u2019huile de primev\u00e8re, la m\u00e9decine chinoise\u00a0et la phytoth\u00e9rapie une semaine avant le traitement. Toutes ces pr\u00e9cautions doivent \u00eatre suivis par le patient afin de prot\u00e9ger sa peau contre les\u00a0infections, l\u2019inflammation, comme l\u2019ecz\u00e9ma ou l\u2019acn\u00e9.<\/p>\n<\/div>\n<\/div>\n<p>[\/vc_column_text][\/vc_column_inner][\/vc_row_inner][vc_row_inner el_id=&#8221;three&#8221;][vc_column_inner][vc_column_text]<\/p>\n<h2>Comment se d\u00e9roule une s\u00e9ance de m\u00e9soth\u00e9rapie ?<\/h2>\n<p>Apr\u00e8s la d\u00e9sinfection de la zone \u00e0 traiter, le m\u00e9decin injecte un m\u00e9lange de plusieurs substances aux propri\u00e9t\u00e9s actives ; le choix de ces substances d\u00e9pend du r\u00e9sultat que souhaite obtenir le patient. L&#8217;injection peut \u00eatre manuelle au moyen d\u2019une seringue ou bien par injection assist\u00e9 par mat\u00e9riel (un pistolet de m\u00e9soth\u00e9rapie).<\/p>\n<p>Ce traitement esth\u00e9tique combine<strong>\u00a0<a href=\"https:\/\/www.aesthetica-health.com\/interventions-esthetique-tunisie\/medecine-esthetique-tunisie\/acide-hyaluronique-tunisie\/\">acide hyaluronique<\/a><\/strong>,<strong> vitamines<\/strong> et <strong>min\u00e9raux<\/strong> pour revitaliser la peau.<\/p>\n<p>Cette combinaison de substances peut \u00eatre form\u00e9e par le m\u00e9lange de substances <strong>lymphotoniques<\/strong>, <strong>sympatholytiques<\/strong>, <strong>antibiotiques<\/strong>, h<strong>om\u00e9opathiques<\/strong> ou <strong>vasoactives<\/strong>.<\/p>\n<p>Pour obtenir un r\u00e9sultat satisfaisant, le patient doit faire 7 \u00e0 12 s\u00e9ances de <strong>m\u00e9solift<\/strong>.[\/vc_column_text][\/vc_column_inner][\/vc_row_inner][vc_row_inner el_id=&#8221;four&#8221;][vc_column_inner][vc_column_text]<\/p>\n<h2>Quelles sont les suites apr\u00e8s une s\u00e9ance de m\u00e9soth\u00e9rapie ?<\/h2>\n<p>Le patient doit boire beaucoup d\u2019eau pour \u00e9liminer les toxines. Ils sont \u00e0 \u00e9viter : la consommation d\u2019alcool et de tabac. En outre, il faut \u00e9viter toute exposition au soleil.<\/p>\n<p>La <strong>m\u00e9soth\u00e9rapie<\/strong> n\u2019est pas indiqu\u00e9e chez les patients souffrant d\u2019allergies, de maladies de la peau, de coagulation ou de probl\u00e8mes circulatoires, de cancer ou de maladies infectieuses. Bien s\u00fbr, ce traitement de <strong>m\u00e9decine esth\u00e9tique<\/strong> n\u2019est pas recommand\u00e9 chez les femmes enceintes ou celles qui allaitent.[\/vc_column_text][\/vc_column_inner][\/vc_row_inner][vc_row_inner el_id=&#8221;five&#8221;][vc_column_inner][vc_column_text]<\/p>\n<h2>M\u00e9soth\u00e9rapie Nabeul : Nombre de s\u00e9ances et R\u00e9sultat<\/h2>\n<p>La <strong>m\u00e9soth\u00e9rapie<\/strong> commence par 4 s\u00e9ances r\u00e9parties sur 2 mois, puis une s\u00e9ance chaque mois, durant 6 mois et pour finir en beaut\u00e9 il faudrait 1 \u00e0 2 s\u00e9ances par an.<\/p>\n<p>M\u00eame si les effets sont imm\u00e9diats les r\u00e9sultats commencent \u00e0 \u00eatre appr\u00e9ci\u00e9s apr\u00e8s 2 ou 3 semaines. Des ecchymoses ou des rougeurs peuvent appara\u00eetre apr\u00e8s le traitement mais n\u2019impliquent aucune cons\u00e9quence.<\/p>\n<p>La peau du visage n\u2019est plus rid\u00e9e et elle devient tr\u00e8s souple et tr\u00e8s douce. Pour que l\u2019effet du <strong>m\u00e9solift \u00e0 Nabeul <\/strong>puisse durer plus longtemps, votre m\u00e9decin esth\u00e9tique peut vous recommander\u00a0quelques compl\u00e9ments de soins. Il s\u2019agit dans la plupart des cas d\u2019un compl\u00e9ment alimentaire ou encore de cr\u00e8mes sp\u00e9ciales qui aident la peau \u00e0 garder cet aspect rajeuni.[\/vc_column_text][\/vc_column_inner][\/vc_row_inner][vc_row_inner el_id=&#8221;six&#8221;][vc_column_inner][vc_column_text]<\/p>\n<h2>Le prix m\u00e9solift Nabeul<\/h2>\n<p>Les tarifs\u00a0 <strong>m\u00e9solift Nabeul <\/strong>affich\u00e9s ne comprennent que les frais de l\u2019intervention et non les frais du s\u00e9jour.<\/p>\n<p>Pour une tarification exacte merci de nous faire parvenir votre <a href=\"https:\/\/www.aesthetica-health.com\/chirurgie-esthetique-en-tunisie-demande-de-devis-gratuit\/\">demande de devis<\/a>.[\/vc_column_text][\/vc_column_inner][\/vc_row_inner][\/vc_column][\/vc_row][vc_row][vc_column][vc_column_text][\/vc_column_text][\/vc_column][\/vc_row] <\/p>","protected":false},"excerpt":{"rendered":"<p>[vc_row][vc_column][vc_column_text][\/vc_column_text][\/vc_column][\/vc_row][vc_row][vc_column][vc_column_text] Qu&#8217;est-ce que le M\u00e9solift Nabeul ? Avec l&#8217;\u00e2ge, la peau perd ses nutriments vitaux et la cause : une exposition au soleil, des changements hormonaux, une absence d&#8217;une bonne hygi\u00e8ne alimentaire et une mauvaise circulation sanguine. Le\u00a0M\u00e9solift\u00a0est utilis\u00e9 pour traiter et ralentir le processus de vieillissement. Ce traitement a pour r\u00e9sultat une tonicit\u00e9, une [&hellip;]<\/p>\n","protected":false},"author":1,"featured_media":0,"parent":10065,"menu_order":0,"comment_status":"closed","ping_status":"closed","template":"","meta":[],"_links":{"self":[{"href":"https:\/\/www.aesthetica-health.com\/fr\/wp-json\/wp\/v2\/pages\/10272"}],"collection":[{"href":"https:\/\/www.aesthetica-health.com\/fr\/wp-json\/wp\/v2\/pages"}],"about":[{"href":"https:\/\/www.aesthetica-health.com\/fr\/wp-json\/wp\/v2\/types\/page"}],"author":[{"embeddable":true,"href":"https:\/\/www.aesthetica-health.com\/fr\/wp-json\/wp\/v2\/users\/1"}],"replies":[{"embeddable":true,"href":"https:\/\/www.aesthetica-health.com\/fr\/wp-json\/wp\/v2\/comments?post=10272"}],"version-history":[{"count":14,"href":"https:\/\/www.aesthetica-health.com\/fr\/wp-json\/wp\/v2\/pages\/10272\/revisions"}],"predecessor-version":[{"id":11245,"href":"https:\/\/www.aesthetica-health.com\/fr\/wp-json\/wp\/v2\/pages\/10272\/revisions\/11245"}],"up":[{"embeddable":true,"href":"https:\/\/www.aesthetica-health.com\/fr\/wp-json\/wp\/v2\/pages\/10065"}],"wp:attachment":[{"href":"https:\/\/www.aesthetica-health.com\/fr\/wp-json\/wp\/v2\/media?parent=10272"}],"curies":[{"name":"wp","href":"https:\/\/api.w.org\/{rel}","templated":true}]}}