{"id":10274,"date":"2019-02-07T08:47:10","date_gmt":"2019-02-07T07:47:10","guid":{"rendered":"https:\/\/www.aesthetica-health.com\/?page_id=10274"},"modified":"2019-11-16T09:28:24","modified_gmt":"2019-11-16T08:28:24","slug":"acide-hyaluronique-tunisie","status":"publish","type":"page","link":"https:\/\/www.aesthetica-health.com\/fr\/interventions-esthetique-tunisie\/medecine-esthetique-tunisie\/acide-hyaluronique-tunisie\/","title":{"rendered":"Acide hyaluronique Nabeul : pour une peau sans rides"},"content":{"rendered":"<p>[vc_row][vc_column][vc_column_text][\/vc_column_text][\/vc_column][\/vc_row][vc_row][vc_column][vc_column_text]<\/p>\n<header class=\"post-header\">\n<h2>Rajeunissement visage par l\u2019acide hyaluronique<\/h2>\n<\/header>\n<p><strong>L\u2019acide hyaluronique Nabeul (HA)<\/strong> est une substance qui permet de <strong>combler les sillons et les rides<\/strong> sans passer par la case de la chirurgie esth\u00e9tique.<\/p>\n<p><strong>L\u2019acide hyaluronique Nabeul <\/strong>est naturellement pr\u00e9sent dans notre corps d\u2019ailleurs cette mol\u00e9cule on la trouve dans le tissu sous-cutan\u00e9, les articulations, le cartilage et dans l\u2019\u0153il. Nous en produisons chaque jour 5 gr afin de renouveler nos <strong>tissus cutan\u00e9s<\/strong> et elle permet de <strong>maintenir l\u2019hydratation de la peau et son \u00e9lasticit\u00e9.<\/strong><\/p>\n<p>Mais avec l\u2019\u00e2ge cette substance diminue et les rides apparaissent et l\u2019\u00e9piderme devient moins tonique\u00a0; C\u2019est pourquoi l\u2019injection de l\u2019acide hyaluronique est une solution esth\u00e9tique et m\u00e9dicale qui vient en autre compl\u00e9ter d\u2019autres\u00a0<strong>actes esth\u00e9tiques<\/strong> tels que le <a href=\"https:\/\/www.aesthetica-health.com\/interventions-esthetique-tunisie\/medecine-esthetique-tunisie\/injection-botox-tunisie\/\"><strong>Botox<\/strong><\/a>\u00a0ou <a href=\"https:\/\/www.aesthetica-health.com\/interventions-esthetique-tunisie\/chirurgie-du-visage-tunisie\/lipofilling-tunisie\/\"><strong>lifting du visage<\/strong><\/a>\u00a0.<\/p>\n<p>L\u2019<strong>injection d\u2019acide hyaluronique<\/strong> permet\u00a0de redessiner les l\u00e8vres qui ont tendance \u00e0 s\u2019affiner et \u00e0 se rider sur le pourtour et l&#8217;injection de cette substance aide \u00e0 de <strong>combler les creux du visage<\/strong> au niveau :<\/p>\n<ul>\n<li>Des pommettes<\/li>\n<li>Des cernes au niveau des <a href=\"https:\/\/www.aesthetica-health.com\/interventions-esthetique-tunisie\/chirurgie-du-visage-tunisie\/blepharoplastie-tunisie\/\">paupi\u00e8res<\/a> inf\u00e9rieures<\/li>\n<li>Des joues<\/li>\n<li>Du front (avec le comblement des rides glabellaires ou des rides du lion)<\/li>\n<li>De l\u2019ovale du visage (en comblant les rides d\u2019amertumes)<\/li>\n<\/ul>\n<p>[\/vc_column_text][\/vc_column][\/vc_row][vc_row][vc_column][\/vc_column][\/vc_row][vc_row][vc_column width=&#8221;1\/3&#8243;]<ul class=\"dt-sc-vertical-nav \"><li><a href=\"#one\">\u00c0 qui s\u2019adresse cette intervention<\/a><\/li><li><a href=\"#two\">Avant l'intervention esth\u00e9tique<\/a><\/li><li><a href=\"#three\">Comment se d\u00e9roule l'intervention esth\u00e9tique<\/a><\/li><li><a href=\"#four\">Les suites op\u00e9ratoires<\/a><\/li><li><a href=\"#five\">Le r\u00e9sultat de l'intervention<\/a><\/li><li><a href=\"#six\">Nos tarifs<\/a><\/li><\/ul>[\/vc_column][vc_column width=&#8221;2\/3&#8243;][vc_row_inner el_id=&#8221;one&#8221;][vc_column_inner][vc_column_text]<\/p>\n<h2>A qui s\u2019adressent les injections d\u2019acide hyaluronique ?<\/h2>\n<p>[\/vc_column_text][vc_column_text]Il est conseill\u00e9 aux personnes (hommes ou femmes) de recourir \u00e0 des injections d\u2019acide hyaluronique lorsqu\u2019elles :<\/p>\n<ul>\n<li>Pr\u00e9sentent un vieillissement acc\u00e9l\u00e9r\u00e9 ou des rides familiales<\/li>\n<li>Souhaitent garder leur fra\u00eecheur et pr\u00e9venir les signes de vieillissement<\/li>\n<li>D\u00e9sirent traiter les rides plus ou moins prononc\u00e9es \u00e0 un \u00e2ge m\u00fbr et veulent attendre un peu avant de recourir \u00e0 une chirurgie de rajeunissement<\/li>\n<li>Refusent de recourir \u00e0 la chirurgie \u00e0 un \u00e2ge m\u00fbr et veulent conserver une certaine fra\u00eecheur.<\/li>\n<\/ul>\n<p>[\/vc_column_text][\/vc_column_inner][\/vc_row_inner][vc_row_inner el_id=&#8221;two&#8221;][vc_column_inner][vc_column_text]<\/p>\n<div class=\"wpb_text_column wpb_content_element inherit\">\n<div class=\"wpb_wrapper\">\n<h2>Consultation avant une injection d\u2019acide hyaluronique :<\/h2>\n<p>La consultation va permettre au m\u00e9decin esth\u00e9tique de conna\u00eetre les ant\u00e9c\u00e9dents du patient avant de proc\u00e9der \u00e0 un examen clinique approfondi et d\u00e9terminer les \u00e9ventuelles contre-indications (grossesse, allaitement, herp\u00e8s labiaux, maladies auto-immunes ou affectant le syst\u00e8me immunitaire, hypersensibilit\u00e9 \u00e0 l\u2019acide hyaluronique, infection cutan\u00e9e \u2026).<\/p>\n<p>D\u2019autre part, le praticien analyse minutieusement le visage du patient au repos et en mouvement pour d\u00e9finir un plan de traitement pour mieux rep\u00e9rer les zones \u00e0 traiter et d\u00e9terminer quelle action il va mettre en place : le praticien va utiliser un <strong>acide hyaluronique<\/strong> volumateur ou bien un produit d&#8217;action plus superficielle et dans quelles zones.<\/p>\n<p>Il est conseill\u00e9 d&#8217;arr\u00eater de boire de l&#8217;alcool, de s\u2019exposer au soleil la veille et le jour de la s\u00e9ance. L&#8217;absorption d\u2019aspirine est \u00e9galement prohib\u00e9e 3 jours avant l\u2019<strong>injection d\u2019acide hyaluronique<\/strong>.<\/p>\n<p>Lors des 15 jours pr\u00e9c\u00e9dant les injections, il est possible que le praticien prescrive au patient une cr\u00e8me au r\u00e9tinol pour diminuer la s\u00e9cr\u00e9tion de s\u00e9bum et de resserrer les pores de la peau afin de minimiser les fuites d\u2019<strong>acide hyaluronique<\/strong>.<\/p>\n<\/div>\n<\/div>\n<p>[\/vc_column_text][\/vc_column_inner][\/vc_row_inner][vc_row_inner el_id=&#8221;three&#8221;][vc_column_inner][vc_column_text]<\/p>\n<h2>D\u00e9roulement d\u2019une s\u00e9ance d\u2019injection d\u2019acide hyaluronique \u00e0 Nabeul :<\/h2>\n<p>Il est possible d&#8217;appliquer une cr\u00e8me anesth\u00e9siante, une 1\/2 heure avant de proc\u00e9der aux injections\u00a0<strong>d\u2019acide hyaluronique<\/strong> afin de diminuer les sensations de piq\u00fbres.<\/p>\n<p>La s\u00e9ance d\u2019injection d\u2019<strong>acide hyaluronique<\/strong> dure en moyenne 10 \u00e0 15 minutes en fonction du nombre de zones \u00e0 traiter. Et les injections se font par le biais d\u2019aiguilles ou de micro-canules.<\/p>\n<p>Le <strong>m\u00e9decin esth\u00e9tique<\/strong> injecte l\u2019<strong>acide hyaluronique<\/strong> de mani\u00e8re directe dans les zones \u00e0 combler au moyen de piq\u00fbres r\u00e9p\u00e9t\u00e9es ; Par la suite il met une poche de glace sur les zones trait\u00e9es pour diminuer les \u0153d\u00e8mes et les ecchymoses.<\/p>\n<p>A la fin, le praticien masse les r\u00e9gions trait\u00e9es afin d\u2019optimiser l\u2019uniformit\u00e9 de la correction.[\/vc_column_text][\/vc_column_inner][\/vc_row_inner][vc_row_inner el_id=&#8221;four&#8221;][vc_column_inner][vc_column_text]<\/p>\n<h2>Les suites d\u2019une injection d\u2019acide hyaluronique :<\/h2>\n<ul>\n<li>Apparition d\u2019\u0153d\u00e8mes\u00a0et de rougeurs mod\u00e9r\u00e9es qui disparaissent g\u00e9n\u00e9ralement au bout de 1 \u00e0 3 jours selon les personnes et la concentration d\u2019acide hyaluronique inject\u00e9.<\/li>\n<li>Apparition de petits bleus sur les zones trait\u00e9es, de petites rougeurs cutan\u00e9es voire de d\u00e9mangeaisons qui disparaissent en quelques jours seulement.<\/li>\n<li>Apparition de quelques irr\u00e9gularit\u00e9s temporaires dues \u00e0 un aspect d\u2019hypercorrection qui finissent par s\u2019estomper progressivement.<\/li>\n<li>Possibilit\u00e9 de reprise imm\u00e9diate de la vie socio-professionnelle juste apr\u00e8s les injections\u00a0d\u2019acide hyaluronique.<\/li>\n<li>N\u00e9cessit\u00e9 de rester au repos les 6 premi\u00e8res heures et \u00e9viter tout effort physique important.<\/li>\n<li>N\u00e9cessit\u00e9 d\u2019\u00e9viter pendant quelques jours l\u2019alcool, l\u2019exposition au soleil, l\u2019aspirine, les anti-inflammatoires, les UV artificiels, les saunas et autres hammams.<\/li>\n<\/ul>\n<p>[\/vc_column_text][\/vc_column_inner][\/vc_row_inner][vc_row_inner el_id=&#8221;five&#8221;][vc_column_inner][vc_column_text]<\/p>\n<h2>R\u00e9sultat injection d\u2019acide hyaluronique Nabeul<\/h2>\n<p>Le r\u00e9sultat d\u00e9finitif d\u2019<strong>une injection d\u2019acide hyaluronique \u00e0 Nabeul<\/strong>\u00a0ne sera appr\u00e9ci\u00e9 qu&#8217;au bout de 10 jours, le temps que les \u0153d\u00e8mes se r\u00e9sorbent compl\u00e8tement, que le visage retrouve sa souplesse et que l\u2019organisme assimile compl\u00e8tement l\u2019<strong>acide hyaluronique<\/strong>.<\/p>\n<p>Les effets de l\u2019<strong>acide hyaluronique<\/strong> durent en moyenne 6 \u00e0 8 mois, d\u2019o\u00f9 l\u2019importance de consulter une nouvelle fois son m\u00e9decin esth\u00e9tique pour effectuer de nouvelles injections afin de conserver une jeunesse et une bonne mine de longue dur\u00e9e.[\/vc_column_text][\/vc_column_inner][\/vc_row_inner][vc_row_inner el_id=&#8221;six&#8221;][vc_column_inner][vc_column_text]<\/p>\n<h2>Le prix injection d\u2019acide hyaluronique Nabeul<\/h2>\n<p>Les tarifs pose d\u2019une injection d\u2019acide hyaluronique Nabeul affich\u00e9s ne comprennent que les frais de l\u2019intervention et non les frais du s\u00e9jour.<\/p>\n<p>Pour une tarification exacte merci de nous faire parvenir votre demande de devis.[\/vc_column_text][\/vc_column_inner][\/vc_row_inner][\/vc_column][\/vc_row][vc_row][vc_column][vc_column_text][\/vc_column_text][\/vc_column][\/vc_row] <\/p>","protected":false},"excerpt":{"rendered":"<p>[vc_row][vc_column][vc_column_text][\/vc_column_text][\/vc_column][\/vc_row][vc_row][vc_column][vc_column_text] Rajeunissement visage par l\u2019acide hyaluronique L\u2019acide hyaluronique Nabeul (HA) est une substance qui permet de combler les sillons et les rides sans passer par la case de la chirurgie esth\u00e9tique. L\u2019acide hyaluronique Nabeul est naturellement pr\u00e9sent dans notre corps d\u2019ailleurs cette mol\u00e9cule on la trouve dans le tissu sous-cutan\u00e9, les articulations, le cartilage et [&hellip;]<\/p>\n","protected":false},"author":1,"featured_media":0,"parent":10065,"menu_order":0,"comment_status":"closed","ping_status":"closed","template":"","meta":[],"_links":{"self":[{"href":"https:\/\/www.aesthetica-health.com\/fr\/wp-json\/wp\/v2\/pages\/10274"}],"collection":[{"href":"https:\/\/www.aesthetica-health.com\/fr\/wp-json\/wp\/v2\/pages"}],"about":[{"href":"https:\/\/www.aesthetica-health.com\/fr\/wp-json\/wp\/v2\/types\/page"}],"author":[{"embeddable":true,"href":"https:\/\/www.aesthetica-health.com\/fr\/wp-json\/wp\/v2\/users\/1"}],"replies":[{"embeddable":true,"href":"https:\/\/www.aesthetica-health.com\/fr\/wp-json\/wp\/v2\/comments?post=10274"}],"version-history":[{"count":16,"href":"https:\/\/www.aesthetica-health.com\/fr\/wp-json\/wp\/v2\/pages\/10274\/revisions"}],"predecessor-version":[{"id":11227,"href":"https:\/\/www.aesthetica-health.com\/fr\/wp-json\/wp\/v2\/pages\/10274\/revisions\/11227"}],"up":[{"embeddable":true,"href":"https:\/\/www.aesthetica-health.com\/fr\/wp-json\/wp\/v2\/pages\/10065"}],"wp:attachment":[{"href":"https:\/\/www.aesthetica-health.com\/fr\/wp-json\/wp\/v2\/media?parent=10274"}],"curies":[{"name":"wp","href":"https:\/\/api.w.org\/{rel}","templated":true}]}}