{"id":10276,"date":"2019-02-07T08:50:24","date_gmt":"2019-02-07T07:50:24","guid":{"rendered":"https:\/\/www.aesthetica-health.com\/?page_id=10276"},"modified":"2019-11-16T09:26:11","modified_gmt":"2019-11-16T08:26:11","slug":"peeling-visage-tunisie","status":"publish","type":"page","link":"https:\/\/www.aesthetica-health.com\/fr\/interventions-esthetique-tunisie\/medecine-esthetique-tunisie\/peeling-visage-tunisie\/","title":{"rendered":"Peeling \u00e0 Nabeul : Peeling  visage TCA, peeling glycolique peau lisse et rajeunit"},"content":{"rendered":"<p>[vc_row][vc_column][vc_column_text][\/vc_column_text][\/vc_column][\/vc_row][vc_row][vc_column][vc_column_text]<\/p>\n<header class=\"post-header\">\n<h2>Peeling \u00e0 Nabeul : renouvellement couches sup\u00e9rieures de l\u2019\u00e9piderme<\/h2>\n<\/header>\n<p>Le <strong>peeling \u00e0 Nabeul <\/strong>est un<a href=\"https:\/\/www.aesthetica-health.com\/interventions-esthetique-tunisie\/medecine-esthetique-tunisie\/\"><strong> traitement de m\u00e9decine esth\u00e9tique du visage<\/strong><\/a> qui permet d&#8217;avoir une exfoliation naturelle de l\u2019\u00e9piderme et du derme.<\/p>\n<p>Cette technique traite les couches de la peau de fa\u00e7on \u00e0 la renouveler pour diminuer les imperfections cutan\u00e9es et redonner \u00e0 la peau son \u00e9clat naturel.<\/p>\n<p>Le<strong> peeling<\/strong> est souvent associ\u00e9 \u00e0 d\u2019autres traitements de rajeunissement : le <a href=\"https:\/\/www.aesthetica-health.com\/interventions-esthetique-tunisie\/medecine-esthetique-tunisie\/injection-botox-tunisie\/\"><strong>Botox<\/strong><\/a> pour le traitement des rides musculaires du haut du visage ou encore l\u2019<a href=\"https:\/\/www.aesthetica-health.com\/interventions-esthetique-tunisie\/medecine-esthetique-tunisie\/acide-hyaluronique-tunisie\/\"><strong>acide hyaluronique<\/strong><\/a> pour le comblement des rides du bas du visage.<\/p>\n<p>Le <strong>peeling<\/strong> est parfait contre le teint terne, les traces d\u2019acn\u00e9, les cernes color\u00e9s, les ridules et rides, l&#8217;absence d&#8217;homog\u00e9n\u00e9it\u00e9 du teint, les taches pigmentaires et le regard vieilli.<\/p>\n<p>De plus, le peeling est avantageux pour plus d&#8217;une raison car il permet de :<\/p>\n<ul>\n<li>Stimuler le renouvellement cellulaire<\/li>\n<li>Traiter les exc\u00e8s de s\u00e9bum (peau s\u00e9borrh\u00e9ique)<\/li>\n<li>Traiter les taches et l\u00e9sions li\u00e9s au vieillissement ou au soleil (k\u00e9ratose actinique, k\u00e9ratose solaire)<\/li>\n<li>Maintenir l\u2019hydratation cutan\u00e9e<\/li>\n<li>Favoriser la production d\u2019acide hyaluronique, de fibres \u00e9lastiques et de collag\u00e8ne dans le derme<\/li>\n<\/ul>\n<p>[\/vc_column_text][\/vc_column][\/vc_row][vc_row][vc_column][\/vc_column][\/vc_row][vc_row][vc_column width=&#8221;1\/3&#8243;]<ul class=\"dt-sc-vertical-nav \"><li><a href=\"#one\">\u00c0 qui s\u2019adresse cette intervention<\/a><\/li><li><a href=\"#two\">Avant l'intervention esth\u00e9tique<\/a><\/li><li><a href=\"#three\">Comment se d\u00e9roule l'intervention esth\u00e9tique<\/a><\/li><li><a href=\"#four\">Les suites op\u00e9ratoires<\/a><\/li><li><a href=\"#five\">Le r\u00e9sultat de l'intervention<\/a><\/li><li><a href=\"#six\">Nos tarifs<\/a><\/li><\/ul>[\/vc_column][vc_column width=&#8221;2\/3&#8243;][vc_row_inner el_id=&#8221;one&#8221;][vc_column_inner][vc_column_text]<\/p>\n<h2>Quels sont les candidats qui ne peuvent pr\u00e9tendre au peeling :<\/h2>\n<p>[\/vc_column_text][vc_column_text]Toute personne :<\/p>\n<ul>\n<li>souffrant de probl\u00e8mes de cicatrisation ou de troubles du syst\u00e8me lymphatique<\/li>\n<li>sous traitement anti-plaquettaire (Warfarine, H\u00e9parine, Aspirine, AINS)<\/li>\n<li>ayant des allergies cutan\u00e9es (de type contact)<\/li>\n<li>qui prend des m\u00e9dicaments contre l\u2019acn\u00e9 (r\u00e9tino\u00efdes)<\/li>\n<li>poss\u00e9dant une peau noire ou m\u00e9tiss\u00e9e (risque de d\u00e9pigmentation)<\/li>\n<li>souffrant d&#8217;irritations cutan\u00e9es (ecz\u00e9ma, psoriasis, herp\u00e8s \u2026)<\/li>\n<li>cardiaque<\/li>\n<li>enceinte<\/li>\n<\/ul>\n<p>[\/vc_column_text][\/vc_column_inner][\/vc_row_inner][vc_row_inner el_id=&#8221;two&#8221;][vc_column_inner][vc_column_text]<\/p>\n<div class=\"wpb_text_column wpb_content_element inherit\">\n<div class=\"wpb_wrapper\">\n<h2>Consultation avant une s\u00e9ance de peeling :<\/h2>\n<p>Avant d\u2019effectuer un <strong>peeling<\/strong>, il est important de pr\u00e9parer la peau avec un acide l\u00e9ger \u00e0 appliquer le soir, ainsi qu\u2019un traitement hydratant et protecteur \u00e0 appliquer le matin.<\/p>\n<p>Une consultation avec le sp\u00e9cialiste praticien pour \u00e9valuer l&#8217;\u00e9tat de la peau, conna\u00eetre les d\u00e9sirs du patient et informer ce dernier de ce qui peut \u00eatre trait\u00e9 ou pas.<\/p>\n<p>Les <strong>peelings<\/strong> moyens ou profonds exigent une pr\u00e9paration de la peau en pr\u00e9op\u00e9ratoire pour un meilleur r\u00e9sultat, le m\u00e9decin esth\u00e9tique va prescrire pour les 2 ou 3 semaines qui pr\u00e9c\u00e8dent le <strong>peeling<\/strong> un nettoyage cutan\u00e9, des cr\u00e8mes aux acides de fruits ou \u00e0 la vitamine C et souvent une couverture antibiotique pour que la peau soit dans les meilleures conditions possibles le jour du traitement.<\/p>\n<p>&nbsp;<\/p>\n<\/div>\n<\/div>\n<p>[\/vc_column_text][\/vc_column_inner][\/vc_row_inner][vc_row_inner el_id=&#8221;three&#8221;][vc_column_inner][vc_column_text]<\/p>\n<h2>D\u00e9roulement d\u2019une s\u00e9ance de peeling \u00e0 Nabeul :<\/h2>\n<p>Il faut savoir que le <strong>peeling<\/strong> consiste \u00e0 appliquer sur la peau une substance chimique afin de provoquer une destruction limit\u00e9e et contr\u00f4l\u00e9e de l\u2019\u00e9piderme, ainsi que des couches superficielles et profondes du derme.<\/p>\n<p>Il est recommand\u00e9 de faire 4 s\u00e9ances d\u2019un intervalle d&#8217;une semaine en phase d\u2019attaque pour le <strong>peeling<\/strong> l\u00e9ger et une par an pour les peelings plus forts.<\/p>\n<p>Le praticien commence d\u2019abord son travail par un nettoyage et une d\u00e9sinfection de la peau, avant de prot\u00e9ger la zone oculaire avec des cotons humides.<\/p>\n<p>Par la suite, le sp\u00e9cialiste pr\u00e9pare le m\u00e9lange des principes actifs en fonction des objectifs fix\u00e9s avec le patient lors de la s\u00e9ance de consultation. Avant d\u2019appliquer un produit exfoliant afin d&#8217;obtenir une desquamation contr\u00f4l\u00e9e des cellules corn\u00e9es (exfoliation de l&#8217;\u00e9piderme\u00a0sous forme d&#8217;\u00e9cailles plus ou moins grandes) et une r\u00e9hydratation de la peau.<\/p>\n<p>D\u00e8s qu\u2019un film blanc se forme sur la peau, le praticien peut alors l\u2019enlever \u00e0 l\u2019aide de compresses de gaze st\u00e9riles.[\/vc_column_text][\/vc_column_inner][\/vc_row_inner][vc_row_inner el_id=&#8221;four&#8221;][vc_column_inner][vc_column_text]<\/p>\n<h2>Les suites d\u2019un peeling :<\/h2>\n<p>Apr\u00e8s le traitement, le derme est mis \u00e0 nu et cela peut entra\u00eener des rougeurs, oed\u00e8mes et suintements que le praticien neutralise en r\u00e9alisant des soins locaux et tr\u00e8s pr\u00e9cautionneux jusqu\u2019\u00e0 cicatrisation compl\u00e8te.<\/p>\n<p>Pour le <strong>peeling<\/strong> moyen on remarque l&#8217;apparition d&#8217;un gonflement de la peau (\u0153d\u00e8me) qui vont dispara\u00eetre au bout de 3 jours. La peau devient alors brun\u00e2tre et desquame en une \u00e0 deux semaines, laissant alors appara\u00eetre une peau lisse et ros\u00e9e.<\/p>\n<p>Le m\u00e9decin recommande de\u00a0de nettoyer la peau au moyen de bombes thermales, puis de la d\u00e9sinfecter au moyen d&#8217;un antiseptique doux et d&#8217;appliquer des pommades grasses facilitant la cicatrisation.[\/vc_column_text][\/vc_column_inner][\/vc_row_inner][vc_row_inner el_id=&#8221;five&#8221;][vc_column_inner][vc_column_text]<\/p>\n<h2>Le r\u00e9sultat d\u2019un peeling \u00e0 Nabeul Hammamet :<\/h2>\n<p>Le r\u00e9sultat d\u2019un <strong>peeling \u00e0 Nabeul<\/strong>\u00a0est tr\u00e8s satisfaisant, les effets sont visibles d\u00e8s le lendemain de la s\u00e9ance.<\/p>\n<p>En effet, les cellules mortes de l\u2019\u00e9piderme sont exfoli\u00e9s pour laisser appara\u00eetre de nouvelles cellules qui plus jeunes et plus fra\u00eeches. Pour avoir \u00e0 la fin un visage avec un teint \u00e9clatant et homog\u00e8ne avec une peau assainie.[\/vc_column_text][\/vc_column_inner][\/vc_row_inner][vc_row_inner el_id=&#8221;six&#8221;][vc_column_inner][vc_column_text]<\/p>\n<h2>Le prix d&#8217;un peeling Nabeul<\/h2>\n<p>Les tarifs d&#8217;un peeling Nabeul Hammamet affich\u00e9s ne comprennent que les frais de l\u2019intervention et non les frais du s\u00e9jour.<\/p>\n<p>Pour une tarification exacte merci de nous faire parvenir votre <a href=\"https:\/\/www.aesthetica-health.com\/chirurgie-esthetique-en-tunisie-demande-de-devis-gratuit\/\">demande de devis<\/a>.[\/vc_column_text][\/vc_column_inner][\/vc_row_inner][\/vc_column][\/vc_row][vc_row][vc_column][vc_column_text][\/vc_column_text][\/vc_column][\/vc_row] <\/p>","protected":false},"excerpt":{"rendered":"<p>[vc_row][vc_column][vc_column_text][\/vc_column_text][\/vc_column][\/vc_row][vc_row][vc_column][vc_column_text] Peeling \u00e0 Nabeul : renouvellement couches sup\u00e9rieures de l\u2019\u00e9piderme Le peeling \u00e0 Nabeul est un traitement de m\u00e9decine esth\u00e9tique du visage qui permet d&#8217;avoir une exfoliation naturelle de l\u2019\u00e9piderme et du derme. Cette technique traite les couches de la peau de fa\u00e7on \u00e0 la renouveler pour diminuer les imperfections cutan\u00e9es et redonner \u00e0 la [&hellip;]<\/p>\n","protected":false},"author":1,"featured_media":0,"parent":10065,"menu_order":0,"comment_status":"closed","ping_status":"closed","template":"","meta":[],"_links":{"self":[{"href":"https:\/\/www.aesthetica-health.com\/fr\/wp-json\/wp\/v2\/pages\/10276"}],"collection":[{"href":"https:\/\/www.aesthetica-health.com\/fr\/wp-json\/wp\/v2\/pages"}],"about":[{"href":"https:\/\/www.aesthetica-health.com\/fr\/wp-json\/wp\/v2\/types\/page"}],"author":[{"embeddable":true,"href":"https:\/\/www.aesthetica-health.com\/fr\/wp-json\/wp\/v2\/users\/1"}],"replies":[{"embeddable":true,"href":"https:\/\/www.aesthetica-health.com\/fr\/wp-json\/wp\/v2\/comments?post=10276"}],"version-history":[{"count":13,"href":"https:\/\/www.aesthetica-health.com\/fr\/wp-json\/wp\/v2\/pages\/10276\/revisions"}],"predecessor-version":[{"id":11229,"href":"https:\/\/www.aesthetica-health.com\/fr\/wp-json\/wp\/v2\/pages\/10276\/revisions\/11229"}],"up":[{"embeddable":true,"href":"https:\/\/www.aesthetica-health.com\/fr\/wp-json\/wp\/v2\/pages\/10065"}],"wp:attachment":[{"href":"https:\/\/www.aesthetica-health.com\/fr\/wp-json\/wp\/v2\/media?parent=10276"}],"curies":[{"name":"wp","href":"https:\/\/api.w.org\/{rel}","templated":true}]}}