{"id":10279,"date":"2019-02-07T09:06:36","date_gmt":"2019-02-07T08:06:36","guid":{"rendered":"https:\/\/www.aesthetica-health.com\/?page_id=10279"},"modified":"2019-11-16T09:27:20","modified_gmt":"2019-11-16T08:27:20","slug":"comblement-visage-tunisie","status":"publish","type":"page","link":"https:\/\/www.aesthetica-health.com\/fr\/interventions-esthetique-tunisie\/medecine-esthetique-tunisie\/comblement-visage-tunisie\/","title":{"rendered":"comblement et m\u00e9decine anti-age Nabeul"},"content":{"rendered":"<p>[vc_row][vc_column][vc_column_text][\/vc_column_text][\/vc_column][\/vc_row][vc_row][vc_column][vc_column_text]<\/p>\n<h2><strong>Les produits de comblement des rides injectables<\/strong>\u00a0: c&#8217;est quoi ?<\/h2>\n<p>Les\u00a0<strong>produits de comblement des rides injectables<\/strong>\u00a0assurent une apparence plus jeune rapidement et pour un co\u00fbt inf\u00e9rieur ou \u00e9gal \u00e0 celui d\u2019un lifting traditionnel. La plupart de ces <strong>produits de comblement<\/strong> vont combler les rides et ridules en seulement une 1\/2 heure avec des r\u00e9sultats qui peuvent persister de 4 mois \u00e0 plus d&#8217;un an.<\/p>\n<p>Contrairement aux injections de <a href=\"https:\/\/www.aesthetica-health.com\/interventions-esthetique-tunisie\/medecine-esthetique-tunisie\/injection-botox-tunisie\/\"><strong>Botox<\/strong><\/a> qui d\u00e9tendent le muscle sous une ride, les <strong>produits de comblement<\/strong> des rides injectables remplissent les lignes de plis ou des zones plus \u00e9tendues.<\/p>\n<p>Les <strong>produits de comblement des rides<\/strong> peuvent \u00e9galement \u00eatre utilis\u00e9s pour donner du volume, repulper les joues et l\u00e8vres minces.<\/p>\n<p>Le<strong>\u00a0traitement est rapide et facile<\/strong>. Mais tous les produits de comblement des rides ont un inconv\u00e9nient : il peut y avoir un risque de r\u00e9action allergique ou une formation de minuscules bosses sous-cutan\u00e9es.[\/vc_column_text][\/vc_column][\/vc_row][vc_row][vc_column][\/vc_column][\/vc_row][vc_row][vc_column width=&#8221;1\/3&#8243;]<ul class=\"dt-sc-vertical-nav \"><li><a href=\"#one\">Gamme des produit<\/a><\/li><li><a href=\"#two\">Conseils<\/a><\/li><li><a href=\"#six\">Nos tarifs<\/a><\/li><\/ul>[\/vc_column][vc_column width=&#8221;2\/3&#8243;][vc_row_inner el_id=&#8221;one&#8221;][vc_column_inner][vc_column_text]<\/p>\n<h2>Gamme de produits de comblements des rides<\/h2>\n<p>[\/vc_column_text][vc_column_text]Il existe plusieurs types et formules de produits de comblement. Notre sp\u00e9cialiste va vous aider \u00e0 faire le choix du produit adapt\u00e9 \u00e0 votre cas.<\/p>\n<h3 class=\"nocaps\">L\u2019Acide Hyaluronique<\/h3>\n<p>Dans la cat\u00e9gorie des produits phare utilis\u00e9s dans le comblement des rides, il y a l\u2019<a href=\"https:\/\/www.aesthetica-health.com\/interventions-esthetique-tunisie\/medecine-esthetique-tunisie\/acide-hyaluronique-tunisie\/\">acide Hyaluronique<\/a>.<\/p>\n<p>Le r\u00e9sultat de l\u2019injection de l\u2019<strong>acide de Hyaluronique<\/strong>\u00a0est stable et peut durer de quelques mois \u00e0 plus d&#8217;un an ou deux. Certaines recherches montrent que des injections r\u00e9p\u00e9t\u00e9es de l\u2019acide Hyaluronique peuvent aider \u00e0 stimuler la production naturelle du collag\u00e8ne par l&#8217;organisme. Cela aidera \u00e0 r\u00e9duire le nombre de rides et ridules et limitera le nombre d\u2019injection.<\/p>\n<h3 class=\"nocaps\">Produits de comblement synth\u00e9tiques<\/h3>\n<p>Les produits de comblement synth\u00e9tiques des rides sont des m\u00e9langes de substances d\u00e9velopp\u00e9es en laboratoire qui sont \u00e9trang\u00e8res aux corps et \u00e0 la peau on peut citer :\u00a0<em>silicone<\/em>,\u00a0<em>Bio-Alcamid<\/em>,\u00a0<em>Microsph\u00e8res de polym\u00e8res<\/em>,\u00a0<em>Acide-L-polylactique<\/em>\u2026<\/p>\n<p>Les avantages comprennent un effet plus durable. Et au moins une charge de remplissage offre permanente de lignes et les plis. Il faut signaler que les produits avec des effets plus durables sont plus susceptibles de causer des effets secondaires.<\/p>\n<h3 class=\"nocaps\">Injection de Collag\u00e8ne<\/h3>\n<p>Les scientifiques ont fait les premiers produits de comblement des rides \u00e0 partir d&#8217;une forme purifi\u00e9e du\u00a0<strong>collag\u00e8ne extrait principalement de bovins<\/strong>. Bien que cela a bien fonctionn\u00e9 et a offert un remplissage d&#8217;aspect naturel, les r\u00e9sultats ne durent pas longtemps. Parce que ces produits de comblement des rides sont de source animale, ils provoquent des r\u00e9actions allergiques importantes.<\/p>\n<p>De nouvelles formules de collag\u00e8nes synth\u00e9tiques font de ces injections de comblement des interventions plus s\u00fbres et plus tol\u00e9r\u00e9es par un grand nombre de personnes. Les effets secondaires des injections de collag\u00e8ne comprennent certains risques de r\u00e9action allergique, ainsi que des ecchymoses et une rougeur au niveau de la zone de l&#8217;injection.<\/p>\n<h3 class=\"nocaps\">La graisse autologue<\/h3>\n<p>La graisse est la substance la plus couramment utilis\u00e9e dans le\u00a0<strong>comblement des ride<\/strong>s. On utilise la propre graisse du patient qu&#8217;on est r\u00e9cup\u00e8re par\u00a0<a href=\"https:\/\/www.aesthetica-health.com\/interventions-esthetique-tunisie\/chirurgie-silhouette-tunisie\/liposuccion-tunisie\/\">liposuccion<\/a>\u00a0sur les cuisses, fesses, ou ventre, qu&#8217;on traite, et r\u00e9injecte dans les zones \u00e0 combler. Les r\u00e9sultats peuvent \u00eatre permanents et sans risque de rejet ou de r\u00e9action allergique.<\/p>\n<h3 class=\"nocaps\">PRP<\/h3>\n<p>L\u2019injection de\u00a0<a href=\"https:\/\/www.aesthetica-health.com\/interventions-esthetique-tunisie\/medecine-esthetique-tunisie\/prp-tunisie-visage-cheveux\/\"><strong>plasma riche en plaquettes<\/strong><\/a><strong>\u00a0(PRP)\u00a0<\/strong>permet \u00e0 la fois de combler les rides et donner du volume aux zones trait\u00e9es. Le sang est pr\u00e9lev\u00e9 du bras, trait\u00e9, puis inject\u00e9e dans le visage. Les effets peuvent durer de 12 \u00e0 18 mois.<\/p>\n<p>Les risques sont similaires \u00e0 ceux provoqu\u00e9s par d&#8217;autres produits de comblement des rides, y compris des ecchymoses, des rougeurs et une enflure.[\/vc_column_text][\/vc_column_inner][\/vc_row_inner][vc_row_inner el_id=&#8221;two&#8221;][vc_column_inner][vc_column_text]<\/p>\n<div class=\"wpb_text_column wpb_content_element inherit\">\n<div class=\"wpb_wrapper\">\n<h2 class=\"nocaps\">Conseils relatifs aux produits comblement des rides<\/h2>\n<p>Tout\u00a0<strong>traitement de comblement des rides<\/strong>\u00a0doit \u00eatre effectu\u00e9 dans un cadre m\u00e9dical avec des instruments st\u00e9riles.<\/p>\n<p>Le m\u00e9decin sp\u00e9cialis\u00e9 est le seul habilit\u00e9 \u00e0 vous orienter vers le produit de comblement de rides adapt\u00e9 \u00e0 votre \u00e9tat.<\/p>\n<p>Utilisez un \u00e9cran solaire tous les jours pour aider votre peau \u00e0 pr\u00e9server le comblement et la prot\u00e9ger contre les changements pigmentaires post-inflammatoires dues aux piq\u00fbres des aiguilles des injections.<\/p>\n<\/div>\n<\/div>\n<p>[\/vc_column_text][\/vc_column_inner][\/vc_row_inner][vc_row_inner el_id=&#8221;six&#8221;][vc_column_inner][vc_column_text]<\/p>\n<h2>Prix comblement \u00e0 Nabeul<\/h2>\n<p>Les tarifs\u00a0comblement affich\u00e9s ne comprennent que les frais de l\u2019intervention et non les frais du s\u00e9jour.<\/p>\n<p>Pour une tarification exacte merci de nous faire parvenir votre<a href=\"https:\/\/www.aesthetica-health.com\/chirurgie-esthetique-en-tunisie-demande-de-devis-gratuit\/\"> demande de devis<\/a>.[\/vc_column_text][\/vc_column_inner][\/vc_row_inner][\/vc_column][\/vc_row][vc_row][vc_column][vc_column_text][\/vc_column_text][\/vc_column][\/vc_row] <\/p>","protected":false},"excerpt":{"rendered":"<p>[vc_row][vc_column][vc_column_text][\/vc_column_text][\/vc_column][\/vc_row][vc_row][vc_column][vc_column_text] Les produits de comblement des rides injectables\u00a0: c&#8217;est quoi ? Les\u00a0produits de comblement des rides injectables\u00a0assurent une apparence plus jeune rapidement et pour un co\u00fbt inf\u00e9rieur ou \u00e9gal \u00e0 celui d\u2019un lifting traditionnel. La plupart de ces produits de comblement vont combler les rides et ridules en seulement une 1\/2 heure avec des r\u00e9sultats [&hellip;]<\/p>\n","protected":false},"author":1,"featured_media":0,"parent":10065,"menu_order":0,"comment_status":"closed","ping_status":"closed","template":"","meta":[],"_links":{"self":[{"href":"https:\/\/www.aesthetica-health.com\/fr\/wp-json\/wp\/v2\/pages\/10279"}],"collection":[{"href":"https:\/\/www.aesthetica-health.com\/fr\/wp-json\/wp\/v2\/pages"}],"about":[{"href":"https:\/\/www.aesthetica-health.com\/fr\/wp-json\/wp\/v2\/types\/page"}],"author":[{"embeddable":true,"href":"https:\/\/www.aesthetica-health.com\/fr\/wp-json\/wp\/v2\/users\/1"}],"replies":[{"embeddable":true,"href":"https:\/\/www.aesthetica-health.com\/fr\/wp-json\/wp\/v2\/comments?post=10279"}],"version-history":[{"count":9,"href":"https:\/\/www.aesthetica-health.com\/fr\/wp-json\/wp\/v2\/pages\/10279\/revisions"}],"predecessor-version":[{"id":11247,"href":"https:\/\/www.aesthetica-health.com\/fr\/wp-json\/wp\/v2\/pages\/10279\/revisions\/11247"}],"up":[{"embeddable":true,"href":"https:\/\/www.aesthetica-health.com\/fr\/wp-json\/wp\/v2\/pages\/10065"}],"wp:attachment":[{"href":"https:\/\/www.aesthetica-health.com\/fr\/wp-json\/wp\/v2\/media?parent=10279"}],"curies":[{"name":"wp","href":"https:\/\/api.w.org\/{rel}","templated":true}]}}