{"id":10281,"date":"2019-02-07T09:15:36","date_gmt":"2019-02-07T08:15:36","guid":{"rendered":"https:\/\/www.aesthetica-health.com\/?page_id=10281"},"modified":"2019-11-16T09:25:47","modified_gmt":"2019-11-16T08:25:47","slug":"traitement-laser-tunisie","status":"publish","type":"page","link":"https:\/\/www.aesthetica-health.com\/fr\/interventions-esthetique-tunisie\/medecine-esthetique-tunisie\/traitement-laser-tunisie\/","title":{"rendered":"Traitement laser Nabeul Hammamet :  prix et r\u00e9sultat Laser esth\u00e9tique"},"content":{"rendered":"<p>[vc_row][vc_column][vc_column_text][\/vc_column_text][\/vc_column][\/vc_row][vc_row][vc_column][vc_column_text]<\/p>\n<h2>Votre Traitement laser Nabeul<\/h2>\n<p>Il existe divers types de <strong>Traitement laser Nabeul <\/strong>m\u00e9dicaux et chaque laser traite une anomalie en particulier et le choix d\u00e9pend des besoins du patient (diminution de traces, de taches, de cicatrices, ou bien faire une \u00e9pilation d\u00e9finitive, &#8230;).[\/vc_column_text][\/vc_column][\/vc_row][vc_row][vc_column][\/vc_column][\/vc_row][vc_row][vc_column width=&#8221;1\/3&#8243;]<ul class=\"dt-sc-vertical-nav \"><li><a href=\"#one\">Laser CO2 Tunisie<\/a><\/li><li><a href=\"#two\">Laser \u00e9pilatoire<\/a><\/li><li><a href=\"#three\">Laser pigmentaire<\/a><\/li><li><a href=\"#four\">Laser vasculaire<\/a><\/li><li><a href=\"#five\">Liposuccion laser<\/a><\/li><li><a href=\"#six\">Nos tarif<\/a><\/li><\/ul>[\/vc_column][vc_column width=&#8221;2\/3&#8243;][vc_row_inner el_id=&#8221;one&#8221;][vc_column_inner][vc_column_text][\/vc_column_text][vc_column_text]<\/p>\n<h2>Laser CO2 Nabeul<\/h2>\n<p><strong>Le laser CO2 dermatologique \u00e0 Nabeul<\/strong>\u00a0est tr\u00e8s sollicit\u00e9 et il a un effet de dermabrasion qui permet d&#8217;avoir un coup d\u2019\u00e9clat \u00e0 la zone trait\u00e9e ; Ce laser traite surtout\u00a0:<\/p>\n<ul>\n<li>Les ridules et les pores dilat\u00e9s<\/li>\n<li>Les vergetures<\/li>\n<li>Les cicatrices d\u2019acn\u00e9<\/li>\n<li>Les cicatrices de br\u00fblures<\/li>\n<li>Les cernes<\/li>\n<li>Les verrues<\/li>\n<\/ul>\n<p>[\/vc_column_text][\/vc_column_inner][\/vc_row_inner][vc_row_inner el_id=&#8221;two&#8221;][vc_column_inner][vc_column_text]<\/p>\n<div class=\"wpb_text_column wpb_content_element inherit\">\n<div class=\"wpb_wrapper\">\n<h2>Laser \u00e9pilatoire Nabeul<\/h2>\n<p><strong>Le laser \u00e9pilatoire \u00e0 Nabeul <\/strong>est utilis\u00e9 pour l\u2019\u00e9pilation des diff\u00e9rentes r\u00e9gions du corps qui va de la moustache au corps complet tel que le poil du visage et des aisselles. Pour obtenir une \u00e9pilation d\u00e9finitive il sera n\u00e9cessaire d&#8217;effectuer d&#8217;ailleurs le sp\u00e9cialiste va d\u00e9cider en fonction de la couleur de la peau et du poil.<\/p>\n<\/div>\n<\/div>\n<p>[\/vc_column_text][\/vc_column_inner][\/vc_row_inner][vc_row_inner el_id=&#8221;three&#8221;][vc_column_inner][vc_column_text]<\/p>\n<h2>Laser pigmentaire Nabeul<\/h2>\n<p><strong>Le laser pigmentaire \u00e0 Nabeul<\/strong>\u00a0vise essentiellement \u00e0 traiter les besoins suivants\u00a0:<\/p>\n<ul>\n<li>Taches brunes (hyperpigmentation)<\/li>\n<li>Taches de soleil (lentigos solaires)<\/li>\n<li>D\u00e9tatouage<\/li>\n<\/ul>\n<p>Une s\u00e9ance est recommand\u00e9e toutes les 4 semaines. Le nombre de s\u00e9ances sera d\u00e9cid\u00e9 par le m\u00e9decin qui \u00e9valuera le nombre de s\u00e9ances n\u00e9cessaires pour atteindre le r\u00e9sultat d\u00e9sir\u00e9.[\/vc_column_text][\/vc_column_inner][\/vc_row_inner][vc_row_inner el_id=&#8221;four&#8221;][vc_column_inner][vc_column_text]<\/p>\n<h2>Laser vasculaire Nabeul<\/h2>\n<p>Le\u00a0<strong>traitement laser vasculaire \u00e0 Nabeul <\/strong>permet de rem\u00e9dier aux affections inesth\u00e9tiques suivantes\u00a0:<\/p>\n<ul>\n<li>Couperose et Rosac\u00e9e<\/li>\n<li>\u00c9rythrose<\/li>\n<li>Angiomes<\/li>\n<li>Varicosit\u00e9s (petites varices)<\/li>\n<\/ul>\n<p>[\/vc_column_text][\/vc_column_inner][\/vc_row_inner][vc_row_inner el_id=&#8221;five&#8221;][vc_column_inner][vc_column_text]<\/p>\n<header class=\"post-header\">\n<h2>Liposuccion laser Nabeul<\/h2>\n<p>La\u00a0<strong>liposuccion laser \u00e0 Nabeul <\/strong>appel\u00e9e aussi\u00a0<strong>lipolyse laser<\/strong>\u00a0utilise la technologie Smartlipo pour retendre les zones du corps o\u00f9 des amas graisseux auraient pu s\u2019accumuler. Le m\u00e9decin esth\u00e9tique fait p\u00e9n\u00e9trer sous la peau graisseuse une sonde laser qui casse la graisse et r\u00e9chauffe la peau \u00e0 l\u2019int\u00e9rieur. La graisse est aspir\u00e9e et la peau r\u00e9chauff\u00e9e n\u2019est plus rel\u00e2ch\u00e9e. Ce traitement laser peut \u00eatre associ\u00e9 \u00e0 une\u00a0<strong><a href=\"https:\/\/www.aesthetica-health.com\/interventions-esthetique-tunisie\/\">chirurgie esth\u00e9tique<\/a>\u00a0<\/strong>de\u00a0<a href=\"https:\/\/www.aesthetica-health.com\/interventions-esthetique-tunisie\/chirurgie-silhouette-tunisie\/liposuccion-tunisie\/\"><strong>lipoaspiration<\/strong><\/a>. Le traitement s\u2019int\u00e9resse surtout au\u00a0:<\/p>\n<ul>\n<li>Double menton<\/li>\n<li>Peau rel\u00e2ch\u00e9e des bras<\/li>\n<li>Poignets d\u2019amour<\/li>\n<li>Peau d\u2019orange<\/li>\n<li>Cellulite<\/li>\n<\/ul>\n<\/header>\n<p>[\/vc_column_text][\/vc_column_inner][\/vc_row_inner][vc_row_inner el_id=&#8221;six&#8221;][vc_column_inner][vc_column_text]<\/p>\n<h2>Prix Traitement Laser Nabeul Hammamet<\/h2>\n<p>Le tarif<strong>\u00a0<\/strong>d\u2019un<strong> traitement laser \u00e0 Nabeul<\/strong>\u00a0varie en fonction du cas du patient et co\u00fbte moins cher que partout ailleurs.<\/p>\n<p>Pour une tarification exacte merci de nous faire parvenir votre <a href=\"https:\/\/www.aesthetica-health.com\/chirurgie-esthetique-en-tunisie-demande-de-devis-gratuit\/\">demande de devis<\/a>.[\/vc_column_text][\/vc_column_inner][\/vc_row_inner][\/vc_column][\/vc_row][vc_row][vc_column][vc_column_text][\/vc_column_text][\/vc_column][\/vc_row] <\/p>","protected":false},"excerpt":{"rendered":"<p>[vc_row][vc_column][vc_column_text][\/vc_column_text][\/vc_column][\/vc_row][vc_row][vc_column][vc_column_text] Votre Traitement laser Nabeul Il existe divers types de Traitement laser Nabeul m\u00e9dicaux et chaque laser traite une anomalie en particulier et le choix d\u00e9pend des besoins du patient (diminution de traces, de taches, de cicatrices, ou bien faire une \u00e9pilation d\u00e9finitive, &#8230;).[\/vc_column_text][\/vc_column][\/vc_row][vc_row][vc_column][\/vc_column][\/vc_row][vc_row][vc_column width=&#8221;1\/3&#8243;][\/vc_column][vc_column width=&#8221;2\/3&#8243;][vc_row_inner el_id=&#8221;one&#8221;][vc_column_inner][vc_column_text][\/vc_column_text][vc_column_text] Laser CO2 Nabeul Le laser CO2 dermatologique \u00e0 [&hellip;]<\/p>\n","protected":false},"author":1,"featured_media":0,"parent":10065,"menu_order":0,"comment_status":"closed","ping_status":"closed","template":"","meta":[],"_links":{"self":[{"href":"https:\/\/www.aesthetica-health.com\/fr\/wp-json\/wp\/v2\/pages\/10281"}],"collection":[{"href":"https:\/\/www.aesthetica-health.com\/fr\/wp-json\/wp\/v2\/pages"}],"about":[{"href":"https:\/\/www.aesthetica-health.com\/fr\/wp-json\/wp\/v2\/types\/page"}],"author":[{"embeddable":true,"href":"https:\/\/www.aesthetica-health.com\/fr\/wp-json\/wp\/v2\/users\/1"}],"replies":[{"embeddable":true,"href":"https:\/\/www.aesthetica-health.com\/fr\/wp-json\/wp\/v2\/comments?post=10281"}],"version-history":[{"count":13,"href":"https:\/\/www.aesthetica-health.com\/fr\/wp-json\/wp\/v2\/pages\/10281\/revisions"}],"predecessor-version":[{"id":11236,"href":"https:\/\/www.aesthetica-health.com\/fr\/wp-json\/wp\/v2\/pages\/10281\/revisions\/11236"}],"up":[{"embeddable":true,"href":"https:\/\/www.aesthetica-health.com\/fr\/wp-json\/wp\/v2\/pages\/10065"}],"wp:attachment":[{"href":"https:\/\/www.aesthetica-health.com\/fr\/wp-json\/wp\/v2\/media?parent=10281"}],"curies":[{"name":"wp","href":"https:\/\/api.w.org\/{rel}","templated":true}]}}