{"id":10283,"date":"2019-02-07T09:24:44","date_gmt":"2019-02-07T08:24:44","guid":{"rendered":"https:\/\/www.aesthetica-health.com\/?page_id=10283"},"modified":"2019-11-16T09:25:55","modified_gmt":"2019-11-16T08:25:55","slug":"rhinoplastie-medicale-tunisie","status":"publish","type":"page","link":"https:\/\/www.aesthetica-health.com\/fr\/interventions-esthetique-tunisie\/medecine-esthetique-tunisie\/rhinoplastie-medicale-tunisie\/","title":{"rendered":"Rhinoplastie m\u00e9dicale Nabeul ou rhino modulation, Rhinoplastie sans chirurgie"},"content":{"rendered":"<p>[vc_row][vc_column][vc_column_text][\/vc_column_text][\/vc_column][\/vc_row][vc_row][vc_column][vc_column_text]<\/p>\n<h2>La rhinoplastie m\u00e9dicale ou rhinoplastie non chirurgicale Nabeul : c&#8217;est quoi ?<\/h2>\n<p>La <strong>Rhinoplastie m\u00e9dicale Nabeul <\/strong>ou\u00a0<strong>rhinoplastie non chirurgicale<\/strong>\u00a0aide \u00e0 corriger les d\u00e9formations mineures (bosses saillantes, probl\u00e8mes de sym\u00e9trie et nez-selle) et peut \u00eatre aussi utile en tant qu\u2019intervention compl\u00e9mentaire \u00e0 rhinoplastie classique (chirurgicale).<\/p>\n<p>La\u00a0<strong>rhinoplastie m\u00e9dicale<\/strong>\u00a0est une proc\u00e9dure r\u00e9alisable en cabinet et ne dure que 15 minutes. Elle est g\u00e9n\u00e9ralement indolore et sans risques. Pas besoin de recourir \u00e0 une anesth\u00e9sie.<\/p>\n<p>La\u00a0<strong>rhinoplastie m\u00e9dicale<\/strong>\u00a0peut \u00eatre utilis\u00e9e chez les patients qui souhaitent de faire\u00a0une\u00a0<a href=\"https:\/\/www.aesthetica-health.com\/interventions-esthetique-tunisie\/chirurgie-du-visage-tunisie\/rhinoplastie-tunisie\/\">chirurgie esth\u00e9tique du nez esth\u00e9tique ou classique<\/a>\u00a0mais avant de s&#8217;engager dans une op\u00e9ration chirurgicale souhaitent voir comment va para\u00eetre leur nouveau nez.[\/vc_column_text][\/vc_column][\/vc_row][vc_row][vc_column][\/vc_column][\/vc_row][vc_row][vc_column width=&#8221;1\/3&#8243;]<ul class=\"dt-sc-vertical-nav \"><li><a href=\"#four\">\u00c0 qui s\u2019adresse cette op\u00e9ration<\/a><\/li><li><a href=\"#one\">La technique de rhinoplastie<\/a><\/li><li><a href=\"#two\">D\u00e9roulement de rhinoplastie<\/a><\/li><li><a href=\"#five\">Le r\u00e9sultat de rhinoplastie<\/a><\/li><li><a href=\"#six\">Nos tarifs<\/a><\/li><\/ul>[\/vc_column][vc_column width=&#8221;2\/3&#8243;][vc_row_inner el_id=&#8221;four&#8221;][vc_column_inner][vc_column_text]<\/p>\n<h2 class=\" nocaps\">Une rhinoplastie m\u00e9dicale : pour qui ?<\/h2>\n<p>Cette technique de <strong>rhinoplastie m\u00e9dicale\u00a0<\/strong>peut traiter diff\u00e9rentes parties du nez et le patient id\u00e9al est celui qui a des attentes r\u00e9alistes sur une<strong> rhinoplastie m\u00e9dicale<\/strong> non chirurgicale.<\/p>\n<p>Les patients qui peuvent recourir \u00e0 la <strong>rhinoplastie m\u00e9dicale <\/strong>ceux qui ont : un nez typique avec une bosse, une faible racine, une projection de pointe d\u00e9ficiente,\u00a0une sym\u00e9trie am\u00e9lior\u00e9e, un profil redress\u00e9 et une pointe lev\u00e9e, &#8230;[\/vc_column_text][\/vc_column_inner][\/vc_row_inner][vc_row_inner el_id=&#8221;one&#8221;][vc_column_inner][vc_column_text]<\/p>\n<h2>La technique de rhinoplastie m\u00e9dicale en Nabeul ?<\/h2>\n<p>[\/vc_column_text][vc_column_text]Il existe de nombreuses techniques de\u00a0<strong>rhinoplastie m\u00e9dicale<\/strong>\u00a0(telle que la\u00a0<strong>rhino modulation<\/strong>)\u00a0qui permettent d\u2019avoir un nez bien dessin\u00e9 et proportionnel. Cependant, il faut toujours tenir compte des limites et des contre-indications de ces techniques, ainsi que des risques potentiels.<\/p>\n<p>Apr\u00e8s une premi\u00e8re consultation, le patient est pr\u00e9par\u00e9 dans la salle de soins. Les trois points anatomiques et les zones d&#8217;injection sont marqu\u00e9s. Le sp\u00e9cialiste peut diminuer la sensation de l&#8217;aiguille lors des injections gr\u00e2ce \u00e0 une cr\u00e8me anesth\u00e9siante ; cependant, \u00e0 la fin de l&#8217;intervention il peut y avoir\u00a0une l\u00e9g\u00e8re enflure, une irritation et du saignement sur le site de l\u2019intervention.<\/p>\n<p>Le nombre de piq\u00fbres en\u00a0<strong>rhinoplastie m\u00e9dicale<\/strong> est id\u00e9alement 3, d&#8217;ailleurs le m\u00e9decin proc\u00e8de de mani\u00e8re bien cibl\u00e9e afin d&#8217;\u00e9viter le maximum les injections en plus qui peuvent augmenter la douleur, les enflures et les cicatrices. C&#8217;est pourquoi il sera utilis\u00e9 une aiguille fine permettant une injection directe et \u00e0 des points discrets.<\/p>\n<p>Le m\u00e9decin esth\u00e9tique utilise un produit de comblement inerte comme l\u2019acide hyaluronique AH, qui d\u00e9clenche une r\u00e9action minimale des tissus et pr\u00e9sente un faible risque d\u2019enflure au niveau du site d\u2019injection sur le nez.[\/vc_column_text][\/vc_column_inner][\/vc_row_inner][vc_row_inner el_id=&#8221;two&#8221;][vc_column_inner][vc_column_text]<\/p>\n<div class=\"wpb_text_column wpb_content_element inherit\">\n<div class=\"wpb_wrapper\">\n<h2 class=\"nocaps\">Comment se d\u00e9roule une rhinoplastie m\u00e9dicale ?<\/h2>\n<p>Apr\u00e8s analyse des trois principaux ongles du nez qui servent par la suite de site d\u2019injection du\u00a0<a href=\"https:\/\/www.aesthetica-health.com\/interventions-esthetique-tunisie\/medecine-esthetique-tunisie\/comblement-visage-tunisie\/\">produit de comblement<\/a>, le m\u00e9decin d\u00e9cidera s\u2019il faut faire des injections sur les 3 angles du nez en m\u00eame temps ou bien sur l&#8217;un ou les deux angles suffisent pour corriger le nez.<\/p>\n<h3 class=\"nocaps\"><img decoding=\"async\" loading=\"lazy\" class=\"size-medium wp-image-10447 aligncenter\" src=\"https:\/\/www.aesthetica-health.com\/wp-content\/uploads\/2019\/02\/rhinoplastie-sans-chirurgie-processus-300x238.jpg\" alt=\"\" width=\"300\" height=\"238\" srcset=\"https:\/\/www.aesthetica-health.com\/wp-content\/uploads\/2019\/02\/rhinoplastie-sans-chirurgie-processus-300x238.jpg 300w, https:\/\/www.aesthetica-health.com\/wp-content\/uploads\/2019\/02\/rhinoplastie-sans-chirurgie-processus-150x120.jpg 150w, https:\/\/www.aesthetica-health.com\/wp-content\/uploads\/2019\/02\/rhinoplastie-sans-chirurgie-processus.jpg 495w\" sizes=\"(max-width: 300px) 100vw, 300px\" \/><\/h3>\n<h3 class=\"nocaps\">Angle 1 : Angle naso-labial entre la columelle et la l\u00e8vre sup\u00e9rieure<\/h3>\n<p>Une quantit\u00e9 d\u2019acide hyaluronique est inject\u00e9e \u00e0 la racine et au dorsum osseux du nez puis mass\u00e9e. Le but de l\u2019injection dans ce point est de remonter la pointe du nez. On obtient ainsi un nez proportionnel plus \u00e9lev\u00e9 et on r\u00e9duit en m\u00eame temps l&#8217;apparence du nez tombant et crochu.<\/p>\n<p>Une solution \u00e0 base\u00a0<a href=\"https:\/\/www.aesthetica-health.com\/interventions-esthetique-tunisie\/medecine-esthetique-tunisie\/injection-botox-tunisie\/\">Toxine Botulique<\/a>\u00a0ou Botox, peut \u00eatre inject\u00e9e pour rehausser le nez le raffermir.<\/p>\n<h3 class=\"nocaps\">Angle 2 : entre le dorsum nasal et le lobule<\/h3>\n<p>L\u2019injection de produit de comblement dans cet angle permet de r\u00e9duire la pro\u00e9minence de la bosse du nez et lisser les irr\u00e9gularit\u00e9s de contour du dorsum nasal, menant doucement dans le tiers inf\u00e9rieur du nez.<\/p>\n<h3 class=\"nocaps\">Angle 3 : Entre la r\u00e9gion inter sourcili\u00e8re et le dorsum nasal<\/h3>\n<p>Les injections de produits de comblement comme AH dans cette zone du nez, permet d\u2019augmenter l\u00e9g\u00e8rement la pointe et obtenir un profil parfaitement droit et esth\u00e9tiquement proportionnel, en particulier chez les femmes.<\/p>\n<\/div>\n<\/div>\n<p>[\/vc_column_text][\/vc_column_inner][\/vc_row_inner][vc_row_inner el_id=&#8221;five&#8221;][vc_column_inner][vc_column_text]<\/p>\n<header class=\"post-header\">\n<h2 class=\"nocaps\">Le r\u00e9sultat de rhinoplastie m\u00e9dicale<\/h2>\n<p>Les r\u00e9sultats de la rhinoplastie m\u00e9dicale sont extr\u00eamement fiables si les patients r\u00e9pondent aux sp\u00e9cificit\u00e9s de cette intervention de m\u00e9decine esth\u00e9tique et si le dosage des injections de produit de comblement sont bien respect\u00e9es et le produit lui-m\u00eame et de haute qualit\u00e9.<\/p>\n<p>La long\u00e9vit\u00e9 du r\u00e9sultat d\u00e9pend du type de produit inject\u00e9 (AH ou hydroxyapatite de calcium) utilis\u00e9 et d&#8217;autres facteurs li\u00e9s au patient lui m\u00eame. G\u00e9n\u00e9ralement le r\u00e9sultat d\u2019une rhinoplastie m\u00e9dicale avec injection d\u2019acide hyaluronique peut durer de six \u00e0 douze mois. Une injection de produit de comblement chaque 6 mois permet de maintenir le r\u00e9sultat. Possibilit\u00e9 de retouche apr\u00e8s 15 jours.<\/p>\n<\/header>\n<p>[\/vc_column_text][\/vc_column_inner][\/vc_row_inner][vc_row_inner el_id=&#8221;six&#8221;][vc_column_inner][vc_column_text]<\/p>\n<h2>Prix rhinoplastie m\u00e9dicale \u00e0 Nabeul<\/h2>\n<p>On vous propose un prix tr\u00e8s abordable pour une rhinoplastie m\u00e9dicale \u00e0 Nabeul qui est calcul\u00e9 en fonction du nombre des flacons d&#8217;Acide Hyaluronique n\u00e9cessaires \u00e0 votre rhinoplastie.<\/p>\n<p>Pour une tarification exacte merci de nous faire parvenir votre demande de devis.[\/vc_column_text][\/vc_column_inner][\/vc_row_inner][\/vc_column][\/vc_row][vc_row][vc_column][vc_column_text][\/vc_column_text][\/vc_column][\/vc_row] <\/p>","protected":false},"excerpt":{"rendered":"<p>[vc_row][vc_column][vc_column_text][\/vc_column_text][\/vc_column][\/vc_row][vc_row][vc_column][vc_column_text] La rhinoplastie m\u00e9dicale ou rhinoplastie non chirurgicale Nabeul : c&#8217;est quoi ? La Rhinoplastie m\u00e9dicale Nabeul ou\u00a0rhinoplastie non chirurgicale\u00a0aide \u00e0 corriger les d\u00e9formations mineures (bosses saillantes, probl\u00e8mes de sym\u00e9trie et nez-selle) et peut \u00eatre aussi utile en tant qu\u2019intervention compl\u00e9mentaire \u00e0 rhinoplastie classique (chirurgicale). La\u00a0rhinoplastie m\u00e9dicale\u00a0est une proc\u00e9dure r\u00e9alisable en cabinet et ne dure [&hellip;]<\/p>\n","protected":false},"author":1,"featured_media":0,"parent":10065,"menu_order":0,"comment_status":"closed","ping_status":"closed","template":"","meta":[],"_links":{"self":[{"href":"https:\/\/www.aesthetica-health.com\/fr\/wp-json\/wp\/v2\/pages\/10283"}],"collection":[{"href":"https:\/\/www.aesthetica-health.com\/fr\/wp-json\/wp\/v2\/pages"}],"about":[{"href":"https:\/\/www.aesthetica-health.com\/fr\/wp-json\/wp\/v2\/types\/page"}],"author":[{"embeddable":true,"href":"https:\/\/www.aesthetica-health.com\/fr\/wp-json\/wp\/v2\/users\/1"}],"replies":[{"embeddable":true,"href":"https:\/\/www.aesthetica-health.com\/fr\/wp-json\/wp\/v2\/comments?post=10283"}],"version-history":[{"count":12,"href":"https:\/\/www.aesthetica-health.com\/fr\/wp-json\/wp\/v2\/pages\/10283\/revisions"}],"predecessor-version":[{"id":11250,"href":"https:\/\/www.aesthetica-health.com\/fr\/wp-json\/wp\/v2\/pages\/10283\/revisions\/11250"}],"up":[{"embeddable":true,"href":"https:\/\/www.aesthetica-health.com\/fr\/wp-json\/wp\/v2\/pages\/10065"}],"wp:attachment":[{"href":"https:\/\/www.aesthetica-health.com\/fr\/wp-json\/wp\/v2\/media?parent=10283"}],"curies":[{"name":"wp","href":"https:\/\/api.w.org\/{rel}","templated":true}]}}