{"id":11270,"date":"2019-06-24T23:51:07","date_gmt":"2019-06-24T21:51:07","guid":{"rendered":"https:\/\/www.aesthetica-health.com\/?page_id=11270"},"modified":"2019-06-24T23:52:21","modified_gmt":"2019-06-24T21:52:21","slug":"test","status":"publish","type":"page","link":"https:\/\/www.aesthetica-health.com\/fr\/test\/","title":{"rendered":"test"},"content":{"rendered":"<p>[vc_row][vc_column][vc_column_text]<\/p>\n<div class=\"title\">\n<div class=\"title\">\n<div class=\"title\">\n<h2>Chirurgie silhouette Tunisie<\/h2>\n<\/div>\n<div class=\"content-blog\">\n<div class=\"vc_row wpb_row vc_row-fluid\">\n<div class=\"wpb_column vc_column_container vc_col-sm-12\">\n<div class=\"vc_column-inner \">\n<div class=\"wpb_wrapper\">\n<div class=\"wpb_text_column wpb_content_element para_texte\">\n<div class=\"wpb_wrapper\">\n<p>Avoir un corps sublime et une silhouette de mannequin est possible avec la\u00a0<strong>chirurgie silhouette Tunisie<\/strong>\u00a0et avec les bons prix en Tunisie. Alors, pas besoin de passer des heures \u00e0 la gym ou faire des r\u00e9gimes intenses qui ne donnent pas forc\u00e9ment les r\u00e9sultats souhait\u00e9s.<\/p>\n<p>Aujourd\u2019hui avec la\u00a0<a title=\"Chirurgie esth\u00e9tique en Tunisie\" href=\"https:\/\/www.aesthetica-health.com\/interventions-esthetique-tunisie\/medecine-esthetique-tunisie\/\">chirurgie esth\u00e9tique en Tunisie<\/a>\u00a0b\u00e9n\u00e9ficier de l\u2019expertise de nos chirurgiens pour remodeler votre silhouette \u00e0 l\u2019aide de la liposculpture. Aussi pour assurer une meilleure distribution de la masse graisseuse sur la totalit\u00e9 du corps.<\/p>\n<p>Donnez plus de volume aux fesses ou aux mollets via le\u00a0<a title=\"Lipofilling\" href=\"..\/lipofilling-fesses\/index.html\">lipofilling<\/a>\u00a0en Tunisie. Dans ce but que Nos chirurgiens vous aident \u00e0 sculpter votre corps et combattre le rel\u00e2chement.Tous ce la par un simple\u00a0body lifting\u00a0au niveau des bras ou des cuisses en Tunisie.<\/p>\n<\/div>\n<\/div>\n<\/div>\n<\/div>\n<\/div>\n<\/div>\n<\/div>\n<\/div>\n<\/div>\n<p>[\/vc_column_text][\/vc_column][\/vc_row][vc_row][vc_column]<div class='dt-sc-icon-box type10 large'><div class=\"icon-wrapper\"><img width=\"148\" height=\"168\" src=\"https:\/\/www.aesthetica-health.com\/wp-content\/uploads\/2019\/02\/vide-1.png\" class=\"attachment-full\" alt=\"\" decoding=\"async\" loading=\"lazy\" \/><\/div><div class=\"icon-content\"><p><h2><a href=\"https:\/\/www.aesthetica-health.com\/interventions-esthetique-tunisie\/chirurgie-silhouette-tunisie\/liposuccion-tunisie\/\">Liposuccion Tunisie<\/a><\/h2>\n<p>La liposuccion, appel\u00e9 \u00e9galement liposculpture, est une intervention qui consiste \u00e0 \u00e9liminer l\u2019exc\u00e8s graisseux pour remodeler le corps et donner un aspect plus attirant \u00e0 la silhouette.\nCette intervention cible les zones difficiles telles que la culotte de cheval, les cuisses et le cou. Elle permet l\u2019\u00e9limination de la graisse et des cellules graisseuses cr\u00e9ant des r\u00e9sultats durables.<\/p><\/div><\/div>[\/vc_column][\/vc_row][vc_row][vc_column]<div class='dt-sc-icon-box type10 large'><div class=\"icon-wrapper\"><img width=\"148\" height=\"168\" src=\"https:\/\/www.aesthetica-health.com\/wp-content\/uploads\/2019\/02\/vide-1.png\" class=\"attachment-full\" alt=\"\" decoding=\"async\" loading=\"lazy\" \/><\/div><div class=\"icon-content\"><p><h2><a href=\"https:\/\/www.aesthetica-health.com\/interventions-esthetique-tunisie\/chirurgie-silhouette-tunisie\/abdominoplastie-tunisie\/\">Abdominoplastie en Tunisie<\/a><\/h2>\n<p>Garder un ventre plat devient de plus en plus dure avec l\u2019\u00e2ge. Le vieillissement et les grossesses rendent la zone abdominale non attirante. La chirurgie du ventre en Tunisie repr\u00e9sente une solution \u00e0 ceux qui ont tout essay\u00e9 pour garder une belle silhouette. L\u2019Abdominoplastie vous offre la possibilit\u00e9 de r\u00e9cup\u00e9rer la fermet\u00e9 au niveau du ventre et porter ce que vous voulez.<\/p><\/div><\/div>[\/vc_column][\/vc_row][vc_row][vc_column]<div class='dt-sc-icon-box type10 large'><div class=\"icon-wrapper\"><img width=\"148\" height=\"168\" src=\"https:\/\/www.aesthetica-health.com\/wp-content\/uploads\/2019\/02\/vide-1.png\" class=\"attachment-full\" alt=\"\" decoding=\"async\" loading=\"lazy\" \/><\/div><div class=\"icon-content\"><p><h2><a href=\"https:\/\/www.aesthetica-health.com\/interventions-esthetique-tunisie\/chirurgie-silhouette-tunisie\/augmentation-fesses-tunisie\/\">Augmentation des fesses en Tunisie<\/a><\/h2>\n<p>Am\u00e9liorer la silhouette et l\u2019apparence des rondeurs repr\u00e9sentent l\u2019objectif majeur des personnes sollicitant une augmentation des fesses en Tunisie. Cette intervention permet de donner une forme et un volume aux fesses tombantes et plates.<\/p><\/div><\/div>[\/vc_column][\/vc_row][vc_row][vc_column]<div class='dt-sc-icon-box type10 large'><div class=\"icon-wrapper\"><img width=\"148\" height=\"168\" src=\"https:\/\/www.aesthetica-health.com\/wp-content\/uploads\/2019\/02\/vide-1.png\" class=\"attachment-full\" alt=\"\" decoding=\"async\" loading=\"lazy\" \/><\/div><div class=\"icon-content\"><p><h2><a href=\"https:\/\/www.aesthetica-health.com\/interventions-esthetique-tunisie\/chirurgie-silhouette-tunisie\/lipofilling-fesses-tunisie\/\">Lipofilling des fesses en tunisie<\/a><\/h2>\n<p>L\u2019intervention du lipofilling repr\u00e9sente une technique naturelle d\u2019augmentation des fesses au lieu des implants, le volume ajout\u00e9 est extrait \u00e0 partir de la personne elle-m\u00eame. Le principe du lipofilling consiste \u00e0 pr\u00e9lever les cellules graisseuses des zones donneuses et puis injecter au niveau des fesses pour un effet naturel d\u2019augmentation du volume.<\/p><\/div><\/div>[\/vc_column][\/vc_row] <\/p>","protected":false},"excerpt":{"rendered":"<p>[vc_row][vc_column][vc_column_text] Chirurgie silhouette Tunisie Avoir un corps sublime et une silhouette de mannequin est possible avec la\u00a0chirurgie silhouette Tunisie\u00a0et avec les bons prix en Tunisie. Alors, pas besoin de passer des heures \u00e0 la gym ou faire des r\u00e9gimes intenses qui ne donnent pas forc\u00e9ment les r\u00e9sultats souhait\u00e9s. Aujourd\u2019hui avec la\u00a0chirurgie esth\u00e9tique en Tunisie\u00a0b\u00e9n\u00e9ficier de [&hellip;]<\/p>\n","protected":false},"author":1,"featured_media":0,"parent":0,"menu_order":0,"comment_status":"closed","ping_status":"closed","template":"","meta":[],"_links":{"self":[{"href":"https:\/\/www.aesthetica-health.com\/fr\/wp-json\/wp\/v2\/pages\/11270"}],"collection":[{"href":"https:\/\/www.aesthetica-health.com\/fr\/wp-json\/wp\/v2\/pages"}],"about":[{"href":"https:\/\/www.aesthetica-health.com\/fr\/wp-json\/wp\/v2\/types\/page"}],"author":[{"embeddable":true,"href":"https:\/\/www.aesthetica-health.com\/fr\/wp-json\/wp\/v2\/users\/1"}],"replies":[{"embeddable":true,"href":"https:\/\/www.aesthetica-health.com\/fr\/wp-json\/wp\/v2\/comments?post=11270"}],"version-history":[{"count":2,"href":"https:\/\/www.aesthetica-health.com\/fr\/wp-json\/wp\/v2\/pages\/11270\/revisions"}],"predecessor-version":[{"id":11272,"href":"https:\/\/www.aesthetica-health.com\/fr\/wp-json\/wp\/v2\/pages\/11270\/revisions\/11272"}],"wp:attachment":[{"href":"https:\/\/www.aesthetica-health.com\/fr\/wp-json\/wp\/v2\/media?parent=11270"}],"curies":[{"name":"wp","href":"https:\/\/api.w.org\/{rel}","templated":true}]}}