{"id":9777,"date":"2019-01-01T21:02:18","date_gmt":"2019-01-01T20:02:18","guid":{"rendered":"https:\/\/www.aesthetica-health.com\/?page_id=9777"},"modified":"2019-11-14T23:16:05","modified_gmt":"2019-11-14T22:16:05","slug":"interventions-esthetique-tunisie","status":"publish","type":"page","link":"https:\/\/www.aesthetica-health.com\/fr\/interventions-esthetique-tunisie\/","title":{"rendered":"La chirurgie esth\u00e9tique \u00e0 Nabeul"},"content":{"rendered":"<p>[vc_row][vc_column][\/vc_column][vc_custom_heading text=&#8221;Les interventions de la chirurgie esth\u00e9tique \u00e0 Nabeul&#8221; font_container=&#8221;tag:h2|text_align:center&#8221; use_theme_fonts=&#8221;yes&#8221;][vc_column_text]En effet,<strong> La chirurgie esth\u00e9tique \u00e0 Nabeul <\/strong>qu\u2019elle soit :\u00a0<strong>esth\u00e9tique<\/strong>,\u00a0<strong>r\u00e9paratrice<\/strong>\u00a0ou\u00a0<strong>reconstructrice\u00a0<\/strong>\u00a0englobe toutes les parties du corps tel que la silhouette, visage, ventre, \u2026 .<\/p>\n<p>De plus,<strong> La chirurgie esth\u00e9tique \u00e0 Nabeul Hammamet <\/strong>aide les patient \u00e0 redonner\u00a0 un aspect harmonieux et agr\u00e9able .<\/p>\n<p>Aussi, cette\u00a0<strong>chirurgie esth\u00e9tique<\/strong> aide \u00e0 \u00e9liminer toutes les imperfections et les disgr\u00e2ces. Par exemple exc\u00e8s de graisse, \u2026<\/p>\n<p>Non seulement<strong> La chirurgie esth\u00e9tique\u00a0<\/strong>permet\u00a0 d\u2019am\u00e9liorer son physique. Mais aussi permet\u00a0 d\u2019am\u00e9liorer son mentale et son psychique.<\/p>\n<p>N\u2019attendez plus pour avoir l\u2019aspect que vous d\u00e9sirez. Alors, optez pour <strong>la chirurgie esth\u00e9tique \u00e0 Nabeul efficace et \u00e0 moindre co\u00fbt<\/strong>.[\/vc_column_text][\/vc_row][vc_row css=&#8221;.vc_custom_1550072683308{margin-top: 20px !important;margin-bottom: 0px !important;}&#8221;][vc_column source=&#8221;&#8221; text=&#8221;la chirurgie esth\u00e9tique en Tunisie&#8221; font_container=&#8221;tag:h2|text_align:center&#8221; use_theme_fonts=&#8221;yes&#8221; google_fonts=&#8221;font_family:Abril%20Fatface%3Aregular|font_style:400%20regular%3A400%3Anormal&#8221;]<div class='dt-sc-icon-box type10 '><div class=\"icon-wrapper\"><img width=\"603\" height=\"657\" src=\"https:\/\/www.aesthetica-health.com\/wp-content\/uploads\/2019\/01\/greefe.png\" class=\"attachment-full\" alt=\"\" decoding=\"async\" loading=\"lazy\" srcset=\"https:\/\/www.aesthetica-health.com\/wp-content\/uploads\/2019\/01\/greefe.png 603w, https:\/\/www.aesthetica-health.com\/wp-content\/uploads\/2019\/01\/greefe-275x300.png 275w, https:\/\/www.aesthetica-health.com\/wp-content\/uploads\/2019\/01\/greefe-500x545.png 500w\" sizes=\"(max-width: 603px) 100vw, 603px\" \/><\/div><div class=\"icon-content\"><p><h3><a href=\"https:\/\/www.aesthetica-health.com\/interventions-esthetique-tunisie\/greffe-de-cheveux-tunisie\/\">la chirurgie esth\u00e9tique \u00e0 Nabeul : Greffe de cheveux<\/a><\/h3>\n<p>Techniques d\u2019<strong>implantation capillaire<\/strong>\u00a0sans cicatrices<\/p>\n<ul>\n<li><a href=\"https:\/\/www.aesthetica-health.com\/interventions-esthetique-tunisie\/greffe-de-cheveux-tunisie\/greffe-cheveux-fue-tunisie\/\">Greffe cheveux FUE<\/a><\/li>\n<li><a href=\"https:\/\/www.aesthetica-health.com\/interventions-esthetique-tunisie\/greffe-de-cheveux-tunisie\/greffe-cheveux-fut-tunisie\/\">Greffe cheveux FUT<\/a><\/li>\n<\/ul><\/p><\/div><\/div><div class='dt-sc-icon-box type10 '><div class=\"icon-wrapper\"><img width=\"800\" height=\"534\" src=\"https:\/\/www.aesthetica-health.com\/wp-content\/uploads\/2019\/02\/obesite.jpg\" class=\"attachment-full\" alt=\"chirurgie esth\u00e9tique tunisie obesite\" decoding=\"async\" loading=\"lazy\" srcset=\"https:\/\/www.aesthetica-health.com\/wp-content\/uploads\/2019\/02\/obesite.jpg 800w, https:\/\/www.aesthetica-health.com\/wp-content\/uploads\/2019\/02\/obesite-300x200.jpg 300w, https:\/\/www.aesthetica-health.com\/wp-content\/uploads\/2019\/02\/obesite-768x513.jpg 768w, https:\/\/www.aesthetica-health.com\/wp-content\/uploads\/2019\/02\/obesite-500x334.jpg 500w\" sizes=\"(max-width: 800px) 100vw, 800px\" \/><\/div><div class=\"icon-content\"><p><h3><a href=\"https:\/\/www.aesthetica-health.com\/interventions-esthetique-tunisie\/chirurgie-dobesite-tunisie\/\">Chirurgie d\u2019ob\u00e9sit\u00e9<\/a><\/h3>\n<p>Dans le but de perdre du poids d\u2019une fa\u00e7on durable.<\/p>\n<ul class=\"vc_col-sm-10\">\n<li class=\"vc_col-sm-6\"><a href=\"https:\/\/www.aesthetica-health.com\/interventions-esthetique-tunisie\/chirurgie-dobesite-tunisie\/bypass-gastrique-tunisie\/\">Bypass gastrique<\/a><\/li>\n<li class=\"vc_col-sm-6\"><a href=\"https:\/\/www.aesthetica-health.com\/interventions-esthetique-tunisie\/chirurgie-dobesite-tunisie\/sleeve-gastrectomie-tunisie\/\">Sleeve tunisie<\/a><\/li>\n<\/ul><\/p><\/div><\/div>[\/vc_column][\/vc_row][vc_row css=&#8221;.vc_custom_1550072683308{margin-top: 20px !important;margin-bottom: 0px !important;}&#8221;][vc_column]<div class='dt-sc-icon-box type10 '><div class=\"icon-wrapper\"><img width=\"1069\" height=\"900\" src=\"https:\/\/www.aesthetica-health.com\/wp-content\/uploads\/2019\/01\/chirurgie-esth\u00e9tique-1.png\" class=\"attachment-full\" alt=\"\" decoding=\"async\" loading=\"lazy\" srcset=\"https:\/\/www.aesthetica-health.com\/wp-content\/uploads\/2019\/01\/chirurgie-esth\u00e9tique-1.png 1069w, https:\/\/www.aesthetica-health.com\/wp-content\/uploads\/2019\/01\/chirurgie-esth\u00e9tique-1-300x253.png 300w, https:\/\/www.aesthetica-health.com\/wp-content\/uploads\/2019\/01\/chirurgie-esth\u00e9tique-1-768x647.png 768w, https:\/\/www.aesthetica-health.com\/wp-content\/uploads\/2019\/01\/chirurgie-esth\u00e9tique-1-1024x862.png 1024w, https:\/\/www.aesthetica-health.com\/wp-content\/uploads\/2019\/01\/chirurgie-esth\u00e9tique-1-500x421.png 500w\" sizes=\"(max-width: 1069px) 100vw, 1069px\" \/><\/div><div class=\"icon-content\"><p><h3><a href=\"https:\/\/www.aesthetica-health.com\/interventions-esthetique-tunisie\/chirurgie-du-visage-tunisie\/\">la chirurgie esth\u00e9tique \u00e0 Nabeul : Chirurgie du visage<\/a><\/h3>\n<p>Nous proposons des interventions du visage pour tous les \u00e2ges.<\/p>\n<ul class=\"vc_col-sm-10\">\n<li class=\"vc_col-sm-6\"><a href=\"https:\/\/www.aesthetica-health.com\/interventions-esthetique-tunisie\/chirurgie-du-visage-tunisie\/blepharoplastie-tunisie\/\">Blepharoplastie<\/a><\/li>\n<li class=\"vc_col-sm-6\"><a href=\"https:\/\/www.aesthetica-health.com\/interventions-esthetique-tunisie\/chirurgie-du-visage-tunisie\/lifting-visage-tunisie\/\">Lifting visage<\/a><\/li>\n<li class=\"vc_col-sm-6\"><a href=\"https:\/\/www.aesthetica-health.com\/interventions-esthetique-tunisie\/chirurgie-du-visage-tunisie\/lipofilling-tunisie\/\">Lipofilling visage<\/a><\/li>\n<li class=\"vc_col-sm-6\"><a href=\"https:\/\/www.aesthetica-health.com\/interventions-esthetique-tunisie\/chirurgie-du-visage-tunisie\/rhinoplastie-tunisie\/\">Rhinoplastie<\/a><\/li>\n<\/ul><\/p><\/div><\/div><div class='dt-sc-icon-box type10 '><div class=\"icon-wrapper\"><img width=\"585\" height=\"390\" src=\"https:\/\/www.aesthetica-health.com\/wp-content\/uploads\/2019\/02\/depi-laser.jpg\" class=\"attachment-full\" alt=\"chirurgie esth\u00e9tique tunisie silhouette\" decoding=\"async\" loading=\"lazy\" srcset=\"https:\/\/www.aesthetica-health.com\/wp-content\/uploads\/2019\/02\/depi-laser.jpg 585w, https:\/\/www.aesthetica-health.com\/wp-content\/uploads\/2019\/02\/depi-laser-300x200.jpg 300w, https:\/\/www.aesthetica-health.com\/wp-content\/uploads\/2019\/02\/depi-laser-500x333.jpg 500w\" sizes=\"(max-width: 585px) 100vw, 585px\" \/><\/div><div class=\"icon-content\"><p><h3><a href=\"https:\/\/www.aesthetica-health.com\/interventions-esthetique-tunisie\/chirurgie-silhouette-tunisie\/\">Chirurgie silhouette<\/a><\/h3>\n<p>Sculpter votre silhouette et obtenez le corps de vos r\u00eaves.<\/p>\n<ul class=\"sub-menu vc_col-sm-10\">\n<li class=\"vc_col-sm-6\"><a href=\"https:\/\/www.aesthetica-health.com\/interventions-esthetique-tunisie\/chirurgie-silhouette-tunisie\/abdominoplastie-tunisie\/\">Abdominoplastie<\/a><\/li>\n<li class=\"vc_col-sm-6\"><a href=\"https:\/\/www.aesthetica-health.com\/interventions-esthetique-tunisie\/chirurgie-silhouette-tunisie\/augmentation-fesses-tunisie\/\">Augmentation fesses<\/a><\/li>\n<li class=\"vc_col-sm-6\"><a href=\"https:\/\/www.aesthetica-health.com\/interventions-esthetique-tunisie\/chirurgie-silhouette-tunisie\/lipofilling-fesses-tunisie\/\">Lipofilling fesses<\/a><\/li>\n<li class=\"vc_col-sm-6\"><a href=\"https:\/\/www.aesthetica-health.com\/interventions-esthetique-tunisie\/chirurgie-silhouette-tunisie\/liposuccion-tunisie\/\">Liposuccion<\/a><\/li>\n<\/ul><\/p><\/div><\/div><div class='dt-sc-icon-box type10 '><div class=\"icon-wrapper\"><img width=\"500\" height=\"500\" src=\"https:\/\/www.aesthetica-health.com\/wp-content\/uploads\/2019\/01\/Proth\u00e8se-dentaire.jpg\" class=\"attachment-full\" alt=\"\" decoding=\"async\" loading=\"lazy\" srcset=\"https:\/\/www.aesthetica-health.com\/wp-content\/uploads\/2019\/01\/Proth\u00e8se-dentaire.jpg 500w, https:\/\/www.aesthetica-health.com\/wp-content\/uploads\/2019\/01\/Proth\u00e8se-dentaire-150x150.jpg 150w, https:\/\/www.aesthetica-health.com\/wp-content\/uploads\/2019\/01\/Proth\u00e8se-dentaire-300x300.jpg 300w, https:\/\/www.aesthetica-health.com\/wp-content\/uploads\/2019\/01\/Proth\u00e8se-dentaire-100x100.jpg 100w\" sizes=\"(max-width: 500px) 100vw, 500px\" \/><\/div><div class=\"icon-content\"><p><h3><a href=\"https:\/\/www.aesthetica-health.com\/interventions-esthetique-tunisie\/chirurgie-dentaire-tunisie\/\">La chirurgie esth\u00e9tique \u00e0 Nabeul : Chirurgie dentaire<\/a><\/h3>\n<ul class=\"sub-menu vc_col-sm-12\">Des interventions de haute qualit\u00e9.C&#8217;est dans le but d&#8217;avoir un beau sourire sans d\u00e9fauts.<\/p>\n<li class=\"vc_col-sm-4\"><a href=\"https:\/\/www.aesthetica-health.com\/interventions-esthetique-tunisie\/chirurgie-dentaire-tunisie\/blanchiment-des-dents-tunisie\/\">Blanchiment des dents<\/a><\/li>\n<li class=\"vc_col-sm-4\"><a href=\"https:\/\/www.aesthetica-health.com\/interventions-esthetique-tunisie\/chirurgie-dentaire-tunisie\/facette-dentaire-tunisie\/\">Facette dentaire<\/a><\/li>\n<li class=\"vc_col-sm-4\"><a href=\"https:\/\/www.aesthetica-health.com\/interventions-esthetique-tunisie\/chirurgie-dentaire-tunisie\/implant-dentaire-tunisie\/\">Implant dentaire<\/a><\/li>\n<\/ul><\/p><\/div><\/div><div class='dt-sc-icon-box type10 '><div class=\"icon-wrapper\"><img width=\"863\" height=\"556\" src=\"https:\/\/www.aesthetica-health.com\/wp-content\/uploads\/2019\/02\/R\u00e9duction-mammaire.jpg\" class=\"attachment-full\" alt=\"chirurgie esth\u00e9tique tunisie chirurgie seins\" decoding=\"async\" loading=\"lazy\" srcset=\"https:\/\/www.aesthetica-health.com\/wp-content\/uploads\/2019\/02\/R\u00e9duction-mammaire.jpg 863w, https:\/\/www.aesthetica-health.com\/wp-content\/uploads\/2019\/02\/R\u00e9duction-mammaire-300x193.jpg 300w, https:\/\/www.aesthetica-health.com\/wp-content\/uploads\/2019\/02\/R\u00e9duction-mammaire-768x495.jpg 768w, https:\/\/www.aesthetica-health.com\/wp-content\/uploads\/2019\/02\/R\u00e9duction-mammaire-500x322.jpg 500w\" sizes=\"(max-width: 863px) 100vw, 863px\" \/><\/div><div class=\"icon-content\"><p><h3><a href=\"https:\/\/www.aesthetica-health.com\/interventions-esthetique-tunisie\/chirurgie-des-seins-tunisie\/\">Chirurgie des seins<\/a><\/h3>\n<p>Augmentation ou r\u00e9duction mammaire. C&#8217;est la raison pour laquelle on vous offre les\u00a0 \u00a0meilleures techniques de la chirurgie .<\/p>\n<ul class=\"vc_col-sm-12\">\n<li class=\"vc_col-sm-4\"><a href=\"https:\/\/www.aesthetica-health.com\/interventions-esthetique-tunisie\/chirurgie-des-seins-tunisie\/lipofilling-augmentation-mamaire-tunisie\/\">lipofilling des seins<\/a><\/li>\n<li class=\"vc_col-sm-4\"><a href=\"https:\/\/www.aesthetica-health.com\/interventions-esthetique-tunisie\/chirurgie-des-seins-tunisie\/augmentation-mammaire-tunisie\/\">Augmentation mammaire<\/a><\/li>\n<li class=\"vc_col-sm-4\"><a href=\"https:\/\/www.aesthetica-health.com\/interventions-esthetique-tunisie\/chirurgie-des-seins-tunisie\/reduction-mammaire-tunisie\/\">R\u00e9duction mammaire<\/a><\/li>\n<\/ul><\/p><\/div><\/div>[\/vc_column][\/vc_row][vc_row css=&#8221;.vc_custom_1550072683308{margin-top: 20px !important;margin-bottom: 0px !important;}&#8221;][vc_column]<div class='dt-sc-icon-box type10 '><div class=\"icon-wrapper\"><img width=\"597\" height=\"804\" src=\"https:\/\/www.aesthetica-health.com\/wp-content\/uploads\/2019\/01\/silhouette-chirurgie-esthetique-homme-docteur-franck-falkenrodt.jpg\" class=\"attachment-full\" alt=\"chirurgie esth\u00e9tique tunisie homme\" decoding=\"async\" loading=\"lazy\" srcset=\"https:\/\/www.aesthetica-health.com\/wp-content\/uploads\/2019\/01\/silhouette-chirurgie-esthetique-homme-docteur-franck-falkenrodt.jpg 597w, https:\/\/www.aesthetica-health.com\/wp-content\/uploads\/2019\/01\/silhouette-chirurgie-esthetique-homme-docteur-franck-falkenrodt-223x300.jpg 223w, https:\/\/www.aesthetica-health.com\/wp-content\/uploads\/2019\/01\/silhouette-chirurgie-esthetique-homme-docteur-franck-falkenrodt-500x673.jpg 500w\" sizes=\"(max-width: 597px) 100vw, 597px\" \/><\/div><div class=\"icon-content\"><p><h3><a href=\"https:\/\/www.aesthetica-health.com\/interventions-esthetique-tunisie\/chirurgie-homme-tunisie\/\">La chirurgie esth\u00e9tique \u00e0 Nabeul : Chirurgie homme<\/a><\/h3>\n<ul>\n<li style=\"list-style-type: none;\">Gr\u00e2ce \u00e0 ces chirurgies rajeunissez votre corps et votre visage<\/li>\n<\/ul>\n<ul>\n<li style=\"list-style-type: none;\">\n<ul>\n<li><a href=\"https:\/\/www.aesthetica-health.com\/interventions-esthetique-tunisie\/chirurgie-homme-tunisie\/gynecomastie-tunisie\/\">Gyn\u00e9comastie<\/a><\/li>\n<li><a href=\"https:\/\/www.aesthetica-health.com\/interventions-esthetique-tunisie\/chirurgie-homme-tunisie\/implant-pectoraux-tunisie\/\">Implants pectoraux<\/a><\/li>\n<\/ul>\n<\/li>\n<\/ul><\/p><\/div><\/div><div class='dt-sc-icon-box type10 '><div class=\"icon-wrapper\"><img width=\"761\" height=\"507\" src=\"https:\/\/www.aesthetica-health.com\/wp-content\/uploads\/2019\/02\/0013894266.jpg\" class=\"attachment-full\" alt=\"chirurgie esth\u00e9tique tunisie intime\" decoding=\"async\" loading=\"lazy\" srcset=\"https:\/\/www.aesthetica-health.com\/wp-content\/uploads\/2019\/02\/0013894266.jpg 761w, https:\/\/www.aesthetica-health.com\/wp-content\/uploads\/2019\/02\/0013894266-300x200.jpg 300w, https:\/\/www.aesthetica-health.com\/wp-content\/uploads\/2019\/02\/0013894266-500x333.jpg 500w\" sizes=\"(max-width: 761px) 100vw, 761px\" \/><\/div><div class=\"icon-content\"><p><h3><a href=\"https:\/\/www.aesthetica-health.com\/interventions-esthetique-tunisie\/chirurgie-intime-tunisie\/\">La chirurgie esth\u00e9tique \u00e0 Nabeul : Chirurgie intime<\/a><\/h3>\n<p>Des interventions qui am\u00e9liorent la zone intime (homme &amp; femme).<\/p>\n<ul>\n<li class=\"vc_col-sm-4\"><a href=\"https:\/\/www.aesthetica-health.com\/interventions-esthetique-tunisie\/chirurgie-intime-tunisie\/chirurgie-intime-femmes-tunisie\/\">Chirurgie Intime Femmes<\/a><\/li>\n<li class=\"vc_col-sm-4\"><a href=\"https:\/\/www.aesthetica-health.com\/interventions-esthetique-tunisie\/chirurgie-intime-tunisie\/lifting-des-testicules-tunisie\/\">Lifting des testicules<\/a><\/li>\n<li class=\"vc_col-sm-4\"><a href=\"https:\/\/www.aesthetica-health.com\/interventions-esthetique-tunisie\/chirurgie-intime-tunisie\/penoplastie-tunisie-agrandissement-penis\/\">P\u00e9noplastie<\/a><\/li>\n<\/ul><\/p><\/div><\/div>[\/vc_column][\/vc_row][vc_row css=&#8221;.vc_custom_1550072683308{margin-top: 20px !important;margin-bottom: 0px !important;}&#8221;][vc_column]<div class='dt-sc-icon-box type10 '><div class=\"icon-wrapper\"><img width=\"284\" height=\"283\" src=\"https:\/\/www.aesthetica-health.com\/wp-content\/uploads\/2019\/01\/illus_orthopedie-1.jpg\" class=\"attachment-full\" alt=\"chirurgie esth\u00e9tique tunisie orthopedie\" decoding=\"async\" loading=\"lazy\" srcset=\"https:\/\/www.aesthetica-health.com\/wp-content\/uploads\/2019\/01\/illus_orthopedie-1.jpg 284w, https:\/\/www.aesthetica-health.com\/wp-content\/uploads\/2019\/01\/illus_orthopedie-1-150x150.jpg 150w, https:\/\/www.aesthetica-health.com\/wp-content\/uploads\/2019\/01\/illus_orthopedie-1-100x100.jpg 100w\" sizes=\"(max-width: 284px) 100vw, 284px\" \/><\/div><div class=\"icon-content\"><p><h3><a href=\"https:\/\/www.aesthetica-health.com\/interventions-esthetique-tunisie\/chirurgie-orthopedique-tunisie\/\">Chirurgie orthop\u00e9dique<\/a><\/h3>\n<ul>Des interventions pour \u00e9liminer la douleur et rem\u00e9dier \u00e0 l\u2019handicap du patient<\/p>\n<li><a href=\"https:\/\/www.aesthetica-health.com\/interventions-esthetique-tunisie\/chirurgie-orthopedique-tunisie\/chirurgie-orthopedique-prothese-totale-genou-tunisie\/\">Proth\u00e8se de genou<\/a><\/li>\n<li><a href=\"https:\/\/www.aesthetica-health.com\/interventions-esthetique-tunisie\/chirurgie-orthopedique-tunisie\/prothese-des-hanches-tunisie\/\">Proth\u00e8se de la hanche<\/a><\/li>\n<\/ul><\/p><\/div><\/div><div class='dt-sc-icon-box type10 '><div class=\"icon-wrapper\"><img width=\"1000\" height=\"1000\" src=\"https:\/\/www.aesthetica-health.com\/wp-content\/uploads\/2019\/02\/istock_24738039_large.jpg\" class=\"attachment-full\" alt=\"m\u00e9decine esth\u00e9tique tunisie\" decoding=\"async\" loading=\"lazy\" srcset=\"https:\/\/www.aesthetica-health.com\/wp-content\/uploads\/2019\/02\/istock_24738039_large.jpg 1000w, https:\/\/www.aesthetica-health.com\/wp-content\/uploads\/2019\/02\/istock_24738039_large-150x150.jpg 150w, https:\/\/www.aesthetica-health.com\/wp-content\/uploads\/2019\/02\/istock_24738039_large-300x300.jpg 300w, https:\/\/www.aesthetica-health.com\/wp-content\/uploads\/2019\/02\/istock_24738039_large-768x768.jpg 768w, https:\/\/www.aesthetica-health.com\/wp-content\/uploads\/2019\/02\/istock_24738039_large-500x500.jpg 500w, https:\/\/www.aesthetica-health.com\/wp-content\/uploads\/2019\/02\/istock_24738039_large-100x100.jpg 100w\" sizes=\"(max-width: 1000px) 100vw, 1000px\" \/><\/div><div class=\"icon-content\"><p><h3><a href=\"https:\/\/www.aesthetica-health.com\/interventions-esthetique-tunisie\/medecine-esthetique-tunisie\/\">M\u00e9decine esth\u00e9tique<\/a><\/h3>\n<ul>Retrouvez une beaut\u00e9 naturelle.C&#8217;est dans ce but qu&#8217;on vous garantie des soins de qualit\u00e9<\/p>\n<li><a href=\"https:\/\/www.aesthetica-health.com\/interventions-esthetique-tunisie\/medecine-esthetique-tunisie\/acide-hyaluronique-tunisie\/\">Acide hyaluronique<\/a><\/li>\n<li><a href=\"https:\/\/www.aesthetica-health.com\/interventions-esthetique-tunisie\/medecine-esthetique-tunisie\/mesolift-visage-tunisie\/\">M\u00e9solift<\/a><\/li>\n<li><a href=\"https:\/\/www.aesthetica-health.com\/interventions-esthetique-tunisie\/medecine-esthetique-tunisie\/peeling-visage-tunisie\/\">Peeling<\/a><\/li>\n<li><a href=\"https:\/\/www.aesthetica-health.com\/interventions-esthetique-tunisie\/medecine-esthetique-tunisie\/injection-botox-tunisie\/\">Botox<\/a><\/li>\n<li><a href=\"https:\/\/www.aesthetica-health.com\/interventions-esthetique-tunisie\/medecine-esthetique-tunisie\/comblement-visage-tunisie\/\">Comblement<\/a><\/li>\n<li><a href=\"https:\/\/www.aesthetica-health.com\/interventions-esthetique-tunisie\/medecine-esthetique-tunisie\/prp-tunisie-visage-cheveux\/\">PRP<\/a><\/li>\n<li><a href=\"https:\/\/www.aesthetica-health.com\/interventions-esthetique-tunisie\/medecine-esthetique-tunisie\/rhinoplastie-medicale-tunisie\/\">Rhinoplastie m\u00e9dicale<\/a><\/li>\n<li><a href=\"https:\/\/www.aesthetica-health.com\/interventions-esthetique-tunisie\/medecine-esthetique-tunisie\/traitement-laser-tunisie\/\">Traitement laser Nabeul<\/a><\/li>\n<\/ul><\/p><\/div><\/div>[\/vc_column][\/vc_row][vc_row css=&#8221;.vc_custom_1551339731341{margin-top: 50px !important;}&#8221;][vc_column][vc_custom_heading text=&#8221;Nos partenaires en Chirurgie Esth\u00e9tique \u00e0 Nabeul&#8221; font_container=&#8221;tag:h2|text_align:center&#8221; use_theme_fonts=&#8221;yes&#8221;][\/vc_column][\/vc_row][vc_row][vc_column][vc_column_text][\/vc_column_text][\/vc_column][\/vc_row][vc_section full_width=&#8221;stretch_row_content&#8221;][\/vc_section][vc_row full_width=&#8221;stretch_row_content&#8221;][vc_column width=&#8221;1\/6&#8243;][vc_empty_space][vc_empty_space height=&#8221;38px&#8221;][\/vc_column][vc_column width=&#8221;2\/3&#8243;]<div class=\"dt-sc-partners-carousel-wrapper\" data-scroll=\"4\" data-visible=\"4\"><ul class='dt-sc-partners-carousel'><li><a href=\"https:\/\/www.weyergans.com\/en\/\"><img width=\"200\" height=\"75\" src=\"https:\/\/www.aesthetica-health.com\/wp-content\/uploads\/2019\/02\/hairecare-e1551339106175.jpg\" class=\"attachment-full\" alt=\"Chirurgie Esth\u00e9tique en tunisie partenaire weyergans\" decoding=\"async\" loading=\"lazy\" \/><\/li><\/a><li><a href=\"https:\/\/www.leroyal.com\/en\/AFRICA\/hammamet-tunisia\/\"><img width=\"174\" height=\"105\" src=\"https:\/\/www.aesthetica-health.com\/wp-content\/uploads\/2019\/02\/logo.gif\" class=\"attachment-full\" alt=\"Chirurgie Esth\u00e9tique En Tunisie partenaire le royale\" decoding=\"async\" loading=\"lazy\" \/><\/li><\/a><li><a href=\"https:\/\/www.weyergans.com\/en\/\"><img width=\"200\" height=\"75\" src=\"https:\/\/www.aesthetica-health.com\/wp-content\/uploads\/2019\/02\/hairecare-e1551339106175.jpg\" class=\"attachment-full\" alt=\"Chirurgie Esth\u00e9tique en tunisie partenaire weyergans\" decoding=\"async\" loading=\"lazy\" \/><\/li><\/a><li><a href=\"https:\/\/www.leroyal.com\/en\/AFRICA\/hammamet-tunisia\/\"><img width=\"174\" height=\"105\" src=\"https:\/\/www.aesthetica-health.com\/wp-content\/uploads\/2019\/02\/logo.gif\" class=\"attachment-full\" alt=\"Chirurgie Esth\u00e9tique En Tunisie partenaire le royale\" decoding=\"async\" loading=\"lazy\" \/><\/li><\/a><\/ul><div class=\"carousel-arrows\"><a href=\"\" class=\"partners-prev\"> <\/a><a href=\"\" class=\"partners-next\"> <\/a><\/div><\/div>[\/vc_column][vc_column width=&#8221;1\/6&#8243;][\/vc_column][\/vc_row] <\/p>","protected":false},"excerpt":{"rendered":"<p>[vc_row][vc_column][\/vc_column][vc_custom_heading text=&#8221;Les interventions de la chirurgie esth\u00e9tique \u00e0 Nabeul&#8221; font_container=&#8221;tag:h2|text_align:center&#8221; use_theme_fonts=&#8221;yes&#8221;][vc_column_text]En effet, La chirurgie esth\u00e9tique \u00e0 Nabeul qu\u2019elle soit :\u00a0esth\u00e9tique,\u00a0r\u00e9paratrice\u00a0ou\u00a0reconstructrice\u00a0\u00a0englobe toutes les parties du corps tel que la silhouette, visage, ventre, \u2026 . De plus, La chirurgie esth\u00e9tique \u00e0 Nabeul Hammamet aide les patient \u00e0 redonner\u00a0 un aspect harmonieux et agr\u00e9able . Aussi, cette\u00a0chirurgie esth\u00e9tique [&hellip;]<\/p>\n","protected":false},"author":1,"featured_media":0,"parent":0,"menu_order":0,"comment_status":"closed","ping_status":"closed","template":"","meta":[],"_links":{"self":[{"href":"https:\/\/www.aesthetica-health.com\/fr\/wp-json\/wp\/v2\/pages\/9777"}],"collection":[{"href":"https:\/\/www.aesthetica-health.com\/fr\/wp-json\/wp\/v2\/pages"}],"about":[{"href":"https:\/\/www.aesthetica-health.com\/fr\/wp-json\/wp\/v2\/types\/page"}],"author":[{"embeddable":true,"href":"https:\/\/www.aesthetica-health.com\/fr\/wp-json\/wp\/v2\/users\/1"}],"replies":[{"embeddable":true,"href":"https:\/\/www.aesthetica-health.com\/fr\/wp-json\/wp\/v2\/comments?post=9777"}],"version-history":[{"count":54,"href":"https:\/\/www.aesthetica-health.com\/fr\/wp-json\/wp\/v2\/pages\/9777\/revisions"}],"predecessor-version":[{"id":11883,"href":"https:\/\/www.aesthetica-health.com\/fr\/wp-json\/wp\/v2\/pages\/9777\/revisions\/11883"}],"wp:attachment":[{"href":"https:\/\/www.aesthetica-health.com\/fr\/wp-json\/wp\/v2\/media?parent=9777"}],"curies":[{"name":"wp","href":"https:\/\/api.w.org\/{rel}","templated":true}]}}