{"id":9788,"date":"2019-01-01T21:08:38","date_gmt":"2019-01-01T20:08:38","guid":{"rendered":"https:\/\/www.aesthetica-health.com\/?page_id=9788"},"modified":"2022-09-24T13:11:18","modified_gmt":"2022-09-24T11:11:18","slug":"sejour","status":"publish","type":"page","link":"https:\/\/www.aesthetica-health.com\/fr\/sejour\/","title":{"rendered":"S\u00e9jour chirurgie esth\u00e9tique m\u00e9dicale \u00e0 Nabeul Hammamet"},"content":{"rendered":"<p>[vc_section full_width=&#8221;stretch_row_content&#8221;][vc_row full_width=&#8221;stretch_row_content&#8221; parallax=&#8221;content-moving&#8221; el_class=&#8221;.fullwidth-faq&#8221; css=&#8221;.vc_custom_1552509146389{margin-top: 0px !important;margin-right: 0px !important;margin-bottom: 0px !important;margin-left: 0px !important;padding-top: 20px !important;padding-right: 20px !important;padding-bottom: 20px !important;padding-left: 20px !important;background: rgba(255,255,255,0.75) url(https:\/\/www.aesthetica-health.com\/wp-content\/uploads\/2019\/03\/step-sejour-plan.png?id=11003);background-position:00;background-repeat:-repeat;*background-color:gb(255,255,255);}&#8221;][vc_column width=&#8221;1\/4&#8243;][\/vc_column][vc_column width=&#8221;3\/4&#8243; css=&#8221;.vc_custom_1552509325868{background-color: rgba(255,255,255,0.71) !important;*background-color: rgb(255,255,255) !important;}&#8221;][vc_custom_heading text=&#8221;D\u00e9marche S\u00e9jour chirurgie esth\u00e9tique m\u00e9dicale \u00e0 Nabeul avec le meilleur rapport qualit\u00e9-prix&#8221; font_container=&#8221;tag:h2|text_align:center&#8221; use_theme_fonts=&#8221;yes&#8221;]<div class='dt-sc-toggle-frame-set type2 '><h3 class='dt-sc-toggle-accordion '><a href='#'>&#8221;Demande<\/a><\/h3><div class=\"dt-sc-toggle-content\" style=\"display: none;\"><div class=\"block\">[vc_column_text]Premi\u00e8rement vous remplissez un formulaire en ligne. Dans le but de <a href=\"https:\/\/www.aesthetica-health.com\/chirurgie-esthetique-en-tunisie-demande-de-devis-gratuit\/\">demander un devis<\/a> personnalis\u00e9\u00a0pour votre <strong>S\u00e9jour chirurgie esth\u00e9tique m\u00e9dicale \u00e0 Nabeul Hammamet<\/strong>. Ensuite on vous adressera dans les plus favorables d\u00e9lais.[\/vc_column_text]<\/div><\/div><h3 class='dt-sc-toggle-accordion '><a href='#'>&#8221;Diagnostic<\/a><\/h3><div class=\"dt-sc-toggle-content\" style=\"display: none;\"><div class=\"block\">[vc_column_text]<\/p>\n<p style=\"text-align: justify;\">Selon les informations fournies sur votre demande de devis, notre chirurgien \u00e9tabli un rapport m\u00e9dical. C&#8217;est-\u00e0-dire un repport avec les examens \u00e0 r\u00e9aliser selon\u00a0 l\u2019intervention.<\/p>\n<p>[\/vc_column_text]<\/div><\/div><h3 class='dt-sc-toggle-accordion '><a href='#'>&#8221;L\u2019accueil<\/a><\/h3><div class=\"dt-sc-toggle-content\" style=\"display: none;\"><div class=\"block\">[vc_column_text]<\/p>\n<p style=\"text-align: justify;\">En effet, Notre assistant vous recevra d\u00e8s votre arriv\u00e9e en Tunisie. Ensuite, Il vous accompagnera o\u00f9 vous passerez la p\u00e9riode de votre S\u00e9jour chirurgie esth\u00e9tique m\u00e9diale en Tunisie. D&#8217;autre part, Le paiement se fait en esp\u00e8ce avant l\u2019intervention.Puis, Notre assistant vous communiquera votre facture pr\u00e9cise. En attendant, Si vous avez des questions n\u2019h\u00e9sitez pas de les poser \u00e0 notre assistant.<\/p>\n<p>[\/vc_column_text]<\/div><\/div><h3 class='dt-sc-toggle-accordion '><a href='#'>&#8221;La<\/a><\/h3><div class=\"dt-sc-toggle-content\" style=\"display: none;\"><div class=\"block\">[vc_column_text]<\/p>\n<p style=\"text-align: justify;\">Lors de la premi\u00e8re consultation, le <strong>chirurgien plasticien \u00e0 Nabeul et Hammamet<\/strong>\u00a0cherche \u00e0 d\u00e9couvrir les attentes du patient. Alors, la chose la plus importante \u00e0 savoir c\u2019est si le patient s\u2019attend \u00e0 un r\u00e9sultat qui\u00a0 lui conviendrait. Mais si ce n\u2019est pas le cas le praticien essaye de vous faire changer d\u2019avis pour aboutir \u00e0 un joli r\u00e9sultat. De plus, lors de la premi\u00e8re entrevue le patient dissipe les \u00e9ventuelles questions. Tous cela pour \u00eatre certain de la bonne d\u00e9cision avant l\u2019intervention chirurgicale.<\/p>\n<p>[\/vc_column_text]<\/div><\/div><h3 class='dt-sc-toggle-accordion '><a href='#'>&#8221;L\u2019intervention&#8221;<\/a><\/h3><div class=\"dt-sc-toggle-content\" style=\"display: none;\"><div class=\"block\">[vc_column_text]<\/p>\n<p style=\"text-align: justify;\">En effet, le jour de l\u2019intervention le patient est transf\u00e9r\u00e9 dans un bloc op\u00e9ratoire ultra-moderne. De plus le patient doit respecter les conditions que son chirurgien lui a mentionn\u00e9 par example se pr\u00e9senter \u00e0 jeun ou interruption de la prise d\u2019aspirine&#8230;<\/p>\n<p>[\/vc_column_text]<\/div><\/div><h3 class='dt-sc-toggle-accordion '><a href='#'>&#8221;Contr\u00f4le<\/a><\/h3><div class=\"dt-sc-toggle-content\" style=\"display: none;\"><div class=\"block\">[vc_column_text]<\/p>\n<p style=\"text-align: justify;\">Apr\u00e8s l\u2019intervention de <strong>chirurgie esth\u00e9tique \u00e0 Nabeul Hammamet<\/strong>, le chirurgien et toute une \u00e9quipe m\u00e9dicale resteront en contact avec le patient. Avant votre d\u00e9part votre m\u00e9decin vous communiquera des instructions pr\u00e9cises. Ainsi il vous livrera votre dossier m\u00e9dical complet avec tous les r\u00e9sultats de vos examens \u00e0 Nabeul Hammamet.<\/p>\n<p>[\/vc_column_text]<\/div><\/div><h3 class='dt-sc-toggle-accordion '><a href='#'>&#8221;S\u00e9jour<\/a><\/h3><div class=\"dt-sc-toggle-content\" style=\"display: none;\"><div class=\"block\">[vc_column_text]<\/p>\n<p style=\"text-align: justify;\">En effet, tous les transferts entre l\u2019a\u00e9roport, la clinique et l\u2019h\u00f4tel sont inclus dans le <strong>S\u00e9jour chirurgie esth\u00e9tique m\u00e9diale \u00e0 Nabeul Hammamet<\/strong>.<\/p>\n<p style=\"text-align: justify;\">De plus, notre assistant vous accompagnera \u00e0 votre h\u00f4tel ou vous passerez le reste de votre <strong>S\u00e9jour chirurgie esth\u00e9tique m\u00e9diale \u00e0 Nabeul<\/strong>\u00a0en toute s\u00e9r\u00e9nit\u00e9. Au cas de besoin, vous contacterez notre assistant pour prendre un rendez vous avec votre chirurgien pour une deuxi\u00e8me consultation postop\u00e9ratoire.<\/p>\n<p style=\"text-align: justify;\">Aussi une infirmi\u00e8re s\u2019occupe de vous faire changer les pansements.<\/p>\n<p>[\/vc_column_text]<\/div><\/div><h3 class='dt-sc-toggle-accordion '><a href='#'>&#8221;Le<\/a><\/h3><div class=\"dt-sc-toggle-content\" style=\"display: none;\"><div class=\"block\">[vc_column_text]<\/p>\n<p style=\"text-align: justify;\">Apr\u00e8s votre retour, il sera important de continuer de vous suivre par votre chirurgien et une \u00e9quipe m\u00e9dicale de comp\u00e9tence.<\/p>\n<p style=\"text-align: justify;\">Le suivi apr\u00e8s la chirurgie esth\u00e9tique \u00e0 Nabeul et Hammamet, assure la pr\u00e9vention des complications qui pourraient survenir apr\u00e8s votre d\u00e9part.<\/p>\n<p>[\/vc_column_text]<\/div><\/div><\/div>[\/vc_column][\/vc_row][\/vc_section] <\/p>","protected":false},"excerpt":{"rendered":"<p>[vc_section full_width=&#8221;stretch_row_content&#8221;][vc_row full_width=&#8221;stretch_row_content&#8221; parallax=&#8221;content-moving&#8221; el_class=&#8221;.fullwidth-faq&#8221; css=&#8221;.vc_custom_1552509146389{margin-top: 0px !important;margin-right: 0px !important;margin-bottom: 0px !important;margin-left: 0px !important;padding-top: 20px !important;padding-right: 20px !important;padding-bottom: 20px !important;padding-left: 20px !important;background: rgba(255,255,255,0.75) url(https:\/\/www.aesthetica-health.com\/wp-content\/uploads\/2019\/03\/step-sejour-plan.png?id=11003);background-position:00;background-repeat:-repeat;*background-color:gb(255,255,255);}&#8221;][vc_column width=&#8221;1\/4&#8243;][\/vc_column][vc_column width=&#8221;3\/4&#8243; css=&#8221;.vc_custom_1552509325868{background-color: rgba(255,255,255,0.71) !important;*background-color: rgb(255,255,255) !important;}&#8221;][vc_custom_heading text=&#8221;D\u00e9marche S\u00e9jour chirurgie esth\u00e9tique m\u00e9dicale \u00e0 Nabeul avec le meilleur rapport qualit\u00e9-prix&#8221; font_container=&#8221;tag:h2|text_align:center&#8221; use_theme_fonts=&#8221;yes&#8221;][\/vc_column][\/vc_row][\/vc_section]<\/p>\n","protected":false},"author":1,"featured_media":0,"parent":0,"menu_order":0,"comment_status":"closed","ping_status":"closed","template":"","meta":[],"_links":{"self":[{"href":"https:\/\/www.aesthetica-health.com\/fr\/wp-json\/wp\/v2\/pages\/9788"}],"collection":[{"href":"https:\/\/www.aesthetica-health.com\/fr\/wp-json\/wp\/v2\/pages"}],"about":[{"href":"https:\/\/www.aesthetica-health.com\/fr\/wp-json\/wp\/v2\/types\/page"}],"author":[{"embeddable":true,"href":"https:\/\/www.aesthetica-health.com\/fr\/wp-json\/wp\/v2\/users\/1"}],"replies":[{"embeddable":true,"href":"https:\/\/www.aesthetica-health.com\/fr\/wp-json\/wp\/v2\/comments?post=9788"}],"version-history":[{"count":17,"href":"https:\/\/www.aesthetica-health.com\/fr\/wp-json\/wp\/v2\/pages\/9788\/revisions"}],"predecessor-version":[{"id":12319,"href":"https:\/\/www.aesthetica-health.com\/fr\/wp-json\/wp\/v2\/pages\/9788\/revisions\/12319"}],"wp:attachment":[{"href":"https:\/\/www.aesthetica-health.com\/fr\/wp-json\/wp\/v2\/media?parent=9788"}],"curies":[{"name":"wp","href":"https:\/\/api.w.org\/{rel}","templated":true}]}}